{"id":1498,"date":"2024-12-02T15:19:13","date_gmt":"2024-12-02T15:19:13","guid":{"rendered":"https:\/\/www.santai-ceramics.com\/?post_type=product&#038;p=1498"},"modified":"2025-02-02T14:41:19","modified_gmt":"2025-02-02T14:41:19","slug":"wholesale-ceramic-decorative-flat-vases","status":"publish","type":"product","link":"https:\/\/www.santai-ceramics.com\/ar\/product\/wholesale-ceramic-decorative-flat-vases\/","title":{"rendered":"\u0645\u0632\u0647\u0631\u064a\u0627\u062a \u0633\u064a\u0631\u0627\u0645\u064a\u0643 \u0645\u0633\u0637\u062d\u0629 \u0645\u0632\u062e\u0631\u0641\u0629 \u0628\u0627\u0644\u062c\u0645\u0644\u0629 \u0644\u0644\u062f\u064a\u0643\u0648\u0631 \u0627\u0644\u0645\u0646\u0632\u0644\u064a \u0648\u0627\u0644\u0645\u0643\u062a\u0628\u064a - \u0645\u064f\u0635\u0646\u0650\u0651\u0639 \u0645\u0632\u0647\u0631\u064a\u0627\u062a \u0633\u064a\u0631\u0627\u0645\u064a\u0643 SANTAI"},"content":{"rendered":"<h3 class=\"wp-block-heading\">\u0645\u0639\u0644\u0645\u0627\u062a \u0627\u0644\u0645\u0632\u0647\u0631\u064a\u0629 \u0627\u0644\u0645\u0633\u0637\u062d\u0629 \u0627\u0644\u0645\u0632\u062e\u0631\u0641\u0629 \u0645\u0646 \u0627\u0644\u0633\u064a\u0631\u0627\u0645\u064a\u0643<\/h3>\n\n\n\n<figure class=\"wp-block-table\"><table class=\"has-fixed-layout\"><tbody><tr><td>\u0627\u0644\u0637\u0631\u0627\u0632<\/td><td>\u0627\u0633\u0645 \u0627\u0644\u0645\u0646\u062a\u062c<\/td><td>\u0627\u0644\u0644\u0648\u0646<\/td><td>\u0627\u0644\u0645\u0648\u0627\u062f<\/td><td>\u0627\u0644\u0627\u0633\u062a\u062e\u062f\u0627\u0645\u0627\u062a<\/td><td>\u0627\u0644\u0623\u0628\u0639\u0627\u062f<\/td><td>\u0627\u0644\u0648\u0632\u0646<\/td><\/tr><tr><td>A32066-LC17-A01<\/td><td>\u0645\u0632\u0647\u0631\u064a\u0629 \u0632\u0647\u0648\u0631 \u0633\u064a\u0631\u0627\u0645\u064a\u0643<\/td><td>\u0628\u0646\u064a \u0623\u0646\u064a\u0642<\/td><td>\u0633\u064a\u0631\u0627\u0645\u064a\u0643<\/td><td>\u062f\u064a\u0643\u0648\u0631 \u0627\u0644\u0645\u0646\u0632\u0644,\u063a\u0631\u0641\u0629 \u0627\u0644\u0645\u0639\u064a\u0634\u0629<\/td><td>25 \u00d7 13.5 \u00d7 13.5 \u00d7 22.5<\/td><td>1.5 \u0643\u062c\u0645\/\u0642\u0637\u0639\u0629<\/td><\/tr><\/tbody><\/table><\/figure>\n\n\n\n<h3 class=\"wp-block-heading\">\u062e\u062f\u0645\u0629 \u0627\u0644\u0645\u0632\u0647\u0631\u064a\u0627\u062a \u0627\u0644\u062e\u0632\u0641\u064a\u0629 \u0627\u0644\u0645\u062e\u0635\u0635\u0629<\/h3>\n\n\n\n<p>\u0646\u062d\u0646 \u0646\u0642\u062f\u0645 \u062e\u062f\u0645\u0627\u062a \u062a\u0635\u0646\u064a\u0639 \u0627\u0644\u0645\u0639\u062f\u0627\u062a \u0627\u0644\u0623\u0635\u0644\u064a\u0629 \u0648\u062a\u0635\u0646\u064a\u0639 \u0627\u0644\u062a\u0635\u0645\u064a\u0645 \u0627\u0644\u0623\u0635\u0644\u064a \u0644\u0645\u0646\u062a\u062c\u0627\u062a\u0646\u0627.<br>\u064a\u062a\u0648\u0641\u0631 \u062a\u0648\u0635\u064a\u0644 \u0633\u0631\u064a\u0639 \u0644\u0644\u0639\u064a\u0646\u0627\u062a.<br>\u0646\u062d\u0646 \u0646\u0642\u062f\u0645 \u0645\u062c\u0645\u0648\u0639\u0629 \u0645\u062a\u0646\u0648\u0639\u0629 \u0645\u0646 \u0627\u0644\u0623\u0634\u0643\u0627\u0644 \u0648\u0627\u0644\u0623\u0644\u0648\u0627\u0646 \u0648\u0627\u0644\u0637\u0628\u0627\u0639\u0629 \u0627\u0644\u0645\u062e\u0635\u0635\u0629 \u0648\u0627\u0644\u062a\u063a\u0644\u064a\u0641 \u0648\u063a\u064a\u0631\u0647\u0627 \u0645\u0646 \u0627\u0644\u062e\u062f\u0645\u0627\u062a \u0627\u0644\u0645\u0635\u0645\u0645\u0629 \u062e\u0635\u064a\u0635\u0627\u064b \u0644\u062a\u0644\u0628\u064a\u0629 \u0627\u062d\u062a\u064a\u0627\u062c\u0627\u062a\u0643 \u0627\u0644\u062e\u0627\u0635\u0629.<br><a style=\"\" href=\"https:\/\/www.santai-ceramics.com\/ar\/custom\/\" data-type=\"page\" data-id=\"13\" target=\"_blank\" rel=\"noreferrer noopener\"><strong><b>\u0627\u0639\u0631\u0641 \u0627\u0644\u0645\u0632\u064a\u062f \u0639\u0646 \u0627\u0644\u062a\u062e\u0635\u064a\u0635<\/b> \u062a\u0641\u0627\u0635\u064a\u0644 \u0627\u0644\u0641\u062e\u0627\u0631.<\/strong><\/a><\/p>\n\n\n\n<div class=\"wp-block-columns is-layout-flex wp-container-core-columns-is-layout-9d6595d7 wp-block-columns-is-layout-flex\">\n<div class=\"wp-block-column is-layout-flow wp-block-column-is-layout-flow\">\n<figure class=\"wp-block-image size-full\"><img decoding=\"async\" width=\"1500\" height=\"1249\" src=\"https:\/\/www.santai-ceramics.com\/wp-content\/uploads\/2024\/12\/Ceramic-Decorative-Flat-Vase-3.jpg\" alt=\"\u0645\u0632\u0647\u0631\u064a\u0629 \u0645\u0633\u0637\u062d\u0629 \u0645\u0632\u062e\u0631\u0641\u0629 \u0645\u0646 \u0627\u0644\u0633\u064a\u0631\u0627\u0645\u064a\u0643 (3)\" class=\"wp-image-1501\" srcset=\"https:\/\/www.santai-ceramics.com\/wp-content\/uploads\/2024\/12\/Ceramic-Decorative-Flat-Vase-3.jpg 1500w, https:\/\/www.santai-ceramics.com\/wp-content\/uploads\/2024\/12\/Ceramic-Decorative-Flat-Vase-3-300x250.jpg 300w, https:\/\/www.santai-ceramics.com\/wp-content\/uploads\/2024\/12\/Ceramic-Decorative-Flat-Vase-3-768x639.jpg 768w, https:\/\/www.santai-ceramics.com\/wp-content\/uploads\/2024\/12\/Ceramic-Decorative-Flat-Vase-3-14x12.jpg 14w, https:\/\/www.santai-ceramics.com\/wp-content\/uploads\/2024\/12\/Ceramic-Decorative-Flat-Vase-3-1200x999.jpg 1200w, https:\/\/www.santai-ceramics.com\/wp-content\/uploads\/2024\/12\/Ceramic-Decorative-Flat-Vase-3-600x500.jpg 600w\" sizes=\"(max-width: 1500px) 100vw, 1500px\" \/><\/figure>\n<\/div>\n\n\n\n<div class=\"wp-block-column is-layout-flow wp-block-column-is-layout-flow\">\n<figure class=\"wp-block-image size-full\"><img decoding=\"async\" width=\"1500\" height=\"1250\" src=\"https:\/\/www.santai-ceramics.com\/wp-content\/uploads\/2024\/12\/Ceramic-Decorative-Flat-Vase-4.jpg\" alt=\"\u0645\u0632\u0647\u0631\u064a\u0629 \u0645\u0633\u0637\u062d\u0629 \u0645\u0632\u062e\u0631\u0641\u0629 \u0645\u0646 \u0627\u0644\u0633\u064a\u0631\u0627\u0645\u064a\u0643 (4)\" class=\"wp-image-1502\" srcset=\"https:\/\/www.santai-ceramics.com\/wp-content\/uploads\/2024\/12\/Ceramic-Decorative-Flat-Vase-4.jpg 1500w, https:\/\/www.santai-ceramics.com\/wp-content\/uploads\/2024\/12\/Ceramic-Decorative-Flat-Vase-4-300x250.jpg 300w, https:\/\/www.santai-ceramics.com\/wp-content\/uploads\/2024\/12\/Ceramic-Decorative-Flat-Vase-4-768x640.jpg 768w, https:\/\/www.santai-ceramics.com\/wp-content\/uploads\/2024\/12\/Ceramic-Decorative-Flat-Vase-4-14x12.jpg 14w, https:\/\/www.santai-ceramics.com\/wp-content\/uploads\/2024\/12\/Ceramic-Decorative-Flat-Vase-4-1200x1000.jpg 1200w, https:\/\/www.santai-ceramics.com\/wp-content\/uploads\/2024\/12\/Ceramic-Decorative-Flat-Vase-4-600x500.jpg 600w\" sizes=\"(max-width: 1500px) 100vw, 1500px\" \/><\/figure>\n<\/div>\n<\/div>","protected":false},"excerpt":{"rendered":"<p data-pm-slice=\"0 0 []\">\u0645\u0632\u0647\u0631\u064a\u0629 \u0633\u064a\u0631\u0627\u0645\u064a\u0643 \u0628\u0627\u0644\u062c\u0645\u0644\u0629\u060c \u062a\u0635\u0645\u064a\u0645 \u0645\u0633\u0637\u062d \u0641\u0631\u064a\u062f \u0645\u0646 \u0646\u0648\u0639\u0647\u060c \u0645\u0632\u064a\u062c \u0645\u062b\u0627\u0644\u064a \u0645\u0646 \u0627\u0644\u0628\u0633\u0627\u0637\u0629 \u0627\u0644\u0639\u0635\u0631\u064a\u0629 \u0648\u0627\u0644\u0641\u0646 \u0627\u0644\u0623\u0646\u064a\u0642. \u0647\u0630\u0647 \u0627\u0644\u0645\u0632\u0647\u0631\u064a\u0629 \u0627\u0644\u0645\u0633\u0637\u062d\u0629 \u0627\u0644\u062e\u0632\u0641\u064a\u0629 \u0645\u0646\u0627\u0633\u0628\u0629 \u0644\u062a\u0646\u0633\u064a\u0642 \u0627\u0644\u0632\u0647\u0648\u0631\u060c \u0648\u064a\u0645\u0643\u0646 \u0627\u0633\u062a\u062e\u062f\u0627\u0645\u0647\u0627 \u0623\u064a\u0636\u0627\u064b \u0643\u0632\u064a\u0646\u0629 \u0642\u0627\u0626\u0645\u0629 \u0628\u0630\u0627\u062a\u0647\u0627. \u0625\u0646\u0647 \u062e\u064a\u0627\u0631 \u0645\u062b\u0627\u0644\u064a \u0644\u0644\u062f\u064a\u0643\u0648\u0631 \u0627\u0644\u0645\u0646\u0632\u0644\u064a \u0623\u0648 \u0627\u0644\u0645\u0643\u062a\u0628\u064a \u0623\u0648 \u0627\u0644\u062a\u062c\u0627\u0631\u064a. \u0646\u062d\u0646 \u0646\u0642\u062f\u0645 \u062e\u062f\u0645\u0629 \u0627\u0644\u0645\u0632\u0647\u0631\u064a\u0627\u062a \u0627\u0644\u062e\u0632\u0641\u064a\u0629 OEM &amp; ODM\u060c \u0627\u062a\u0635\u0644 \u0628\u0646\u0627 \u0644\u0644\u062d\u0635\u0648\u0644 \u0639\u0644\u0649 \u0639\u0631\u0636 \u0623\u0633\u0639\u0627\u0631 \u0627\u0644\u0645\u0635\u0646\u0639.<\/p>\n<h2>\u0645\u0645\u064a\u0632\u0627\u062a \u0627\u0644\u0645\u0632\u0647\u0631\u064a\u0629 \u0627\u0644\u0645\u0633\u0637\u062d\u0629 \u0627\u0644\u0645\u0632\u062e\u0631\u0641\u0629 \u0645\u0646 \u0627\u0644\u0633\u064a\u0631\u0627\u0645\u064a\u0643<\/h2>\n<p><strong>\u0627\u0644\u0646\u063a\u0645\u0629 \u0627\u0644\u0637\u0628\u064a\u0639\u064a\u0629:<\/strong> \u062a\u062a\u0645\u064a\u0632 \u0647\u0630\u0647 \u0627\u0644\u0645\u0632\u0647\u0631\u064a\u0629 \u0627\u0644\u0645\u0633\u0637\u062d\u0629 \u0628\u0645\u0638\u0647\u0631 \u0628\u0646\u064a \u062c\u0645\u064a\u0644\u060c \u0648\u0627\u0644\u062a\u064a \u064a\u0645\u0643\u0646 \u0623\u0646 \u062a\u0636\u0641\u064a \u0634\u0639\u0648\u0631\u0627\u064b \u062f\u0627\u0641\u0626\u0627\u064b \u0639\u0644\u0649 \u0627\u0644\u0645\u0633\u0627\u062d\u0629 \u0648\u062a\u062a\u0646\u0627\u0633\u0628 \u0645\u0639 \u0627\u0644\u0632\u0647\u0648\u0631 \u0645\u0646 \u0645\u062e\u062a\u0644\u0641 \u0627\u0644\u0623\u0644\u0648\u0627\u0646 \u0644\u062e\u0644\u0642 \u0645\u0633\u0627\u062d\u0629 \u0632\u062e\u0631\u0641\u064a\u0629 \u0645\u0645\u062a\u0627\u0632\u0629.<\/p>\n<p><strong>\u0637\u0644\u0627\u0621 \u0632\u062c\u0627\u062c\u064a \u0631\u0627\u0626\u0639:<\/strong> \u062a\u062a\u0645\u064a\u0632 \u0647\u0630\u0647 \u0627\u0644\u0645\u0632\u0647\u0631\u064a\u0629 \u0627\u0644\u062e\u0632\u0641\u064a\u0629 \u0627\u0644\u0645\u0633\u0637\u062d\u0629 \u0628\u0637\u0628\u0642\u0629 \u0632\u062c\u0627\u062c\u064a\u0629 \u0646\u0627\u0639\u0645\u0629 \u0639\u0644\u0649 \u0627\u0644\u0633\u0637\u062d\u060c \u0645\u0645\u0627 \u064a\u0636\u0641\u064a \u0625\u062d\u0633\u0627\u0633\u0627\u064b \u0628\u0627\u0644\u0644\u0645\u0639\u0627\u0646. \u0625\u0646\u0647\u0627 \u062c\u0645\u064a\u0644\u0629 \u0648\u0639\u0645\u0644\u064a\u0629 \u0641\u064a \u0646\u0641\u0633 \u0627\u0644\u0648\u0642\u062a. \u0625\u0646\u0647\u0627 \u0644\u064a\u0633\u062a \u062c\u0645\u064a\u0644\u0629 \u0641\u062d\u0633\u0628\u060c \u0628\u0644 \u0625\u0646\u0647\u0627 \u0645\u0642\u0627\u0648\u0645\u0629 \u0644\u0644\u0628\u0642\u0639 \u0623\u064a\u0636\u0627\u064b.<\/p>\n<p><strong>\u0627\u0644\u0642\u064a\u0645\u0629 \u0627\u0644\u062b\u0642\u0627\u0641\u064a\u0629:<\/strong> \u062a\u0635\u0645\u064a\u0645 \u0647\u0630\u0647 \u0627\u0644\u0645\u0632\u0647\u0631\u064a\u0629 \u0645\u0633\u062a\u0648\u062d\u0649 \u0645\u0646 \u0627\u0644\u0645\u0632\u0647\u0631\u064a\u0627\u062a \u0627\u0644\u0635\u064a\u0646\u064a\u0629 \u0627\u0644\u062a\u0642\u0644\u064a\u062f\u064a\u0629\u060c \u0648\u0627\u0644\u062a\u064a \u064a\u0645\u0643\u0646 \u0623\u0646 \u062a\u0636\u0641\u064a \u0633\u062d\u0631\u064b\u0627 \u062b\u0642\u0627\u0641\u064a\u064b\u0627 \u0639\u0644\u0649 \u0627\u0644\u0628\u064a\u0626\u0629 \u0627\u0644\u0645\u0646\u0632\u0644\u064a\u0629 \u0648\u0647\u064a \u0645\u0646\u0627\u0633\u0628\u0629 \u0644\u0644\u0645\u0633\u062a\u062e\u062f\u0645\u064a\u0646 \u0644\u0625\u0646\u0634\u0627\u0621 \u0645\u0633\u0627\u062d\u0629 \u0632\u062e\u0631\u0641\u064a\u0629 \u0630\u0627\u062a \u062c\u0645\u0627\u0644 \u0643\u0644\u0627\u0633\u064a\u0643\u064a.<\/p>\n<p><strong>\u0623\u062f\u0627\u0621 \u0639\u0627\u0644\u064a \u0627\u0644\u062a\u0643\u0644\u0641\u0629:<\/strong> \u0643\u0634\u0631\u0643\u0629 \u0645\u0635\u0646\u0639\u0629 \u0644\u0644\u0645\u0632\u0647\u0631\u064a\u0627\u062a \u0627\u0644\u0641\u062e\u0627\u0631\u064a\u0629\u060c \u0646\u062d\u0646 \u0646\u0648\u0641\u0631 \u0645\u0632\u0647\u0631\u064a\u0627\u062a \u062e\u0632\u0641\u064a\u0629 \u0628\u0627\u0644\u062c\u0645\u0644\u0629 \u0628\u0623\u0633\u0639\u0627\u0631 \u0627\u0644\u0645\u0635\u0646\u0639\u060c \u0648\u0647\u064a \u0645\u0646\u0627\u0633\u0628\u0629 \u0644\u0644\u0645\u0634\u062a\u0631\u064a\u0627\u062a \u0628\u0627\u0644\u062c\u0645\u0644\u0629 \u0648\u0647\u064a \u062e\u064a\u0627\u0631 \u0645\u062b\u0627\u0644\u064a \u0644\u0644\u0645\u062a\u0627\u062c\u0631 \u0627\u0644\u0645\u0646\u0632\u0644\u064a\u0629 \u0648\u062a\u062c\u0627\u0631 \u0627\u0644\u062c\u0645\u0644\u0629.<\/p>\n<p><strong>\u062d\u0644 \u0627\u0644\u0645\u0632\u0647\u0631\u064a\u0629 \u0627\u0644\u0645\u062e\u0635\u0635\u0629:<\/strong> \u0646\u062d\u0646 \u0646\u0642\u062f\u0645 \u062d\u0644\u0627\u064b \u0634\u0627\u0645\u0644\u0627\u064b \u0644\u0644\u0645\u0632\u0647\u0631\u064a\u0629 \u0627\u0644\u0645\u062e\u0635\u0635\u0629\u060c \u0628\u0645\u0627 \u0641\u064a \u0630\u0644\u0643 \u0645\u062c\u0645\u0648\u0639\u0629 \u0645\u062a\u0646\u0648\u0639\u0629 \u0645\u0646 \u062e\u064a\u0627\u0631\u0627\u062a \u0627\u0644\u0645\u0648\u0627\u062f\u060c \u0648\u062a\u0635\u0645\u064a\u0645 \u0645\u0631\u0646 \u0645\u0646 \u062d\u064a\u062b \u0627\u0644\u062d\u062c\u0645 \u0648\u0627\u0644\u0634\u0643\u0644\u060c \u0648\u062a\u062e\u0635\u064a\u0635 \u0631\u0627\u0626\u0639 \u0644\u0644\u0646\u0642\u0648\u0634\u060c \u0648\u0645\u0627 \u0625\u0644\u0649 \u0630\u0644\u0643.<\/p>","protected":false},"featured_media":1500,"comment_status":"closed","ping_status":"closed","template":"","meta":{"_acf_changed":false},"product_brand":[],"product_cat":[18,22],"product_tag":[34],"class_list":{"0":"post-1498","1":"product","2":"type-product","3":"status-publish","4":"has-post-thumbnail","6":"product_cat-home-decor","7":"product_cat-vase","8":"product_tag-ceramic-vase","10":"first","11":"instock","12":"shipping-taxable","13":"product-type-simple"},"acf":[],"_links":{"self":[{"href":"https:\/\/www.santai-ceramics.com\/ar\/wp-json\/wp\/v2\/product\/1498","targetHints":{"allow":["GET"]}}],"collection":[{"href":"https:\/\/www.santai-ceramics.com\/ar\/wp-json\/wp\/v2\/product"}],"about":[{"href":"https:\/\/www.santai-ceramics.com\/ar\/wp-json\/wp\/v2\/types\/product"}],"replies":[{"embeddable":true,"href":"https:\/\/www.santai-ceramics.com\/ar\/wp-json\/wp\/v2\/comments?post=1498"}],"wp:featuredmedia":[{"embeddable":true,"href":"https:\/\/www.santai-ceramics.com\/ar\/wp-json\/wp\/v2\/media\/1500"}],"wp:attachment":[{"href":"https:\/\/www.santai-ceramics.com\/ar\/wp-json\/wp\/v2\/media?parent=1498"}],"wp:term":[{"taxonomy":"product_brand","embeddable":true,"href":"https:\/\/www.santai-ceramics.com\/ar\/wp-json\/wp\/v2\/product_brand?post=1498"},{"taxonomy":"product_cat","embeddable":true,"href":"https:\/\/www.santai-ceramics.com\/ar\/wp-json\/wp\/v2\/product_cat?post=1498"},{"taxonomy":"product_tag","embeddable":true,"href":"https:\/\/www.santai-ceramics.com\/ar\/wp-json\/wp\/v2\/product_tag?post=1498"}],"curies":[{"name":"wp","href":"https:\/\/api.w.org\/{rel}","templated":true}]}}