{"id":677,"date":"2024-10-14T07:52:15","date_gmt":"2024-10-14T07:52:15","guid":{"rendered":"https:\/\/www.santai-ceramics.com\/?post_type=product&#038;p=677"},"modified":"2025-06-08T15:24:43","modified_gmt":"2025-06-08T15:24:43","slug":"wholesale-classical-ceramic-flower-pots","status":"publish","type":"product","link":"https:\/\/www.santai-ceramics.com\/ar\/product\/wholesale-classical-ceramic-flower-pots\/","title":{"rendered":"\u0623\u0648\u0627\u0646\u064a \u0632\u0647\u0648\u0631 \u0633\u064a\u0631\u0627\u0645\u064a\u0643 \u0643\u0644\u0627\u0633\u064a\u0643\u064a\u0629 \u0643\u0644\u0627\u0633\u064a\u0643\u064a\u0629 \u0628\u0627\u0644\u062c\u0645\u0644\u0629 \u0628\u062a\u0635\u0645\u064a\u0645 \u0639\u062a\u064a\u0642 \u0648\u0637\u0644\u0627\u0621 \u0639\u062a\u064a\u0642 \u0644\u062a\u0632\u064a\u064a\u0646 \u0627\u0644\u062d\u062f\u0627\u0626\u0642 \u0627\u0644\u062f\u0627\u062e\u0644\u064a\u0629 \u0648\u0627\u0644\u062e\u0627\u0631\u062c\u064a\u0629"},"content":{"rendered":"<h3 class=\"wp-block-heading\">\u0645\u0639\u0644\u0645\u0627\u062a \u0648\u0639\u0627\u0621 \u0627\u0644\u0632\u0647\u0648\u0631 \u0627\u0644\u062e\u0632\u0641\u064a \u0627\u0644\u0643\u0644\u0627\u0633\u064a\u0643\u064a<\/h3>\n\n\n\n<figure class=\"wp-block-table\"><table class=\"has-fixed-layout\"><tbody><tr><td>\u0627\u0644\u0637\u0631\u0627\u0632<\/td><td>\u0627\u0633\u0645 \u0627\u0644\u0645\u0646\u062a\u062c<\/td><td>\u0627\u0644\u0644\u0648\u0646<\/td><td>\u0627\u0644\u0645\u0648\u0627\u062f<\/td><td>\u0627\u0644\u0627\u0633\u062a\u062e\u062f\u0627\u0645\u0627\u062a<\/td><td>\u0627\u0644\u0623\u0628\u0639\u0627\u062f<\/td><td>\u0627\u0644\u0648\u0632\u0646<\/td><\/tr><tr><td>G33514-H856-A01<\/td><td>\u0625\u0646\u0627\u0621 \u0633\u064a\u0631\u0627\u0645\u064a\u0643 \u0628\u0644\u0645\u0633\u0629 \u0646\u0647\u0627\u0626\u064a\u0629 \u0639\u062a\u064a\u0642\u0629 \u0645\u0646 \u0627\u0644\u0633\u064a\u0631\u0627\u0645\u064a\u0643<\/td><td>\u0628\u0646\u064a \u0639\u062a\u064a\u0642<\/td><td>\u062a\u064a\u0631\u0627\u0643\u0648\u062a\u0627<\/td><td>\u062f\u064a\u0643\u0648\u0631 \u0627\u0644\u0645\u0646\u0632\u0644 \u0648\u062f\u064a\u0643\u0648\u0631 \u0627\u0644\u062d\u062f\u064a\u0642\u0629<\/td><td>\u062f:21 \u00d7 17<\/td><td>2.2 \u0643\u062c\u0645\/\u0642\u0637\u0639\u0629<\/td><\/tr><tr><td>G33514-H856-A02<\/td><td>\u0625\u0646\u0627\u0621 \u0633\u064a\u0631\u0627\u0645\u064a\u0643 \u0628\u0644\u0645\u0633\u0629 \u0646\u0647\u0627\u0626\u064a\u0629 \u0639\u062a\u064a\u0642\u0629 \u0645\u0646 \u0627\u0644\u0633\u064a\u0631\u0627\u0645\u064a\u0643<\/td><td>\u0628\u0646\u064a \u0639\u062a\u064a\u0642<\/td><td>\u062a\u064a\u0631\u0627\u0643\u0648\u062a\u0627<\/td><td>\u062f\u064a\u0643\u0648\u0631 \u0627\u0644\u0645\u0646\u0632\u0644 \u0648\u062f\u064a\u0643\u0648\u0631 \u0627\u0644\u062d\u062f\u064a\u0642\u0629<\/td><td>D:17X13.5<\/td><td>1.4 \u0643\u062c\u0645\/\u0642\u0637\u0639\u0629<\/td><\/tr><tr><td>G33514-H856-A03<\/td><td>\u0625\u0646\u0627\u0621 \u0633\u064a\u0631\u0627\u0645\u064a\u0643 \u0628\u0644\u0645\u0633\u0629 \u0646\u0647\u0627\u0626\u064a\u0629 \u0639\u062a\u064a\u0642\u0629 \u0645\u0646 \u0627\u0644\u0633\u064a\u0631\u0627\u0645\u064a\u0643<\/td><td>\u0628\u0646\u064a \u0639\u062a\u064a\u0642<\/td><td>\u062a\u064a\u0631\u0627\u0643\u0648\u062a\u0627<\/td><td>\u062f\u064a\u0643\u0648\u0631 \u0627\u0644\u0645\u0646\u0632\u0644 \u0648\u062f\u064a\u0643\u0648\u0631 \u0627\u0644\u062d\u062f\u064a\u0642\u0629<\/td><td>\u062f:13.5 \u00d7 11 \u00d7 13.5 \u00d7 11<\/td><td>0.9 \u0643\u062c\u0645\/\u0642\u0637\u0639\u0629<\/td><\/tr><\/tbody><\/table><\/figure>\n\n\n\n<h3 class=\"wp-block-heading\">\u062e\u062f\u0645\u0629 \u0623\u0648\u0627\u0646\u064a \u0627\u0644\u0632\u0647\u0648\u0631 \u0627\u0644\u062e\u0632\u0641\u064a\u0629 \u0627\u0644\u0643\u0644\u0627\u0633\u064a\u0643\u064a\u0629 \u0627\u0644\u0645\u062e\u0635\u0635\u0629<\/h3>\n\n\n\n<p>\u0646\u062d\u0646 \u0646\u0642\u062f\u0645 \u062e\u062f\u0645\u0627\u062a \u062a\u0635\u0646\u064a\u0639 \u0627\u0644\u0645\u0639\u062f\u0627\u062a \u0627\u0644\u0623\u0635\u0644\u064a\u0629 \u0648\u062a\u0635\u0646\u064a\u0639 \u0627\u0644\u062a\u0635\u0645\u064a\u0645 \u0627\u0644\u0623\u0635\u0644\u064a \u0644\u0645\u0646\u062a\u062c\u0627\u062a\u0646\u0627.<br>\u064a\u062a\u0648\u0641\u0631 \u062a\u0648\u0635\u064a\u0644 \u0633\u0631\u064a\u0639 \u0644\u0644\u0639\u064a\u0646\u0627\u062a.<br>\u0646\u062d\u0646 \u0646\u0648\u0641\u0631 \u0645\u062c\u0645\u0648\u0639\u0629 \u0645\u062a\u0646\u0648\u0639\u0629 \u0645\u0646 \u0627\u0644\u0623\u0634\u0643\u0627\u0644 \u0648\u0627\u0644\u0623\u0644\u0648\u0627\u0646 \u0648\u0627\u0644\u0637\u0628\u0627\u0639\u0629 \u0627\u0644\u0645\u062e\u0635\u0635\u0629 \u0648\u0627\u0644\u062a\u063a\u0644\u064a\u0641 \u0648\u063a\u064a\u0631\u0647\u0627 \u0645\u0646 \u0627\u0644\u062e\u062f\u0645\u0627\u062a \u0627\u0644\u0645\u0635\u0645\u0645\u0629 \u062e\u0635\u064a\u0635\u0627\u064b \u0644\u062a\u0644\u0628\u064a\u0629 \u0627\u062d\u062a\u064a\u0627\u062c\u0627\u062a\u0643.<br><strong><a href=\"https:\/\/www.santai-ceramics.com\/ar\/custom\/\" data-type=\"page\" data-id=\"13\" target=\"_blank\" rel=\"noreferrer noopener\">\u0627\u0639\u0631\u0641 \u0627\u0644\u0645\u0632\u064a\u062f \u0639\u0646 \u062a\u0641\u0627\u0635\u064a\u0644 \u0625\u0646\u0627\u0621 \u0627\u0644\u0632\u0647\u0648\u0631 \u0627\u0644\u0645\u062e\u0635\u0635.<\/a><\/strong><\/p>\n\n\n\n<div class=\"wp-block-columns is-layout-flex wp-container-core-columns-is-layout-9d6595d7 wp-block-columns-is-layout-flex\">\n<div class=\"wp-block-column is-layout-flow wp-block-column-is-layout-flow\">\n<figure class=\"wp-block-image size-full\"><img decoding=\"async\" width=\"2620\" height=\"2620\" src=\"https:\/\/www.santai-ceramics.com\/wp-content\/uploads\/2024\/10\/wholesale-retro-flower-pots-3.webp\" alt=\"\u0623\u0648\u0627\u0646\u064a \u0632\u0647\u0648\u0631 \u0631\u064a\u062a\u0631\u0648 \u0628\u0627\u0644\u062c\u0645\u0644\u0629 (3)\" class=\"wp-image-680\" srcset=\"https:\/\/www.santai-ceramics.com\/wp-content\/uploads\/2024\/10\/wholesale-retro-flower-pots-3.webp 2620w, https:\/\/www.santai-ceramics.com\/wp-content\/uploads\/2024\/10\/wholesale-retro-flower-pots-3-300x300.webp 300w, https:\/\/www.santai-ceramics.com\/wp-content\/uploads\/2024\/10\/wholesale-retro-flower-pots-3-150x150.webp 150w, https:\/\/www.santai-ceramics.com\/wp-content\/uploads\/2024\/10\/wholesale-retro-flower-pots-3-768x768.webp 768w, https:\/\/www.santai-ceramics.com\/wp-content\/uploads\/2024\/10\/wholesale-retro-flower-pots-3-1200x1200.webp 1200w, https:\/\/www.santai-ceramics.com\/wp-content\/uploads\/2024\/10\/wholesale-retro-flower-pots-3-600x600.webp 600w, https:\/\/www.santai-ceramics.com\/wp-content\/uploads\/2024\/10\/wholesale-retro-flower-pots-3-100x100.webp 100w\" sizes=\"(max-width: 2620px) 100vw, 2620px\" \/><\/figure>\n<\/div>\n\n\n\n<div class=\"wp-block-column is-layout-flow wp-block-column-is-layout-flow\">\n<figure class=\"wp-block-image size-full\"><img decoding=\"async\" width=\"3130\" height=\"3130\" src=\"https:\/\/www.santai-ceramics.com\/wp-content\/uploads\/2024\/10\/wholesale-retro-flower-pots-2.webp\" alt=\"\u0623\u0648\u0627\u0646\u064a \u0632\u0647\u0648\u0631 \u0631\u064a\u062a\u0631\u0648 \u0628\u0627\u0644\u062c\u0645\u0644\u0629 (2)\" class=\"wp-image-679\" srcset=\"https:\/\/www.santai-ceramics.com\/wp-content\/uploads\/2024\/10\/wholesale-retro-flower-pots-2.webp 3130w, https:\/\/www.santai-ceramics.com\/wp-content\/uploads\/2024\/10\/wholesale-retro-flower-pots-2-300x300.webp 300w, https:\/\/www.santai-ceramics.com\/wp-content\/uploads\/2024\/10\/wholesale-retro-flower-pots-2-150x150.webp 150w, https:\/\/www.santai-ceramics.com\/wp-content\/uploads\/2024\/10\/wholesale-retro-flower-pots-2-768x768.webp 768w, https:\/\/www.santai-ceramics.com\/wp-content\/uploads\/2024\/10\/wholesale-retro-flower-pots-2-1200x1200.webp 1200w, https:\/\/www.santai-ceramics.com\/wp-content\/uploads\/2024\/10\/wholesale-retro-flower-pots-2-600x600.webp 600w, https:\/\/www.santai-ceramics.com\/wp-content\/uploads\/2024\/10\/wholesale-retro-flower-pots-2-100x100.webp 100w\" sizes=\"(max-width: 3130px) 100vw, 3130px\" \/><\/figure>\n<\/div>\n<\/div>","protected":false},"excerpt":{"rendered":"<p>\u0623\u0648\u0627\u0646\u064a \u0627\u0644\u0632\u0647\u0648\u0631 \u0627\u0644\u0639\u062a\u064a\u0642\u0629 \u0628\u0627\u0644\u062c\u0645\u0644\u0629\u060c \u0630\u0627\u062a \u0627\u0644\u062a\u0635\u0645\u064a\u0645 \u0627\u0644\u0643\u0644\u0627\u0633\u064a\u0643\u064a \u0648\u0627\u0644\u062d\u0631\u0641\u064a\u0629 \u0627\u0644\u0639\u062a\u064a\u0642\u0629\u060c \u0645\u0646\u0627\u0633\u0628\u0629 \u0644\u062a\u0632\u064a\u064a\u0646 \u0627\u0644\u062d\u062f\u0627\u0626\u0642 \u0627\u0644\u062f\u0627\u062e\u0644\u064a\u0629 \u0648\u0627\u0644\u062e\u0627\u0631\u062c\u064a\u0629\u060c \u062c\u0645\u064a\u0644\u0629 \u0648\u0639\u0645\u0644\u064a\u0629 \u0639\u0644\u0649 \u062d\u062f \u0633\u0648\u0627\u0621\u060c \u0644\u062a\u0644\u0628\u064a\u0629 \u062c\u0645\u064a\u0639 \u0623\u0646\u0648\u0627\u0639 \u0627\u062d\u062a\u064a\u0627\u062c\u0627\u062a \u0627\u0644\u0628\u0633\u062a\u0646\u0629 \u0648\u0627\u0644\u062f\u064a\u0643\u0648\u0631 \u0627\u0644\u0645\u0646\u0632\u0644\u064a. \u064a\u0648\u0641\u0631 \u0644\u0643 \u0645\u0635\u0646\u0639\u0648 \u0627\u0644\u0641\u062e\u0627\u0631 SANTAI \u062d\u0644\u0627\u064b \u0634\u0627\u0645\u0644\u0627\u064b\u060c \u0646\u0631\u062d\u0628 \u0628\u0645\u0634\u062a\u0631\u064a B2B \u0644\u0644\u0627\u062a\u0635\u0627\u0644 \u0628\u0646\u0627 \u0644\u0644\u0634\u0631\u0627\u0621.<\/p>\n<h2>\u0645\u0645\u064a\u0632\u0627\u062a \u0645\u0632\u0647\u0631\u064a\u0629 \u0627\u0644\u0632\u0647\u0648\u0631 \u0627\u0644\u0639\u062a\u064a\u0642\u0629 \u0645\u0646 Mgo<\/h2>\n<p><strong>\u0648\u0635\u0641 \u0627\u0644\u0645\u0646\u062a\u062c \u0627\u0644\u0646\u0645\u0637 \u0627\u0644\u0643\u0644\u0627\u0633\u064a\u0643\u064a<\/strong>: \u062a\u0636\u0641\u064a \u0627\u0644\u0646\u0642\u0648\u0634 \u0627\u0644\u0628\u0627\u0631\u0632\u0629 \u0627\u0644\u0645\u0646\u062d\u0648\u062a\u0629 \u0628\u0634\u0643\u0644 \u0631\u0627\u0626\u0639 \u0639\u0644\u0649 \u0633\u0637\u062d \u0625\u0646\u0627\u0621 \u0627\u0644\u0632\u0647\u0648\u0631 \u0633\u062d\u0631\u064b\u0627 \u0643\u0644\u0627\u0633\u064a\u0643\u064a\u064b\u0627 \u0642\u062f\u064a\u0645\u064b\u0627 \u064a\u0645\u0643\u0646 \u0623\u0646 \u064a\u062b\u064a\u0631 \u062c\u0648\u064b\u0627 \u0645\u0646 \u0627\u0644\u0641\u0646 \u0644\u0627\u0633\u062a\u062e\u062f\u0627\u0645\u0647 \u0641\u064a \u0627\u0644\u0641\u0646\u0627\u0621 \u0623\u0648 \u0627\u0644\u062f\u064a\u0643\u0648\u0631 \u0627\u0644\u062f\u0627\u062e\u0644\u064a. \u0648\u0647\u064a \u0645\u0646\u0627\u0633\u0628\u0629 \u062a\u0645\u0627\u0645\u0627\u064b \u0644\u062a\u062a\u0646\u0627\u0633\u0628 \u0645\u0639 \u0627\u0644\u0639\u062f\u064a\u062f \u0645\u0646 \u0627\u0644\u0645\u0633\u0627\u062d\u0627\u062a \u0630\u0627\u062a \u0627\u0644\u0623\u0646\u0645\u0627\u0637 \u0627\u0644\u0645\u062e\u062a\u0644\u0641\u0629.<\/p>\n<p><strong>\u0645\u062a\u064a\u0646 \u0648\u0635\u0644\u0628<\/strong>:: \u0645\u0632\u0648\u062f\u0629 \u0645\u0646 \u0627\u0644\u062f\u0627\u062e\u0644 \u0628\u0645\u0648\u0627\u062f \u0639\u0627\u0644\u064a\u0629 \u0627\u0644\u062c\u0648\u062f\u0629\u060c \u0648\u0645\u0644\u0645\u0633 \u0627\u0644\u0633\u0637\u062d \u062d\u062c\u0631\u064a \u0645\u0646 \u0627\u0644\u0637\u0631\u0627\u0632 \u0627\u0644\u0639\u062a\u064a\u0642\u060c \u062c\u0645\u064a\u0644 \u062c\u062f\u0627\u064b\u060c \u0645\u0639 \u0645\u0642\u0627\u0648\u0645\u0629 \u062c\u064a\u062f\u0629 \u0644\u0633\u0648\u0621 \u0627\u0644\u0623\u062d\u0648\u0627\u0644 \u0627\u0644\u062c\u0648\u064a\u0629\u061b \u064a\u0645\u0643\u0646 \u0627\u0633\u062a\u062e\u062f\u0627\u0645\u0647 \u0641\u064a \u0627\u0644\u0647\u0648\u0627\u0621 \u0627\u0644\u0637\u0644\u0642 \u0623\u0648 \u0641\u064a \u0627\u0644\u062f\u0627\u062e\u0644 \u0644\u0641\u062a\u0631\u0629 \u0637\u0648\u064a\u0644\u0629.<\/p>\n<p><strong>\u062a\u0635\u0645\u064a\u0645 \u0633\u0645\u064a\u0643<\/strong>: \u064a\u0648\u0641\u0631 \u0627\u0644\u062c\u062f\u0627\u0631 \u0627\u0644\u0633\u0645\u064a\u0643 \u0644\u0625\u0646\u0627\u0621 \u0627\u0644\u0632\u0647\u0648\u0631 \u062f\u0639\u0645\u0627\u064b \u062b\u0627\u0628\u062a\u0627\u064b \u0644\u0645\u0646\u0639 \u0627\u0644\u0623\u0637\u0631\u0627\u0641\u060c \u0648\u0647\u0648 \u0645\u0646\u0627\u0633\u0628 \u0644\u0632\u0631\u0627\u0639\u0629 \u0627\u0644\u0646\u0628\u0627\u062a\u0627\u062a \u0627\u0644\u0643\u0628\u064a\u0631\u0629 \u0623\u0648 \u0630\u0627\u062a \u0627\u0644\u062c\u0630\u0648\u0631 \u0627\u0644\u0639\u0645\u064a\u0642\u0629.<\/p>\n<p><strong>\u062a\u0639\u062f\u062f \u0627\u0644\u0627\u0633\u062a\u062e\u062f\u0627\u0645\u0627\u062a<\/strong>: \u0644\u064a\u0633 \u0641\u0642\u0637 \u0645\u0646\u0627\u0633\u0628 \u0644\u0644\u0627\u0633\u062a\u062e\u062f\u0627\u0645 \u0643\u0648\u0639\u0627\u0621 \u0632\u0647\u0648\u0631\u060c \u0648\u0644\u0643\u0646\u0647 \u0623\u064a\u0636\u064b\u0627 \u0648\u0639\u0627\u0621 \u062a\u062e\u0632\u064a\u0646 \u062a\u0632\u064a\u064a\u0646\u064a \u062c\u064a\u062f \u0644\u0645\u0648\u0627\u0642\u0641 \u0645\u062e\u062a\u0644\u0641\u0629 \u0641\u064a \u0623\u0645\u0627\u0643\u0646 \u0645\u062e\u062a\u0644\u0641\u0629 \u0645\u062b\u0644 \u0627\u0644\u0634\u0631\u0641\u0629 \u0648\u0627\u0644\u062d\u062f\u064a\u0642\u0629 \u0648\u063a\u0631\u0641\u0629 \u0627\u0644\u0645\u0639\u064a\u0634\u0629.<\/p>\n<p><strong>\u062a\u0623\u062b\u064a\u0631 \u0645\u0632\u0639\u062c \u0641\u0631\u064a\u062f \u0645\u0646 \u0646\u0648\u0639\u0647<\/strong>: \u0647\u0646\u0627\u0643 \u062a\u0623\u062b\u064a\u0631 \u0639\u062a\u064a\u0642 \u0639\u0644\u0649 \u0627\u0644\u0633\u0637\u062d\u061b \u062d\u064a\u062b \u064a\u0646\u0636\u062d \u0627\u0644\u0637\u0631\u0627\u0632 \u0627\u0644\u0642\u062f\u064a\u0645 \u0628\u0627\u0644\u062c\u0645\u0627\u0644 \u0627\u0644\u0637\u0628\u064a\u0639\u064a \u0627\u0644\u0645\u062d\u0641\u0648\u0631.<\/p>","protected":false},"featured_media":678,"comment_status":"closed","ping_status":"closed","template":"","meta":{"_acf_changed":false},"product_brand":[],"product_cat":[23,42,21,18],"product_tag":[38],"class_list":{"0":"post-677","1":"product","2":"type-product","3":"status-publish","4":"has-post-thumbnail","6":"product_cat-ceramic-pots-planters","7":"product_cat-wholesale-ceramic-plant-pots","8":"product_cat-garden-decor","9":"product_cat-home-decor","10":"product_tag-wholesale-terracotta-flower-pots","12":"first","13":"instock","14":"shipping-taxable","15":"product-type-simple"},"acf":[],"_links":{"self":[{"href":"https:\/\/www.santai-ceramics.com\/ar\/wp-json\/wp\/v2\/product\/677","targetHints":{"allow":["GET"]}}],"collection":[{"href":"https:\/\/www.santai-ceramics.com\/ar\/wp-json\/wp\/v2\/product"}],"about":[{"href":"https:\/\/www.santai-ceramics.com\/ar\/wp-json\/wp\/v2\/types\/product"}],"replies":[{"embeddable":true,"href":"https:\/\/www.santai-ceramics.com\/ar\/wp-json\/wp\/v2\/comments?post=677"}],"wp:featuredmedia":[{"embeddable":true,"href":"https:\/\/www.santai-ceramics.com\/ar\/wp-json\/wp\/v2\/media\/678"}],"wp:attachment":[{"href":"https:\/\/www.santai-ceramics.com\/ar\/wp-json\/wp\/v2\/media?parent=677"}],"wp:term":[{"taxonomy":"product_brand","embeddable":true,"href":"https:\/\/www.santai-ceramics.com\/ar\/wp-json\/wp\/v2\/product_brand?post=677"},{"taxonomy":"product_cat","embeddable":true,"href":"https:\/\/www.santai-ceramics.com\/ar\/wp-json\/wp\/v2\/product_cat?post=677"},{"taxonomy":"product_tag","embeddable":true,"href":"https:\/\/www.santai-ceramics.com\/ar\/wp-json\/wp\/v2\/product_tag?post=677"}],"curies":[{"name":"wp","href":"https:\/\/api.w.org\/{rel}","templated":true}]}}