{"id":684,"date":"2024-10-14T08:00:47","date_gmt":"2024-10-14T08:00:47","guid":{"rendered":"https:\/\/www.santai-ceramics.com\/?post_type=product&#038;p=684"},"modified":"2024-10-27T14:56:53","modified_gmt":"2024-10-27T14:56:53","slug":"wholesale-art-deco-vases","status":"publish","type":"product","link":"https:\/\/www.santai-ceramics.com\/ar\/product\/wholesale-art-deco-vases\/","title":{"rendered":"\u0645\u0632\u0647\u0631\u064a\u0627\u062a \u0622\u0631\u062a \u062f\u064a\u0643\u0648 \u0628\u0627\u0644\u062c\u0645\u0644\u0629: \u0623\u0628\u0627\u0631\u064a\u0642 \u0623\u0646\u064a\u0642\u0629 \u0628\u0627\u0644\u062c\u0645\u0644\u0629 \u0639\u0644\u0649 \u0637\u0631\u0627\u0632 \u0622\u0631\u062a \u062f\u064a\u0643\u0648 \u0644\u0644\u0628\u064a\u0639 - \u0645\u062b\u0627\u0644\u064a\u0629 \u0644\u062a\u062c\u0627\u0631 \u0627\u0644\u062a\u062c\u0632\u0626\u0629 \u0648\u0645\u0635\u0645\u0645\u064a \u0627\u0644\u062f\u064a\u0643\u0648\u0631 \u0627\u0644\u062f\u0627\u062e\u0644\u064a"},"content":{"rendered":"<h3 class=\"wp-block-heading\">\u0645\u0639\u0644\u0645\u0627\u062a \u0645\u0632\u0647\u0631\u064a\u0629 \u0639\u0644\u0649 \u0637\u0631\u0627\u0632 \u0622\u0631\u062a \u062f\u064a\u0643\u0648<\/h3>\n\n\n\n<figure class=\"wp-block-table\"><table class=\"has-fixed-layout\"><tbody><tr><td>\u0627\u0644\u0637\u0631\u0627\u0632<\/td><td>\u0627\u0633\u0645 \u0627\u0644\u0645\u0646\u062a\u062c<\/td><td>\u0627\u0644\u0644\u0648\u0646<\/td><td>\u0627\u0644\u0645\u0648\u0627\u062f<\/td><td>\u0627\u0644\u0627\u0633\u062a\u062e\u062f\u0627\u0645\u0627\u062a<\/td><td>\u0627\u0644\u0623\u0628\u0639\u0627\u062f<\/td><td>\u0627\u0644\u0648\u0632\u0646<\/td><\/tr><tr><td>A36724-LA91-A01<\/td><td>\u0625\u0628\u0631\u064a\u0642\/\u0645\u0632\u0647\u0631\u064a\u0629 \u0645\u0646 \u0627\u0644\u0633\u064a\u0631\u0627\u0645\u064a\u0643 \u0627\u0644\u0623\u0633\u0648\u062f<\/td><td>\u0623\u0633\u0648\u062f \u0639\u062a\u064a\u0642<\/td><td>\u0633\u064a\u0631\u0627\u0645\u064a\u0643<\/td><td>\u062f\u064a\u0643\u0648\u0631 \u0627\u0644\u0645\u0646\u0632\u0644\u060c \u063a\u0631\u0641\u0629 \u0627\u0644\u0645\u0639\u064a\u0634\u0629\u060c \u062d\u062f\u064a\u0642\u0629<\/td><td>15 \u00d7 15 \u00d7 28.5 \u0633\u0645<\/td><td>1.6 \u0643\u062c\u0645\/\u0642\u0637\u0639\u0629<\/td><\/tr><tr><td>A36724-LA91-A02<\/td><td>\u0625\u0628\u0631\u064a\u0642\/\u0645\u0632\u0647\u0631\u064a\u0629 \u0645\u0646 \u0627\u0644\u0633\u064a\u0631\u0627\u0645\u064a\u0643 \u0627\u0644\u0623\u0633\u0648\u062f<\/td><td>\u0623\u0633\u0648\u062f \u0639\u062a\u064a\u0642<\/td><td>\u0633\u064a\u0631\u0627\u0645\u064a\u0643<\/td><td>\u062f\u064a\u0643\u0648\u0631 \u0627\u0644\u0645\u0646\u0632\u0644\u060c \u063a\u0631\u0641\u0629 \u0627\u0644\u0645\u0639\u064a\u0634\u0629\u060c \u062d\u062f\u064a\u0642\u0629<\/td><td>13.5 \u00d7 13.5 \u00d7 22.5 \u0633\u0645<\/td><td>1.4 \u0643\u062c\u0645\/\u0642\u0637\u0639\u0629<\/td><\/tr><tr><td>A36724-LA91-A03<\/td><td>\u0625\u0628\u0631\u064a\u0642\/\u0645\u0632\u0647\u0631\u064a\u0629 \u0645\u0646 \u0627\u0644\u0633\u064a\u0631\u0627\u0645\u064a\u0643 \u0627\u0644\u0623\u0633\u0648\u062f<\/td><td>\u0623\u0633\u0648\u062f \u0639\u062a\u064a\u0642<\/td><td>\u0633\u064a\u0631\u0627\u0645\u064a\u0643<\/td><td>\u062f\u064a\u0643\u0648\u0631 \u0627\u0644\u0645\u0646\u0632\u0644\u060c \u063a\u0631\u0641\u0629 \u0627\u0644\u0645\u0639\u064a\u0634\u0629\u060c \u062d\u062f\u064a\u0642\u0629<\/td><td>11.5 \u00d7 11.5 \u00d7 11.5 \u00d7 18 \u0633\u0645<\/td><td>0.6 \u0643\u062c\u0645\/\u0642\u0637\u0639\u0629<\/td><\/tr><\/tbody><\/table><\/figure>\n\n\n\n<h3 class=\"wp-block-heading\">\u062e\u062f\u0645\u0629 \u0627\u0644\u0645\u0632\u0647\u0631\u064a\u0627\u062a \u0627\u0644\u062e\u0631\u0633\u0627\u0646\u064a\u0629 \u0627\u0644\u0645\u062e\u0635\u0635\u0629<\/h3>\n\n\n\n<p>\u0646\u062d\u0646 \u0646\u0642\u062f\u0645 \u062e\u062f\u0645\u0627\u062a \u062a\u0635\u0646\u064a\u0639 \u0627\u0644\u0645\u0639\u062f\u0627\u062a \u0627\u0644\u0623\u0635\u0644\u064a\u0629 \u0648\u062a\u0635\u0646\u064a\u0639 \u0627\u0644\u062a\u0635\u0645\u064a\u0645 \u0627\u0644\u0623\u0635\u0644\u064a \u0644\u0645\u0646\u062a\u062c\u0627\u062a\u0646\u0627.<br>\u064a\u062a\u0648\u0641\u0631 \u062a\u0648\u0635\u064a\u0644 \u0633\u0631\u064a\u0639 \u0644\u0644\u0639\u064a\u0646\u0627\u062a.<br>\u0646\u062d\u0646 \u0646\u0642\u062f\u0645 \u0645\u062c\u0645\u0648\u0639\u0629 \u0645\u062a\u0646\u0648\u0639\u0629 \u0645\u0646 \u0627\u0644\u0623\u0634\u0643\u0627\u0644 \u0648\u0627\u0644\u0623\u0644\u0648\u0627\u0646 \u0648\u0627\u0644\u0637\u0628\u0627\u0639\u0629 \u0627\u0644\u0645\u062e\u0635\u0635\u0629 \u0648\u0627\u0644\u062a\u063a\u0644\u064a\u0641 \u0648\u063a\u064a\u0631\u0647\u0627 \u0645\u0646 \u0627\u0644\u062e\u062f\u0645\u0627\u062a \u0627\u0644\u0645\u0635\u0645\u0645\u0629 \u062e\u0635\u064a\u0635\u0627\u064b \u0644\u062a\u0644\u0628\u064a\u0629 \u0627\u062d\u062a\u064a\u0627\u062c\u0627\u062a\u0643 \u0627\u0644\u062e\u0627\u0635\u0629.<br><strong><a href=\"https:\/\/www.santai-ceramics.com\/ar\/custom\/\" data-type=\"page\" data-id=\"13\" target=\"_blank\" rel=\"noreferrer noopener\">\u0627\u0639\u0631\u0641 \u0627\u0644\u0645\u0632\u064a\u062f \u0639\u0646 \u062a\u0641\u0627\u0635\u064a\u0644 \u0627\u0644\u0645\u0632\u0647\u0631\u064a\u0629 \u0627\u0644\u0645\u062e\u0635\u0635\u0629.<\/a><\/strong><\/p>\n\n\n\n<div class=\"wp-block-columns is-layout-flex wp-container-core-columns-is-layout-9d6595d7 wp-block-columns-is-layout-flex\">\n<div class=\"wp-block-column is-layout-flow wp-block-column-is-layout-flow\">\n<figure class=\"wp-block-image size-full\"><img decoding=\"async\" width=\"1691\" height=\"1691\" src=\"https:\/\/www.santai-ceramics.com\/wp-content\/uploads\/2024\/10\/Wholesale-Concrete-Vase-1.webp\" alt=\"\u0645\u0632\u0647\u0631\u064a\u0629 \u062e\u0631\u0633\u0627\u0646\u064a\u0629 \u0628\u0627\u0644\u062c\u0645\u0644\u0629 (1)\" class=\"wp-image-685\" srcset=\"https:\/\/www.santai-ceramics.com\/wp-content\/uploads\/2024\/10\/Wholesale-Concrete-Vase-1.webp 1691w, https:\/\/www.santai-ceramics.com\/wp-content\/uploads\/2024\/10\/Wholesale-Concrete-Vase-1-300x300.webp 300w, https:\/\/www.santai-ceramics.com\/wp-content\/uploads\/2024\/10\/Wholesale-Concrete-Vase-1-150x150.webp 150w, https:\/\/www.santai-ceramics.com\/wp-content\/uploads\/2024\/10\/Wholesale-Concrete-Vase-1-768x768.webp 768w, https:\/\/www.santai-ceramics.com\/wp-content\/uploads\/2024\/10\/Wholesale-Concrete-Vase-1-1200x1200.webp 1200w, https:\/\/www.santai-ceramics.com\/wp-content\/uploads\/2024\/10\/Wholesale-Concrete-Vase-1-600x600.webp 600w, https:\/\/www.santai-ceramics.com\/wp-content\/uploads\/2024\/10\/Wholesale-Concrete-Vase-1-100x100.webp 100w\" sizes=\"(max-width: 1691px) 100vw, 1691px\" \/><\/figure>\n<\/div>\n\n\n\n<div class=\"wp-block-column is-layout-flow wp-block-column-is-layout-flow\">\n<figure class=\"wp-block-image size-full\"><img decoding=\"async\" width=\"2615\" height=\"2614\" src=\"https:\/\/www.santai-ceramics.com\/wp-content\/uploads\/2024\/10\/Wholesale-Concrete-Vase-2.webp\" alt=\"\u0645\u0632\u0647\u0631\u064a\u0629 \u062e\u0631\u0633\u0627\u0646\u064a\u0629 \u0628\u0627\u0644\u062c\u0645\u0644\u0629 (2)\" class=\"wp-image-686\" srcset=\"https:\/\/www.santai-ceramics.com\/wp-content\/uploads\/2024\/10\/Wholesale-Concrete-Vase-2.webp 2615w, https:\/\/www.santai-ceramics.com\/wp-content\/uploads\/2024\/10\/Wholesale-Concrete-Vase-2-300x300.webp 300w, https:\/\/www.santai-ceramics.com\/wp-content\/uploads\/2024\/10\/Wholesale-Concrete-Vase-2-150x150.webp 150w, https:\/\/www.santai-ceramics.com\/wp-content\/uploads\/2024\/10\/Wholesale-Concrete-Vase-2-768x768.webp 768w, https:\/\/www.santai-ceramics.com\/wp-content\/uploads\/2024\/10\/Wholesale-Concrete-Vase-2-1200x1200.webp 1200w, https:\/\/www.santai-ceramics.com\/wp-content\/uploads\/2024\/10\/Wholesale-Concrete-Vase-2-600x600.webp 600w, https:\/\/www.santai-ceramics.com\/wp-content\/uploads\/2024\/10\/Wholesale-Concrete-Vase-2-100x100.webp 100w\" sizes=\"(max-width: 2615px) 100vw, 2615px\" \/><\/figure>\n<\/div>\n<\/div>\n\n\n\n<p><\/p>","protected":false},"excerpt":{"rendered":"<p>\u0645\u0632\u0647\u0631\u064a\u0627\u062a \u0639\u062a\u064a\u0642\u0629 \u0628\u0627\u0644\u062c\u0645\u0644\u0629 \u0628\u0645\u0642\u0628\u0636 \u0648\u062a\u0635\u0645\u064a\u0645 \u0641\u0631\u064a\u062f \u0645\u0646 \u0646\u0648\u0639\u0647 \u0648\u0645\u0646\u0627\u0633\u0628\u0629 \u0644\u0645\u062e\u062a\u0644\u0641 \u0627\u0644\u0628\u064a\u0626\u0627\u062a \u0627\u0644\u062f\u0627\u062e\u0644\u064a\u0629 \u0648\u0627\u0644\u062e\u0627\u0631\u062c\u064a\u0629. \u0633\u0648\u0627\u0621 \u0643\u0627\u0646 \u062a\u0646\u0633\u064a\u0642 \u0627\u0644\u0632\u0647\u0648\u0631 \u0623\u0648 \u0627\u0644\u0632\u062e\u0631\u0641\u0629 \u0623\u0648 \u0643\u062f\u064a\u0643\u0648\u0631 \u0645\u0633\u062a\u0642\u0644\u060c \u064a\u0645\u0643\u0646 \u0623\u0646 \u062a\u0636\u064a\u0641 \u0647\u0630\u0647 \u0627\u0644\u0645\u0632\u0647\u0631\u064a\u0629 \u0644\u0645\u0633\u0629 \u0641\u0646\u064a\u0629 \u0625\u0644\u0649 \u0645\u0633\u0627\u062d\u062a\u0643 \u0648\u062a\u0644\u0628\u064a \u0627\u062d\u062a\u064a\u0627\u062c\u0627\u062a \u0627\u0644\u062f\u064a\u0643\u0648\u0631 \u0627\u0644\u0645\u0646\u0632\u0644\u064a \u0627\u0644\u0645\u062e\u062a\u0644\u0641\u0629. \u0646\u0631\u062d\u0628 \u0628\u062a\u062c\u0627\u0631 \u0627\u0644\u062c\u0645\u0644\u0629 \u0648\u0627\u0644\u0645\u0648\u0632\u0639\u064a\u0646 \u0648\u0645\u0635\u0645\u0645\u064a \u0627\u0644\u062f\u064a\u0643\u0648\u0631 \u0627\u0644\u062f\u0627\u062e\u0644\u064a \u0644\u0644\u0627\u062a\u0635\u0627\u0644 \u0628\u0646\u0627\u060c \u064a\u0648\u0641\u0631 \u0644\u0643 \u0645\u0635\u0646\u0639\u0648 \u0627\u0644\u0641\u062e\u0627\u0631 SANTAI \u0623\u0633\u0639\u0627\u0631\u064b\u0627 \u062a\u0646\u0627\u0641\u0633\u064a\u0629.<\/p>\n<h2>\u0645\u0645\u064a\u0632\u0627\u062a \u0645\u0632\u0647\u0631\u064a\u0629 \u0639\u0644\u0649 \u0637\u0631\u0627\u0632 \u0622\u0631\u062a \u062f\u064a\u0643\u0648<\/h2>\n<p><strong>\u0623\u0633\u0644\u0648\u0628 \u0631\u064a\u062a\u0631\u0648 \u0628\u0633\u064a\u0637<\/strong>: \u064a\u062a\u0645\u064a\u0632 \u062a\u0635\u0645\u064a\u0645 \u0627\u0644\u0645\u0632\u0647\u0631\u064a\u0629 \u0628\u062e\u0637\u0648\u0637 \u0646\u0627\u0639\u0645\u0629 \u0648\u0628\u0633\u064a\u0637\u0629\u060c \u0643\u0645\u0627 \u0623\u0646 \u0627\u0644\u062a\u0632\u062c\u064a\u062c \u0627\u0644\u0623\u0633\u0648\u062f \u0627\u0644\u062e\u0634\u0646 \u064a\u0642\u062f\u0645 \u0623\u0633\u0644\u0648\u0628\u0627\u064b \u0641\u0646\u064a\u0627\u064b \u0642\u062f\u064a\u0645\u0627\u064b \u0644\u0644\u063a\u0627\u064a\u0629\u060c \u0648\u0645\u0646\u0627\u0633\u0628 \u0644\u0644\u0639\u062f\u064a\u062f \u0645\u0646 \u0627\u0644\u062f\u064a\u0643\u0648\u0631\u0627\u062a \u0627\u0644\u062f\u0627\u062e\u0644\u064a\u0629.<\/p>\n<p><strong>\u0627\u0644\u062a\u0646\u0648\u0639<\/strong>: \u064a\u062d\u062a\u0648\u064a \u0627\u0644\u0637\u0642\u0645 \u0639\u0644\u0649 \u062b\u0644\u0627\u062b \u0645\u0632\u0647\u0631\u064a\u0627\u062a \u0645\u062e\u062a\u0644\u0641\u0629 \u0627\u0644\u0623\u062d\u062c\u0627\u0645\u060c \u064a\u0645\u0643\u0646 \u0627\u0633\u062a\u062e\u062f\u0627\u0645\u0647\u0627 \u0628\u0634\u0643\u0644 \u0645\u0646\u0641\u0635\u0644 \u0623\u0648 \u0645\u0639\u064b\u0627 \u0644\u062a\u0646\u0633\u064a\u0642 \u0627\u0644\u0632\u0647\u0648\u0631 \u0623\u0648 \u0627\u0644\u062a\u0632\u064a\u064a\u0646 \u0623\u0648 \u0628\u0634\u0643\u0644 \u0645\u0633\u062a\u0642\u0644 \u0643\u0645\u0632\u0647\u0631\u064a\u0629 \u064a\u0645\u0643\u0646 \u0623\u0646 \u062a\u0643\u0648\u0646 \u0645\u0633\u062a\u0642\u0644\u0629 \u0644\u062a\u0636\u0641\u064a \u0637\u0627\u0628\u0639\u064b\u0627 \u062c\u0645\u0627\u0644\u064a\u064b\u0627.<\/p>\n<p><strong>\u062a\u0635\u0645\u064a\u0645 \u062a\u0641\u0635\u064a\u0644\u064a \u0645\u0645\u062a\u0627\u0632<\/strong>: \u062a\u062d\u062a\u0648\u064a \u0643\u0644 \u0645\u0632\u0647\u0631\u064a\u0629 \u0639\u0644\u0649 \u0645\u0642\u0628\u0636 \u0635\u063a\u064a\u0631 \u064a\u0645\u0643\u0646 \u0627\u0633\u062a\u062e\u062f\u0627\u0645\u0647\u060c \u0628\u0627\u0644\u0625\u0636\u0627\u0641\u0629 \u0625\u0644\u0649 \u062a\u0641\u0631\u062f\u0647 \u0628\u0627\u0644\u062c\u0645\u0627\u0644\u060c \u0644\u062a\u0633\u0647\u064a\u0644 \u0639\u0645\u0644\u064a\u0629 \u0627\u0644\u0646\u0642\u0644 \u0623\u0648 \u0627\u0644\u0648\u0636\u0639.<\/p>\n<p><strong>\u0645\u062a\u0639\u062f\u062f \u0627\u0644\u0627\u0633\u062a\u062e\u062f\u0627\u0645\u0627\u062a<\/strong>: \u064a\u0645\u0643\u0646 \u0627\u0633\u062a\u062e\u062f\u0627\u0645\u0647\u0627 \u0644\u062a\u0646\u0633\u064a\u0642 \u0627\u0644\u0632\u0647\u0648\u0631\u060c \u0623\u0648 \u0648\u0636\u0639 \u0627\u0644\u0632\u0647\u0648\u0631 \u0627\u0644\u0645\u062c\u0641\u0641\u0629\u060c \u0623\u0648 \u0643\u0642\u0637\u0639\u0629 \u0632\u064a\u0646\u0629 \u0645\u0633\u062a\u0642\u0644\u0629 \u064a\u0645\u0643\u0646 \u0644\u0644\u0645\u0631\u0621 \u0628\u0628\u0633\u0627\u0637\u0629 \u0648\u0636\u0639\u0647\u0627 \u0641\u064a \u063a\u0631\u0641\u0629 \u0627\u0644\u0645\u0639\u064a\u0634\u0629 \u0623\u0648 \u063a\u0631\u0641\u0629 \u0627\u0644\u0637\u0639\u0627\u0645 \u0623\u0648 \u0641\u064a \u0645\u0633\u0627\u062d\u0629 \u062f\u0627\u062e\u0644\u064a\u0629 \u0623\u0648 \u062e\u0627\u0631\u062c\u064a\u0629 \u0645\u062b\u0644 \u0627\u0644\u0634\u0631\u0641\u0629 \u0648\u0627\u0644\u062d\u062f\u064a\u0642\u0629.<\/p>","protected":false},"featured_media":685,"comment_status":"closed","ping_status":"closed","template":"","meta":{"_acf_changed":false},"product_brand":[],"product_cat":[22,18],"product_tag":[34],"class_list":{"0":"post-684","1":"product","2":"type-product","3":"status-publish","4":"has-post-thumbnail","6":"product_cat-vase","7":"product_cat-home-decor","8":"product_tag-ceramic-vase","10":"first","11":"instock","12":"shipping-taxable","13":"product-type-simple"},"acf":[],"_links":{"self":[{"href":"https:\/\/www.santai-ceramics.com\/ar\/wp-json\/wp\/v2\/product\/684","targetHints":{"allow":["GET"]}}],"collection":[{"href":"https:\/\/www.santai-ceramics.com\/ar\/wp-json\/wp\/v2\/product"}],"about":[{"href":"https:\/\/www.santai-ceramics.com\/ar\/wp-json\/wp\/v2\/types\/product"}],"replies":[{"embeddable":true,"href":"https:\/\/www.santai-ceramics.com\/ar\/wp-json\/wp\/v2\/comments?post=684"}],"wp:featuredmedia":[{"embeddable":true,"href":"https:\/\/www.santai-ceramics.com\/ar\/wp-json\/wp\/v2\/media\/685"}],"wp:attachment":[{"href":"https:\/\/www.santai-ceramics.com\/ar\/wp-json\/wp\/v2\/media?parent=684"}],"wp:term":[{"taxonomy":"product_brand","embeddable":true,"href":"https:\/\/www.santai-ceramics.com\/ar\/wp-json\/wp\/v2\/product_brand?post=684"},{"taxonomy":"product_cat","embeddable":true,"href":"https:\/\/www.santai-ceramics.com\/ar\/wp-json\/wp\/v2\/product_cat?post=684"},{"taxonomy":"product_tag","embeddable":true,"href":"https:\/\/www.santai-ceramics.com\/ar\/wp-json\/wp\/v2\/product_tag?post=684"}],"curies":[{"name":"wp","href":"https:\/\/api.w.org\/{rel}","templated":true}]}}