{"id":855,"date":"2024-10-18T02:41:52","date_gmt":"2024-10-18T02:41:52","guid":{"rendered":"https:\/\/www.santai-ceramics.com\/?post_type=product&#038;p=855"},"modified":"2024-10-27T14:47:06","modified_gmt":"2024-10-27T14:47:06","slug":"wholesale-animal-ornaments-home-decor-cat","status":"publish","type":"product","link":"https:\/\/www.santai-ceramics.com\/ar\/product\/wholesale-animal-ornaments-home-decor-cat\/","title":{"rendered":"\u0632\u062e\u0627\u0631\u0641 \u0642\u0637\u0637 \u0645\u062e\u0635\u0635\u0629 \u0644\u0644\u0628\u064a\u0639\u060c \u0632\u062e\u0627\u0631\u0641 \u062d\u064a\u0648\u0627\u0646\u0627\u062a \u0628\u0627\u0644\u062c\u0645\u0644\u0629 \u0645\u0628\u064a\u0639\u0627\u062a \u0627\u0644\u0645\u0635\u0646\u0639 \u0645\u0628\u0627\u0634\u0631\u0629,"},"content":{"rendered":"<h3 class=\"wp-block-heading\">\u0645\u0639\u0644\u0645\u0627\u062a \u0632\u064a\u0646\u0629 \u0627\u0644\u0642\u0637\u0637<\/h3>\n\n\n\n<figure class=\"wp-block-table\"><table class=\"has-fixed-layout\"><tbody><tr><td>\u0627\u0644\u0637\u0631\u0627\u0632<\/td><td>\u0627\u0633\u0645 \u0627\u0644\u0645\u0646\u062a\u062c<\/td><td>\u0627\u0644\u0644\u0648\u0646<\/td><td>\u0627\u0644\u0645\u0648\u0627\u062f<\/td><td>\u0627\u0644\u0627\u0633\u062a\u062e\u062f\u0627\u0645\u0627\u062a<\/td><td>\u0627\u0644\u0623\u0628\u0639\u0627\u062f<\/td><td>\u0627\u0644\u0648\u0632\u0646<\/td><\/tr><tr><td>E37136-H851-A01<\/td><td>\u0632\u062e\u0631\u0641\u0629 \u0627\u0644\u062d\u064a\u0648\u0627\u0646\u0627\u062a - \u0642\u0637\u0629 \u062c\u0627\u0644\u0633\u0629<\/td><td>\u0628\u0646\u064a \u0639\u062a\u064a\u0642&nbsp;<\/td><td>\u0631\u0627\u062a\u0646\u062c<\/td><td>\u062f\u064a\u0643\u0648\u0631 \u0627\u0644\u0645\u0646\u0632\u0644,\u063a\u0631\u0641\u0629 \u0627\u0644\u0645\u0639\u064a\u0634\u0629<\/td><td>16.5 \u00d7 8.5 \u00d7 8.5 \u00d7 13 \u0633\u0645<\/td><td>0.5 \u0643\u062c\u0645\/\u0644\u062a\u0631 \u0645\u0643\u0639\u0628<\/td><\/tr><tr><td>E37137-H851-A01<\/td><td>\u0642\u0637\u0629 \u062a\u0645\u0634\u064a \u0639\u0644\u0649 \u0634\u0643\u0644 \u062d\u064a\u0648\u0627\u0646<\/td><td>\u0628\u0646\u064a \u0639\u062a\u064a\u0642&nbsp;<\/td><td>\u0631\u0627\u062a\u0646\u062c<\/td><td>\u062f\u064a\u0643\u0648\u0631 \u0627\u0644\u0645\u0646\u0632\u0644,\u063a\u0631\u0641\u0629 \u0627\u0644\u0645\u0639\u064a\u0634\u0629<\/td><td>14.5 \u00d7 10 \u00d7 16 \u0633\u0645<\/td><td>0.6 \u0643\u062c\u0645\/\u0643\u063a\/\u062c\u0647\u0627\u0632 \u0643\u0645\u0628\u064a\u0648\u062a\u0631<\/td><\/tr><\/tbody><\/table><\/figure>\n\n\n\n<h3 class=\"wp-block-heading\">\u062e\u062f\u0645\u0629 \u0627\u0644\u0632\u064a\u0646\u0629 \u0627\u0644\u0645\u062e\u0635\u0635\u0629 \u0644\u0644\u062d\u064a\u0648\u0627\u0646\u0627\u062a<\/h3>\n\n\n\n<p>\u0646\u062d\u0646 \u0646\u0642\u062f\u0645 \u062e\u062f\u0645\u0627\u062a \u062a\u0635\u0646\u064a\u0639 \u0627\u0644\u0645\u0639\u062f\u0627\u062a \u0627\u0644\u0623\u0635\u0644\u064a\u0629 \u0648\u062a\u0635\u0646\u064a\u0639 \u0627\u0644\u062a\u0635\u0645\u064a\u0645 \u0627\u0644\u0623\u0635\u0644\u064a \u0644\u0645\u0646\u062a\u062c\u0627\u062a\u0646\u0627.<br>\u064a\u062a\u0648\u0641\u0631 \u062a\u0648\u0635\u064a\u0644 \u0633\u0631\u064a\u0639 \u0644\u0644\u0639\u064a\u0646\u0627\u062a.<br>\u0646\u062d\u0646 \u0646\u0642\u062f\u0645 \u0645\u062c\u0645\u0648\u0639\u0629 \u0645\u062a\u0646\u0648\u0639\u0629 \u0645\u0646 \u0627\u0644\u0623\u0634\u0643\u0627\u0644 \u0648\u0627\u0644\u0623\u0644\u0648\u0627\u0646 \u0648\u0627\u0644\u0637\u0628\u0627\u0639\u0629 \u0627\u0644\u0645\u062e\u0635\u0635\u0629 \u0648\u0627\u0644\u062a\u063a\u0644\u064a\u0641 \u0648\u063a\u064a\u0631\u0647\u0627 \u0645\u0646 \u0627\u0644\u062e\u062f\u0645\u0627\u062a \u0627\u0644\u0645\u0635\u0645\u0645\u0629 \u062e\u0635\u064a\u0635\u0627\u064b \u0644\u062a\u0644\u0628\u064a\u0629 \u0627\u062d\u062a\u064a\u0627\u062c\u0627\u062a\u0643 \u0627\u0644\u062e\u0627\u0635\u0629.<br><a style=\"\" href=\"https:\/\/www.santai-ceramics.com\/ar\/custom\/\" data-type=\"page\" data-id=\"13\" target=\"_blank\" rel=\"noreferrer noopener\"><strong><b>\u0627\u0639\u0631\u0641 \u0627\u0644\u0645\u0632\u064a\u062f \u0639\u0646 \u0627\u0644\u062a\u062e\u0635\u064a\u0635<\/b> \u062a\u0641\u0627\u0635\u064a\u0644 \u0627\u0644\u062d\u0644\u064a \u0627\u0644\u062d\u064a\u0648\u0627\u0646\u064a\u0629.<\/strong><\/a><\/p>\n\n\n\n<div class=\"wp-block-columns is-layout-flex wp-container-core-columns-is-layout-9d6595d7 wp-block-columns-is-layout-flex\">\n<div class=\"wp-block-column is-layout-flow wp-block-column-is-layout-flow\">\n<figure class=\"wp-block-image size-full\"><img decoding=\"async\" width=\"1500\" height=\"1250\" src=\"https:\/\/www.santai-ceramics.com\/wp-content\/uploads\/2024\/10\/Animal-Ornaments-Walking-cat-4.jpg\" alt=\"\u0632\u064a\u0646\u0629 \u0627\u0644\u062d\u064a\u0648\u0627\u0646\u0627\u062a - \u0642\u0637\u0629 \u062a\u0645\u0634\u064a (4)\" class=\"wp-image-863\" srcset=\"https:\/\/www.santai-ceramics.com\/wp-content\/uploads\/2024\/10\/Animal-Ornaments-Walking-cat-4.jpg 1500w, https:\/\/www.santai-ceramics.com\/wp-content\/uploads\/2024\/10\/Animal-Ornaments-Walking-cat-4-300x250.jpg 300w, https:\/\/www.santai-ceramics.com\/wp-content\/uploads\/2024\/10\/Animal-Ornaments-Walking-cat-4-768x640.jpg 768w, https:\/\/www.santai-ceramics.com\/wp-content\/uploads\/2024\/10\/Animal-Ornaments-Walking-cat-4-1200x1000.jpg 1200w, https:\/\/www.santai-ceramics.com\/wp-content\/uploads\/2024\/10\/Animal-Ornaments-Walking-cat-4-600x500.jpg 600w\" sizes=\"(max-width: 1500px) 100vw, 1500px\" \/><\/figure>\n<\/div>\n\n\n\n<div class=\"wp-block-column is-layout-flow wp-block-column-is-layout-flow\">\n<figure class=\"wp-block-image size-full\"><img decoding=\"async\" width=\"1500\" height=\"1250\" src=\"https:\/\/www.santai-ceramics.com\/wp-content\/uploads\/2024\/10\/Animal-Ornaments-Setting-Cat-4.jpg\" alt=\"\u0632\u064a\u0646\u0629 \u0627\u0644\u062d\u064a\u0648\u0627\u0646\u0627\u062a - \u0625\u0639\u062f\u0627\u062f \u0627\u0644\u0642\u0637\u0637 (4)\" class=\"wp-image-859\" srcset=\"https:\/\/www.santai-ceramics.com\/wp-content\/uploads\/2024\/10\/Animal-Ornaments-Setting-Cat-4.jpg 1500w, https:\/\/www.santai-ceramics.com\/wp-content\/uploads\/2024\/10\/Animal-Ornaments-Setting-Cat-4-300x250.jpg 300w, https:\/\/www.santai-ceramics.com\/wp-content\/uploads\/2024\/10\/Animal-Ornaments-Setting-Cat-4-768x640.jpg 768w, https:\/\/www.santai-ceramics.com\/wp-content\/uploads\/2024\/10\/Animal-Ornaments-Setting-Cat-4-1200x1000.jpg 1200w, https:\/\/www.santai-ceramics.com\/wp-content\/uploads\/2024\/10\/Animal-Ornaments-Setting-Cat-4-600x500.jpg 600w\" sizes=\"(max-width: 1500px) 100vw, 1500px\" \/><\/figure>\n<\/div>\n<\/div>","protected":false},"excerpt":{"rendered":"<p data-pm-slice=\"0 0 []\">\u0646\u062d\u0646 \u0646\u0648\u0641\u0631 \u0632\u062e\u0627\u0631\u0641 \u062d\u064a\u0648\u0627\u0646\u0627\u062a \u0628\u0627\u0644\u062c\u0645\u0644\u0629 \u0648\u062d\u0644\u064a \u0645\u062e\u0635\u0635\u0629 \u0644\u0644\u062d\u064a\u0648\u0627\u0646\u0627\u062a. \u062a\u0636\u064a\u0641 \u0647\u0630\u0647 \u0627\u0644\u062d\u0644\u064a \u0627\u0644\u062d\u064a\u0648\u0627\u0646\u064a\u0629 \u0627\u0644\u062d\u064a\u0648\u064a\u0629 \u0648\u0627\u0644\u0645\u0631\u062d \u0625\u0644\u0649 \u0645\u0633\u0627\u062d\u062a\u0643. \u0644\u0627 \u064a\u0645\u0643\u0646 \u0644\u0632\u062e\u0627\u0631\u0641 \u0627\u0644\u062d\u064a\u0648\u0627\u0646\u0627\u062a \u0627\u0644\u0631\u0627\u0626\u0639\u0629 \u062a\u0632\u064a\u064a\u0646 \u0628\u064a\u0626\u0629 \u0645\u0646\u0632\u0644\u0643 \u0641\u062d\u0633\u0628\u060c \u0628\u0644 \u064a\u0645\u0643\u0646 \u0623\u064a\u0636\u064b\u0627 \u062a\u0642\u062f\u064a\u0645\u0647\u0627 \u0643\u0647\u062f\u0627\u064a\u0627 \u0644\u0644\u0623\u0642\u0627\u0631\u0628 \u0648\u0627\u0644\u0623\u0635\u062f\u0642\u0627\u0621\u060c \u0648\u0647\u064a \u0645\u0646\u0627\u0633\u0628\u0629 \u0644\u0645\u062e\u062a\u0644\u0641 \u0627\u0644\u0645\u0646\u0627\u0633\u0628\u0627\u062a\u060c \u0646\u0631\u062d\u0628 \u0628\u062a\u062c\u0627\u0631 \u0627\u0644\u062c\u0645\u0644\u0629 \u0648\u0627\u0644\u0645\u0648\u0632\u0639\u064a\u0646 \u0644\u0644\u0627\u062a\u0635\u0627\u0644 \u0628\u0646\u0627. \u062a\u0648\u0641\u0631 \u0644\u0643 \u0627\u0644\u0634\u0631\u0643\u0629 \u0627\u0644\u0645\u0635\u0646\u0639\u0629 \u0644\u062f\u064a\u0643\u0648\u0631 \u0627\u0644\u0645\u0646\u0632\u0644 \u0627\u0644\u0641\u062e\u0627\u0631\u064a SANTAI \u0623\u0633\u0639\u0627\u0631 \u062a\u0646\u0627\u0641\u0633\u064a\u0629.<\/p>\n<h2>\u0645\u0645\u064a\u0632\u0627\u062a \u0632\u064a\u0646\u0629 \u0627\u0644\u062d\u064a\u0648\u0627\u0646\u0627\u062a<\/h2>\n<p><strong>\u062a\u0635\u0645\u064a\u0645 \u0644\u0637\u064a\u0641 \u0648\u0633\u0627\u062d\u0631<\/strong>: \u062a\u062a\u0628\u0646\u0649 \u0632\u062e\u0627\u0631\u0641 \u0627\u0644\u0642\u0637\u0637 \u0645\u0632\u064a\u062c\u064b\u0627 \u0644\u0648\u0646\u064a\u064b\u0627 \u0645\u0646 \u0627\u0644\u0644\u0648\u0646 \u0627\u0644\u0628\u0646\u064a \u0627\u0644\u0641\u0627\u062a\u062d \u0648\u0627\u0644\u0628\u0642\u0639 \u0627\u0644\u0628\u064a\u0636\u0627\u0621\u060c \u0648\u0627\u0644\u062a\u064a \u062a\u0628\u062f\u0648 \u062f\u0627\u0641\u0626\u0629 \u0648\u0644\u0637\u064a\u0641\u0629. \u0644\u0627 \u064a\u0633\u0647\u0644 \u062f\u0645\u062c \u0647\u0630\u0627 \u0627\u0644\u0645\u0632\u064a\u062c \u0627\u0644\u0644\u0648\u0646\u064a \u0641\u064a \u0623\u0646\u0645\u0627\u0637 \u0627\u0644\u062f\u064a\u0643\u0648\u0631 \u0627\u0644\u0645\u0646\u0632\u0644\u064a \u0627\u0644\u0645\u062e\u062a\u0644\u0641\u0629 \u0641\u062d\u0633\u0628\u060c \u0628\u0644 \u064a\u0636\u064a\u0641 \u0623\u064a\u0636\u064b\u0627 \u0644\u0645\u0633\u0629 \u062d\u064a\u0648\u064a\u0629 \u0648\u0645\u0628\u0647\u062c\u0629 \u0625\u0644\u0649 \u0627\u0644\u0628\u064a\u0626\u0629 \u0627\u0644\u0645\u0646\u0632\u0644\u064a\u0629.<\/p>\n<p><strong>\u0632\u062e\u0627\u0631\u0641 \u0627\u0644\u062d\u064a\u0648\u0627\u0646\u0627\u062a \u0627\u0644\u0625\u0628\u062f\u0627\u0639\u064a\u0629<\/strong>: \u062a\u0644\u0647\u0645 \u0632\u062e\u0627\u0631\u0641 \u0627\u0644\u062d\u064a\u0648\u0627\u0646\u0627\u062a \u0627\u0644\u0644\u0637\u064a\u0641\u0629 \u0625\u0628\u062f\u0627\u0639 \u0627\u0644\u0646\u0627\u0633 \u0648\u062e\u064a\u0627\u0644\u0647\u0645. \u0633\u0648\u0627\u0621 \u062a\u0645 \u0648\u0636\u0639\u0647\u0627 \u0641\u064a \u063a\u0631\u0641\u0629 \u0627\u0644\u0645\u0643\u062a\u0628 \u0623\u0648 \u063a\u0631\u0641\u0629 \u0627\u0644\u0645\u0639\u064a\u0634\u0629\u060c \u064a\u0645\u0643\u0646 \u0623\u0646 \u062a\u0635\u0628\u062d \u0632\u062e\u0631\u0641\u0629 \u062c\u0645\u064a\u0644\u0629 \u062c\u062f\u064b\u0627.<\/p>\n<p><strong>\u062a\u0643\u0646\u0648\u0644\u0648\u062c\u064a\u0627 \u0625\u0646\u062a\u0627\u062c \u0639\u0627\u0644\u064a\u0629 \u0627\u0644\u062c\u0648\u062f\u0629<\/strong>: \u0627\u0644\u062d\u0644\u064a \u0627\u0644\u0645\u0635\u0646\u0648\u0639\u0629 \u0645\u0646 \u0645\u0648\u0627\u062f \u0627\u0644\u0631\u0627\u062a\u0646\u062c \u0639\u0627\u0644\u064a\u0629 \u0627\u0644\u062c\u0648\u062f\u0629\u060c \u0628\u062d\u0631\u0641\u064a\u0629 \u0631\u0627\u0626\u0639\u0629 \u0648\u0645\u0639\u0627\u0644\u062c\u0629 \u0627\u0644\u062a\u0641\u0627\u0635\u064a\u0644 \u0627\u0644\u0645\u0646\u0627\u0633\u0628\u0629. \u0648\u0633\u0648\u0627\u0621 \u0643\u0627\u0646\u062a \u0627\u0644\u062e\u0637\u0648\u0637 \u0627\u0644\u0639\u0631\u064a\u0636\u0629 \u0644\u0644\u0632\u062e\u0627\u0631\u0641 \u0623\u0648 \u0645\u0644\u0645\u0633 \u0627\u0644\u0633\u0637\u062d\u060c \u0641\u0625\u0646\u0647\u0627 \u062a\u064f\u0638\u0647\u0631 \u0645\u0633\u062a\u0648\u0649 \u0625\u0646\u062a\u0627\u062c \u0639\u0627\u0644\u064a \u0627\u0644\u062c\u0648\u062f\u0629.<\/p>\n<p><strong>\u0633\u0647\u0644 \u0627\u0644\u062a\u0637\u0627\u0628\u0642 \u0648\u0627\u0644\u062a\u0631\u0643\u064a\u0628<\/strong>: \u064a\u0645\u0643\u0646 \u0648\u0636\u0639 \u062a\u0645\u062b\u0627\u0644\u064a \u0627\u0644\u062d\u064a\u0648\u0627\u0646\u0627\u062a \u0628\u0634\u0643\u0644 \u0645\u0646\u0641\u0635\u0644 \u0623\u0648 \u0645\u062c\u062a\u0645\u0639\u0629. \u0648\u0647\u0645\u0627 \u0644\u064a\u0633\u0627 \u0645\u0646\u0627\u0633\u0628\u064a\u0646 \u0641\u0642\u0637 \u0644\u0644\u0623\u0645\u0627\u0643\u0646 \u0627\u0644\u062f\u0627\u062e\u0644\u064a\u0629 \u0645\u062b\u0644 \u063a\u0631\u0641\u0629 \u0627\u0644\u062f\u0631\u0627\u0633\u0629 \u0648\u063a\u0631\u0641\u0629 \u0627\u0644\u0645\u0639\u064a\u0634\u0629\u060c \u0648\u0644\u0643\u0646 \u064a\u0645\u0643\u0646 \u0627\u0633\u062a\u062e\u062f\u0627\u0645\u0647\u0645\u0627 \u0623\u064a\u0636\u064b\u0627 \u0643\u0632\u064a\u0646\u0629 \u0644\u0644\u062d\u062f\u0627\u0626\u0642 \u0627\u0644\u062e\u0627\u0631\u062c\u064a\u0629 \u0623\u0648 \u0627\u0644\u0634\u0631\u0641\u0627\u062a.<\/p>\n<p><strong>\u062e\u062f\u0645\u0629 \u0627\u0644\u062f\u064a\u0643\u0648\u0631 \u0627\u0644\u0645\u0646\u0632\u0644\u064a \u0627\u0644\u0627\u062d\u062a\u0631\u0627\u0641\u064a\u0629 \u0644\u0644\u0628\u064a\u0639 \u0628\u0627\u0644\u062c\u0645\u0644\u0629<\/strong>: SANTAI \u0647\u064a \u0634\u0631\u0643\u0629 \u0631\u0627\u0626\u062f\u0629 \u0641\u064a \u0645\u062c\u0627\u0644 \u0627\u0644\u062f\u064a\u0643\u0648\u0631 \u0627\u0644\u0645\u0646\u0632\u0644\u064a \u0627\u0644\u062e\u0632\u0641\u064a \u0645\u0646 \u0627\u0644\u0635\u064a\u0646. \u0646\u062d\u0646 \u0646\u0642\u062f\u0645 \u0645\u062c\u0645\u0648\u0639\u0629 \u0648\u0627\u0633\u0639\u0629 \u0645\u0646 \u062f\u064a\u0643\u0648\u0631\u0627\u062a \u0627\u0644\u0623\u062b\u0627\u062b \u0628\u0627\u0644\u062c\u0645\u0644\u0629\u060c \u0648\u0632\u062e\u0627\u0631\u0641 \u0627\u0644\u062d\u064a\u0648\u0627\u0646\u0627\u062a \u0648\u0628\u0623\u0633\u0639\u0627\u0631 \u062a\u0646\u0627\u0641\u0633\u064a\u0629. \u0646\u0631\u062d\u0628 \u0628\u0645\u0634\u062a\u0631\u064a\u0646 B2B \u0644\u0644\u0627\u062a\u0635\u0627\u0644 \u0628\u0646\u0627.<\/p>","protected":false},"featured_media":864,"comment_status":"closed","ping_status":"closed","template":"","meta":{"_acf_changed":false},"product_brand":[],"product_cat":[18,25],"product_tag":[32],"class_list":{"0":"post-855","1":"product","2":"type-product","3":"status-publish","4":"has-post-thumbnail","6":"product_cat-home-decor","7":"product_cat-animal-ornaments","8":"product_tag-resin-animal-figurines","10":"first","11":"instock","12":"shipping-taxable","13":"product-type-simple"},"acf":[],"_links":{"self":[{"href":"https:\/\/www.santai-ceramics.com\/ar\/wp-json\/wp\/v2\/product\/855","targetHints":{"allow":["GET"]}}],"collection":[{"href":"https:\/\/www.santai-ceramics.com\/ar\/wp-json\/wp\/v2\/product"}],"about":[{"href":"https:\/\/www.santai-ceramics.com\/ar\/wp-json\/wp\/v2\/types\/product"}],"replies":[{"embeddable":true,"href":"https:\/\/www.santai-ceramics.com\/ar\/wp-json\/wp\/v2\/comments?post=855"}],"wp:featuredmedia":[{"embeddable":true,"href":"https:\/\/www.santai-ceramics.com\/ar\/wp-json\/wp\/v2\/media\/864"}],"wp:attachment":[{"href":"https:\/\/www.santai-ceramics.com\/ar\/wp-json\/wp\/v2\/media?parent=855"}],"wp:term":[{"taxonomy":"product_brand","embeddable":true,"href":"https:\/\/www.santai-ceramics.com\/ar\/wp-json\/wp\/v2\/product_brand?post=855"},{"taxonomy":"product_cat","embeddable":true,"href":"https:\/\/www.santai-ceramics.com\/ar\/wp-json\/wp\/v2\/product_cat?post=855"},{"taxonomy":"product_tag","embeddable":true,"href":"https:\/\/www.santai-ceramics.com\/ar\/wp-json\/wp\/v2\/product_tag?post=855"}],"curies":[{"name":"wp","href":"https:\/\/api.w.org\/{rel}","templated":true}]}}