{"id":866,"date":"2024-10-18T03:25:50","date_gmt":"2024-10-18T03:25:50","guid":{"rendered":"https:\/\/www.santai-ceramics.com\/?post_type=product&#038;p=866"},"modified":"2024-10-24T09:19:09","modified_gmt":"2024-10-24T09:19:09","slug":"wholesale-resin-figurines","status":"publish","type":"product","link":"https:\/\/www.santai-ceramics.com\/ar\/product\/wholesale-resin-figurines\/","title":{"rendered":"\u0645\u0646\u062d\u0648\u062a\u0627\u062a \u0635\u063a\u064a\u0631\u0629 \u0644\u0644\u062f\u064a\u0643\u0648\u0631 \u0627\u0644\u0645\u0646\u0632\u0644\u064a \u0628\u0627\u0644\u062c\u0645\u0644\u0629: \u0625\u0628\u062f\u0627\u0639\u0627\u062a \u0641\u0646\u064a\u0629 \u0641\u0631\u064a\u062f\u0629 \u0645\u0646 \u0646\u0648\u0639\u0647\u0627"},"content":{"rendered":"<h3 class=\"wp-block-heading\">\u0645\u0639\u0644\u0645\u0627\u062a \u062f\u064a\u0643\u0648\u0631 \u0627\u0644\u0645\u0646\u0632\u0644 \u0627\u0644\u0645\u0646\u062d\u0648\u062a\u0627\u062a \u0627\u0644\u0635\u063a\u064a\u0631\u0629<\/h3>\n\n\n\n<figure class=\"wp-block-table\"><table class=\"has-fixed-layout\"><tbody><tr><td>\u0627\u0644\u0637\u0631\u0627\u0632<\/td><td>\u0627\u0633\u0645 \u0627\u0644\u0645\u0646\u062a\u062c<\/td><td>\u0627\u0644\u0644\u0648\u0646<\/td><td>\u0627\u0644\u0645\u0648\u0627\u062f<\/td><td>\u0627\u0644\u0627\u0633\u062a\u062e\u062f\u0627\u0645\u0627\u062a<\/td><td>\u0627\u0644\u0623\u0628\u0639\u0627\u062f<\/td><td>\u0627\u0644\u0648\u0632\u0646<\/td><\/tr><tr><td>E37133-H851-A01<\/td><td>\u0645\u0646\u062d\u0648\u062a\u0629 \u0645\u0646 \u0627\u0644\u0631\u0627\u062a\u0646\u062c - \u0631\u062c\u0644 \u0648\u0627\u0642\u0641 - \u0631\u062c\u0644 \u0648\u0627\u0642\u0641<\/td><td>\u0628\u0646\u064a \u0639\u062a\u064a\u0642&nbsp;<\/td><td>\u0631\u0627\u062a\u0646\u062c<\/td><td>\u062f\u064a\u0643\u0648\u0631 \u0627\u0644\u0645\u0646\u0632\u0644,\u063a\u0631\u0641\u0629 \u0627\u0644\u0645\u0639\u064a\u0634\u0629<\/td><td>13 \u00d7 11.5 \u00d7 11.5 \u00d7 25.5 \u0633\u0645<\/td><td>1 \u0643\u062c\u0645\/\u062c\u0647\u0627\u0632 \u0643\u0645\u0628\u064a\u0648\u062a\u0631<\/td><\/tr><tr><td>E37134-H851-A01<\/td><td>\u0645\u0646\u062d\u0648\u062a\u0629 \u0645\u0646 \u0627\u0644\u0631\u0627\u062a\u0646\u062c - \u0631\u062c\u0644 \u062c\u0627\u0644\u0633<\/td><td>\u0628\u0646\u064a \u0639\u062a\u064a\u0642&nbsp;<\/td><td>\u0631\u0627\u062a\u0646\u062c<\/td><td>\u062f\u064a\u0643\u0648\u0631 \u0627\u0644\u0645\u0646\u0632\u0644,\u063a\u0631\u0641\u0629 \u0627\u0644\u0645\u0639\u064a\u0634\u0629<\/td><td>12.5 \u00d7 9 \u00d7 17.5 \u0633\u0645<\/td><td>0.7 \u0643\u062c\u0645\/\u0643\u063a\/\u062c\u0647\u0627\u0632 \u0643\u0645\u0628\u064a\u0648\u062a\u0631<\/td><\/tr><\/tbody><\/table><\/figure>\n\n\n\n<h3 class=\"wp-block-heading\">\u062e\u062f\u0645\u0629 \u0627\u0644\u0646\u062d\u062a \u0639\u0644\u0649 \u062f\u064a\u0643\u0648\u0631 \u0627\u0644\u0645\u0646\u0632\u0644 \u062d\u0633\u0628 \u0627\u0644\u0637\u0644\u0628<\/h3>\n\n\n\n<p>\u0646\u062d\u0646 \u0646\u0642\u062f\u0645 \u062e\u062f\u0645\u0627\u062a \u062a\u0635\u0646\u064a\u0639 \u0627\u0644\u0645\u0639\u062f\u0627\u062a \u0627\u0644\u0623\u0635\u0644\u064a\u0629 \u0648\u062a\u0635\u0646\u064a\u0639 \u0627\u0644\u062a\u0635\u0645\u064a\u0645 \u0627\u0644\u0623\u0635\u0644\u064a \u0644\u0645\u0646\u062a\u062c\u0627\u062a\u0646\u0627.<br>\u064a\u062a\u0648\u0641\u0631 \u062a\u0648\u0635\u064a\u0644 \u0633\u0631\u064a\u0639 \u0644\u0644\u0639\u064a\u0646\u0627\u062a.<br>\u0646\u062d\u0646 \u0646\u0642\u062f\u0645 \u0645\u062c\u0645\u0648\u0639\u0629 \u0645\u062a\u0646\u0648\u0639\u0629 \u0645\u0646 \u0627\u0644\u0623\u0634\u0643\u0627\u0644 \u0648\u0627\u0644\u0623\u0644\u0648\u0627\u0646 \u0648\u0627\u0644\u0637\u0628\u0627\u0639\u0629 \u0627\u0644\u0645\u062e\u0635\u0635\u0629 \u0648\u0627\u0644\u062a\u063a\u0644\u064a\u0641 \u0648\u063a\u064a\u0631\u0647\u0627 \u0645\u0646 \u0627\u0644\u062e\u062f\u0645\u0627\u062a \u0627\u0644\u0645\u0635\u0645\u0645\u0629 \u062e\u0635\u064a\u0635\u0627\u064b \u0644\u062a\u0644\u0628\u064a\u0629 \u0627\u062d\u062a\u064a\u0627\u062c\u0627\u062a\u0643 \u0627\u0644\u062e\u0627\u0635\u0629.<br><a style=\"\" href=\"https:\/\/www.santai-ceramics.com\/ar\/custom\/\" data-type=\"page\" data-id=\"13\" target=\"_blank\" rel=\"noreferrer noopener\"><strong><b>\u0627\u0639\u0631\u0641 \u0627\u0644\u0645\u0632\u064a\u062f \u0639\u0646 \u0627\u0644\u062a\u062e\u0635\u064a\u0635<\/b> \u062a\u0641\u0627\u0635\u064a\u0644 \u0627\u0644\u0646\u062d\u062a<\/strong><\/a><\/p>\n\n\n\n<div class=\"wp-block-columns is-layout-flex wp-container-core-columns-is-layout-9d6595d7 wp-block-columns-is-layout-flex\">\n<div class=\"wp-block-column is-layout-flow wp-block-column-is-layout-flow\">\n<figure class=\"wp-block-image size-full\"><img decoding=\"async\" width=\"1500\" height=\"1250\" src=\"https:\/\/www.santai-ceramics.com\/wp-content\/uploads\/2024\/10\/Wholesale-Resin-Figurines-2.jpg\" alt=\"\u062a\u0645\u0627\u062b\u064a\u0644 \u0645\u0646 \u0627\u0644\u0631\u0627\u062a\u0646\u062c \u0628\u0627\u0644\u062c\u0645\u0644\u0629 (2)\" class=\"wp-image-874\" srcset=\"https:\/\/www.santai-ceramics.com\/wp-content\/uploads\/2024\/10\/Wholesale-Resin-Figurines-2.jpg 1500w, https:\/\/www.santai-ceramics.com\/wp-content\/uploads\/2024\/10\/Wholesale-Resin-Figurines-2-300x250.jpg 300w, https:\/\/www.santai-ceramics.com\/wp-content\/uploads\/2024\/10\/Wholesale-Resin-Figurines-2-768x640.jpg 768w, https:\/\/www.santai-ceramics.com\/wp-content\/uploads\/2024\/10\/Wholesale-Resin-Figurines-2-1200x1000.jpg 1200w, https:\/\/www.santai-ceramics.com\/wp-content\/uploads\/2024\/10\/Wholesale-Resin-Figurines-2-600x500.jpg 600w\" sizes=\"(max-width: 1500px) 100vw, 1500px\" \/><\/figure>\n<\/div>\n\n\n\n<div class=\"wp-block-column is-layout-flow wp-block-column-is-layout-flow\">\n<figure class=\"wp-block-image size-full\"><img decoding=\"async\" width=\"1500\" height=\"1249\" src=\"https:\/\/www.santai-ceramics.com\/wp-content\/uploads\/2024\/10\/Wholesale-Resin-Figurines-1.jpg\" alt=\"\u062a\u0645\u0627\u062b\u064a\u0644 \u0645\u0646 \u0627\u0644\u0631\u0627\u062a\u0646\u062c \u0628\u0627\u0644\u062c\u0645\u0644\u0629 (1)\" class=\"wp-image-873\" srcset=\"https:\/\/www.santai-ceramics.com\/wp-content\/uploads\/2024\/10\/Wholesale-Resin-Figurines-1.jpg 1500w, https:\/\/www.santai-ceramics.com\/wp-content\/uploads\/2024\/10\/Wholesale-Resin-Figurines-1-300x250.jpg 300w, https:\/\/www.santai-ceramics.com\/wp-content\/uploads\/2024\/10\/Wholesale-Resin-Figurines-1-768x639.jpg 768w, https:\/\/www.santai-ceramics.com\/wp-content\/uploads\/2024\/10\/Wholesale-Resin-Figurines-1-1200x999.jpg 1200w, https:\/\/www.santai-ceramics.com\/wp-content\/uploads\/2024\/10\/Wholesale-Resin-Figurines-1-600x500.jpg 600w\" sizes=\"(max-width: 1500px) 100vw, 1500px\" \/><\/figure>\n<\/div>\n<\/div>","protected":false},"excerpt":{"rendered":"<p data-pm-slice=\"0 0 []\">\u0646\u062d\u0646 \u0646\u0642\u062f\u0645 \u0645\u0646\u062d\u0648\u062a\u0627\u062a \u0628\u0627\u0644\u062c\u0645\u0644\u0629 \u0644\u062a\u0632\u064a\u064a\u0646 \u0627\u0644\u0645\u0646\u0632\u0644 \u0627\u0644\u0631\u0627\u0626\u0639. \u0633\u062a\u0636\u064a\u0641 \u0647\u0630\u0647 \u0627\u0644\u0645\u0646\u062d\u0648\u062a\u0629 \u0627\u0644\u0625\u0628\u062f\u0627\u0639\u064a\u0629 \u0633\u062d\u0631\u064b\u0627 \u0641\u0646\u064a\u064b\u0627 \u0648\u0634\u062e\u0635\u064a\u064b\u0627 \u0625\u0644\u0649 \u0645\u0633\u0627\u062d\u062a\u0643. \u0648\u0647\u064a \u0645\u0646\u0627\u0633\u0628\u0629 \u0644\u063a\u0631\u0641\u0629 \u0627\u0644\u0646\u0648\u0645 \u0648\u0627\u0644\u0645\u0643\u062a\u0628\u0629\u060c \u0648\u0627\u0644\u0645\u0643\u062a\u0628\u0629 \u0648\u063a\u064a\u0631\u0647\u0627 \u0645\u0646 \u0627\u0644\u0645\u0634\u0627\u0647\u062f \u0627\u0644\u0632\u062e\u0631\u0641\u064a\u0629 \u0627\u0644\u0623\u062e\u0631\u0649. \u0648\u0647\u064a \u0645\u0635\u0646\u0648\u0639\u0629 \u0645\u0646 \u0645\u0648\u0627\u062f \u0631\u0627\u062a\u064a\u0646\u062c \u0639\u0627\u0644\u064a\u0629 \u0627\u0644\u062c\u0648\u062f\u0629 \u0644\u0636\u0645\u0627\u0646 \u0627\u0644\u0645\u062a\u0627\u0646\u0629 \u0648\u0637\u0648\u0644 \u0627\u0644\u0639\u0645\u0631 \u0645\u0639 \u0627\u0644\u062d\u0641\u0627\u0638 \u0639\u0644\u0649 \u0627\u0644\u0645\u0638\u0647\u0631 \u0648\u0627\u0644\u0645\u0644\u0645\u0633 \u0627\u0644\u0631\u0642\u064a\u0642. \u0644\u0627 \u062a\u062a\u0631\u062f\u062f \u0641\u064a \u0627\u0644\u0627\u062a\u0635\u0627\u0644 \u0628\u0646\u0627 \u0644\u0644\u0637\u0644\u0628\u0627\u062a \u0628\u0627\u0644\u062c\u0645\u0644\u0629.<\/p>\n<h2>\u0645\u0645\u064a\u0632\u0627\u062a \u0645\u0646\u062d\u0648\u062a\u0629 \u062f\u064a\u0643\u0648\u0631 \u0627\u0644\u0645\u0646\u0632\u0644 \u0627\u0644\u0635\u063a\u064a\u0631\u0629<\/h2>\n<p><strong>\u0627\u0644\u062c\u0645\u0627\u0644 \u0627\u0644\u0641\u0646\u064a:<\/strong> \u0627\u0644\u062c\u0627\u0646\u0628 \u0627\u0644\u0623\u064a\u0633\u0631 \u0639\u0628\u0627\u0631\u0629 \u0639\u0646 \u062a\u0645\u062b\u0627\u0644 \u0639\u0644\u0649 \u0634\u0643\u0644 \u0625\u0646\u0633\u0627\u0646 \u062c\u0627\u0644\u0633\u060c \u0648\u0627\u0644\u062c\u0627\u0646\u0628 \u0627\u0644\u0623\u064a\u0645\u0646 \u0639\u0628\u0627\u0631\u0629 \u0639\u0646 \u062a\u0645\u062b\u0627\u0644 \u0639\u0644\u0649 \u0634\u0643\u0644 \u0625\u0646\u0633\u0627\u0646 \u0648\u0627\u0642\u0641. \u0627\u0644\u0627\u062b\u0646\u0627\u0646 \u0645\u062e\u062a\u0644\u0641\u0627\u0646\u060c \u0648\u0645\u0646 \u062e\u0644\u0627\u0644 \u0627\u0644\u0645\u0637\u0627\u0628\u0642\u0629 \u0627\u0644\u0645\u0639\u0642\u0648\u0644\u0629\u060c \u064a\u0645\u0643\u0646\u0647\u0645\u0627 \u062a\u0634\u0643\u064a\u0644 \u0635\u0648\u0631\u0629 \u0645\u062a\u0646\u0627\u063a\u0645\u0629 \u0648\u062c\u0645\u064a\u0644\u0629. \u062a\u062c\u0639\u0644 \u0627\u0644\u0623\u0644\u0648\u0627\u0646 \u0627\u0644\u0641\u0627\u062a\u062d\u0629 \u0648\u0627\u0644\u0645\u0644\u0645\u0633 \u0627\u0644\u0631\u0642\u064a\u0642 \u0644\u0644\u062a\u0645\u062b\u0627\u0644 \u0627\u0644\u0635\u063a\u064a\u0631 \u0627\u0644\u062a\u0645\u062b\u0627\u0644 \u0627\u0644\u0635\u063a\u064a\u0631 \u0623\u0643\u062b\u0631 \u0632\u062e\u0631\u0641\u0629 \u0648\u0632\u064a\u0646\u0629.<\/p>\n<p><strong>\u0627\u0644\u0648\u0638\u064a\u0641\u0629 \u0627\u0644\u0639\u0645\u0644\u064a\u0629:<\/strong> \u0627\u0644\u0645\u0646\u062d\u0648\u062a\u0627\u062a \u0628\u0627\u0644\u062c\u0645\u0644\u0629 \u0644\u064a\u0633\u062a \u0645\u062c\u0631\u062f \u062f\u064a\u0643\u0648\u0631\u060c \u0648\u0644\u0643\u0646 \u0627\u0644\u0623\u0647\u0645 \u0645\u0646 \u0630\u0644\u0643 \u0623\u0646\u0647\u0627 \u0630\u0627\u062a \u0648\u0638\u0627\u0626\u0641 \u0639\u0645\u0644\u064a\u0629. \u064a\u0645\u0643\u0646\u0647\u0627 \u0623\u0646 \u062a\u0645\u0646\u0639 \u0627\u0644\u0643\u062a\u0628 \u0645\u0646 \u0627\u0644\u0627\u0646\u0632\u0644\u0627\u0642 \u0623\u0648 \u0627\u0644\u0627\u0646\u062a\u0634\u0627\u0631 \u0628\u0634\u0643\u0644 \u0641\u0639\u0627\u0644\u060c \u0645\u0645\u0627 \u064a\u062d\u0627\u0641\u0638 \u0639\u0644\u0649 \u0627\u0644\u0645\u0643\u062a\u0628 \u0645\u0631\u062a\u0628\u064b\u0627 \u0648\u0645\u0646\u0638\u0645\u064b\u0627.<\/p>\n<p><strong>\u0645\u062a\u0627\u0646\u0629 \u0642\u0648\u064a\u0629:<\/strong> \u0647\u0630\u0647 \u0627\u0644\u0645\u0646\u062d\u0648\u062a\u0627\u062a \u0627\u0644\u0645\u0635\u0646\u0648\u0639\u0629 \u0628\u0627\u0644\u062c\u0645\u0644\u0629 \u0645\u0635\u0646\u0648\u0639\u0629 \u0645\u0646 \u0627\u0644\u0631\u0627\u062a\u0646\u062c \u0639\u0627\u0644\u064a \u0627\u0644\u062c\u0648\u062f\u0629\u060c \u0645\u0639 \u0645\u062a\u0627\u0646\u0629 \u062c\u064a\u062f\u0629 \u0648\u0645\u0642\u0627\u0648\u0645\u0629 \u0644\u0644\u062a\u0622\u0643\u0644. \u0648\u0641\u064a \u0627\u0644\u0648\u0642\u062a \u0646\u0641\u0633\u0647\u060c \u0641\u0625\u0646 \u062a\u0646\u0638\u064a\u0641 \u0647\u0630\u0647 \u0627\u0644\u0645\u0646\u062d\u0648\u062a\u0629 \u0648\u0635\u064a\u0627\u0646\u062a\u0647\u0627 \u0645\u0631\u064a\u062d \u0644\u0644\u063a\u0627\u064a\u0629\u060c \u0641\u0642\u0637 \u0627\u0645\u0633\u062d\u0647\u0627 \u0628\u0642\u0637\u0639\u0629 \u0642\u0645\u0627\u0634 \u0645\u0628\u0644\u0644\u0629.<\/p>\n<p><strong>\u062a\u062e\u0635\u064a\u0635 \u0645\u062e\u0635\u0635 \u062d\u0633\u0628 \u0627\u0644\u0637\u0644\u0628:<\/strong>\u0643\u0634\u0631\u0643\u0629 \u0645\u062d\u062a\u0631\u0641\u0629 \u0641\u064a \u062a\u0635\u0646\u064a\u0639 \u062a\u0645\u0627\u062b\u064a\u0644 \u062f\u064a\u0643\u0648\u0631 \u0627\u0644\u0645\u0646\u0632\u0644. \u0646\u062d\u0646 \u0646\u062a\u0641\u0647\u0645 \u0623\u0647\u0645\u064a\u0629 \u0623\u0634\u0643\u0627\u0644 \u0648\u0623\u0644\u0648\u0627\u0646 \u0627\u0644\u062a\u0645\u0627\u062b\u064a\u0644 \u0627\u0644\u0645\u062e\u062a\u0644\u0641\u0629 \u0644\u0645\u062e\u062a\u0644\u0641 \u0627\u0644\u0645\u0633\u062a\u062e\u062f\u0645\u064a\u0646. \u0646\u062d\u0646 \u0646\u0642\u062f\u0645 \u062d\u0644 \u0627\u0644\u0646\u062d\u062a \u0627\u0644\u0645\u062e\u0635\u0635 \u0644\u0644\u0639\u0645\u0644\u0627\u0621\u060c \u0627\u062a\u0635\u0644 \u0628\u0646\u0627 \u0644\u0644\u062d\u0635\u0648\u0644 \u0639\u0644\u0649 \u062d\u0644\u0648\u0644.<\/p>\n<p><strong>\u062e\u062f\u0645\u0629 \u0627\u0644\u062a\u0645\u0627\u062b\u064a\u0644 \u0628\u0627\u0644\u062c\u0645\u0644\u0629<\/strong> \u0646\u062d\u0646 \u0646\u0642\u062f\u0645 \u062e\u062f\u0645\u0629 \u0628\u064a\u0639 \u0627\u0644\u0645\u0646\u062d\u0648\u062a\u0627\u062a \u0627\u0644\u0632\u062e\u0631\u0641\u064a\u0629 \u0628\u0627\u0644\u062c\u0645\u0644\u0629 \u0627\u0644\u0627\u062d\u062a\u0631\u0627\u0641\u064a\u0629 \u0644\u0644\u0645\u0634\u062a\u0631\u064a\u0646 \u0645\u0646 \u0627\u0644\u0634\u0631\u0643\u0627\u062a \u0648\u0627\u0644\u0641\u0646\u0627\u062f\u0642 \u0648\u062a\u062c\u0627\u0631 \u0627\u0644\u062c\u0645\u0644\u0629\u060c \u0648\u0627\u0644\u062a\u064a \u062a\u063a\u0637\u064a \u0627\u0644\u062a\u0635\u0645\u064a\u0645 \u0627\u0644\u0627\u062d\u062a\u0631\u0627\u0641\u064a \u0648\u0627\u0644\u0639\u064a\u0646\u0629 \u0627\u0644\u0633\u0631\u064a\u0639\u0629 \u0648\u0627\u0644\u0625\u0646\u062a\u0627\u062c \u0648\u0627\u0644\u062a\u0633\u0644\u064a\u0645\u060c \u0627\u062a\u0635\u0644 \u0628\u0646\u0627 \u0644\u0644\u062d\u0635\u0648\u0644 \u0639\u0644\u0649 \u0623\u0633\u0639\u0627\u0631 \u062a\u0646\u0627\u0641\u0633\u064a\u0629.<\/p>","protected":false},"featured_media":875,"comment_status":"closed","ping_status":"closed","template":"","meta":{"_acf_changed":false},"product_brand":[],"product_cat":[18,25],"product_tag":[32],"class_list":{"0":"post-866","1":"product","2":"type-product","3":"status-publish","4":"has-post-thumbnail","6":"product_cat-home-decor","7":"product_cat-animal-ornaments","8":"product_tag-resin-animal-figurines","10":"first","11":"instock","12":"shipping-taxable","13":"product-type-simple"},"acf":[],"_links":{"self":[{"href":"https:\/\/www.santai-ceramics.com\/ar\/wp-json\/wp\/v2\/product\/866","targetHints":{"allow":["GET"]}}],"collection":[{"href":"https:\/\/www.santai-ceramics.com\/ar\/wp-json\/wp\/v2\/product"}],"about":[{"href":"https:\/\/www.santai-ceramics.com\/ar\/wp-json\/wp\/v2\/types\/product"}],"replies":[{"embeddable":true,"href":"https:\/\/www.santai-ceramics.com\/ar\/wp-json\/wp\/v2\/comments?post=866"}],"wp:featuredmedia":[{"embeddable":true,"href":"https:\/\/www.santai-ceramics.com\/ar\/wp-json\/wp\/v2\/media\/875"}],"wp:attachment":[{"href":"https:\/\/www.santai-ceramics.com\/ar\/wp-json\/wp\/v2\/media?parent=866"}],"wp:term":[{"taxonomy":"product_brand","embeddable":true,"href":"https:\/\/www.santai-ceramics.com\/ar\/wp-json\/wp\/v2\/product_brand?post=866"},{"taxonomy":"product_cat","embeddable":true,"href":"https:\/\/www.santai-ceramics.com\/ar\/wp-json\/wp\/v2\/product_cat?post=866"},{"taxonomy":"product_tag","embeddable":true,"href":"https:\/\/www.santai-ceramics.com\/ar\/wp-json\/wp\/v2\/product_tag?post=866"}],"curies":[{"name":"wp","href":"https:\/\/api.w.org\/{rel}","templated":true}]}}