{"id":952,"date":"2024-10-19T03:47:04","date_gmt":"2024-10-19T03:47:04","guid":{"rendered":"https:\/\/www.santai-ceramics.com\/?post_type=product&#038;p=952"},"modified":"2025-06-30T23:48:17","modified_gmt":"2025-06-30T23:48:17","slug":"wholesale-lizard-figurines","status":"publish","type":"product","link":"https:\/\/www.santai-ceramics.com\/ar\/product\/wholesale-lizard-figurines\/","title":{"rendered":"\u062a\u0645\u0627\u062b\u064a\u0644 \u0633\u062d\u0644\u064a\u0629 \u0644\u0644\u0628\u064a\u0639 \u0628\u0627\u0644\u062c\u0645\u0644\u0629 \u0644\u0644\u062f\u064a\u0643\u0648\u0631 \u0627\u0644\u0645\u0646\u0632\u0644\u064a \uff0c \u062a\u0645\u062b\u0627\u0644 \u0633\u062d\u0644\u064a\u0629 \u0631\u0627\u0626\u0639 \u0644\u0644\u062f\u064a\u0643\u0648\u0631 \u0627\u0644\u0645\u0646\u0632\u0644\u064a"},"content":{"rendered":"<h3 class=\"wp-block-heading\">\u0645\u0639\u0644\u0645\u0627\u062a \u062a\u0645\u062b\u0627\u0644 \u0627\u0644\u0633\u062d\u0644\u064a\u0629<\/h3>\n\n\n\n<figure class=\"wp-block-table\"><table class=\"has-fixed-layout\"><tbody><tr><td>\u0627\u0644\u0637\u0631\u0627\u0632<\/td><td>\u0627\u0633\u0645 \u0627\u0644\u0645\u0646\u062a\u062c<\/td><td>\u0627\u0644\u0644\u0648\u0646<\/td><td>\u0627\u0644\u0645\u0648\u0627\u062f<\/td><td>\u0627\u0644\u0627\u0633\u062a\u062e\u062f\u0627\u0645\u0627\u062a<\/td><td>\u0627\u0644\u0623\u0628\u0639\u0627\u062f<\/td><td>\u0627\u0644\u0648\u0632\u0646<\/td><\/tr><tr><td>E37212-G091-A01<\/td><td>\u062a\u0645\u062b\u0627\u0644 \u0627\u0644\u0633\u062d\u0644\u064a\u0629 \u0627\u0644\u0631\u0627\u062a\u0646\u062c<\/td><td>\u0627\u0644\u0641\u0636\u0629<\/td><td>\u0631\u0627\u062a\u0646\u062c<\/td><td>\u062f\u064a\u0643\u0648\u0631 \u0627\u0644\u0645\u0646\u0632\u0644,\u063a\u0631\u0641\u0629 \u0627\u0644\u0645\u0639\u064a\u0634\u0629<\/td><td>31.5 \u00d7 17 \u00d7 8 \u0633\u0645<\/td><td>0.7 \u0643\u062c\u0645\/\u0643\u063a\/\u062c\u0647\u0627\u0632 \u0643\u0645\u0628\u064a\u0648\u062a\u0631<\/td><\/tr><tr><td>E37212-G091-A02<\/td><td>\u062a\u0645\u062b\u0627\u0644 \u0627\u0644\u0633\u062d\u0644\u064a\u0629 \u0627\u0644\u0631\u0627\u062a\u0646\u062c<\/td><td>\u0627\u0644\u0641\u0636\u0629<\/td><td>\u0631\u0627\u062a\u0646\u062c<\/td><td>\u062f\u064a\u0643\u0648\u0631 \u0627\u0644\u0645\u0646\u0632\u0644,\u063a\u0631\u0641\u0629 \u0627\u0644\u0645\u0639\u064a\u0634\u0629<\/td><td>24.5 \u00d7 24.5 \u00d7 15 \u00d7 7 \u0633\u0645<\/td><td>0.4 \u0643\u062c\u0645\/\u0643\u063a\/\u0643\u063a<\/td><\/tr><\/tbody><\/table><\/figure>\n\n\n\n<h3 class=\"wp-block-heading\">\u062e\u062f\u0645\u0629 \u062f\u064a\u0643\u0648\u0631 \u0627\u0644\u0633\u064a\u0631\u0627\u0645\u064a\u0643 \u0627\u0644\u0645\u062e\u0635\u0635<\/h3>\n\n\n\n<p>\u0646\u062d\u0646 \u0646\u0642\u062f\u0645 \u062e\u062f\u0645\u0627\u062a \u062a\u0635\u0646\u064a\u0639 \u0627\u0644\u0645\u0639\u062f\u0627\u062a \u0627\u0644\u0623\u0635\u0644\u064a\u0629 \u0648\u062a\u0635\u0646\u064a\u0639 \u0627\u0644\u062a\u0635\u0645\u064a\u0645 \u0627\u0644\u0623\u0635\u0644\u064a \u0644\u0645\u0646\u062a\u062c\u0627\u062a\u0646\u0627.<br>\u064a\u062a\u0648\u0641\u0631 \u062a\u0648\u0635\u064a\u0644 \u0633\u0631\u064a\u0639 \u0644\u0644\u0639\u064a\u0646\u0627\u062a.<br>\u0646\u062d\u0646 \u0646\u0642\u062f\u0645 \u0645\u062c\u0645\u0648\u0639\u0629 \u0645\u062a\u0646\u0648\u0639\u0629 \u0645\u0646 \u0627\u0644\u0623\u0634\u0643\u0627\u0644 \u0648\u0627\u0644\u0623\u0644\u0648\u0627\u0646 \u0648\u0627\u0644\u0637\u0628\u0627\u0639\u0629 \u0627\u0644\u0645\u062e\u0635\u0635\u0629 \u0648\u0627\u0644\u062a\u063a\u0644\u064a\u0641 \u0648\u063a\u064a\u0631\u0647\u0627 \u0645\u0646 \u0627\u0644\u062e\u062f\u0645\u0627\u062a \u0627\u0644\u0645\u0635\u0645\u0645\u0629 \u062e\u0635\u064a\u0635\u0627\u064b \u0644\u062a\u0644\u0628\u064a\u0629 \u0627\u062d\u062a\u064a\u0627\u062c\u0627\u062a\u0643 \u0627\u0644\u062e\u0627\u0635\u0629.<br><a style=\"\" href=\"https:\/\/www.santai-ceramics.com\/ar\/custom\/\" data-type=\"page\" data-id=\"13\" target=\"_blank\" rel=\"noreferrer noopener\"><strong><b>\u0627\u0639\u0631\u0641 \u0627\u0644\u0645\u0632\u064a\u062f \u0639\u0646 \u0627\u0644\u062a\u062e\u0635\u064a\u0635<\/b> ceramic decor details.<\/strong><\/a><\/p>\n\n\n\n<div class=\"wp-block-columns is-layout-flex wp-container-core-columns-is-layout-9d6595d7 wp-block-columns-is-layout-flex\">\n<div class=\"wp-block-column is-layout-flow wp-block-column-is-layout-flow\">\n<figure class=\"wp-block-image size-full\"><img decoding=\"async\" width=\"2000\" height=\"1666\" src=\"https:\/\/www.santai-ceramics.com\/wp-content\/uploads\/2024\/10\/Wholesale-Lizard-Figurines-Decorations-4.jpg\" alt=\"\u0632\u064a\u0646\u0629 \u0645\u062c\u0633\u0645\u0627\u062a \u0627\u0644\u0633\u062d\u0644\u064a\u0629 \u0628\u0627\u0644\u062c\u0645\u0644\u0629 (4)\" class=\"wp-image-956\" srcset=\"https:\/\/www.santai-ceramics.com\/wp-content\/uploads\/2024\/10\/Wholesale-Lizard-Figurines-Decorations-4.jpg 2000w, https:\/\/www.santai-ceramics.com\/wp-content\/uploads\/2024\/10\/Wholesale-Lizard-Figurines-Decorations-4-300x250.jpg 300w, https:\/\/www.santai-ceramics.com\/wp-content\/uploads\/2024\/10\/Wholesale-Lizard-Figurines-Decorations-4-768x640.jpg 768w, https:\/\/www.santai-ceramics.com\/wp-content\/uploads\/2024\/10\/Wholesale-Lizard-Figurines-Decorations-4-1200x1000.jpg 1200w, https:\/\/www.santai-ceramics.com\/wp-content\/uploads\/2024\/10\/Wholesale-Lizard-Figurines-Decorations-4-600x500.jpg 600w\" sizes=\"(max-width: 2000px) 100vw, 2000px\" \/><\/figure>\n<\/div>\n\n\n\n<div class=\"wp-block-column is-layout-flow wp-block-column-is-layout-flow\">\n<figure class=\"wp-block-image size-full\"><img decoding=\"async\" width=\"2000\" height=\"1666\" src=\"https:\/\/www.santai-ceramics.com\/wp-content\/uploads\/2024\/10\/Wholesale-Lizard-Figurines-Decorations-5.jpg\" alt=\"\u0632\u064a\u0646\u0629 \u0645\u062c\u0633\u0645\u0627\u062a \u0627\u0644\u0633\u062d\u0644\u064a\u0629 \u0628\u0627\u0644\u062c\u0645\u0644\u0629 (5)\" class=\"wp-image-957\" srcset=\"https:\/\/www.santai-ceramics.com\/wp-content\/uploads\/2024\/10\/Wholesale-Lizard-Figurines-Decorations-5.jpg 2000w, https:\/\/www.santai-ceramics.com\/wp-content\/uploads\/2024\/10\/Wholesale-Lizard-Figurines-Decorations-5-300x250.jpg 300w, https:\/\/www.santai-ceramics.com\/wp-content\/uploads\/2024\/10\/Wholesale-Lizard-Figurines-Decorations-5-768x640.jpg 768w, https:\/\/www.santai-ceramics.com\/wp-content\/uploads\/2024\/10\/Wholesale-Lizard-Figurines-Decorations-5-1200x1000.jpg 1200w, https:\/\/www.santai-ceramics.com\/wp-content\/uploads\/2024\/10\/Wholesale-Lizard-Figurines-Decorations-5-600x500.jpg 600w\" sizes=\"(max-width: 2000px) 100vw, 2000px\" \/><\/figure>\n<\/div>\n<\/div>","protected":false},"excerpt":{"rendered":"<p data-pm-slice=\"0 0 []\">Wholesale lizard figurines, designed for home decoration. These lizard figurines are popular for their unique shapes and meticulous craftsmanship, perfectly showing the vivid details of the lizards, made of high-quality resin, with good durability and beauty, and are very suitable for retailers and wholesalers&#8217; purchasing needs. Welcome to contact us for a quote.<\/p>\n<h2>\u0645\u0645\u064a\u0632\u0627\u062a \u062a\u0645\u062b\u0627\u0644 \u0627\u0644\u0633\u062d\u0644\u064a\u0629<\/h2>\n<p><strong>\u0645\u0644\u0645\u0633 \u0645\u0639\u062f\u0646\u064a \u0648\u0627\u0642\u0639\u064a:<\/strong> \u0635\u064f\u0646\u0639 \u062a\u0645\u062b\u0627\u0644 \u0627\u0644\u0633\u062d\u0644\u064a\u0629 \u0647\u0630\u0627 \u0645\u0646 \u0645\u0627\u062f\u0629 \u0627\u0644\u0631\u0627\u062a\u0646\u062c\u060c \u0648\u0647\u064a \u0623\u062e\u0641 \u0648\u0632\u0646\u0627\u064b \u0648\u0645\u0639\u0627\u0644\u062c\u0629 \u062e\u0635\u064a\u0635\u0627\u064b \u0644\u062a\u0642\u062f\u0645 \u0628\u0631\u064a\u0642\u0627\u064b \u0648\u0645\u0644\u0645\u0633\u0627\u064b \u0645\u0639\u062f\u0646\u064a\u0627\u064b \u0648\u0627\u0642\u0639\u064a\u0627\u064b \u0644\u0644\u063a\u0627\u064a\u0629\u060c \u0645\u0645\u0627 \u064a\u0636\u064a\u0641 \u062a\u0623\u062b\u064a\u0631\u0627\u064b \u0628\u0635\u0631\u064a\u0627\u064b \u0648\u0644\u0645\u0633\u0629 \u0641\u0631\u064a\u062f\u0629 \u0645\u0646 \u0646\u0648\u0639\u0647\u0627.<\/p>\n<p><strong>\u062a\u0641\u0627\u0635\u064a\u0644 \u062d\u0631\u0641\u064a\u0629 \u062f\u0642\u064a\u0642\u0629:<\/strong> \u0643\u0644 \u062a\u0641\u0627\u0635\u064a\u0644 \u062a\u0645\u062b\u0627\u0644 \u0627\u0644\u0633\u062d\u0644\u064a\u0629 \u0647\u0630\u0627 \u0645\u0646\u062d\u0648\u062a\u0629 \u0648\u0645\u0639\u0627\u0644\u062c\u0629 \u0628\u0639\u0646\u0627\u064a\u0629\u060c \u0645\u0645\u0627 \u064a\u062f\u0644 \u0639\u0644\u0649 \u0645\u0633\u062a\u0648\u0649 \u0639\u0627\u0644\u064d \u062c\u062f\u064b\u0627 \u0645\u0646 \u0627\u0644\u062d\u0631\u0641\u064a\u0629. \u0645\u0646 \u0627\u0644\u062d\u0631\u0627\u0634\u0641 \u0625\u0644\u0649 \u0627\u0644\u0639\u064a\u0648\u0646\u060c \u0643\u0644 \u062c\u0632\u0621 \u0646\u0627\u0628\u0636 \u0628\u0627\u0644\u062d\u064a\u0627\u0629.<\/p>\n<p><strong>\u0645\u062a\u0627\u0646\u0629 \u0642\u0648\u064a\u0629:<\/strong> \u062a\u062a\u0645\u062a\u0639 \u0645\u0627\u062f\u0629 \u0627\u0644\u0631\u0627\u062a\u0646\u062c \u0628\u0645\u062a\u0627\u0646\u0629 \u062c\u064a\u062f\u0629 \u0648\u0645\u0642\u0627\u0648\u0645\u0629 \u062c\u064a\u062f\u0629 \u0644\u0644\u062a\u0622\u0643\u0644\u060c \u0645\u0645\u0627 \u064a\u0633\u0645\u062d \u0644\u0647\u0630\u0627 \u0627\u0644\u062a\u0645\u062b\u0627\u0644 \u0627\u0644\u0645\u0635\u0646\u0648\u0639 \u0645\u0646 \u0627\u0644\u0631\u0627\u062a\u0646\u062c \u0628\u0627\u0644\u062d\u0641\u0627\u0638 \u0639\u0644\u0649 \u0628\u0631\u064a\u0642\u0647 \u0648\u0634\u0643\u0644\u0647 \u0627\u0644\u0623\u0635\u0644\u064a \u0644\u0641\u062a\u0631\u0629 \u0637\u0648\u064a\u0644\u0629. \u062d\u062a\u0649 \u0644\u0648 \u062a\u0645 \u0635\u062f\u0645\u0647 \u0623\u0648 \u0641\u0631\u0643\u0647 \u0639\u0646 \u0637\u0631\u064a\u0642 \u0627\u0644\u062e\u0637\u0623 \u0623\u062b\u0646\u0627\u0621 \u0627\u0644\u0627\u0633\u062a\u062e\u062f\u0627\u0645 \u0627\u0644\u064a\u0648\u0645\u064a\u060c \u0641\u0644\u0646 \u064a\u062a\u0631\u0643 \u0639\u0644\u0627\u0645\u0627\u062a \u0623\u0648 \u062a\u0644\u0641 \u0628\u0633\u0647\u0648\u0644\u0629.<\/p>\n<p><strong>\u062e\u062f\u0645\u0629 \u0645\u062e\u0635\u0651\u0635\u0629 \u062d\u0633\u0628 \u0627\u0644\u0637\u0644\u0628:<\/strong> \u062a\u0648\u0641\u0631 \u0644\u0643 SANTAI\u060c \u0628\u0635\u0641\u062a\u0647\u0627 \u0634\u0631\u0643\u0629 \u0645\u062d\u062a\u0631\u0641\u0629 \u0641\u064a \u0645\u062c\u0627\u0644 \u0627\u0644\u062f\u064a\u0643\u0648\u0631 \u0627\u0644\u0645\u0646\u0632\u0644\u064a\u060c \u062d\u0644\u0627\u064b \u0634\u0627\u0645\u0644\u0627\u064b \u0644\u0644\u062a\u0645\u0627\u062b\u064a\u0644 \u0627\u0644\u0645\u062e\u0635\u0635\u0629 \u0627\u0644\u062a\u064a \u062a\u063a\u0637\u064a \u0627\u062e\u062a\u064a\u0627\u0631 \u0627\u0644\u0645\u0648\u0627\u062f \u0648\u062a\u0635\u0645\u064a\u0645 \u0627\u0644\u062a\u0635\u0645\u064a\u0645 \u0648\u0627\u0644\u0639\u064a\u0646\u0627\u062a \u0627\u0644\u0633\u0631\u064a\u0639\u0629 \u0648\u0627\u0644\u0625\u0646\u062a\u0627\u062c \u0628\u0643\u0645\u064a\u0627\u062a \u0643\u0628\u064a\u0631\u0629. \u0627\u062a\u0635\u0644 \u0628\u0646\u0627 \u0644\u0628\u062f\u0621 \u0627\u0644\u062a\u062e\u0635\u064a\u0635 \u0648\u062a\u062d\u0642\u064a\u0642 \u0625\u0628\u062f\u0627\u0639\u0643.<\/p>","protected":false},"featured_media":953,"comment_status":"closed","ping_status":"closed","template":"","meta":{"_acf_changed":false},"product_brand":[],"product_cat":[18,25,48],"product_tag":[32],"class_list":{"0":"post-952","1":"product","2":"type-product","3":"status-publish","4":"has-post-thumbnail","6":"product_cat-home-decor","7":"product_cat-animal-ornaments","8":"product_cat-wholesale-resin-animal-figurines","9":"product_tag-resin-animal-figurines","11":"first","12":"instock","13":"shipping-taxable","14":"product-type-simple"},"acf":[],"_links":{"self":[{"href":"https:\/\/www.santai-ceramics.com\/ar\/wp-json\/wp\/v2\/product\/952","targetHints":{"allow":["GET"]}}],"collection":[{"href":"https:\/\/www.santai-ceramics.com\/ar\/wp-json\/wp\/v2\/product"}],"about":[{"href":"https:\/\/www.santai-ceramics.com\/ar\/wp-json\/wp\/v2\/types\/product"}],"replies":[{"embeddable":true,"href":"https:\/\/www.santai-ceramics.com\/ar\/wp-json\/wp\/v2\/comments?post=952"}],"wp:featuredmedia":[{"embeddable":true,"href":"https:\/\/www.santai-ceramics.com\/ar\/wp-json\/wp\/v2\/media\/953"}],"wp:attachment":[{"href":"https:\/\/www.santai-ceramics.com\/ar\/wp-json\/wp\/v2\/media?parent=952"}],"wp:term":[{"taxonomy":"product_brand","embeddable":true,"href":"https:\/\/www.santai-ceramics.com\/ar\/wp-json\/wp\/v2\/product_brand?post=952"},{"taxonomy":"product_cat","embeddable":true,"href":"https:\/\/www.santai-ceramics.com\/ar\/wp-json\/wp\/v2\/product_cat?post=952"},{"taxonomy":"product_tag","embeddable":true,"href":"https:\/\/www.santai-ceramics.com\/ar\/wp-json\/wp\/v2\/product_tag?post=952"}],"curies":[{"name":"wp","href":"https:\/\/api.w.org\/{rel}","templated":true}]}}