{"id":1007,"date":"2024-10-20T13:01:39","date_gmt":"2024-10-20T13:01:39","guid":{"rendered":"https:\/\/www.santai-ceramics.com\/?post_type=product&#038;p=1007"},"modified":"2025-06-05T10:14:35","modified_gmt":"2025-06-05T10:14:35","slug":"wholesale-customizable-vintage-plant-pot","status":"publish","type":"product","link":"https:\/\/www.santai-ceramics.com\/de\/product\/wholesale-customizable-vintage-plant-pot\/","title":{"rendered":"Gro\u00dfhandel Vintage anpassbare Pflanze T\u00f6pfe - SANTAI T\u00f6pferei Home Decor Hersteller"},"content":{"rendered":"<h3 class=\"wp-block-heading\">Parameter von Vintage Customizable Plant Pot<\/h3>\n\n\n\n<figure class=\"wp-block-table\"><table class=\"has-fixed-layout\"><tbody><tr><td>Modell<\/td><td>Produktname<\/td><td>Farbe<\/td><td>Material<\/td><td>Verwendet<\/td><td>Abmessungen<\/td><td>Gewicht<\/td><\/tr><tr><td>J37578-H910-A01<\/td><td>Faserzement Vintage Pflanzentopf&nbsp;<\/td><td>Antike Dunkelheit<\/td><td>Faserzement<\/td><td>Wohnkultur, Wohnzimmer, Garten<\/td><td>T:33X45cm<\/td><td>7.2kg\/PC<\/td><\/tr><tr><td>J37578-H910-A02<\/td><td>Faserzementwerk Topf<\/td><td>Antike Dunkelheit<\/td><td>Faserzement<\/td><td>Wohnkultur, Wohnzimmer, Garten<\/td><td>T:28X38.5cm<\/td><td>5kg\/PC<\/td><\/tr><\/tbody><\/table><\/figure>\n\n\n\n<h3 class=\"wp-block-heading\">Individueller Vintage-Pflanztopf-Service<\/h3>\n\n\n\n<p>Wir bieten OEM- und ODM-Dienstleistungen f\u00fcr unsere Produkte an.<br>Eine schnelle Lieferung von Mustern ist m\u00f6glich.<br>Wir bieten eine Vielzahl von Formen, Farben, individuellem Druck, Verpackungen und anderen ma\u00dfgeschneiderten Dienstleistungen f\u00fcr <strong>Pflanzgef\u00e4\u00dfe nach Ma\u00df<\/strong> um Ihre spezifischen Bed\u00fcrfnisse zu erf\u00fcllen.<br><a style=\"\" href=\"https:\/\/www.santai-ceramics.com\/de\/custom\/\" data-type=\"page\" data-id=\"13\" target=\"_blank\" rel=\"noreferrer noopener\"><strong><b>Erfahren Sie mehr \u00fcber Custom<\/b> Blumentopf Detail.<\/strong><\/a><\/p>\n\n\n\n<div class=\"wp-block-columns is-layout-flex wp-container-core-columns-is-layout-9d6595d7 wp-block-columns-is-layout-flex\">\n<div class=\"wp-block-column is-layout-flow wp-block-column-is-layout-flow\">\n<figure class=\"wp-block-image size-full\"><img decoding=\"async\" width=\"1500\" height=\"1249\" src=\"https:\/\/www.santai-ceramics.com\/wp-content\/uploads\/2024\/10\/customizable-vintage-plant-pot-2.webp\" alt=\"anpassbarer Vintage-Pflanzentopf (2)\" class=\"wp-image-1009\" srcset=\"https:\/\/www.santai-ceramics.com\/wp-content\/uploads\/2024\/10\/customizable-vintage-plant-pot-2.webp 1500w, https:\/\/www.santai-ceramics.com\/wp-content\/uploads\/2024\/10\/customizable-vintage-plant-pot-2-300x250.webp 300w, https:\/\/www.santai-ceramics.com\/wp-content\/uploads\/2024\/10\/customizable-vintage-plant-pot-2-768x639.webp 768w, https:\/\/www.santai-ceramics.com\/wp-content\/uploads\/2024\/10\/customizable-vintage-plant-pot-2-1200x999.webp 1200w, https:\/\/www.santai-ceramics.com\/wp-content\/uploads\/2024\/10\/customizable-vintage-plant-pot-2-600x500.webp 600w\" sizes=\"(max-width: 1500px) 100vw, 1500px\" \/><\/figure>\n<\/div>\n\n\n\n<div class=\"wp-block-column is-layout-flow wp-block-column-is-layout-flow\">\n<figure class=\"wp-block-image size-full\"><img decoding=\"async\" width=\"1500\" height=\"1249\" src=\"https:\/\/www.santai-ceramics.com\/wp-content\/uploads\/2024\/10\/customizable-vintage-plant-pot-4.webp\" alt=\"anpassbarer Vintage-Pflanzentopf (4)\" class=\"wp-image-1011\" srcset=\"https:\/\/www.santai-ceramics.com\/wp-content\/uploads\/2024\/10\/customizable-vintage-plant-pot-4.webp 1500w, https:\/\/www.santai-ceramics.com\/wp-content\/uploads\/2024\/10\/customizable-vintage-plant-pot-4-300x250.webp 300w, https:\/\/www.santai-ceramics.com\/wp-content\/uploads\/2024\/10\/customizable-vintage-plant-pot-4-768x639.webp 768w, https:\/\/www.santai-ceramics.com\/wp-content\/uploads\/2024\/10\/customizable-vintage-plant-pot-4-1200x999.webp 1200w, https:\/\/www.santai-ceramics.com\/wp-content\/uploads\/2024\/10\/customizable-vintage-plant-pot-4-600x500.webp 600w\" sizes=\"(max-width: 1500px) 100vw, 1500px\" \/><\/figure>\n<\/div>\n<\/div>","protected":false},"excerpt":{"rendered":"<p data-pm-slice=\"0 0 []\">Wir bieten Gro\u00dfhandel Vintage anpassbare Pflanzgef\u00e4\u00dfe in einer Vielzahl von Gr\u00f6\u00dfen, Farben und Materialien. Dieser Jahrgang Blumentopf ist aus Naturstein Textur durch exquisite Handwerkskunst gemacht. SANTAI T\u00f6pferei bieten Kunden mit benutzerdefinierten Pflanzent\u00f6pfe solution.wholesalers, Einzelh\u00e4ndler und Gartendekoration Unternehmen sind willkommen, uns zu kontaktieren.<\/p>\n<h2>Eigenschaften von Vintage Customizable Plant Pot<\/h2>\n<p><strong>Einzigartiges Design:<\/strong> Dieser Vintage-Pflanztopf besteht aus Faserzement, der durch eine spezielle Verarbeitung eine komplexe geometrische Struktur und eine nat\u00fcrliche Steinstruktur auf der Oberfl\u00e4che des Pflanztopfes bilden kann, was eine k\u00fcnstlerische Atmosph\u00e4re f\u00fcr Innen- und Au\u00dfenbereiche schafft.<\/p>\n<p><strong>Vielseitigkeit:<\/strong> Er ist gut durchdacht und eignet sich nicht nur f\u00fcr die Bepflanzung, sondern auch f\u00fcr die Dekoration, wodurch die Sch\u00f6nheit des gesamten Raums unterstrichen wird.<\/p>\n<p><strong>Schont die Umwelt:<\/strong>Von der Herstellung bis zur Produktion wurden umweltfreundliche Verfahren und Materialien verwendet. Dadurch wird sichergestellt, dass keine sch\u00e4dlichen Stoffe mit dem Pflanzgef\u00e4\u00df vermischt wurden und f\u00fcr den langfristigen Gebrauch sicher und gesund sind.<\/p>\n<p><strong>Passt zu vielen Szenarien:<\/strong> Dieser individuell gestaltbare Pflanztopf ist sehr langlebig und passt sich gut an verschiedene Witterungsbedingungen im Freien an, so dass er in verschiedenen Umgebungen verwendet werden kann, z. B. in Innenr\u00e4umen wie Wohnzimmern oder B\u00fcros oder im Freien wie G\u00e4rten oder Balkonen.<\/p>\n<p><strong>Kundenspezifische OEM- und ODM-Dienstleistungen:<\/strong> Wir verf\u00fcgen \u00fcber eine breite Palette von Materialien und Verfahren, darunter Ton, Gusszement, Faserzement, Keramik mit Glasur usw., um unseren Kunden bei der Herstellung exklusiver Pflanzgef\u00e4\u00dfe zu helfen, die f\u00fcr Gro\u00df- und Einzelh\u00e4ndler geeignet sind.<\/p>","protected":false},"featured_media":1008,"comment_status":"closed","ping_status":"closed","template":"","meta":{"_acf_changed":false},"product_brand":[],"product_cat":[23,41,21,18],"product_tag":[],"class_list":{"0":"post-1007","1":"product","2":"type-product","3":"status-publish","4":"has-post-thumbnail","6":"product_cat-ceramic-pots-planters","7":"product_cat-wholesale-fiber-cement-plant-pots","8":"product_cat-garden-decor","9":"product_cat-home-decor","11":"first","12":"instock","13":"shipping-taxable","14":"product-type-simple"},"acf":[],"_links":{"self":[{"href":"https:\/\/www.santai-ceramics.com\/de\/wp-json\/wp\/v2\/product\/1007","targetHints":{"allow":["GET"]}}],"collection":[{"href":"https:\/\/www.santai-ceramics.com\/de\/wp-json\/wp\/v2\/product"}],"about":[{"href":"https:\/\/www.santai-ceramics.com\/de\/wp-json\/wp\/v2\/types\/product"}],"replies":[{"embeddable":true,"href":"https:\/\/www.santai-ceramics.com\/de\/wp-json\/wp\/v2\/comments?post=1007"}],"wp:featuredmedia":[{"embeddable":true,"href":"https:\/\/www.santai-ceramics.com\/de\/wp-json\/wp\/v2\/media\/1008"}],"wp:attachment":[{"href":"https:\/\/www.santai-ceramics.com\/de\/wp-json\/wp\/v2\/media?parent=1007"}],"wp:term":[{"taxonomy":"product_brand","embeddable":true,"href":"https:\/\/www.santai-ceramics.com\/de\/wp-json\/wp\/v2\/product_brand?post=1007"},{"taxonomy":"product_cat","embeddable":true,"href":"https:\/\/www.santai-ceramics.com\/de\/wp-json\/wp\/v2\/product_cat?post=1007"},{"taxonomy":"product_tag","embeddable":true,"href":"https:\/\/www.santai-ceramics.com\/de\/wp-json\/wp\/v2\/product_tag?post=1007"}],"curies":[{"name":"wp","href":"https:\/\/api.w.org\/{rel}","templated":true}]}}