{"id":1491,"date":"2024-12-02T14:35:04","date_gmt":"2024-12-02T14:35:04","guid":{"rendered":"https:\/\/www.santai-ceramics.com\/?post_type=product&#038;p=1491"},"modified":"2025-02-02T14:41:27","modified_gmt":"2025-02-02T14:41:27","slug":"elegant-brown-ceramic-vases-wholesale","status":"publish","type":"product","link":"https:\/\/www.santai-ceramics.com\/de\/product\/elegant-brown-ceramic-vases-wholesale\/","title":{"rendered":"Elegante braune keramische Vasen Gro\u00dfhandel, Bulk sch\u00f6ne keramische glasierte Vase zu verkaufen"},"content":{"rendered":"<h3 class=\"wp-block-heading\">Parameter der eleganten braunen Keramikvase<\/h3>\n\n\n\n<figure class=\"wp-block-table\"><table class=\"has-fixed-layout\"><tbody><tr><td>Modell<\/td><td>Produktname<\/td><td>Farbe<\/td><td>Material<\/td><td>Verwendet<\/td><td>Abmessungen<\/td><td>Gewicht<\/td><\/tr><tr><td>A31846-LC17-A03<\/td><td>Elegantes Braun<\/td><td>Keramik<\/td><td>Heimdekoration, Wohnzimmer<\/td><td>Wohndekoration, Wohnaccessoires<\/td><td>T:19X25.5<\/td><td>1,8 kg\/St\u00fcck<\/td><\/tr><tr><td>A31846-LC17-A02<\/td><td>Elegantes Braun<\/td><td>Keramik<\/td><td>Heimdekoration, Wohnzimmer<\/td><td>Wohndekoration, Wohnaccessoires<\/td><td>T:22,5X30,5<\/td><td>2,5 kg\/St\u00fcck<\/td><\/tr><\/tbody><\/table><\/figure>\n\n\n\n<h3 class=\"wp-block-heading\">Vasen-Service nach Ma\u00df<\/h3>\n\n\n\n<p>Wir bieten OEM- und ODM-Dienstleistungen f\u00fcr unsere Produkte an.<br>Eine schnelle Lieferung von Mustern ist m\u00f6glich.<br>Wir bieten eine Vielzahl von Formen, Farben, individuellem Druck, Verpackungen und anderen ma\u00dfgeschneiderten Dienstleistungen an, um Ihre speziellen Anforderungen zu erf\u00fcllen.<br><a style=\"\" href=\"https:\/\/www.santai-ceramics.com\/de\/custom\/\" data-type=\"page\" data-id=\"13\" target=\"_blank\" rel=\"noreferrer noopener\"><strong><b>Erfahren Sie mehr \u00fcber Custom <\/b>Vase Detail.<\/strong><\/a><\/p>\n\n\n\n<div class=\"wp-block-columns is-layout-flex wp-container-core-columns-is-layout-9d6595d7 wp-block-columns-is-layout-flex\">\n<div class=\"wp-block-column is-layout-flow wp-block-column-is-layout-flow\">\n<figure class=\"wp-block-image size-full\"><img decoding=\"async\" width=\"1500\" height=\"1250\" src=\"https:\/\/www.santai-ceramics.com\/wp-content\/uploads\/2024\/12\/Elegant-Brown-Ceramic-Vase-Detail-2.jpg\" alt=\"Elegant Braun Keramik Vase Detail (2)\" class=\"wp-image-1493\" srcset=\"https:\/\/www.santai-ceramics.com\/wp-content\/uploads\/2024\/12\/Elegant-Brown-Ceramic-Vase-Detail-2.jpg 1500w, https:\/\/www.santai-ceramics.com\/wp-content\/uploads\/2024\/12\/Elegant-Brown-Ceramic-Vase-Detail-2-300x250.jpg 300w, https:\/\/www.santai-ceramics.com\/wp-content\/uploads\/2024\/12\/Elegant-Brown-Ceramic-Vase-Detail-2-768x640.jpg 768w, https:\/\/www.santai-ceramics.com\/wp-content\/uploads\/2024\/12\/Elegant-Brown-Ceramic-Vase-Detail-2-14x12.jpg 14w, https:\/\/www.santai-ceramics.com\/wp-content\/uploads\/2024\/12\/Elegant-Brown-Ceramic-Vase-Detail-2-1200x1000.jpg 1200w, https:\/\/www.santai-ceramics.com\/wp-content\/uploads\/2024\/12\/Elegant-Brown-Ceramic-Vase-Detail-2-600x500.jpg 600w\" sizes=\"(max-width: 1500px) 100vw, 1500px\" \/><\/figure>\n<\/div>\n\n\n\n<div class=\"wp-block-column is-layout-flow wp-block-column-is-layout-flow\">\n<figure class=\"wp-block-image size-full\"><img decoding=\"async\" width=\"1500\" height=\"1250\" src=\"https:\/\/www.santai-ceramics.com\/wp-content\/uploads\/2024\/12\/Elegant-Brown-Ceramic-Vase-Detail-3.jpg\" alt=\"Elegante braune Keramikvase Detail (3)\" class=\"wp-image-1494\" srcset=\"https:\/\/www.santai-ceramics.com\/wp-content\/uploads\/2024\/12\/Elegant-Brown-Ceramic-Vase-Detail-3.jpg 1500w, https:\/\/www.santai-ceramics.com\/wp-content\/uploads\/2024\/12\/Elegant-Brown-Ceramic-Vase-Detail-3-300x250.jpg 300w, https:\/\/www.santai-ceramics.com\/wp-content\/uploads\/2024\/12\/Elegant-Brown-Ceramic-Vase-Detail-3-768x640.jpg 768w, https:\/\/www.santai-ceramics.com\/wp-content\/uploads\/2024\/12\/Elegant-Brown-Ceramic-Vase-Detail-3-14x12.jpg 14w, https:\/\/www.santai-ceramics.com\/wp-content\/uploads\/2024\/12\/Elegant-Brown-Ceramic-Vase-Detail-3-1200x1000.jpg 1200w, https:\/\/www.santai-ceramics.com\/wp-content\/uploads\/2024\/12\/Elegant-Brown-Ceramic-Vase-Detail-3-600x500.jpg 600w\" sizes=\"(max-width: 1500px) 100vw, 1500px\" \/><\/figure>\n<\/div>\n<\/div>","protected":false},"excerpt":{"rendered":"<p data-pm-slice=\"0 0 []\">Gro\u00dfhandel elegante braune Keramikvasen, diese Vase hat einen einzigartigen Glanz und geschichtete Textur, geeignet f\u00fcr Blumenarrangement und als Dekoration, ist es eine ideale Wahl f\u00fcr M\u00f6bel Dekoration und kommerziellen Raum Layout. Als Keramikvase Hersteller, bieten wir OEM &amp; ODM benutzerdefinierte Vase Dienstleistungen, willkommen, uns f\u00fcr Vorzugspreise zu kontaktieren.<\/p>\n<h2>Eigenschaften von Elegant Brown Ceramic Vase<\/h2>\n<p><strong>Elegantes Aussehen<\/strong>: Diese elegante braune Keramikvase zeichnet sich durch exquisite Handwerkskunst aus, die eine perfekte Kombination aus traditionellem Handwerk und modernem Design darstellt. Sie eignet sich als keramische Heimdekoration im Wohnzimmer, Arbeitszimmer und an anderen Orten.<\/p>\n<p><strong>Geeignet f\u00fcr verschiedene Arten von Blumenarrangements:<\/strong> Das Design dieser Keramikvase ist vielseitig und kann perfekt mit frischen Blumen, Trockenblumen und Gr\u00fcnpflanzen kombiniert werden, um verschiedene Wohnatmosph\u00e4ren zu schaffen.<\/p>\n<p><strong>Starke Haltbarkeit:<\/strong> Dies ist eine glasierte Keramikvase. Die Glasur erh\u00f6ht die Sch\u00f6nheit und Verschlei\u00dffestigkeit der Vase, widersteht effektiv Kratzern und Besch\u00e4digungen und beh\u00e4lt ihren Glanz auch nach l\u00e4ngerer Aufstellung.<\/p>\n<p><strong>Umweltschutz und Gesundheit:<\/strong> Der Ton und die Glasur, die f\u00fcr die Herstellung der Vase verwendet werden, entsprechen den Umweltschutznormen, sind umweltfreundlich und stellen keine Gefahr f\u00fcr die menschliche Gesundheit dar. Sie ist f\u00fcr den t\u00e4glichen Gebrauch in der Familie geeignet.<\/p>\n<p><strong>Ma\u00dfgeschneiderte Vasenl\u00f6sung:<\/strong> Als Hersteller von Keramikvasen bieten wir OEM&amp;ODM-L\u00f6sungen f\u00fcr kundenspezifische Vasen aus einer Hand, einschlie\u00dflich kundenspezifischer Vasenmaterialien, Formen, Verpackungen und mehr.<\/p>","protected":false},"featured_media":1496,"comment_status":"closed","ping_status":"closed","template":"","meta":{"_acf_changed":false},"product_brand":[],"product_cat":[18,22],"product_tag":[34],"class_list":{"0":"post-1491","1":"product","2":"type-product","3":"status-publish","4":"has-post-thumbnail","6":"product_cat-home-decor","7":"product_cat-vase","8":"product_tag-ceramic-vase","10":"first","11":"instock","12":"shipping-taxable","13":"product-type-simple"},"acf":[],"_links":{"self":[{"href":"https:\/\/www.santai-ceramics.com\/de\/wp-json\/wp\/v2\/product\/1491","targetHints":{"allow":["GET"]}}],"collection":[{"href":"https:\/\/www.santai-ceramics.com\/de\/wp-json\/wp\/v2\/product"}],"about":[{"href":"https:\/\/www.santai-ceramics.com\/de\/wp-json\/wp\/v2\/types\/product"}],"replies":[{"embeddable":true,"href":"https:\/\/www.santai-ceramics.com\/de\/wp-json\/wp\/v2\/comments?post=1491"}],"wp:featuredmedia":[{"embeddable":true,"href":"https:\/\/www.santai-ceramics.com\/de\/wp-json\/wp\/v2\/media\/1496"}],"wp:attachment":[{"href":"https:\/\/www.santai-ceramics.com\/de\/wp-json\/wp\/v2\/media?parent=1491"}],"wp:term":[{"taxonomy":"product_brand","embeddable":true,"href":"https:\/\/www.santai-ceramics.com\/de\/wp-json\/wp\/v2\/product_brand?post=1491"},{"taxonomy":"product_cat","embeddable":true,"href":"https:\/\/www.santai-ceramics.com\/de\/wp-json\/wp\/v2\/product_cat?post=1491"},{"taxonomy":"product_tag","embeddable":true,"href":"https:\/\/www.santai-ceramics.com\/de\/wp-json\/wp\/v2\/product_tag?post=1491"}],"curies":[{"name":"wp","href":"https:\/\/api.w.org\/{rel}","templated":true}]}}