{"id":1498,"date":"2024-12-02T15:19:13","date_gmt":"2024-12-02T15:19:13","guid":{"rendered":"https:\/\/www.santai-ceramics.com\/?post_type=product&#038;p=1498"},"modified":"2025-02-02T14:41:19","modified_gmt":"2025-02-02T14:41:19","slug":"wholesale-ceramic-decorative-flat-vases","status":"publish","type":"product","link":"https:\/\/www.santai-ceramics.com\/de\/product\/wholesale-ceramic-decorative-flat-vases\/","title":{"rendered":"Gro\u00dfhandel keramische dekorative flache Vasen f\u00fcr Haus und B\u00fcro Dekor - SANTAi Keramik-Vase Hersteller"},"content":{"rendered":"<h3 class=\"wp-block-heading\">Parameter der keramischen dekorativen flachen Vase<\/h3>\n\n\n\n<figure class=\"wp-block-table\"><table class=\"has-fixed-layout\"><tbody><tr><td>Modell<\/td><td>Produktname<\/td><td>Farbe<\/td><td>Material<\/td><td>Verwendet<\/td><td>Abmessungen<\/td><td>Gewicht<\/td><\/tr><tr><td>A32066-LC17-A01<\/td><td>Keramische Blumenvase<\/td><td>Elegantes Braun<\/td><td>Keramik<\/td><td>Wohnkultur, Wohnzimmer<\/td><td>25X13.5X22.5<\/td><td>1,5 kg\/St\u00fcck<\/td><\/tr><\/tbody><\/table><\/figure>\n\n\n\n<h3 class=\"wp-block-heading\">Individuelles Vasen-Service aus Keramik<\/h3>\n\n\n\n<p>Wir bieten OEM- und ODM-Dienstleistungen f\u00fcr unsere Produkte an.<br>Eine schnelle Lieferung von Mustern ist m\u00f6glich.<br>Wir bieten eine Vielzahl von Formen, Farben, individuellem Druck, Verpackungen und anderen ma\u00dfgeschneiderten Dienstleistungen an, um Ihre speziellen Anforderungen zu erf\u00fcllen.<br><a style=\"\" href=\"https:\/\/www.santai-ceramics.com\/de\/custom\/\" data-type=\"page\" data-id=\"13\" target=\"_blank\" rel=\"noreferrer noopener\"><strong><b>Erfahren Sie mehr \u00fcber Custom<\/b> T\u00f6pferei Detail.<\/strong><\/a><\/p>\n\n\n\n<div class=\"wp-block-columns is-layout-flex wp-container-core-columns-is-layout-9d6595d7 wp-block-columns-is-layout-flex\">\n<div class=\"wp-block-column is-layout-flow wp-block-column-is-layout-flow\">\n<figure class=\"wp-block-image size-full\"><img decoding=\"async\" width=\"1500\" height=\"1249\" src=\"https:\/\/www.santai-ceramics.com\/wp-content\/uploads\/2024\/12\/Ceramic-Decorative-Flat-Vase-3.jpg\" alt=\"Keramische dekorative flache Vase (3)\" class=\"wp-image-1501\" srcset=\"https:\/\/www.santai-ceramics.com\/wp-content\/uploads\/2024\/12\/Ceramic-Decorative-Flat-Vase-3.jpg 1500w, https:\/\/www.santai-ceramics.com\/wp-content\/uploads\/2024\/12\/Ceramic-Decorative-Flat-Vase-3-300x250.jpg 300w, https:\/\/www.santai-ceramics.com\/wp-content\/uploads\/2024\/12\/Ceramic-Decorative-Flat-Vase-3-768x639.jpg 768w, https:\/\/www.santai-ceramics.com\/wp-content\/uploads\/2024\/12\/Ceramic-Decorative-Flat-Vase-3-14x12.jpg 14w, https:\/\/www.santai-ceramics.com\/wp-content\/uploads\/2024\/12\/Ceramic-Decorative-Flat-Vase-3-1200x999.jpg 1200w, https:\/\/www.santai-ceramics.com\/wp-content\/uploads\/2024\/12\/Ceramic-Decorative-Flat-Vase-3-600x500.jpg 600w\" sizes=\"(max-width: 1500px) 100vw, 1500px\" \/><\/figure>\n<\/div>\n\n\n\n<div class=\"wp-block-column is-layout-flow wp-block-column-is-layout-flow\">\n<figure class=\"wp-block-image size-full\"><img decoding=\"async\" width=\"1500\" height=\"1250\" src=\"https:\/\/www.santai-ceramics.com\/wp-content\/uploads\/2024\/12\/Ceramic-Decorative-Flat-Vase-4.jpg\" alt=\"Keramische dekorative flache Vase (4)\" class=\"wp-image-1502\" srcset=\"https:\/\/www.santai-ceramics.com\/wp-content\/uploads\/2024\/12\/Ceramic-Decorative-Flat-Vase-4.jpg 1500w, https:\/\/www.santai-ceramics.com\/wp-content\/uploads\/2024\/12\/Ceramic-Decorative-Flat-Vase-4-300x250.jpg 300w, https:\/\/www.santai-ceramics.com\/wp-content\/uploads\/2024\/12\/Ceramic-Decorative-Flat-Vase-4-768x640.jpg 768w, https:\/\/www.santai-ceramics.com\/wp-content\/uploads\/2024\/12\/Ceramic-Decorative-Flat-Vase-4-14x12.jpg 14w, https:\/\/www.santai-ceramics.com\/wp-content\/uploads\/2024\/12\/Ceramic-Decorative-Flat-Vase-4-1200x1000.jpg 1200w, https:\/\/www.santai-ceramics.com\/wp-content\/uploads\/2024\/12\/Ceramic-Decorative-Flat-Vase-4-600x500.jpg 600w\" sizes=\"(max-width: 1500px) 100vw, 1500px\" \/><\/figure>\n<\/div>\n<\/div>","protected":false},"excerpt":{"rendered":"<p data-pm-slice=\"0 0 []\">Gro\u00dfhandel Keramikvase, einzigartige flache Design, perfekte Kombination aus moderner Einfachheit und elegante Kunst. Diese Keramik flache Vase eignet sich f\u00fcr Blumenarrangement, und kann auch als eigenst\u00e4ndige Dekoration verwendet werden. Es ist eine ideale Wahl f\u00fcr Haus, B\u00fcro oder kommerzielle Dekoration. Wir bieten OEM &amp; ODM Keramik Vase Service, kontaktieren Sie uns f\u00fcr Fabrik Angebot.<\/p>\n<h2>Merkmale der dekorativen flachen Keramikvase<\/h2>\n<p><strong>Nat\u00fcrlicher Farbton:<\/strong> Diese flache Vase hat ein wundersch\u00f6nes braunes Aussehen, das dem Raum ein warmes Gef\u00fchl verleiht und mit Blumen in verschiedenen Farben kombiniert werden kann, um einen ausgezeichneten dekorativen Raum zu schaffen.<\/p>\n<p><strong>Exquisite Glasur:<\/strong> Diese flache Keramikvase hat eine glatte Glasur auf der Oberfl\u00e4che, die ihr einen gewissen Glanz verleiht. Sie ist sch\u00f6n und praktisch zugleich. Sie ist nicht nur sch\u00f6n, sondern auch schmutzabweisend.<\/p>\n<p><strong>Kultureller Wert:<\/strong> Das Design dieser Vase ist von traditionellen chinesischen Vasen inspiriert, die kulturellen Charme in die h\u00e4usliche Umgebung bringen k\u00f6nnen und sich f\u00fcr Benutzer eignen, um einen dekorativen Raum mit klassischer Sch\u00f6nheit zu schaffen.<\/p>\n<p><strong>Hohe Kostenleistung:<\/strong> Als Hersteller von Keramikvasen bieten wir dem Gro\u00dfhandel Keramikvasen zu Fabrikpreisen an, die sich f\u00fcr Gro\u00dfeink\u00e4ufe eignen und eine ideale Wahl f\u00fcr Haushaltswarengesch\u00e4fte und Gro\u00dfh\u00e4ndler sind.<\/p>\n<p><strong>Individuelle Vasenl\u00f6sung:<\/strong> Wir bieten ma\u00dfgeschneiderte Vasenl\u00f6sungen aus einer Hand, einschlie\u00dflich einer Vielzahl von Materialoptionen, flexiblem Gr\u00f6\u00dfen- und Formdesign, exquisiten Mustern, usw.<\/p>","protected":false},"featured_media":1500,"comment_status":"closed","ping_status":"closed","template":"","meta":{"_acf_changed":false},"product_brand":[],"product_cat":[18,22],"product_tag":[34],"class_list":{"0":"post-1498","1":"product","2":"type-product","3":"status-publish","4":"has-post-thumbnail","6":"product_cat-home-decor","7":"product_cat-vase","8":"product_tag-ceramic-vase","10":"first","11":"instock","12":"shipping-taxable","13":"product-type-simple"},"acf":[],"_links":{"self":[{"href":"https:\/\/www.santai-ceramics.com\/de\/wp-json\/wp\/v2\/product\/1498","targetHints":{"allow":["GET"]}}],"collection":[{"href":"https:\/\/www.santai-ceramics.com\/de\/wp-json\/wp\/v2\/product"}],"about":[{"href":"https:\/\/www.santai-ceramics.com\/de\/wp-json\/wp\/v2\/types\/product"}],"replies":[{"embeddable":true,"href":"https:\/\/www.santai-ceramics.com\/de\/wp-json\/wp\/v2\/comments?post=1498"}],"wp:featuredmedia":[{"embeddable":true,"href":"https:\/\/www.santai-ceramics.com\/de\/wp-json\/wp\/v2\/media\/1500"}],"wp:attachment":[{"href":"https:\/\/www.santai-ceramics.com\/de\/wp-json\/wp\/v2\/media?parent=1498"}],"wp:term":[{"taxonomy":"product_brand","embeddable":true,"href":"https:\/\/www.santai-ceramics.com\/de\/wp-json\/wp\/v2\/product_brand?post=1498"},{"taxonomy":"product_cat","embeddable":true,"href":"https:\/\/www.santai-ceramics.com\/de\/wp-json\/wp\/v2\/product_cat?post=1498"},{"taxonomy":"product_tag","embeddable":true,"href":"https:\/\/www.santai-ceramics.com\/de\/wp-json\/wp\/v2\/product_tag?post=1498"}],"curies":[{"name":"wp","href":"https:\/\/api.w.org\/{rel}","templated":true}]}}