{"id":1507,"date":"2024-12-03T15:41:44","date_gmt":"2024-12-03T15:41:44","guid":{"rendered":"https:\/\/www.santai-ceramics.com\/?post_type=product&#038;p=1507"},"modified":"2025-02-02T14:40:55","modified_gmt":"2025-02-02T14:40:55","slug":"wholesale-chinese-classical-patterned-ceramic-vase","status":"publish","type":"product","link":"https:\/\/www.santai-ceramics.com\/de\/product\/wholesale-chinese-classical-patterned-ceramic-vase\/","title":{"rendered":"Gro\u00dfhandel chinesischen klassischen gemusterten keramischen Vase, traditionelle elegante Home Decor Vase"},"content":{"rendered":"<h3 class=\"wp-block-heading\">Parameters of Classical Patterned Ceramic Vase<\/h3>\n\n\n\n<figure class=\"wp-block-table\"><table class=\"has-fixed-layout\"><tbody><tr><td>Modell<\/td><td>Produktname<\/td><td>Farbe<\/td><td>Material<\/td><td>Verwendet<\/td><td>Abmessungen<\/td><td>Gewicht<\/td><\/tr><tr><td>A32067-LC17-A01<\/td><td>Keramische Blumenvase<\/td><td>Elegantes Braun<\/td><td>Keramik<\/td><td>Wohnkultur, Wohnzimmer<\/td><td>30X16X18.5<\/td><td>2,1 kg\/St\u00fcck<\/td><\/tr><\/tbody><\/table><\/figure>\n\n\n\n<h3 class=\"wp-block-heading\">Individuelles Vasen-Service aus Keramik<\/h3>\n\n\n\n<p>Wir bieten OEM- und ODM-Dienstleistungen f\u00fcr unsere Produkte an.<br>Eine schnelle Lieferung von Mustern ist m\u00f6glich.<br>Wir bieten eine Vielzahl von Formen, Farben, individuellem Druck, Verpackungen und anderen ma\u00dfgeschneiderten Dienstleistungen an, um Ihre speziellen Anforderungen zu erf\u00fcllen.<br><a style=\"\" href=\"https:\/\/www.santai-ceramics.com\/de\/custom\/\" data-type=\"page\" data-id=\"13\" target=\"_blank\" rel=\"noreferrer noopener\"><strong><b>Erfahren Sie mehr \u00fcber Custom<\/b> Vase Detail.<\/strong><\/a><\/p>\n\n\n\n<div class=\"wp-block-columns is-layout-flex wp-container-core-columns-is-layout-9d6595d7 wp-block-columns-is-layout-flex\">\n<div class=\"wp-block-column is-layout-flow wp-block-column-is-layout-flow\">\n<figure class=\"wp-block-image size-full\"><img decoding=\"async\" width=\"1500\" height=\"1250\" src=\"https:\/\/www.santai-ceramics.com\/wp-content\/uploads\/2024\/12\/Chinese-Classical-Patterned-Ceramic-Vase-1-1.jpg\" alt=\"Chinesische Keramikvase mit klassischem Muster (1)\" class=\"wp-image-1512\" srcset=\"https:\/\/www.santai-ceramics.com\/wp-content\/uploads\/2024\/12\/Chinese-Classical-Patterned-Ceramic-Vase-1-1.jpg 1500w, https:\/\/www.santai-ceramics.com\/wp-content\/uploads\/2024\/12\/Chinese-Classical-Patterned-Ceramic-Vase-1-1-300x250.jpg 300w, https:\/\/www.santai-ceramics.com\/wp-content\/uploads\/2024\/12\/Chinese-Classical-Patterned-Ceramic-Vase-1-1-768x640.jpg 768w, https:\/\/www.santai-ceramics.com\/wp-content\/uploads\/2024\/12\/Chinese-Classical-Patterned-Ceramic-Vase-1-1-14x12.jpg 14w, https:\/\/www.santai-ceramics.com\/wp-content\/uploads\/2024\/12\/Chinese-Classical-Patterned-Ceramic-Vase-1-1-1200x1000.jpg 1200w, https:\/\/www.santai-ceramics.com\/wp-content\/uploads\/2024\/12\/Chinese-Classical-Patterned-Ceramic-Vase-1-1-600x500.jpg 600w\" sizes=\"(max-width: 1500px) 100vw, 1500px\" \/><\/figure>\n<\/div>\n\n\n\n<div class=\"wp-block-column is-layout-flow wp-block-column-is-layout-flow\">\n<figure class=\"wp-block-image size-full\"><img decoding=\"async\" width=\"1500\" height=\"1250\" src=\"https:\/\/www.santai-ceramics.com\/wp-content\/uploads\/2024\/12\/Chinese-Classical-Patterned-Ceramic-Vase-2-1.jpg\" alt=\"Chinese Classical Patterned Ceramic Vase (2)\" class=\"wp-image-1514\" srcset=\"https:\/\/www.santai-ceramics.com\/wp-content\/uploads\/2024\/12\/Chinese-Classical-Patterned-Ceramic-Vase-2-1.jpg 1500w, https:\/\/www.santai-ceramics.com\/wp-content\/uploads\/2024\/12\/Chinese-Classical-Patterned-Ceramic-Vase-2-1-300x250.jpg 300w, https:\/\/www.santai-ceramics.com\/wp-content\/uploads\/2024\/12\/Chinese-Classical-Patterned-Ceramic-Vase-2-1-768x640.jpg 768w, https:\/\/www.santai-ceramics.com\/wp-content\/uploads\/2024\/12\/Chinese-Classical-Patterned-Ceramic-Vase-2-1-14x12.jpg 14w, https:\/\/www.santai-ceramics.com\/wp-content\/uploads\/2024\/12\/Chinese-Classical-Patterned-Ceramic-Vase-2-1-1200x1000.jpg 1200w, https:\/\/www.santai-ceramics.com\/wp-content\/uploads\/2024\/12\/Chinese-Classical-Patterned-Ceramic-Vase-2-1-600x500.jpg 600w\" sizes=\"(max-width: 1500px) 100vw, 1500px\" \/><\/figure>\n<\/div>\n<\/div>","protected":false},"excerpt":{"rendered":"<p data-pm-slice=\"0 0 []\">Gro\u00dfhandel klassischen Keramik-Vasen, aus nat\u00fcrlichem Ton, haben einzigartige Textur und Glasur Farbe, chinesische Muster und einzigartige Form Design. Diese klassische Vase kann perfekt mit einer Vielzahl von Wohnstilen integriert werden. Sie kann als unabh\u00e4ngige Kunstdekoration oder f\u00fcr Blumenarrangements verwendet werden. Wir bieten professionelle Gro\u00dfhandel und kundenspezifische Keramik-Vase Dienstleistungen, kontaktieren Sie uns bitte.<\/p>\n<h2>Merkmale der Keramikvase mit klassischem Muster<\/h2>\n<p><strong>Klassisches chinesisches Design:<\/strong> Die klassische Vase greift traditionelle chinesische Muster auf, integriert reiche kulturelle Elemente und k\u00fcnstlerische Ausdrucksformen und zeigt eine tiefgreifende chinesische \u00c4sthetik.<\/p>\n<p><strong>Leicht zuzuordnen:<\/strong> Diese Keramikvase mit klassischem Muster l\u00e4sst sich perfekt in eine Vielzahl von Einrichtungsstilen integrieren und verleiht einfachen und traditionellen M\u00f6beln eine einzigartige k\u00fcnstlerische Atmosph\u00e4re.<\/p>\n<p><strong>Langlebig und sch\u00f6n:<\/strong> Diese klassische Vase wird aus nat\u00fcrlichem Ton hergestellt und bei hoher Temperatur gebrannt, um ihre Haltbarkeit und ihren Glanz zu gew\u00e4hrleisten.<\/p>\n<p><strong>Hochwertige Materialien:<\/strong> Durch die Auswahl von hochwertigem Ton und die exquisite handwerkliche Verarbeitung hat diese Keramikvase mit klassischem Muster eine glatte Oberfl\u00e4che, eine gute Haptik, ist verschlei\u00dffest und langlebig und beh\u00e4lt auch nach langem Gebrauch ihren perfekten Glanz.<\/p>\n<p><strong>OEM- und ODM-Service:<\/strong> As a pottery home decor manufacturer, we provide oem &amp; odm customization services for large-volume orders, covering customized materials, shapes, sizes and more<\/p>","protected":false},"featured_media":1512,"comment_status":"closed","ping_status":"closed","template":"","meta":{"_acf_changed":false},"product_brand":[],"product_cat":[18,22],"product_tag":[34],"class_list":{"0":"post-1507","1":"product","2":"type-product","3":"status-publish","4":"has-post-thumbnail","6":"product_cat-home-decor","7":"product_cat-vase","8":"product_tag-ceramic-vase","10":"first","11":"instock","12":"shipping-taxable","13":"product-type-simple"},"acf":[],"_links":{"self":[{"href":"https:\/\/www.santai-ceramics.com\/de\/wp-json\/wp\/v2\/product\/1507","targetHints":{"allow":["GET"]}}],"collection":[{"href":"https:\/\/www.santai-ceramics.com\/de\/wp-json\/wp\/v2\/product"}],"about":[{"href":"https:\/\/www.santai-ceramics.com\/de\/wp-json\/wp\/v2\/types\/product"}],"replies":[{"embeddable":true,"href":"https:\/\/www.santai-ceramics.com\/de\/wp-json\/wp\/v2\/comments?post=1507"}],"wp:featuredmedia":[{"embeddable":true,"href":"https:\/\/www.santai-ceramics.com\/de\/wp-json\/wp\/v2\/media\/1512"}],"wp:attachment":[{"href":"https:\/\/www.santai-ceramics.com\/de\/wp-json\/wp\/v2\/media?parent=1507"}],"wp:term":[{"taxonomy":"product_brand","embeddable":true,"href":"https:\/\/www.santai-ceramics.com\/de\/wp-json\/wp\/v2\/product_brand?post=1507"},{"taxonomy":"product_cat","embeddable":true,"href":"https:\/\/www.santai-ceramics.com\/de\/wp-json\/wp\/v2\/product_cat?post=1507"},{"taxonomy":"product_tag","embeddable":true,"href":"https:\/\/www.santai-ceramics.com\/de\/wp-json\/wp\/v2\/product_tag?post=1507"}],"curies":[{"name":"wp","href":"https:\/\/api.w.org\/{rel}","templated":true}]}}