{"id":1601,"date":"2024-12-30T05:26:26","date_gmt":"2024-12-30T05:26:26","guid":{"rendered":"https:\/\/www.santai-ceramics.com\/?post_type=product&#038;p=1601"},"modified":"2025-06-05T14:26:16","modified_gmt":"2025-06-05T14:26:16","slug":"wholesale-decorative-terracotta-plant-pots","status":"publish","type":"product","link":"https:\/\/www.santai-ceramics.com\/de\/product\/wholesale-decorative-terracotta-plant-pots\/","title":{"rendered":"Gro\u00dfhandel dekorative Terrakotta Pflanze T\u00f6pfe, Bulk Retro Keramik Garten Pflanze T\u00f6pfe"},"content":{"rendered":"<h3 class=\"wp-block-heading\">Parameter von dekorativen Terrakotta-Pflanzt\u00f6pfen<\/h3>\n\n\n\n<figure class=\"wp-block-table\"><table class=\"has-fixed-layout\"><tbody><tr><td>Modell<\/td><td>Produktname<\/td><td>Farbe<\/td><td>Material<\/td><td>Verwendet<\/td><td>Abmessungen<\/td><td>Gewicht<\/td><\/tr><tr><td>G37391-H911-A01<\/td><td>&nbsp;Terrakotta Pflanzgef\u00e4\u00df\/Topf<\/td><td>Antikes Dunkelviolett<\/td><td>&nbsp;Terrakotta<\/td><td>Wohnkultur, Wohnzimmer, Garten<\/td><td>T:21X19.5cm<\/td><td>2.7kg\/PC<\/td><\/tr><tr><td>G37391-H911-A02<\/td><td>&nbsp;Terrakotta Pflanzgef\u00e4\u00df\/Topf<\/td><td>Antikes Dunkelviolett<\/td><td>&nbsp;Terrakotta<\/td><td>Wohnkultur, Wohnzimmer, Garten<\/td><td>T:16.5X15.5cm<\/td><td>1.6kg\/PC<\/td><\/tr><\/tbody><\/table><\/figure>\n\n\n\n<h3 class=\"wp-block-heading\">Individueller Pflanzgef\u00e4\u00df-Service<\/h3>\n\n\n\n<p>Wir bieten OEM- und ODM-Dienstleistungen f\u00fcr unsere Produkte an.<br>Eine schnelle Lieferung von Mustern ist m\u00f6glich.<br>Wir bieten eine Vielzahl von Formen, Farben, individuellem Druck, Verpackungen und anderen ma\u00dfgeschneiderten Dienstleistungen an, um Ihre speziellen Anforderungen zu erf\u00fcllen.<br><a style=\"\" href=\"https:\/\/www.santai-ceramics.com\/de\/custom\/\" data-type=\"page\" data-id=\"13\" target=\"_blank\" rel=\"noreferrer noopener\"><strong><b>Erfahren Sie mehr \u00fcber Custom<\/b> Blumentopf Detail.<\/strong><\/a><\/p>\n\n\n\n<div class=\"wp-block-columns is-layout-flex wp-container-core-columns-is-layout-9d6595d7 wp-block-columns-is-layout-flex\">\n<div class=\"wp-block-column is-layout-flow wp-block-column-is-layout-flow\">\n<figure class=\"wp-block-image size-full\"><img decoding=\"async\" width=\"1500\" height=\"1250\" src=\"https:\/\/www.santai-ceramics.com\/wp-content\/uploads\/2024\/12\/Wholesale-Decorative-Terracotta-Plant-Pots-4.webp\" alt=\"Gro\u00dfhandel dekorative Terrakotta-Pflanzt\u00f6pfe (4)\" class=\"wp-image-1605\" srcset=\"https:\/\/www.santai-ceramics.com\/wp-content\/uploads\/2024\/12\/Wholesale-Decorative-Terracotta-Plant-Pots-4.webp 1500w, https:\/\/www.santai-ceramics.com\/wp-content\/uploads\/2024\/12\/Wholesale-Decorative-Terracotta-Plant-Pots-4-300x250.webp 300w, https:\/\/www.santai-ceramics.com\/wp-content\/uploads\/2024\/12\/Wholesale-Decorative-Terracotta-Plant-Pots-4-768x640.webp 768w, https:\/\/www.santai-ceramics.com\/wp-content\/uploads\/2024\/12\/Wholesale-Decorative-Terracotta-Plant-Pots-4-14x12.webp 14w, https:\/\/www.santai-ceramics.com\/wp-content\/uploads\/2024\/12\/Wholesale-Decorative-Terracotta-Plant-Pots-4-1200x1000.webp 1200w, https:\/\/www.santai-ceramics.com\/wp-content\/uploads\/2024\/12\/Wholesale-Decorative-Terracotta-Plant-Pots-4-600x500.webp 600w\" sizes=\"(max-width: 1500px) 100vw, 1500px\" \/><\/figure>\n<\/div>\n\n\n\n<div class=\"wp-block-column is-layout-flow wp-block-column-is-layout-flow\">\n<figure class=\"wp-block-image size-full\"><img decoding=\"async\" width=\"1500\" height=\"1249\" src=\"https:\/\/www.santai-ceramics.com\/wp-content\/uploads\/2024\/12\/Wholesale-Decorative-Terracotta-Plant-Pots-5.webp\" alt=\"Gro\u00dfhandel dekorative Terrakotta-Pflanzt\u00f6pfe (5)\" class=\"wp-image-1606\" srcset=\"https:\/\/www.santai-ceramics.com\/wp-content\/uploads\/2024\/12\/Wholesale-Decorative-Terracotta-Plant-Pots-5.webp 1500w, https:\/\/www.santai-ceramics.com\/wp-content\/uploads\/2024\/12\/Wholesale-Decorative-Terracotta-Plant-Pots-5-300x250.webp 300w, https:\/\/www.santai-ceramics.com\/wp-content\/uploads\/2024\/12\/Wholesale-Decorative-Terracotta-Plant-Pots-5-768x639.webp 768w, https:\/\/www.santai-ceramics.com\/wp-content\/uploads\/2024\/12\/Wholesale-Decorative-Terracotta-Plant-Pots-5-14x12.webp 14w, https:\/\/www.santai-ceramics.com\/wp-content\/uploads\/2024\/12\/Wholesale-Decorative-Terracotta-Plant-Pots-5-1200x999.webp 1200w, https:\/\/www.santai-ceramics.com\/wp-content\/uploads\/2024\/12\/Wholesale-Decorative-Terracotta-Plant-Pots-5-600x500.webp 600w\" sizes=\"(max-width: 1500px) 100vw, 1500px\" \/><\/figure>\n<\/div>\n<\/div>\n\n\n\n<div class=\"wp-block-columns is-layout-flex wp-container-core-columns-is-layout-9d6595d7 wp-block-columns-is-layout-flex\">\n<div class=\"wp-block-column is-layout-flow wp-block-column-is-layout-flow\"><\/div>\n\n\n\n<div class=\"wp-block-column is-layout-flow wp-block-column-is-layout-flow\"><\/div>\n<\/div>","protected":false},"excerpt":{"rendered":"<p data-pm-slice=\"0 0 []\">Gro\u00dfhandel dekorative Terrakotta-Pflanzent\u00f6pfe, diese Retro-Stil Pflanzentopf ist von traditioneller Handwerkskunst und Ton, die sowohl sch\u00f6n und praktisch ist, geeignet f\u00fcr die Bepflanzung von verschiedenen Arten von Pflanzen und bietet ihnen eine gute Wachstumsumgebung gemacht. Dar\u00fcber hinaus kann dieser Terrakotta-Pflanztopf als Garten- oder Innendekoration verwendet werden, was Ihrem Raum eine nat\u00fcrliche und k\u00fcnstlerische Atmosph\u00e4re verleiht.<\/p>\n<h2>Eigenschaften von dekorativen Terrakotta-Pflanzt\u00f6pfen<\/h2>\n<p><strong>Nat\u00fcrliches Material:<\/strong> Pflanzent\u00f6pfe werden aus Ton hergestellt, der umweltfreundlich und ungiftig ist, das Pflanzenwachstum beg\u00fcnstigt und die durch Plastikt\u00f6pfe verursachten Verschmutzungsprobleme wirksam vermeiden kann.<\/p>\n<p><strong>Ausgezeichnetes Wasserr\u00fcckhalteverm\u00f6gen:<\/strong> Dekorative Terrakotta-Pflanzgef\u00e4\u00dfe k\u00f6nnen die richtige Feuchtigkeit aufrechterhalten, so dass die Pflanzen die notwendige Feuchtigkeit in trockenen Umgebungen aufnehmen k\u00f6nnen und die \u00dcberlebensrate der Pflanzen verbessert wird.<\/p>\n<p><strong>Gute Luftdurchl\u00e4ssigkeit:<\/strong> Lehm ist von Natur aus luftdurchl\u00e4ssig, was die Bel\u00fcftung des Bodens f\u00f6rdert, das gesunde Wachstum der Pflanzenwurzeln unterst\u00fctzt und verhindert, dass Wasseransammlungen Wurzelf\u00e4ule verursachen.<\/p>\n<p><strong>Einzigartiges Design:<\/strong> Das Oberfl\u00e4chendesign der dekorativen Terrakotta-Pflanzgef\u00e4\u00dfe hat eine einzigartige konkave und konvexe Textur, die die Sch\u00f6nheit der Natur und der Handwerkskunst unterstreicht. Es ist ein Design, das Zweckm\u00e4\u00dfigkeit und Dekoration verbindet.<\/p>\n<p><strong>Geeignet f\u00fcr eine Vielzahl von Anwendungen:<\/strong> Er kann nicht nur als Pflanzgef\u00e4\u00df verwendet werden, sondern auch als Innendekoration, die zu verschiedenen Stilen von Wohnumgebungen passt.<\/p>\n<p><strong>OEM&amp;ODM-Service:  SANTAI bietet eine ma\u00dfgeschneiderte L\u00f6sung f\u00fcr Pflanzgef\u00e4\u00dfe aus einer Hand, die Design, Musterfertigung und Massenproduktion umfasst, bitte kontaktieren Sie uns.<\/strong><\/p>","protected":false},"featured_media":1602,"comment_status":"closed","ping_status":"closed","template":"","meta":{"_acf_changed":false},"product_brand":[],"product_cat":[18,42,21,23],"product_tag":[38],"class_list":{"0":"post-1601","1":"product","2":"type-product","3":"status-publish","4":"has-post-thumbnail","6":"product_cat-home-decor","7":"product_cat-wholesale-ceramic-plant-pots","8":"product_cat-garden-decor","9":"product_cat-ceramic-pots-planters","10":"product_tag-wholesale-terracotta-flower-pots","12":"first","13":"instock","14":"shipping-taxable","15":"product-type-simple"},"acf":[],"_links":{"self":[{"href":"https:\/\/www.santai-ceramics.com\/de\/wp-json\/wp\/v2\/product\/1601","targetHints":{"allow":["GET"]}}],"collection":[{"href":"https:\/\/www.santai-ceramics.com\/de\/wp-json\/wp\/v2\/product"}],"about":[{"href":"https:\/\/www.santai-ceramics.com\/de\/wp-json\/wp\/v2\/types\/product"}],"replies":[{"embeddable":true,"href":"https:\/\/www.santai-ceramics.com\/de\/wp-json\/wp\/v2\/comments?post=1601"}],"wp:featuredmedia":[{"embeddable":true,"href":"https:\/\/www.santai-ceramics.com\/de\/wp-json\/wp\/v2\/media\/1602"}],"wp:attachment":[{"href":"https:\/\/www.santai-ceramics.com\/de\/wp-json\/wp\/v2\/media?parent=1601"}],"wp:term":[{"taxonomy":"product_brand","embeddable":true,"href":"https:\/\/www.santai-ceramics.com\/de\/wp-json\/wp\/v2\/product_brand?post=1601"},{"taxonomy":"product_cat","embeddable":true,"href":"https:\/\/www.santai-ceramics.com\/de\/wp-json\/wp\/v2\/product_cat?post=1601"},{"taxonomy":"product_tag","embeddable":true,"href":"https:\/\/www.santai-ceramics.com\/de\/wp-json\/wp\/v2\/product_tag?post=1601"}],"curies":[{"name":"wp","href":"https:\/\/api.w.org\/{rel}","templated":true}]}}