{"id":1608,"date":"2024-12-30T05:47:21","date_gmt":"2024-12-30T05:47:21","guid":{"rendered":"https:\/\/www.santai-ceramics.com\/?post_type=product&#038;p=1608"},"modified":"2025-02-02T14:37:12","modified_gmt":"2025-02-02T14:37:12","slug":"custom-vintage-ceramic-vase-wholesale","status":"publish","type":"product","link":"https:\/\/www.santai-ceramics.com\/de\/product\/custom-vintage-ceramic-vase-wholesale\/","title":{"rendered":"Benutzerdefinierte Vintage Keramik Vase Gro\u00dfhandel - SANTAI Professional Pottery Hersteller"},"content":{"rendered":"<h3 class=\"wp-block-heading\">Parameters of Customizable Vintage Vase<\/h3>\n\n\n\n<figure class=\"wp-block-table\"><table class=\"has-fixed-layout\"><tbody><tr><td>Modell<\/td><td>Produktname<\/td><td>Farbe<\/td><td>Material<\/td><td>Verwendet<\/td><td>Abmessungen<\/td><td>Gewicht<\/td><\/tr><tr><td>G37385-H911-A02<\/td><td>&nbsp;Terrakotta Pflanzgef\u00e4\u00df\/Topf<\/td><td>Antikes Dunkelviolett<\/td><td>&nbsp;Terrakotta<\/td><td>Wohnkultur, Wohnzimmer, Garten<\/td><td>D:19X25cm<\/td><td>2.3kg\/PC<\/td><\/tr><tr><td>G37386-H911-A01<\/td><td>&nbsp;Terrakotta Pflanzgef\u00e4\u00df\/Topf<\/td><td>Antikes Dunkelviolett<\/td><td>&nbsp;Terrakotta<\/td><td>Wohnkultur, Wohnzimmer, Garten<\/td><td>D:16.5X19.5cm<br><\/td><td>1,5 kg\/PC<\/td><\/tr><\/tbody><\/table><\/figure>\n\n\n\n<h3 class=\"wp-block-heading\">Vasen-Service nach Ma\u00df<\/h3>\n\n\n\n<p>Wir bieten OEM- und ODM-Dienstleistungen f\u00fcr unsere Produkte an.<br>Eine schnelle Lieferung von Mustern ist m\u00f6glich.<br>Wir bieten eine Vielzahl von Formen, Farben, individuellem Druck, Verpackungen und anderen ma\u00dfgeschneiderten Dienstleistungen an, um Ihre speziellen Anforderungen zu erf\u00fcllen.<br><a style=\"\" href=\"https:\/\/www.santai-ceramics.com\/de\/custom\/\" data-type=\"page\" data-id=\"13\" target=\"_blank\" rel=\"noreferrer noopener\"><strong><b>Erfahren Sie mehr \u00fcber Custom<\/b> Vase Detail.<\/strong><\/a><\/p>\n\n\n\n<div class=\"wp-block-columns is-layout-flex wp-container-core-columns-is-layout-9d6595d7 wp-block-columns-is-layout-flex\">\n<div class=\"wp-block-column is-layout-flow wp-block-column-is-layout-flow\">\n<figure class=\"wp-block-image size-full\"><img decoding=\"async\" width=\"1500\" height=\"1249\" src=\"https:\/\/www.santai-ceramics.com\/wp-content\/uploads\/2024\/12\/Custom-Vintage-Ceramic-Vase-4.webp\" alt=\"Custom Vintage Ceramic Vase (4)\" class=\"wp-image-1624\" srcset=\"https:\/\/www.santai-ceramics.com\/wp-content\/uploads\/2024\/12\/Custom-Vintage-Ceramic-Vase-4.webp 1500w, https:\/\/www.santai-ceramics.com\/wp-content\/uploads\/2024\/12\/Custom-Vintage-Ceramic-Vase-4-300x250.webp 300w, https:\/\/www.santai-ceramics.com\/wp-content\/uploads\/2024\/12\/Custom-Vintage-Ceramic-Vase-4-768x639.webp 768w, https:\/\/www.santai-ceramics.com\/wp-content\/uploads\/2024\/12\/Custom-Vintage-Ceramic-Vase-4-14x12.webp 14w, https:\/\/www.santai-ceramics.com\/wp-content\/uploads\/2024\/12\/Custom-Vintage-Ceramic-Vase-4-1200x999.webp 1200w, https:\/\/www.santai-ceramics.com\/wp-content\/uploads\/2024\/12\/Custom-Vintage-Ceramic-Vase-4-600x500.webp 600w\" sizes=\"(max-width: 1500px) 100vw, 1500px\" \/><\/figure>\n<\/div>\n\n\n\n<div class=\"wp-block-column is-layout-flow wp-block-column-is-layout-flow\">\n<figure class=\"wp-block-image size-full\"><img decoding=\"async\" width=\"1500\" height=\"1249\" src=\"https:\/\/www.santai-ceramics.com\/wp-content\/uploads\/2024\/12\/Custom-Vintage-Ceramic-Vase-6.webp\" alt=\"Custom Vintage Ceramic Vase (6)\" class=\"wp-image-1626\" srcset=\"https:\/\/www.santai-ceramics.com\/wp-content\/uploads\/2024\/12\/Custom-Vintage-Ceramic-Vase-6.webp 1500w, https:\/\/www.santai-ceramics.com\/wp-content\/uploads\/2024\/12\/Custom-Vintage-Ceramic-Vase-6-300x250.webp 300w, https:\/\/www.santai-ceramics.com\/wp-content\/uploads\/2024\/12\/Custom-Vintage-Ceramic-Vase-6-768x639.webp 768w, https:\/\/www.santai-ceramics.com\/wp-content\/uploads\/2024\/12\/Custom-Vintage-Ceramic-Vase-6-14x12.webp 14w, https:\/\/www.santai-ceramics.com\/wp-content\/uploads\/2024\/12\/Custom-Vintage-Ceramic-Vase-6-1200x999.webp 1200w, https:\/\/www.santai-ceramics.com\/wp-content\/uploads\/2024\/12\/Custom-Vintage-Ceramic-Vase-6-600x500.webp 600w\" sizes=\"(max-width: 1500px) 100vw, 1500px\" \/><\/figure>\n<\/div>\n<\/div>","protected":false},"excerpt":{"rendered":"<p data-pm-slice=\"0 0 []\">Wholesale custom vintage ceramic vase, combining traditional craftsmanship with modern design concepts, this vintage ceramic vase shows elegant artistic beauty. We support one-stop custom ceramic vases, welcome to tell us your ideas.<\/p>\n<h2>Features of Custom Vintage Ceramic Vase\u00a0<\/h2>\n<p><strong>Vintage design:<\/strong> The surface of this vase is decorated with vintage textures, exuding a unique classical atmosphere, making your space more artistic.<\/p>\n<p><strong>High-quality clay material:<\/strong> Customizable Vintage Ceramic Vase is made of high-quality clay, with fine texture, comfortable feel, and good durability<\/p>\n<p><strong>Environmentally friendly handcraft:<\/strong> Made through traditional craftsmanship, it retains the natural characteristics of clay, is environmentally friendly and pollution-free, and the natural and simple appearance is suitable for a variety of interior decoration styles.<\/p>\n<p><strong>Custom vase solution service:<\/strong> We provide custom vase solution, covering a variety of customization dimensions, including material, size, shape, pattern and more.<\/p>","protected":false},"featured_media":1621,"comment_status":"closed","ping_status":"closed","template":"","meta":{"_acf_changed":false},"product_brand":[],"product_cat":[18,21,22],"product_tag":[34],"class_list":{"0":"post-1608","1":"product","2":"type-product","3":"status-publish","4":"has-post-thumbnail","6":"product_cat-home-decor","7":"product_cat-garden-decor","8":"product_cat-vase","9":"product_tag-ceramic-vase","11":"first","12":"instock","13":"shipping-taxable","14":"product-type-simple"},"acf":[],"_links":{"self":[{"href":"https:\/\/www.santai-ceramics.com\/de\/wp-json\/wp\/v2\/product\/1608","targetHints":{"allow":["GET"]}}],"collection":[{"href":"https:\/\/www.santai-ceramics.com\/de\/wp-json\/wp\/v2\/product"}],"about":[{"href":"https:\/\/www.santai-ceramics.com\/de\/wp-json\/wp\/v2\/types\/product"}],"replies":[{"embeddable":true,"href":"https:\/\/www.santai-ceramics.com\/de\/wp-json\/wp\/v2\/comments?post=1608"}],"wp:featuredmedia":[{"embeddable":true,"href":"https:\/\/www.santai-ceramics.com\/de\/wp-json\/wp\/v2\/media\/1621"}],"wp:attachment":[{"href":"https:\/\/www.santai-ceramics.com\/de\/wp-json\/wp\/v2\/media?parent=1608"}],"wp:term":[{"taxonomy":"product_brand","embeddable":true,"href":"https:\/\/www.santai-ceramics.com\/de\/wp-json\/wp\/v2\/product_brand?post=1608"},{"taxonomy":"product_cat","embeddable":true,"href":"https:\/\/www.santai-ceramics.com\/de\/wp-json\/wp\/v2\/product_cat?post=1608"},{"taxonomy":"product_tag","embeddable":true,"href":"https:\/\/www.santai-ceramics.com\/de\/wp-json\/wp\/v2\/product_tag?post=1608"}],"curies":[{"name":"wp","href":"https:\/\/api.w.org\/{rel}","templated":true}]}}