{"id":1627,"date":"2024-12-30T06:15:56","date_gmt":"2024-12-30T06:15:56","guid":{"rendered":"https:\/\/www.santai-ceramics.com\/?post_type=product&#038;p=1627"},"modified":"2025-06-05T14:25:03","modified_gmt":"2025-06-05T14:25:03","slug":"custom-antique-ceramic-plant-pot","status":"publish","type":"product","link":"https:\/\/www.santai-ceramics.com\/de\/product\/custom-antique-ceramic-plant-pot\/","title":{"rendered":"Benutzerdefinierte antike keramische Pflanze Topf f\u00fcr Innen- und Au\u00dfendekoration Gro\u00dfhandel"},"content":{"rendered":"<h3 class=\"wp-block-heading\">Parameter von Custom Antique Plant Pot<\/h3>\n\n\n\n<figure class=\"wp-block-table\"><table class=\"has-fixed-layout\"><tbody><tr><td>Modell<\/td><td>Produktname<\/td><td>Farbe<\/td><td>Material<\/td><td>Verwendet<\/td><td>Abmessungen<\/td><td>Gewicht<\/td><\/tr><tr><td>G36942-H911-A01<\/td><td>&nbsp;Terrakotta Pflanzgef\u00e4\u00df\/Topf<\/td><td>Antikes Dunkelviolett<\/td><td>&nbsp;Terrakotta<\/td><td>Wohnkultur, Wohnzimmer, Garten<\/td><td>T:20.5X19.5cm<\/td><td>2,5 kg\/PC<\/td><\/tr><tr><td>G36942-H911-A02<\/td><td>&nbsp;Terrakotta Pflanzgef\u00e4\u00df\/Topf<\/td><td>Antikes Dunkelviolett<\/td><td>&nbsp;Terrakotta<\/td><td>Wohnkultur, Wohnzimmer, Garten<\/td><td>T:16.5X15.5cm<\/td><td>1,5 kg\/PC<\/td><\/tr><tr><td>G36942-H911-A03<\/td><td>&nbsp;Terrakotta Pflanzgef\u00e4\u00df\/Topf<\/td><td>Antikes Dunkelviolett<\/td><td>&nbsp;Terrakotta<\/td><td>Wohnkultur, Wohnzimmer, Garten<\/td><td>T:13,5X13cm<\/td><td>0,9kg\/PC<\/td><\/tr><\/tbody><\/table><\/figure>\n\n\n\n<h3 class=\"wp-block-heading\">Individueller Pflanzgef\u00e4\u00df-Service<\/h3>\n\n\n\n<p>Wir bieten OEM- und ODM-Dienstleistungen f\u00fcr unsere Produkte an.<br>Eine schnelle Lieferung von Mustern ist m\u00f6glich.<br>Wir bieten eine Vielzahl von Formen, Farben, individuellem Druck, Verpackungen und anderen ma\u00dfgeschneiderten Dienstleistungen an, um Ihre speziellen Anforderungen zu erf\u00fcllen.<br><a style=\"\" href=\"https:\/\/www.santai-ceramics.com\/de\/custom\/\" data-type=\"page\" data-id=\"13\" target=\"_blank\" rel=\"noreferrer noopener\"><strong><b>Erfahren Sie mehr \u00fcber Custom<\/b> Blumentopf Detail.<\/strong><\/a><\/p>\n\n\n\n<div class=\"wp-block-columns is-layout-flex wp-container-core-columns-is-layout-9d6595d7 wp-block-columns-is-layout-flex\">\n<div class=\"wp-block-column is-layout-flow wp-block-column-is-layout-flow\">\n<figure class=\"wp-block-image size-full\"><img decoding=\"async\" width=\"1500\" height=\"1250\" src=\"https:\/\/www.santai-ceramics.com\/wp-content\/uploads\/2024\/12\/custom-antique-plant-pot-3.webp\" alt=\"kundenspezifischer antiker Blumentopf (3)\" class=\"wp-image-1630\" srcset=\"https:\/\/www.santai-ceramics.com\/wp-content\/uploads\/2024\/12\/custom-antique-plant-pot-3.webp 1500w, https:\/\/www.santai-ceramics.com\/wp-content\/uploads\/2024\/12\/custom-antique-plant-pot-3-300x250.webp 300w, https:\/\/www.santai-ceramics.com\/wp-content\/uploads\/2024\/12\/custom-antique-plant-pot-3-768x640.webp 768w, https:\/\/www.santai-ceramics.com\/wp-content\/uploads\/2024\/12\/custom-antique-plant-pot-3-14x12.webp 14w, https:\/\/www.santai-ceramics.com\/wp-content\/uploads\/2024\/12\/custom-antique-plant-pot-3-1200x1000.webp 1200w, https:\/\/www.santai-ceramics.com\/wp-content\/uploads\/2024\/12\/custom-antique-plant-pot-3-600x500.webp 600w\" sizes=\"(max-width: 1500px) 100vw, 1500px\" \/><\/figure>\n<\/div>\n\n\n\n<div class=\"wp-block-column is-layout-flow wp-block-column-is-layout-flow\">\n<figure class=\"wp-block-image size-full\"><img decoding=\"async\" width=\"1500\" height=\"1250\" src=\"https:\/\/www.santai-ceramics.com\/wp-content\/uploads\/2024\/12\/custom-antique-plant-pot-4.webp\" alt=\"benutzerdefinierte antiken Blumentopf (4)\" class=\"wp-image-1631\" srcset=\"https:\/\/www.santai-ceramics.com\/wp-content\/uploads\/2024\/12\/custom-antique-plant-pot-4.webp 1500w, https:\/\/www.santai-ceramics.com\/wp-content\/uploads\/2024\/12\/custom-antique-plant-pot-4-300x250.webp 300w, https:\/\/www.santai-ceramics.com\/wp-content\/uploads\/2024\/12\/custom-antique-plant-pot-4-768x640.webp 768w, https:\/\/www.santai-ceramics.com\/wp-content\/uploads\/2024\/12\/custom-antique-plant-pot-4-14x12.webp 14w, https:\/\/www.santai-ceramics.com\/wp-content\/uploads\/2024\/12\/custom-antique-plant-pot-4-1200x1000.webp 1200w, https:\/\/www.santai-ceramics.com\/wp-content\/uploads\/2024\/12\/custom-antique-plant-pot-4-600x500.webp 600w\" sizes=\"(max-width: 1500px) 100vw, 1500px\" \/><\/figure>\n<\/div>\n<\/div>","protected":false},"excerpt":{"rendered":"<p data-pm-slice=\"0 0 []\">Gro\u00dfhandel benutzerdefinierte antike Keramik-Pflanzgef\u00e4\u00dfe, mit einzigartigen Vintage k\u00fcnstlerischen Charme, geeignet f\u00fcr eine Vielzahl von Innen-und Au\u00dfenbereich Umgebungen. Unsere Pflanzgef\u00e4\u00dfe sind aus hochwertigem Terrakotta gefertigt und handgefertigt. W\u00e4hlen Sie uns und genie\u00dfen Sie Vorzugspreise f\u00fcr Gro\u00dfeink\u00e4ufe, um die Bed\u00fcrfnisse verschiedener Kunden zu erf\u00fcllen.<\/p>\n<h2>Eigenschaften von Custom Ceramic Plant Pot\u00a0<\/h2>\n<p><!-- wp:paragraph --><\/p>\n<p><strong>Vintage-Design:<\/strong> Dieser ma\u00dfgeschneiderte antike Keramik-Pflanztopf hat ein elegantes Design im Vintage-Stil, wodurch sich Pflanze und Topf gegenseitig erg\u00e4nzen. Es ist sehr geeignet als Dekoration f\u00fcr den Innenhof, Terrasse, Wohnzimmer oder B\u00fcro.<\/p>\n<p><!-- \/wp:paragraph --><\/p>\n<p><!-- wp:paragraph --><\/p>\n<p><strong>Unterst\u00fctzung von kundenspezifischen Dienstleistungen:<\/strong> Bieten Sie OEM &amp; ODM kundenspezifische Dienstleistungen, k\u00f6nnen Sie den Stil des Blumentopfes nach Ihren pers\u00f6nlichen Vorlieben oder spezifischen dekorativen Stil w\u00e4hlen oder entwerfen.<\/p>\n<p><!-- \/wp:paragraph --><\/p>\n<p><!-- wp:paragraph --><\/p>\n<p><strong>Hochwertiges Material: <\/strong>Der antike Keramik-Pflanztopf ist aus hochwertigem rotem Ton gefertigt, der riss- und witterungsbest\u00e4ndig ist und eine gute Luftdurchl\u00e4ssigkeit aufweist, was das gesunde Wachstum der Pflanzenwurzeln f\u00f6rdert.<\/p>\n<p><!-- \/wp:paragraph --><\/p>\n<p><!-- wp:paragraph --><\/p>\n<p><strong>Fabrik direkt Gro\u00dfhandel:<\/strong> Die Hersteller von SNATAI-Pflanzgef\u00e4\u00dfen bieten Ihnen wettbewerbsf\u00e4hige Preise und unterst\u00fctzen den Kauf gro\u00dfer Mengen, was sie zu einer idealen Wahl f\u00fcr Gro\u00df- und Einzelh\u00e4ndler macht.<!-- \/wp:paragraph --><\/p>","protected":false},"featured_media":1628,"comment_status":"closed","ping_status":"closed","template":"","meta":{"_acf_changed":false},"product_brand":[],"product_cat":[18,42,21,23],"product_tag":[38],"class_list":{"0":"post-1627","1":"product","2":"type-product","3":"status-publish","4":"has-post-thumbnail","6":"product_cat-home-decor","7":"product_cat-wholesale-ceramic-plant-pots","8":"product_cat-garden-decor","9":"product_cat-ceramic-pots-planters","10":"product_tag-wholesale-terracotta-flower-pots","12":"first","13":"instock","14":"shipping-taxable","15":"product-type-simple"},"acf":[],"_links":{"self":[{"href":"https:\/\/www.santai-ceramics.com\/de\/wp-json\/wp\/v2\/product\/1627","targetHints":{"allow":["GET"]}}],"collection":[{"href":"https:\/\/www.santai-ceramics.com\/de\/wp-json\/wp\/v2\/product"}],"about":[{"href":"https:\/\/www.santai-ceramics.com\/de\/wp-json\/wp\/v2\/types\/product"}],"replies":[{"embeddable":true,"href":"https:\/\/www.santai-ceramics.com\/de\/wp-json\/wp\/v2\/comments?post=1627"}],"wp:featuredmedia":[{"embeddable":true,"href":"https:\/\/www.santai-ceramics.com\/de\/wp-json\/wp\/v2\/media\/1628"}],"wp:attachment":[{"href":"https:\/\/www.santai-ceramics.com\/de\/wp-json\/wp\/v2\/media?parent=1627"}],"wp:term":[{"taxonomy":"product_brand","embeddable":true,"href":"https:\/\/www.santai-ceramics.com\/de\/wp-json\/wp\/v2\/product_brand?post=1627"},{"taxonomy":"product_cat","embeddable":true,"href":"https:\/\/www.santai-ceramics.com\/de\/wp-json\/wp\/v2\/product_cat?post=1627"},{"taxonomy":"product_tag","embeddable":true,"href":"https:\/\/www.santai-ceramics.com\/de\/wp-json\/wp\/v2\/product_tag?post=1627"}],"curies":[{"name":"wp","href":"https:\/\/api.w.org\/{rel}","templated":true}]}}