{"id":1634,"date":"2024-12-30T06:59:02","date_gmt":"2024-12-30T06:59:02","guid":{"rendered":"https:\/\/www.santai-ceramics.com\/?post_type=product&#038;p=1634"},"modified":"2025-06-05T10:14:01","modified_gmt":"2025-06-05T10:14:01","slug":"wholesale-fiber-cement-retro-custom-planter","status":"publish","type":"product","link":"https:\/\/www.santai-ceramics.com\/de\/product\/wholesale-fiber-cement-retro-custom-planter\/","title":{"rendered":"Faserzement Retro benutzerdefinierte Pflanzer Gro\u00dfhandel - Personalisierte dekorative Beton Pflanzer f\u00fcr Haus und Garten verwenden"},"content":{"rendered":"<h3 class=\"wp-block-heading\">Parameters of Fiber Cement Custom Planter <\/h3>\n\n\n\n<figure class=\"wp-block-table\"><table class=\"has-fixed-layout\"><tbody><tr><td>Modell<\/td><td>Produktname<\/td><td>Farbe<\/td><td>Material<\/td><td>Verwendet<\/td><td>Abmessungen<\/td><td>Gewicht<\/td><\/tr><tr><td>J37029-H911-A01<\/td><td>Pflanzer aus Faserzement&nbsp;<\/td><td>Antikes Dunkelviolett<\/td><td>Faserzement<\/td><td>Wohnkultur, Wohnzimmer, Garten<\/td><td>D:34X41.5cm<\/td><td>7kg\/PC<\/td><\/tr><tr><td>J37029-H911-A02<\/td><td>Pflanzer aus Faserzement&nbsp;<\/td><td>Antikes Dunkelviolett<\/td><td>Faserzement<\/td><td>Wohnkultur, Wohnzimmer, Garten<\/td><td>D:29X34cm<\/td><td>5.7kg\/PC<\/td><\/tr><\/tbody><\/table><\/figure>\n\n\n\n<h3 class=\"wp-block-heading\">Ma\u00dfgeschneiderter Pflanzenservice<\/h3>\n\n\n\n<p>Wir bieten OEM- und ODM-Dienstleistungen f\u00fcr unsere Produkte an.<br>Eine schnelle Lieferung von Mustern ist m\u00f6glich.<br>Wir bieten eine Vielzahl von Formen, Farben, individuellem Druck, Verpackungen und anderen ma\u00dfgeschneiderten Dienstleistungen an, um Ihre speziellen Anforderungen zu erf\u00fcllen.<br><a style=\"\" href=\"https:\/\/www.santai-ceramics.com\/de\/custom\/\" data-type=\"page\" data-id=\"13\" target=\"_blank\" rel=\"noreferrer noopener\"><strong><b>Erfahren Sie mehr \u00fcber Custom<\/b> Pflanzgef\u00e4\u00df Detail.<\/strong><\/a><\/p>\n\n\n\n<div class=\"wp-block-columns is-layout-flex wp-container-core-columns-is-layout-9d6595d7 wp-block-columns-is-layout-flex\">\n<div class=\"wp-block-column is-layout-flow wp-block-column-is-layout-flow\">\n<figure class=\"wp-block-image size-full\"><img decoding=\"async\" width=\"1500\" height=\"1249\" src=\"https:\/\/www.santai-ceramics.com\/wp-content\/uploads\/2024\/12\/Fiber-Cement-Custom-Planter-4.webp\" alt=\"Fiber Cement Custom Planter (4)\" class=\"wp-image-1638\" srcset=\"https:\/\/www.santai-ceramics.com\/wp-content\/uploads\/2024\/12\/Fiber-Cement-Custom-Planter-4.webp 1500w, https:\/\/www.santai-ceramics.com\/wp-content\/uploads\/2024\/12\/Fiber-Cement-Custom-Planter-4-300x250.webp 300w, https:\/\/www.santai-ceramics.com\/wp-content\/uploads\/2024\/12\/Fiber-Cement-Custom-Planter-4-768x639.webp 768w, https:\/\/www.santai-ceramics.com\/wp-content\/uploads\/2024\/12\/Fiber-Cement-Custom-Planter-4-14x12.webp 14w, https:\/\/www.santai-ceramics.com\/wp-content\/uploads\/2024\/12\/Fiber-Cement-Custom-Planter-4-1200x999.webp 1200w, https:\/\/www.santai-ceramics.com\/wp-content\/uploads\/2024\/12\/Fiber-Cement-Custom-Planter-4-600x500.webp 600w\" sizes=\"(max-width: 1500px) 100vw, 1500px\" \/><\/figure>\n<\/div>\n\n\n\n<div class=\"wp-block-column is-layout-flow wp-block-column-is-layout-flow\">\n<figure class=\"wp-block-image size-full\"><img decoding=\"async\" width=\"1500\" height=\"1250\" src=\"https:\/\/www.santai-ceramics.com\/wp-content\/uploads\/2024\/12\/Fiber-Cement-Custom-Planter-5.webp\" alt=\"Fiber Cement Custom Planter (5)\" class=\"wp-image-1639\" srcset=\"https:\/\/www.santai-ceramics.com\/wp-content\/uploads\/2024\/12\/Fiber-Cement-Custom-Planter-5.webp 1500w, https:\/\/www.santai-ceramics.com\/wp-content\/uploads\/2024\/12\/Fiber-Cement-Custom-Planter-5-300x250.webp 300w, https:\/\/www.santai-ceramics.com\/wp-content\/uploads\/2024\/12\/Fiber-Cement-Custom-Planter-5-768x640.webp 768w, https:\/\/www.santai-ceramics.com\/wp-content\/uploads\/2024\/12\/Fiber-Cement-Custom-Planter-5-14x12.webp 14w, https:\/\/www.santai-ceramics.com\/wp-content\/uploads\/2024\/12\/Fiber-Cement-Custom-Planter-5-1200x1000.webp 1200w, https:\/\/www.santai-ceramics.com\/wp-content\/uploads\/2024\/12\/Fiber-Cement-Custom-Planter-5-600x500.webp 600w\" sizes=\"(max-width: 1500px) 100vw, 1500px\" \/><\/figure>\n<\/div>\n<\/div>","protected":false},"excerpt":{"rendered":"<p data-pm-slice=\"0 0 []\">Wholesale custom cement planters, our high-quality planters are durable and adaptable to various environments, and can remain as good as new for a long time even in the changing outdoor climate conditions. We provide a variety of customization options, including custom planter materials, sizes, shapes, etc. Welcome to contact us.<\/p>\n<h2>Features of Fiber Cement Custom Planter\u00a0<\/h2>\n<p><strong>Langlebigkeit:<\/strong> Made of fiber cement, these custom planters can be used for a long time in indoor and outdoor environments, resist wind and sun, and are not easy to break or deform.<\/p>\n<p><strong>Personalisierte Anpassung:<\/strong> We provide a one-stop customized planter solution, including size, color, shape and pattern, to make planters that can be integrated into different decorative styles for you<\/p>\n<p><strong>Excellent breathability:<\/strong> Fiber cement material has good breathability, which helps to maintain soil moisture and drainage, and promote healthy plant growth.<\/p>\n<p><strong>Low maintenance requirements:<\/strong> Compared with traditional ceramic or plastic flower pots, our custom fiber cement flower pots are easier to clean and maintain, and will not fade or age after long-term use.<\/p>","protected":false},"featured_media":1635,"comment_status":"closed","ping_status":"closed","template":"","meta":{"_acf_changed":false},"product_brand":[],"product_cat":[18,41,21,23],"product_tag":[40],"class_list":{"0":"post-1634","1":"product","2":"type-product","3":"status-publish","4":"has-post-thumbnail","6":"product_cat-home-decor","7":"product_cat-wholesale-fiber-cement-plant-pots","8":"product_cat-garden-decor","9":"product_cat-ceramic-pots-planters","10":"product_tag-cement-flower-pot","12":"first","13":"instock","14":"shipping-taxable","15":"product-type-simple"},"acf":[],"_links":{"self":[{"href":"https:\/\/www.santai-ceramics.com\/de\/wp-json\/wp\/v2\/product\/1634","targetHints":{"allow":["GET"]}}],"collection":[{"href":"https:\/\/www.santai-ceramics.com\/de\/wp-json\/wp\/v2\/product"}],"about":[{"href":"https:\/\/www.santai-ceramics.com\/de\/wp-json\/wp\/v2\/types\/product"}],"replies":[{"embeddable":true,"href":"https:\/\/www.santai-ceramics.com\/de\/wp-json\/wp\/v2\/comments?post=1634"}],"wp:featuredmedia":[{"embeddable":true,"href":"https:\/\/www.santai-ceramics.com\/de\/wp-json\/wp\/v2\/media\/1635"}],"wp:attachment":[{"href":"https:\/\/www.santai-ceramics.com\/de\/wp-json\/wp\/v2\/media?parent=1634"}],"wp:term":[{"taxonomy":"product_brand","embeddable":true,"href":"https:\/\/www.santai-ceramics.com\/de\/wp-json\/wp\/v2\/product_brand?post=1634"},{"taxonomy":"product_cat","embeddable":true,"href":"https:\/\/www.santai-ceramics.com\/de\/wp-json\/wp\/v2\/product_cat?post=1634"},{"taxonomy":"product_tag","embeddable":true,"href":"https:\/\/www.santai-ceramics.com\/de\/wp-json\/wp\/v2\/product_tag?post=1634"}],"curies":[{"name":"wp","href":"https:\/\/api.w.org\/{rel}","templated":true}]}}