{"id":1647,"date":"2024-12-30T08:17:42","date_gmt":"2024-12-30T08:17:42","guid":{"rendered":"https:\/\/www.santai-ceramics.com\/?post_type=product&#038;p=1647"},"modified":"2025-02-02T13:51:23","modified_gmt":"2025-02-02T13:51:23","slug":"bulk-custom-ceramic-vase","status":"publish","type":"product","link":"https:\/\/www.santai-ceramics.com\/de\/product\/bulk-custom-ceramic-vase\/","title":{"rendered":"Bulk benutzerdefinierte keramische Vase, Gro\u00dfhandel hohe Qualit\u00e4t dekorative Vintage-F\u00e4lle"},"content":{"rendered":"<h3 class=\"wp-block-heading\">Parameters of Customizable Decorative Ceramic Vase<\/h3>\n\n\n\n<figure class=\"wp-block-table\"><table class=\"has-fixed-layout\"><tbody><tr><td>Modell<\/td><td>Produktname<\/td><td>Farbe<\/td><td>Material<\/td><td>Verwendet<\/td><td>Abmessungen<\/td><td>Gewicht<\/td><\/tr><tr><td>A37109-LC17-A01<\/td><td>Keramische Blumenvase<\/td><td>Elegantes Braun<\/td><td>Keramik<\/td><td>Wohnkultur, Wohnzimmer<\/td><td>D:20X21cm<\/td><td>1,5 kg\/St\u00fcck<\/td><\/tr><tr><td>A37109-LC17-A02<\/td><td>Keramische Blumenvase<\/td><td>Elegantes Braun<\/td><td>Keramik<\/td><td>Wohnkultur, Wohnzimmer<\/td><td>D:16X16cm<\/td><td>0,9 kg\/St\u00fcck<\/td><\/tr><\/tbody><\/table><\/figure>\n\n\n\n<h3 class=\"wp-block-heading\">Individuelles Vasen-Service aus Keramik<\/h3>\n\n\n\n<p>Wir bieten OEM- und ODM-Dienstleistungen f\u00fcr unsere Produkte an.<br>Eine schnelle Lieferung von Mustern ist m\u00f6glich.<br>Wir bieten eine Vielzahl von Formen, Farben, individuellem Druck, Verpackungen und anderen ma\u00dfgeschneiderten Dienstleistungen an, um Ihre speziellen Anforderungen zu erf\u00fcllen.<br><a style=\"\" href=\"https:\/\/www.santai-ceramics.com\/de\/custom\/\" data-type=\"page\" data-id=\"13\" target=\"_blank\" rel=\"noreferrer noopener\"><strong><b>Erfahren Sie mehr \u00fcber Custom<\/b> Keramikvase Detail.<\/strong><\/a><\/p>\n\n\n\n<div class=\"wp-block-columns is-layout-flex wp-container-core-columns-is-layout-9d6595d7 wp-block-columns-is-layout-flex\">\n<div class=\"wp-block-column is-layout-flow wp-block-column-is-layout-flow\">\n<figure class=\"wp-block-image size-full\"><img decoding=\"async\" width=\"1300\" height=\"1083\" src=\"https:\/\/www.santai-ceramics.com\/wp-content\/uploads\/2024\/12\/Custom-Ceramic-Vase-4.webp\" alt=\"Custom Ceramic Vase (4)\" class=\"wp-image-1651\" srcset=\"https:\/\/www.santai-ceramics.com\/wp-content\/uploads\/2024\/12\/Custom-Ceramic-Vase-4.webp 1300w, https:\/\/www.santai-ceramics.com\/wp-content\/uploads\/2024\/12\/Custom-Ceramic-Vase-4-300x250.webp 300w, https:\/\/www.santai-ceramics.com\/wp-content\/uploads\/2024\/12\/Custom-Ceramic-Vase-4-768x640.webp 768w, https:\/\/www.santai-ceramics.com\/wp-content\/uploads\/2024\/12\/Custom-Ceramic-Vase-4-14x12.webp 14w, https:\/\/www.santai-ceramics.com\/wp-content\/uploads\/2024\/12\/Custom-Ceramic-Vase-4-1200x1000.webp 1200w, https:\/\/www.santai-ceramics.com\/wp-content\/uploads\/2024\/12\/Custom-Ceramic-Vase-4-600x500.webp 600w\" sizes=\"(max-width: 1300px) 100vw, 1300px\" \/><\/figure>\n<\/div>\n\n\n\n<div class=\"wp-block-column is-layout-flow wp-block-column-is-layout-flow\">\n<figure class=\"wp-block-image size-full\"><img decoding=\"async\" width=\"1300\" height=\"1083\" src=\"https:\/\/www.santai-ceramics.com\/wp-content\/uploads\/2024\/12\/Custom-Ceramic-Vase-5.webp\" alt=\"Custom Ceramic Vase (5)\" class=\"wp-image-1652\" srcset=\"https:\/\/www.santai-ceramics.com\/wp-content\/uploads\/2024\/12\/Custom-Ceramic-Vase-5.webp 1300w, https:\/\/www.santai-ceramics.com\/wp-content\/uploads\/2024\/12\/Custom-Ceramic-Vase-5-300x250.webp 300w, https:\/\/www.santai-ceramics.com\/wp-content\/uploads\/2024\/12\/Custom-Ceramic-Vase-5-768x640.webp 768w, https:\/\/www.santai-ceramics.com\/wp-content\/uploads\/2024\/12\/Custom-Ceramic-Vase-5-14x12.webp 14w, https:\/\/www.santai-ceramics.com\/wp-content\/uploads\/2024\/12\/Custom-Ceramic-Vase-5-1200x1000.webp 1200w, https:\/\/www.santai-ceramics.com\/wp-content\/uploads\/2024\/12\/Custom-Ceramic-Vase-5-600x500.webp 600w\" sizes=\"(max-width: 1300px) 100vw, 1300px\" \/><\/figure>\n<\/div>\n<\/div>","protected":false},"excerpt":{"rendered":"<p data-pm-slice=\"0 0 []\">Gro\u00dfhandel benutzerdefinierte dekorative Keramikvasen sind f\u00fcr verschiedene Dekoration Bed\u00fcrfnisse wie zu Hause, im B\u00fcro oder kommerziellen Orten geeignet. Unsere keramische Vase unterst\u00fctzt personalisierte Anpassung. Geben Sie Ihre Ideen und wir werden die Keramik-Dekor, die am besten Ihren Bed\u00fcrfnissen entspricht anpassen. Willkommen zu konsultieren f\u00fcr weitere spezifische Informationen \u00fcber Gro\u00dfhandel Anpassung.<\/p>\n<h2>Merkmale der anpassbaren dekorativen Keramikvase<\/h2>\n<p><strong>Exquisite Handwerkskunst:<\/strong> Die Oberfl\u00e4che dieser Keramikvase ist mit feiner Handwerkskunst verarbeitet, mit sch\u00f6nen Mustern und glatter Glasur, die sich perfekt in verschiedene Wohndekorationen einf\u00fcgt.<\/p>\n<p><strong>Vielf\u00e4ltige Einsatzm\u00f6glichkeiten:<\/strong> Geeignet f\u00fcr Blumenarrangements, zum Aufstellen von Dekorationsobjekten oder zur unabh\u00e4ngigen Pr\u00e4sentation, um der Kreativit\u00e4t freien Lauf zu lassen und die Dekorationsbed\u00fcrfnisse verschiedener Gelegenheiten zu erf\u00fcllen.<\/p>\n<p><strong>M\u00e4\u00dfiges Gewicht:<\/strong> Das Gewicht der beiden Vasen betr\u00e4gt 0,9 kg bzw. 1,5 kg, was ein moderates Gewicht darstellt, leicht zu bewegen und zu arrangieren ist und je nach pers\u00f6nlichem Bedarf bequem platziert werden kann.<\/p>\n<p><strong>Flexible Gr\u00f6\u00dfenauswahl:<\/strong> Es gibt eine Vielzahl von Gr\u00f6\u00dfenoptionen, die je nach Raumgr\u00f6\u00dfe und pers\u00f6nlichen Vorlieben angepasst werden k\u00f6nnen. Es kann allein oder in Kombination verwendet werden, um einen reichen visuellen Effekt zu erzeugen.<\/p>\n<p><strong>Anpassungsdienst:<\/strong> SANTAI bietet einen individuellen Keramikvasen-Service aus einer Hand, um eine exklusive Marken-Keramikvase f\u00fcr Sie zu kreieren.<\/p>","protected":false},"featured_media":1648,"comment_status":"closed","ping_status":"closed","template":"","meta":{"_acf_changed":false},"product_brand":[],"product_cat":[18,22],"product_tag":[34],"class_list":{"0":"post-1647","1":"product","2":"type-product","3":"status-publish","4":"has-post-thumbnail","6":"product_cat-home-decor","7":"product_cat-vase","8":"product_tag-ceramic-vase","10":"first","11":"instock","12":"shipping-taxable","13":"product-type-simple"},"acf":[],"_links":{"self":[{"href":"https:\/\/www.santai-ceramics.com\/de\/wp-json\/wp\/v2\/product\/1647","targetHints":{"allow":["GET"]}}],"collection":[{"href":"https:\/\/www.santai-ceramics.com\/de\/wp-json\/wp\/v2\/product"}],"about":[{"href":"https:\/\/www.santai-ceramics.com\/de\/wp-json\/wp\/v2\/types\/product"}],"replies":[{"embeddable":true,"href":"https:\/\/www.santai-ceramics.com\/de\/wp-json\/wp\/v2\/comments?post=1647"}],"wp:featuredmedia":[{"embeddable":true,"href":"https:\/\/www.santai-ceramics.com\/de\/wp-json\/wp\/v2\/media\/1648"}],"wp:attachment":[{"href":"https:\/\/www.santai-ceramics.com\/de\/wp-json\/wp\/v2\/media?parent=1647"}],"wp:term":[{"taxonomy":"product_brand","embeddable":true,"href":"https:\/\/www.santai-ceramics.com\/de\/wp-json\/wp\/v2\/product_brand?post=1647"},{"taxonomy":"product_cat","embeddable":true,"href":"https:\/\/www.santai-ceramics.com\/de\/wp-json\/wp\/v2\/product_cat?post=1647"},{"taxonomy":"product_tag","embeddable":true,"href":"https:\/\/www.santai-ceramics.com\/de\/wp-json\/wp\/v2\/product_tag?post=1647"}],"curies":[{"name":"wp","href":"https:\/\/api.w.org\/{rel}","templated":true}]}}