{"id":1716,"date":"2025-01-08T09:35:31","date_gmt":"2025-01-08T09:35:31","guid":{"rendered":"https:\/\/www.santai-ceramics.com\/?post_type=product&#038;p=1716"},"modified":"2025-06-08T15:06:46","modified_gmt":"2025-06-08T15:06:46","slug":"custom-rustic-textured-planter-pot","status":"publish","type":"product","link":"https:\/\/www.santai-ceramics.com\/de\/product\/custom-rustic-textured-planter-pot\/","title":{"rendered":"Benutzerdefinierte rustikale strukturierte Pflanzer Topf f\u00fcr Garten Dekor Gro\u00dfhandel, Unterst\u00fctzung OEM &amp; ODM"},"content":{"rendered":"<h3 class=\"wp-block-heading\">Eigenschaften von Rustic Textured Planter Pot <\/h3>\n\n\n\n<p><strong>Hohe Beinform: <\/strong>Das hohe Design am Boden dieses Pflanzgef\u00e4\u00dfes verbessert die Schichtung und Stabilit\u00e4t und eignet sich zum Aufstellen auf verschiedenen Schreibtischen oder B\u00f6den.<\/p>\n\n\n\n<p><strong>Multifunktionaler Einsatz:<\/strong> Dieser rustikale \u00dcbertopf kann nicht nur als gr\u00fcner Pflanztopf verwendet werden, sondern auch als Einrichtungsgegenstand, um die dekorative Wirkung von Innen- und Au\u00dfenr\u00e4umen zu verbessern.<\/p>\n\n\n\n<p><strong>Multi-Size-Kombination:<\/strong> Es gibt eine Vielzahl von Spezifikationen und Gr\u00f6\u00dfen, um den Anforderungen der verschiedenen Szenen gerecht zu werden. Sie k\u00f6nnen allein oder in Kombination verwendet werden, um einen reichen visuellen Effekt zu erzeugen.<\/p>\n\n\n\n<p><strong>Leicht zuzuordnen:<\/strong> Die Oberfl\u00e4chenfarbe dieses Pflanzgef\u00e4\u00dfes mit Textur ist sanft und l\u00e4sst sich mit einer Vielzahl von Wohnstilen, Gr\u00fcnpflanzenarten oder Au\u00dfenbereichen kombinieren.<\/p>\n\n\n\n<p><strong>OEM- und ODM-Anpassungsdienst:<\/strong> Wir bieten auch umfassende Dienstleistungen f\u00fcr kundenspezifische Pflanzgef\u00e4\u00dfe an, um exklusive T\u00f6pferwaren f\u00fcr Ihr Projekt zu schaffen.<\/p>\n\n\n\n<h3 class=\"wp-block-heading\">Service f\u00fcr individuelle Pflanzgef\u00e4\u00dfe<\/h3>\n\n\n\n<p>Wir bieten OEM- und ODM-Dienstleistungen f\u00fcr unsere Produkte an.<br>Eine schnelle Lieferung von Mustern ist m\u00f6glich.<br>Wir bieten eine Vielzahl von Formen, Farben, individuellem Druck, Verpackungen und anderen ma\u00dfgeschneiderten Dienstleistungen an, um Ihre speziellen Anforderungen zu erf\u00fcllen.<br><a href=\"https:\/\/www.santai-ceramics.com\/de\/custom\/\" data-type=\"page\" data-id=\"13\" target=\"_blank\" rel=\"noreferrer noopener\"><strong><b>Erfahren Sie mehr \u00fcber Custom<\/b> Blumentopf Detail.<\/strong><\/a><\/p>\n\n\n\n<div class=\"wp-block-columns is-layout-flex wp-container-core-columns-is-layout-9d6595d7 wp-block-columns-is-layout-flex\">\n<div class=\"wp-block-column is-layout-flow wp-block-column-is-layout-flow\">\n<figure class=\"wp-block-image size-full\"><img decoding=\"async\" width=\"1500\" height=\"1249\" src=\"https:\/\/www.santai-ceramics.com\/wp-content\/uploads\/2025\/01\/Rustic-Textured-Planter-Pot-4.webp\" alt=\"Rustikaler strukturierter Pflanzentopf (4)\" class=\"wp-image-1759\" srcset=\"https:\/\/www.santai-ceramics.com\/wp-content\/uploads\/2025\/01\/Rustic-Textured-Planter-Pot-4.webp 1500w, https:\/\/www.santai-ceramics.com\/wp-content\/uploads\/2025\/01\/Rustic-Textured-Planter-Pot-4-300x250.webp 300w, https:\/\/www.santai-ceramics.com\/wp-content\/uploads\/2025\/01\/Rustic-Textured-Planter-Pot-4-768x639.webp 768w, https:\/\/www.santai-ceramics.com\/wp-content\/uploads\/2025\/01\/Rustic-Textured-Planter-Pot-4-14x12.webp 14w, https:\/\/www.santai-ceramics.com\/wp-content\/uploads\/2025\/01\/Rustic-Textured-Planter-Pot-4-1200x999.webp 1200w, https:\/\/www.santai-ceramics.com\/wp-content\/uploads\/2025\/01\/Rustic-Textured-Planter-Pot-4-600x500.webp 600w\" sizes=\"(max-width: 1500px) 100vw, 1500px\" \/><\/figure>\n<\/div>\n\n\n\n<div class=\"wp-block-column is-layout-flow wp-block-column-is-layout-flow\">\n<figure class=\"wp-block-image size-full\"><img decoding=\"async\" width=\"1500\" height=\"1249\" src=\"https:\/\/www.santai-ceramics.com\/wp-content\/uploads\/2025\/01\/Rustic-Textured-Planter-Pot-5.webp\" alt=\"Rustikaler strukturierter Pflanzentopf (5)\" class=\"wp-image-1760\" srcset=\"https:\/\/www.santai-ceramics.com\/wp-content\/uploads\/2025\/01\/Rustic-Textured-Planter-Pot-5.webp 1500w, https:\/\/www.santai-ceramics.com\/wp-content\/uploads\/2025\/01\/Rustic-Textured-Planter-Pot-5-300x250.webp 300w, https:\/\/www.santai-ceramics.com\/wp-content\/uploads\/2025\/01\/Rustic-Textured-Planter-Pot-5-768x639.webp 768w, https:\/\/www.santai-ceramics.com\/wp-content\/uploads\/2025\/01\/Rustic-Textured-Planter-Pot-5-14x12.webp 14w, https:\/\/www.santai-ceramics.com\/wp-content\/uploads\/2025\/01\/Rustic-Textured-Planter-Pot-5-1200x999.webp 1200w, https:\/\/www.santai-ceramics.com\/wp-content\/uploads\/2025\/01\/Rustic-Textured-Planter-Pot-5-600x500.webp 600w\" sizes=\"(max-width: 1500px) 100vw, 1500px\" \/><\/figure>\n<\/div>\n<\/div>","protected":false},"excerpt":{"rendered":"<p>Benutzerdefinierte rustikale strukturierte Blument\u00f6pfe Gro\u00dfhandel, bieten wir Kunden mit einzigartigen nat\u00fcrlichen Stil Blumentopf Produkte, sowohl sch\u00f6n und praktisch. Die Blument\u00f6pfe sind handgefertigt, kombiniert mit Hochbein-Design und alten Craquel\u00e9-Glasur, die eine ideale Wahl f\u00fcr Heimdekoration und Gartenarbeit ist. B2B-K\u00e4ufer wie Haushaltswarengesch\u00e4fte, Gartencenter und Markenh\u00e4ndler sind herzlich eingeladen, sich mit uns in Verbindung zu setzen.<\/p>\n<h2>Spezifikation des texturierten Pflanzgef\u00e4\u00dfes\u00a0<\/h2>\n<table width=\"855\">\n<tbody>\n<tr>\n<td width=\"285\">Modellnummer<\/td>\n<td width=\"285\">G36610-WD14-A01<\/td>\n<td width=\"285\">G36610-WD14-A02<\/td>\n<\/tr>\n<tr>\n<td>Produktname<\/td>\n<td>Terrakotta Blumentopf<\/td>\n<td>Terrakotta Blumentopf<\/td>\n<\/tr>\n<tr>\n<td>Farbe<\/td>\n<td>Raues Wei\u00df<\/td>\n<td>Raues Wei\u00df<\/td>\n<\/tr>\n<tr>\n<td>Material<\/td>\n<td>Terrakotta<\/td>\n<td>Terrakotta<\/td>\n<\/tr>\n<tr>\n<td>Verwendungsszenarien<\/td>\n<td>Heimdekoration, Gartendekoration<\/td>\n<td>Heimdekoration, Gartendekoration<\/td>\n<\/tr>\n<tr>\n<td>Abmessungen<\/td>\n<td>T:18.5X27.5cm<\/td>\n<td>T:17X23cm<\/td>\n<\/tr>\n<tr>\n<td>Gewicht<\/td>\n<td>3,5 kg\/St\u00fcck<\/td>\n<td>2kg\/St\u00fcck<\/td>\n<\/tr>\n<\/tbody>\n<\/table>\n<p>&nbsp;<\/p>","protected":false},"featured_media":1756,"comment_status":"closed","ping_status":"closed","template":"","meta":{"_acf_changed":false},"product_brand":[],"product_cat":[18,42,21,23],"product_tag":[39],"class_list":{"0":"post-1716","1":"product","2":"type-product","3":"status-publish","4":"has-post-thumbnail","6":"product_cat-home-decor","7":"product_cat-wholesale-ceramic-plant-pots","8":"product_cat-garden-decor","9":"product_cat-ceramic-pots-planters","10":"product_tag-ceramic-flower-pot","12":"first","13":"instock","14":"shipping-taxable","15":"product-type-simple"},"acf":[],"_links":{"self":[{"href":"https:\/\/www.santai-ceramics.com\/de\/wp-json\/wp\/v2\/product\/1716","targetHints":{"allow":["GET"]}}],"collection":[{"href":"https:\/\/www.santai-ceramics.com\/de\/wp-json\/wp\/v2\/product"}],"about":[{"href":"https:\/\/www.santai-ceramics.com\/de\/wp-json\/wp\/v2\/types\/product"}],"replies":[{"embeddable":true,"href":"https:\/\/www.santai-ceramics.com\/de\/wp-json\/wp\/v2\/comments?post=1716"}],"wp:featuredmedia":[{"embeddable":true,"href":"https:\/\/www.santai-ceramics.com\/de\/wp-json\/wp\/v2\/media\/1756"}],"wp:attachment":[{"href":"https:\/\/www.santai-ceramics.com\/de\/wp-json\/wp\/v2\/media?parent=1716"}],"wp:term":[{"taxonomy":"product_brand","embeddable":true,"href":"https:\/\/www.santai-ceramics.com\/de\/wp-json\/wp\/v2\/product_brand?post=1716"},{"taxonomy":"product_cat","embeddable":true,"href":"https:\/\/www.santai-ceramics.com\/de\/wp-json\/wp\/v2\/product_cat?post=1716"},{"taxonomy":"product_tag","embeddable":true,"href":"https:\/\/www.santai-ceramics.com\/de\/wp-json\/wp\/v2\/product_tag?post=1716"}],"curies":[{"name":"wp","href":"https:\/\/api.w.org\/{rel}","templated":true}]}}