{"id":1788,"date":"2025-01-15T01:21:17","date_gmt":"2025-01-15T01:21:17","guid":{"rendered":"https:\/\/www.santai-ceramics.com\/?post_type=product&#038;p=1788"},"modified":"2025-02-02T13:40:29","modified_gmt":"2025-02-02T13:40:29","slug":"wholesale-custom-small-ceramic-vases","status":"publish","type":"product","link":"https:\/\/www.santai-ceramics.com\/de\/product\/wholesale-custom-small-ceramic-vases\/","title":{"rendered":"Benutzerdefinierte kleine keramische Vasen in Bulk, Gro\u00dfhandel blaue keramische Vase, die Bereitstellung von OEM-Service"},"content":{"rendered":"<h3 class=\"wp-block-heading\">Eigenschaften der kleinen blauen Keramikvase<\/h3>\n\n\n\n<p><strong>Tiefblaue Retro-Glasur: <\/strong>Die Oberfl\u00e4che dieser kleinen Keramikvase hat eine dunkelblaue Glasur, die voll und gl\u00e4nzend ist.<\/p>\n\n\n\n<p><strong>Geometrisches Texturmuster:<\/strong> Die Au\u00dfenwand dieser kleinen blauen Keramikvase ist mit dreidimensionalen geometrischen Strukturen verziert, und die Linien sind gestaffelt, was einen Gesamteindruck von Schichtung und k\u00fcnstlerischer Atmosph\u00e4re vermittelt.<\/p>\n\n\n\n<p><strong>Nat\u00fcrliches Tonmaterial: <\/strong>Die kleine Keramikvase ist aus hochwertigem Ton handgefertigt, mit einer nat\u00fcrlichen Textur und einer leicht k\u00f6rnigen Oberfl\u00e4che, die den Retro-Effekt noch verst\u00e4rkt.<\/p>\n\n\n\n<p><strong>Kleine Gr\u00f6\u00dfe: <\/strong>Die Gr\u00f6\u00dfe dieser kleinen Keramikvase betr\u00e4gt 16,5 x 12 cm und eignet sich f\u00fcr eine Vielzahl von Aufstellungsorten, wie z. B. Wohnzimmertische und Arbeitstische.<br><br><strong>Individuelle Vasenl\u00f6sung: <\/strong>Wir bieten personalisierte Dienstleistungen an, die eine breite Palette von Anpassungsm\u00f6glichkeiten abdecken, einschlie\u00dflich der Anpassung der Farbe, Gr\u00f6\u00dfe, Textur und des Materials der Vase.<\/p>\n\n\n\n<h3 class=\"wp-block-heading\">Individuelles Vasen-Service aus Keramik<\/h3>\n\n\n\n<p>Wir bieten OEM- und ODM-Dienstleistungen f\u00fcr unsere Produkte an.<br>Eine schnelle Lieferung von Mustern ist m\u00f6glich.<br>Wir bieten eine Vielzahl von Formen, Farben, individuellem Druck, Verpackungen und anderen ma\u00dfgeschneiderten Dienstleistungen an, um Ihre speziellen Anforderungen zu erf\u00fcllen.<br><a href=\"https:\/\/www.santai-ceramics.com\/de\/custom\/\" data-type=\"page\" data-id=\"13\" target=\"_blank\" rel=\"noreferrer noopener\"><strong><b>Erfahren Sie mehr \u00fcber Custom<\/b> Keramikvase Detail.<\/strong><\/a><\/p>\n\n\n\n<div class=\"wp-block-columns is-layout-flex wp-container-core-columns-is-layout-9d6595d7 wp-block-columns-is-layout-flex\">\n<div class=\"wp-block-column is-layout-flow wp-block-column-is-layout-flow\">\n<figure class=\"wp-block-image size-full\"><img decoding=\"async\" width=\"1500\" height=\"1250\" src=\"https:\/\/www.santai-ceramics.com\/wp-content\/uploads\/2025\/01\/Small-Ceramic-Blue-Vase-3.webp\" alt=\"Kleine keramische blaue Vase (3)\" class=\"wp-image-1819\" srcset=\"https:\/\/www.santai-ceramics.com\/wp-content\/uploads\/2025\/01\/Small-Ceramic-Blue-Vase-3.webp 1500w, https:\/\/www.santai-ceramics.com\/wp-content\/uploads\/2025\/01\/Small-Ceramic-Blue-Vase-3-300x250.webp 300w, https:\/\/www.santai-ceramics.com\/wp-content\/uploads\/2025\/01\/Small-Ceramic-Blue-Vase-3-768x640.webp 768w, https:\/\/www.santai-ceramics.com\/wp-content\/uploads\/2025\/01\/Small-Ceramic-Blue-Vase-3-14x12.webp 14w, https:\/\/www.santai-ceramics.com\/wp-content\/uploads\/2025\/01\/Small-Ceramic-Blue-Vase-3-1200x1000.webp 1200w, https:\/\/www.santai-ceramics.com\/wp-content\/uploads\/2025\/01\/Small-Ceramic-Blue-Vase-3-600x500.webp 600w\" sizes=\"(max-width: 1500px) 100vw, 1500px\" \/><\/figure>\n<\/div>\n\n\n\n<div class=\"wp-block-column is-layout-flow wp-block-column-is-layout-flow\">\n<figure class=\"wp-block-image size-full\"><img decoding=\"async\" width=\"1500\" height=\"1249\" src=\"https:\/\/www.santai-ceramics.com\/wp-content\/uploads\/2025\/01\/Small-Ceramic-Blue-Vase-4.webp\" alt=\"Kleine keramische blaue Vase (4)\" class=\"wp-image-1820\" srcset=\"https:\/\/www.santai-ceramics.com\/wp-content\/uploads\/2025\/01\/Small-Ceramic-Blue-Vase-4.webp 1500w, https:\/\/www.santai-ceramics.com\/wp-content\/uploads\/2025\/01\/Small-Ceramic-Blue-Vase-4-300x250.webp 300w, https:\/\/www.santai-ceramics.com\/wp-content\/uploads\/2025\/01\/Small-Ceramic-Blue-Vase-4-768x639.webp 768w, https:\/\/www.santai-ceramics.com\/wp-content\/uploads\/2025\/01\/Small-Ceramic-Blue-Vase-4-14x12.webp 14w, https:\/\/www.santai-ceramics.com\/wp-content\/uploads\/2025\/01\/Small-Ceramic-Blue-Vase-4-1200x999.webp 1200w, https:\/\/www.santai-ceramics.com\/wp-content\/uploads\/2025\/01\/Small-Ceramic-Blue-Vase-4-600x500.webp 600w\" sizes=\"(max-width: 1500px) 100vw, 1500px\" \/><\/figure>\n<\/div>\n<\/div>\n\n\n\n<p><\/p>","protected":false},"excerpt":{"rendered":"<p data-pm-slice=\"0 0 []\">Gro\u00dfhandel kleine Gr\u00f6\u00dfe Vintage blaue Vase, die dunkelblaue Glasur Glanz und geometrische Textur Design machen jede Vase voll von k\u00fcnstlerischen Sinn, kann als Blumenbeh\u00e4lter oder als unabh\u00e4ngige Dekoration verwendet werden. Wir bieten OEM &amp; ODM Dienstleistungen, willkommen, uns f\u00fcr ein Angebot zu kontaktieren.<\/p>\n<h2>Spezifikation der kleinen blauen Keramikvase<\/h2>\n<table width=\"570\">\n<tbody>\n<tr>\n<td width=\"285\">Modellnummer<\/td>\n<td width=\"285\">A35556-LD39-A01<\/td>\n<\/tr>\n<tr>\n<td>Produktname<\/td>\n<td>Keramik-Vase<\/td>\n<\/tr>\n<tr>\n<td>Farbe<\/td>\n<td>Raues Blau<\/td>\n<\/tr>\n<tr>\n<td>Material<\/td>\n<td>Keramik-Vase<\/td>\n<\/tr>\n<tr>\n<td>Verwendungsszenarien<\/td>\n<td>Wohnungseinrichtung<\/td>\n<\/tr>\n<tr>\n<td>Abmessungen<\/td>\n<td>T:16.5X12cm<\/td>\n<\/tr>\n<tr>\n<td>Gewicht<\/td>\n<td>0,8 kg\/St\u00fcck<\/td>\n<\/tr>\n<\/tbody>\n<\/table>","protected":false},"featured_media":1817,"comment_status":"closed","ping_status":"closed","template":"","meta":{"_acf_changed":false},"product_brand":[],"product_cat":[18,22],"product_tag":[34],"class_list":{"0":"post-1788","1":"product","2":"type-product","3":"status-publish","4":"has-post-thumbnail","6":"product_cat-home-decor","7":"product_cat-vase","8":"product_tag-ceramic-vase","10":"first","11":"instock","12":"shipping-taxable","13":"product-type-simple"},"acf":[],"_links":{"self":[{"href":"https:\/\/www.santai-ceramics.com\/de\/wp-json\/wp\/v2\/product\/1788","targetHints":{"allow":["GET"]}}],"collection":[{"href":"https:\/\/www.santai-ceramics.com\/de\/wp-json\/wp\/v2\/product"}],"about":[{"href":"https:\/\/www.santai-ceramics.com\/de\/wp-json\/wp\/v2\/types\/product"}],"replies":[{"embeddable":true,"href":"https:\/\/www.santai-ceramics.com\/de\/wp-json\/wp\/v2\/comments?post=1788"}],"wp:featuredmedia":[{"embeddable":true,"href":"https:\/\/www.santai-ceramics.com\/de\/wp-json\/wp\/v2\/media\/1817"}],"wp:attachment":[{"href":"https:\/\/www.santai-ceramics.com\/de\/wp-json\/wp\/v2\/media?parent=1788"}],"wp:term":[{"taxonomy":"product_brand","embeddable":true,"href":"https:\/\/www.santai-ceramics.com\/de\/wp-json\/wp\/v2\/product_brand?post=1788"},{"taxonomy":"product_cat","embeddable":true,"href":"https:\/\/www.santai-ceramics.com\/de\/wp-json\/wp\/v2\/product_cat?post=1788"},{"taxonomy":"product_tag","embeddable":true,"href":"https:\/\/www.santai-ceramics.com\/de\/wp-json\/wp\/v2\/product_tag?post=1788"}],"curies":[{"name":"wp","href":"https:\/\/api.w.org\/{rel}","templated":true}]}}