{"id":1789,"date":"2025-01-14T06:19:56","date_gmt":"2025-01-14T06:19:56","guid":{"rendered":"https:\/\/www.santai-ceramics.com\/?post_type=product&#038;p=1789"},"modified":"2025-02-02T13:41:04","modified_gmt":"2025-02-02T13:41:04","slug":"custom-ceramic-pagoda-shape-vase-in-bulk","status":"publish","type":"product","link":"https:\/\/www.santai-ceramics.com\/de\/product\/custom-ceramic-pagoda-shape-vase-in-bulk\/","title":{"rendered":"Benutzerdefinierte keramische Pagode Form Vase in Bulk, Retro-Keramik-Vase mit Deckel, Unterst\u00fctzung OEM &amp; ODM"},"content":{"rendered":"<h3 class=\"wp-block-heading\">Eigenschaften von Keramik Pagode Form Vase<\/h3>\n\n\n\n<p><strong>Einzigartiges Design:<\/strong> Die Vase hat eine elegante Silhouette und einen pagodenf\u00f6rmigen Deckel, der das k\u00fcnstlerische Gesamtbild noch verst\u00e4rkt.<\/p>\n\n\n\n<p><strong>Vintage-Stil:<\/strong> Die leicht abgenutzte Textur verleiht der Oberfl\u00e4che der Vase einen Hauch von Vintage und l\u00e4sst sie historisch und einzigartig erscheinen.<\/p>\n\n\n\n<p><strong>Vielseitigkeit:<\/strong> Sie kann nicht nur als Vase, sondern auch als Innendekoration oder Aufbewahrungsbeh\u00e4lter verwendet werden, um Ihrem Zuhause eine k\u00fcnstlerische Atmosph\u00e4re zu verleihen.<\/p>\n\n\n\n<p><strong>Geeignet f\u00fcr eine Vielzahl von Stilen: <\/strong>Diese Vase passt perfekt in verschiedene Wohnumgebungen, geeignet f\u00fcr moderne Schlichtheit, nordischen Stil und Vintage-Dekoration.<\/p>\n\n\n\n<h3 class=\"wp-block-heading\">Individuelles Vasen-Service aus Keramik<\/h3>\n\n\n\n<p>Wir bieten OEM- und ODM-Dienstleistungen f\u00fcr unsere Produkte an.<br>Eine schnelle Lieferung von Mustern ist m\u00f6glich.<br>Wir bieten eine Vielzahl von Formen, Farben, individuellem Druck, Verpackungen und anderen ma\u00dfgeschneiderten Dienstleistungen an, um Ihre speziellen Anforderungen zu erf\u00fcllen.<br><a href=\"https:\/\/www.santai-ceramics.com\/de\/custom\/\" data-type=\"page\" data-id=\"13\" target=\"_blank\" rel=\"noreferrer noopener\"><strong><b>Erfahren Sie mehr \u00fcber Custom<\/b> Keramikvase Detail.<\/strong><\/a><\/p>\n\n\n\n<div class=\"wp-block-columns is-layout-flex wp-container-core-columns-is-layout-9d6595d7 wp-block-columns-is-layout-flex\">\n<div class=\"wp-block-column is-layout-flow wp-block-column-is-layout-flow\">\n<figure class=\"wp-block-image size-full\"><img decoding=\"async\" width=\"1500\" height=\"1249\" src=\"https:\/\/www.santai-ceramics.com\/wp-content\/uploads\/2025\/01\/ceramic-pagoda-shape-vase-with-lid-9.webp\" alt=\"Keramikvase in Pagodenform mit Deckel (9)\" class=\"wp-image-1829\" srcset=\"https:\/\/www.santai-ceramics.com\/wp-content\/uploads\/2025\/01\/ceramic-pagoda-shape-vase-with-lid-9.webp 1500w, https:\/\/www.santai-ceramics.com\/wp-content\/uploads\/2025\/01\/ceramic-pagoda-shape-vase-with-lid-9-300x250.webp 300w, https:\/\/www.santai-ceramics.com\/wp-content\/uploads\/2025\/01\/ceramic-pagoda-shape-vase-with-lid-9-768x639.webp 768w, https:\/\/www.santai-ceramics.com\/wp-content\/uploads\/2025\/01\/ceramic-pagoda-shape-vase-with-lid-9-14x12.webp 14w, https:\/\/www.santai-ceramics.com\/wp-content\/uploads\/2025\/01\/ceramic-pagoda-shape-vase-with-lid-9-1200x999.webp 1200w, https:\/\/www.santai-ceramics.com\/wp-content\/uploads\/2025\/01\/ceramic-pagoda-shape-vase-with-lid-9-600x500.webp 600w\" sizes=\"(max-width: 1500px) 100vw, 1500px\" \/><\/figure>\n<\/div>\n\n\n\n<div class=\"wp-block-column is-layout-flow wp-block-column-is-layout-flow\">\n<figure class=\"wp-block-image size-full\"><img decoding=\"async\" width=\"1500\" height=\"1250\" src=\"https:\/\/www.santai-ceramics.com\/wp-content\/uploads\/2025\/01\/ceramic-pagoda-shape-vase-with-lid-10.webp\" alt=\"Keramikvase in Pagodenform mit Deckel (10)\" class=\"wp-image-1830\" srcset=\"https:\/\/www.santai-ceramics.com\/wp-content\/uploads\/2025\/01\/ceramic-pagoda-shape-vase-with-lid-10.webp 1500w, https:\/\/www.santai-ceramics.com\/wp-content\/uploads\/2025\/01\/ceramic-pagoda-shape-vase-with-lid-10-300x250.webp 300w, https:\/\/www.santai-ceramics.com\/wp-content\/uploads\/2025\/01\/ceramic-pagoda-shape-vase-with-lid-10-768x640.webp 768w, https:\/\/www.santai-ceramics.com\/wp-content\/uploads\/2025\/01\/ceramic-pagoda-shape-vase-with-lid-10-14x12.webp 14w, https:\/\/www.santai-ceramics.com\/wp-content\/uploads\/2025\/01\/ceramic-pagoda-shape-vase-with-lid-10-1200x1000.webp 1200w, https:\/\/www.santai-ceramics.com\/wp-content\/uploads\/2025\/01\/ceramic-pagoda-shape-vase-with-lid-10-600x500.webp 600w\" sizes=\"(max-width: 1500px) 100vw, 1500px\" \/><\/figure>\n<\/div>\n<\/div>","protected":false},"excerpt":{"rendered":"<p data-pm-slice=\"0 0 []\">Gro\u00dfhandel Keramik Pagode Form Vasen mit Deckel, diese Vintage dunkelblaue Vase mit einem Pagode-f\u00f6rmigen Keramik-Deckel f\u00fcgt nicht nur elegante Details der Vase, sondern bildet auch einen perfekten visuellen Kontrast mit dem Keramik-K\u00f6rper der Vase, so dass das ganze Aussehen mehr gehobenen. Wir bieten oem &amp; odm benutzerdefinierte Vase Dienstleistungen, kontaktieren Sie uns bitte f\u00fcr ein Angebot.<\/p>\n<h2>Spezifikation der keramischen Pagode Form Vase<\/h2>\n<table width=\"855\">\n<tbody>\n<tr>\n<td width=\"285\">Modellnummer<\/td>\n<td width=\"285\">A34312-LD39-G01<\/td>\n<td width=\"285\">A34312-LD39-G02<\/td>\n<\/tr>\n<tr>\n<td>Produktname<\/td>\n<td>Keramikvase mit Deckel<\/td>\n<td>Keramikvase mit Deckel<\/td>\n<\/tr>\n<tr>\n<td>Farbe<\/td>\n<td>Raues Blau<\/td>\n<td>Raues Blau<\/td>\n<\/tr>\n<tr>\n<td>Material<\/td>\n<td>Keramik-Vase<\/td>\n<td>Keramik-Vase<\/td>\n<\/tr>\n<tr>\n<td>Verwendungsszenarien<\/td>\n<td>Wohnungseinrichtung<\/td>\n<td>Wohnungseinrichtung<\/td>\n<\/tr>\n<tr>\n<td>Abmessungen<\/td>\n<td>T:18X46.5cm<\/td>\n<td>T:18X38.5cm<\/td>\n<\/tr>\n<tr>\n<td>Gewicht<\/td>\n<td>1,6 kg\/St\u00fcck<\/td>\n<td>1,4 kg\/St\u00fcck<\/td>\n<\/tr>\n<\/tbody>\n<\/table>","protected":false},"featured_media":1821,"comment_status":"closed","ping_status":"closed","template":"","meta":{"_acf_changed":false},"product_brand":[],"product_cat":[18,22],"product_tag":[34],"class_list":{"0":"post-1789","1":"product","2":"type-product","3":"status-publish","4":"has-post-thumbnail","6":"product_cat-home-decor","7":"product_cat-vase","8":"product_tag-ceramic-vase","10":"first","11":"instock","12":"shipping-taxable","13":"product-type-simple"},"acf":[],"_links":{"self":[{"href":"https:\/\/www.santai-ceramics.com\/de\/wp-json\/wp\/v2\/product\/1789","targetHints":{"allow":["GET"]}}],"collection":[{"href":"https:\/\/www.santai-ceramics.com\/de\/wp-json\/wp\/v2\/product"}],"about":[{"href":"https:\/\/www.santai-ceramics.com\/de\/wp-json\/wp\/v2\/types\/product"}],"replies":[{"embeddable":true,"href":"https:\/\/www.santai-ceramics.com\/de\/wp-json\/wp\/v2\/comments?post=1789"}],"wp:featuredmedia":[{"embeddable":true,"href":"https:\/\/www.santai-ceramics.com\/de\/wp-json\/wp\/v2\/media\/1821"}],"wp:attachment":[{"href":"https:\/\/www.santai-ceramics.com\/de\/wp-json\/wp\/v2\/media?parent=1789"}],"wp:term":[{"taxonomy":"product_brand","embeddable":true,"href":"https:\/\/www.santai-ceramics.com\/de\/wp-json\/wp\/v2\/product_brand?post=1789"},{"taxonomy":"product_cat","embeddable":true,"href":"https:\/\/www.santai-ceramics.com\/de\/wp-json\/wp\/v2\/product_cat?post=1789"},{"taxonomy":"product_tag","embeddable":true,"href":"https:\/\/www.santai-ceramics.com\/de\/wp-json\/wp\/v2\/product_tag?post=1789"}],"curies":[{"name":"wp","href":"https:\/\/api.w.org\/{rel}","templated":true}]}}