{"id":1790,"date":"2025-01-15T00:11:32","date_gmt":"2025-01-15T00:11:32","guid":{"rendered":"https:\/\/www.santai-ceramics.com\/?post_type=product&#038;p=1790"},"modified":"2025-03-13T14:37:22","modified_gmt":"2025-03-13T14:37:22","slug":"custom-deep-blue-vase-in-bulk","status":"publish","type":"product","link":"https:\/\/www.santai-ceramics.com\/de\/product\/custom-deep-blue-vase-in-bulk\/","title":{"rendered":"Benutzerdefinierte Medium Vase in Bulk, Gro\u00dfhandel Deep Blue Vases, Support OEM &amp; ODM"},"content":{"rendered":"<h3 class=\"wp-block-heading\">Eigenschaften von Medium Deep Blue Vase<\/h3>\n\n\n\n<p><strong>Mittlere Gr\u00f6\u00dfe:<\/strong> Diese tiefblaue Vase ist in zwei mittelgro\u00dfen Gr\u00f6\u00dfen erh\u00e4ltlich, 14\u00d728cm und 16,5\u00d733cm, die sich f\u00fcr eine Vielzahl von Platzierungsanforderungen eignen.<\/p>\n\n\n\n<p><strong>Tiefblaue Glasur: <\/strong>Diese tiefblaue Vase wird in einem mehrschichtigen Glasurverfahren hergestellt, um einen tiefblauen Ton zu erzeugen, der eine elegante Retro-Atmosph\u00e4re ausstrahlt.<\/p>\n\n\n\n<p><strong>Materialbeschaffenheit: <\/strong>F\u00fcr diese tiefblaue Vase wurde hochwertiger Ton verwendet, der am Boden noch etwas nat\u00fcrliche Tonfarbe enth\u00e4lt, die einen scharfen Kontrast zur tiefblauen Glasur bildet und das Gesamtdesign unterstreicht.<\/p>\n\n\n\n<p><strong>Mehrzweckfunktion: <\/strong>Er kann nicht nur als Gef\u00e4\u00df f\u00fcr Blumenarrangements verwendet werden, sondern auch als dekoratives Ornament, das sich f\u00fcr Haus, B\u00fcro oder Gesch\u00e4ftsr\u00e4ume eignet und eine k\u00fcnstlerische Atmosph\u00e4re schafft.<\/p>\n\n\n\n<h3 class=\"wp-block-heading\">Individuelles Vasen-Service aus Keramik<\/h3>\n\n\n\n<p>Wir bieten OEM- und ODM-Dienstleistungen f\u00fcr unsere Produkte an.<br>Eine schnelle Lieferung von Mustern ist m\u00f6glich.<br>Wir bieten eine Vielzahl von Formen, Farben, individuellem Druck, Verpackungen und anderen ma\u00dfgeschneiderten Dienstleistungen an, um Ihre speziellen Anforderungen zu erf\u00fcllen.<br><a href=\"https:\/\/www.santai-ceramics.com\/de\/custom\/\" data-type=\"page\" data-id=\"13\" target=\"_blank\" rel=\"noreferrer noopener\"><strong><b>Erfahren Sie mehr \u00fcber Custom<\/b> Keramikvase Detail.<\/strong><\/a><\/p>\n\n\n\n<div class=\"wp-block-columns is-layout-flex wp-container-core-columns-is-layout-9d6595d7 wp-block-columns-is-layout-flex\">\n<div class=\"wp-block-column is-layout-flow wp-block-column-is-layout-flow\">\n<figure class=\"wp-block-image size-full\"><img decoding=\"async\" width=\"1500\" height=\"1249\" src=\"https:\/\/www.santai-ceramics.com\/wp-content\/uploads\/2025\/01\/Custom-Medium-Deep-Blue-Vase-6.webp\" alt=\"Custom Medium Deep Blue Vase (6)\" class=\"wp-image-1813\" srcset=\"https:\/\/www.santai-ceramics.com\/wp-content\/uploads\/2025\/01\/Custom-Medium-Deep-Blue-Vase-6.webp 1500w, https:\/\/www.santai-ceramics.com\/wp-content\/uploads\/2025\/01\/Custom-Medium-Deep-Blue-Vase-6-300x250.webp 300w, https:\/\/www.santai-ceramics.com\/wp-content\/uploads\/2025\/01\/Custom-Medium-Deep-Blue-Vase-6-768x639.webp 768w, https:\/\/www.santai-ceramics.com\/wp-content\/uploads\/2025\/01\/Custom-Medium-Deep-Blue-Vase-6-14x12.webp 14w, https:\/\/www.santai-ceramics.com\/wp-content\/uploads\/2025\/01\/Custom-Medium-Deep-Blue-Vase-6-1200x999.webp 1200w, https:\/\/www.santai-ceramics.com\/wp-content\/uploads\/2025\/01\/Custom-Medium-Deep-Blue-Vase-6-600x500.webp 600w\" sizes=\"(max-width: 1500px) 100vw, 1500px\" \/><\/figure>\n<\/div>\n\n\n\n<div class=\"wp-block-column is-layout-flow wp-block-column-is-layout-flow\">\n<figure class=\"wp-block-image size-full\"><img decoding=\"async\" width=\"1500\" height=\"1250\" src=\"https:\/\/www.santai-ceramics.com\/wp-content\/uploads\/2025\/01\/Custom-Medium-Deep-Blue-Vase-7.webp\" alt=\"Custom Medium Deep Blue Vase (7)\" class=\"wp-image-1814\" srcset=\"https:\/\/www.santai-ceramics.com\/wp-content\/uploads\/2025\/01\/Custom-Medium-Deep-Blue-Vase-7.webp 1500w, https:\/\/www.santai-ceramics.com\/wp-content\/uploads\/2025\/01\/Custom-Medium-Deep-Blue-Vase-7-300x250.webp 300w, https:\/\/www.santai-ceramics.com\/wp-content\/uploads\/2025\/01\/Custom-Medium-Deep-Blue-Vase-7-768x640.webp 768w, https:\/\/www.santai-ceramics.com\/wp-content\/uploads\/2025\/01\/Custom-Medium-Deep-Blue-Vase-7-14x12.webp 14w, https:\/\/www.santai-ceramics.com\/wp-content\/uploads\/2025\/01\/Custom-Medium-Deep-Blue-Vase-7-1200x1000.webp 1200w, https:\/\/www.santai-ceramics.com\/wp-content\/uploads\/2025\/01\/Custom-Medium-Deep-Blue-Vase-7-600x500.webp 600w\" sizes=\"(max-width: 1500px) 100vw, 1500px\" \/><\/figure>\n<\/div>\n<\/div>","protected":false},"excerpt":{"rendered":"<p data-pm-slice=\"0 0 []\">Gro\u00dfhandel mittlere Vintage dunkelblaue Vase, in zwei mittleren Gr\u00f6\u00dfen von 14\u00d728cm und 16,5\u00d733cm, aus hochwertigem Ton, voll von Vintage-Eleganz. Geeignet f\u00fcr Haus, B\u00fcro, Caf\u00e9 und andere Szenen, SANTAI Keramik Hersteller bietet professionelle OEM &amp; ODM Dienstleistungen, willkommen in der Masse zu kaufen!<\/p>\n<h2>Spezifikation der Vase Medium Deep Blue<\/h2>\n<table width=\"855\">\n<tbody>\n<tr>\n<td width=\"285\">Modellnummer<\/td>\n<td width=\"285\">A35533-LD39-A01<\/td>\n<td width=\"285\">A35533-LD39-A02<\/td>\n<\/tr>\n<tr>\n<td>Produktname<\/td>\n<td>Keramik-Vase<\/td>\n<td>Keramik-Vase<\/td>\n<\/tr>\n<tr>\n<td>Farbe<\/td>\n<td>Raues Blau<\/td>\n<td>Raues Blau<\/td>\n<\/tr>\n<tr>\n<td>Material<\/td>\n<td>Keramik-Vase<\/td>\n<td>Keramik-Vase<\/td>\n<\/tr>\n<tr>\n<td>Verwendungsszenarien<\/td>\n<td>Wohnungseinrichtung<\/td>\n<td>Wohnungseinrichtung<\/td>\n<\/tr>\n<tr>\n<td>Abmessungen<\/td>\n<td>T:16.5X33cm<\/td>\n<td>T:14X28cm<\/td>\n<\/tr>\n<tr>\n<td>Gewicht<\/td>\n<td>1,7 kg\/St\u00fcck<\/td>\n<td>1kg\/St\u00fcck<\/td>\n<\/tr>\n<\/tbody>\n<\/table>","protected":false},"featured_media":1809,"comment_status":"closed","ping_status":"closed","template":"","meta":{"_acf_changed":false},"product_brand":[],"product_cat":[18,22],"product_tag":[34],"class_list":{"0":"post-1790","1":"product","2":"type-product","3":"status-publish","4":"has-post-thumbnail","6":"product_cat-home-decor","7":"product_cat-vase","8":"product_tag-ceramic-vase","10":"first","11":"instock","12":"shipping-taxable","13":"product-type-simple"},"acf":[],"_links":{"self":[{"href":"https:\/\/www.santai-ceramics.com\/de\/wp-json\/wp\/v2\/product\/1790","targetHints":{"allow":["GET"]}}],"collection":[{"href":"https:\/\/www.santai-ceramics.com\/de\/wp-json\/wp\/v2\/product"}],"about":[{"href":"https:\/\/www.santai-ceramics.com\/de\/wp-json\/wp\/v2\/types\/product"}],"replies":[{"embeddable":true,"href":"https:\/\/www.santai-ceramics.com\/de\/wp-json\/wp\/v2\/comments?post=1790"}],"wp:featuredmedia":[{"embeddable":true,"href":"https:\/\/www.santai-ceramics.com\/de\/wp-json\/wp\/v2\/media\/1809"}],"wp:attachment":[{"href":"https:\/\/www.santai-ceramics.com\/de\/wp-json\/wp\/v2\/media?parent=1790"}],"wp:term":[{"taxonomy":"product_brand","embeddable":true,"href":"https:\/\/www.santai-ceramics.com\/de\/wp-json\/wp\/v2\/product_brand?post=1790"},{"taxonomy":"product_cat","embeddable":true,"href":"https:\/\/www.santai-ceramics.com\/de\/wp-json\/wp\/v2\/product_cat?post=1790"},{"taxonomy":"product_tag","embeddable":true,"href":"https:\/\/www.santai-ceramics.com\/de\/wp-json\/wp\/v2\/product_tag?post=1790"}],"curies":[{"name":"wp","href":"https:\/\/api.w.org\/{rel}","templated":true}]}}