{"id":1903,"date":"2025-01-24T09:12:31","date_gmt":"2025-01-24T09:12:31","guid":{"rendered":"https:\/\/www.santai-ceramics.com\/?post_type=product&#038;p=1903"},"modified":"2025-02-02T13:38:31","modified_gmt":"2025-02-02T13:38:31","slug":"wholesale-vintage-textured-ceramic-vase","status":"publish","type":"product","link":"https:\/\/www.santai-ceramics.com\/de\/product\/wholesale-vintage-textured-ceramic-vase\/","title":{"rendered":"Gro\u00dfhandel Vintage texturierte keramische Vase, die Bereitstellung von benutzerdefinierten keramischen Vase L\u00f6sung - SANTAI Keramik Hersteller"},"content":{"rendered":"<h3 class=\"wp-block-heading\">Eigenschaften von Vintage Textured Ceramic Vase<\/h3>\n\n\n\n<p><strong>Einfaches Design:<\/strong> Die Form der Vase aus strukturierter Vintage-Keramik ist einfach und elegant, mit abgerundeten Linien und einem klaren Look, der sich f\u00fcr eine Vielzahl von Dekorationen eignet.<\/p>\n\n\n\n<p><strong>Einzigartige Zierstreifen:<\/strong> Diese Vase aus strukturierter Vintage-Keramik hat ein zartes sandfarbenes Streifendekor, das die Vase mehrschichtig und strukturiert erscheinen l\u00e4sst.<\/p>\n\n\n\n<p><strong>Hochwertiges Material: <\/strong>Er ist aus hochwertigem Ton gefertigt, hat eine glatte Oberfl\u00e4che, f\u00fchlt sich gut an, ist langlebig und leicht zu reinigen.<\/p>\n\n\n\n<p><strong>Verschiedene Gr\u00f6\u00dfenoptionen:<\/strong> Wir bieten Keramikvasen mit Vintage-Struktur in einer Vielzahl von Gr\u00f6\u00dfen an, um den Bed\u00fcrfnissen verschiedener Nutzer und den Anforderungen verschiedener dekorativer R\u00e4ume gerecht zu werden.<\/p>\n\n\n\n<p><strong>OEM- und ODM-Service: <\/strong>Wir bieten eine ma\u00dfgeschneiderte Vasenl\u00f6sung aus einer Hand. Wir bieten Produktdesign, Musterherstellung und Massenproduktion.<\/p>\n\n\n\n<h3 class=\"wp-block-heading\">Individuelles Vasen-Service aus Keramik<\/h3>\n\n\n\n<p>Wir bieten OEM- und ODM-Dienstleistungen f\u00fcr unsere Produkte an.<br>Eine schnelle Lieferung von Mustern ist m\u00f6glich.<br>Wir bieten eine Vielzahl von Formen, Farben, individuellem Druck, Verpackungen und anderen ma\u00dfgeschneiderten Dienstleistungen an, um Ihre speziellen Anforderungen zu erf\u00fcllen.<br><a href=\"https:\/\/www.santai-ceramics.com\/de\/custom\/\" data-type=\"page\" data-id=\"13\" target=\"_blank\" rel=\"noreferrer noopener\"><strong><b>Erfahren Sie mehr \u00fcber Custom<\/b> Keramikvase Detail.<\/strong><\/a><\/p>\n\n\n\n<div class=\"wp-block-columns is-layout-flex wp-container-core-columns-is-layout-9d6595d7 wp-block-columns-is-layout-flex\">\n<div class=\"wp-block-column is-layout-flow wp-block-column-is-layout-flow\">\n<figure class=\"wp-block-image size-full\"><img decoding=\"async\" width=\"1500\" height=\"1250\" src=\"https:\/\/www.santai-ceramics.com\/wp-content\/uploads\/2025\/01\/wholesale-vintage-textured-ceramic-vase-10.webp\" alt=\"Gro\u00dfhandel Vintage texturierte Keramik Vase (10)\" class=\"wp-image-1936\" srcset=\"https:\/\/www.santai-ceramics.com\/wp-content\/uploads\/2025\/01\/wholesale-vintage-textured-ceramic-vase-10.webp 1500w, https:\/\/www.santai-ceramics.com\/wp-content\/uploads\/2025\/01\/wholesale-vintage-textured-ceramic-vase-10-300x250.webp 300w, https:\/\/www.santai-ceramics.com\/wp-content\/uploads\/2025\/01\/wholesale-vintage-textured-ceramic-vase-10-768x640.webp 768w, https:\/\/www.santai-ceramics.com\/wp-content\/uploads\/2025\/01\/wholesale-vintage-textured-ceramic-vase-10-14x12.webp 14w, https:\/\/www.santai-ceramics.com\/wp-content\/uploads\/2025\/01\/wholesale-vintage-textured-ceramic-vase-10-1200x1000.webp 1200w, https:\/\/www.santai-ceramics.com\/wp-content\/uploads\/2025\/01\/wholesale-vintage-textured-ceramic-vase-10-600x500.webp 600w\" sizes=\"(max-width: 1500px) 100vw, 1500px\" \/><\/figure>\n<\/div>\n\n\n\n<div class=\"wp-block-column is-layout-flow wp-block-column-is-layout-flow\">\n<figure class=\"wp-block-image size-full\"><img decoding=\"async\" width=\"1500\" height=\"1249\" src=\"https:\/\/www.santai-ceramics.com\/wp-content\/uploads\/2025\/01\/wholesale-vintage-textured-ceramic-vase-11.webp\" alt=\"Gro\u00dfhandel Vintage texturierte Keramikvase (11)\" class=\"wp-image-1937\" srcset=\"https:\/\/www.santai-ceramics.com\/wp-content\/uploads\/2025\/01\/wholesale-vintage-textured-ceramic-vase-11.webp 1500w, https:\/\/www.santai-ceramics.com\/wp-content\/uploads\/2025\/01\/wholesale-vintage-textured-ceramic-vase-11-300x250.webp 300w, https:\/\/www.santai-ceramics.com\/wp-content\/uploads\/2025\/01\/wholesale-vintage-textured-ceramic-vase-11-768x639.webp 768w, https:\/\/www.santai-ceramics.com\/wp-content\/uploads\/2025\/01\/wholesale-vintage-textured-ceramic-vase-11-14x12.webp 14w, https:\/\/www.santai-ceramics.com\/wp-content\/uploads\/2025\/01\/wholesale-vintage-textured-ceramic-vase-11-1200x999.webp 1200w, https:\/\/www.santai-ceramics.com\/wp-content\/uploads\/2025\/01\/wholesale-vintage-textured-ceramic-vase-11-600x500.webp 600w\" sizes=\"(max-width: 1500px) 100vw, 1500px\" \/><\/figure>\n<\/div>\n<\/div>","protected":false},"excerpt":{"rendered":"<p>Gro\u00dfhandel Vintage texturierte Keramikvase, diese Vase verf\u00fcgt \u00fcber ein einfaches modernes Design und nat\u00fcrlichen T\u00f6nen, perfekt f\u00fcr jedes Haus Stil. Wir bieten eine Vielzahl von Gr\u00f6\u00dfen und Design-Stile, geeignet f\u00fcr Einzelh\u00e4ndler und Dekoration Unternehmen zu kaufen, und unterst\u00fctzen oem und odm Dienstleistungen, willkommen, uns f\u00fcr ein Angebot zu kontaktieren.<\/p>\n<h2>Spezifikation von Vintage Textured Ceramic Vase<\/h2>\n<table width=\"1140\">\n<tbody>\n<tr>\n<td width=\"285\">Modellnummer<\/td>\n<td width=\"285\">A34352-LD40-A01<\/td>\n<td width=\"285\">A34352-LD40-A02<\/td>\n<td width=\"285\">A34352-LD40-A03<\/td>\n<\/tr>\n<tr>\n<td>Produktname<\/td>\n<td>Keramischer Blumentopf<\/td>\n<td>Keramischer Blumentopf<\/td>\n<td>Keramischer Blumentopf<\/td>\n<\/tr>\n<tr>\n<td>Farbe<\/td>\n<td>Antikes Grau<\/td>\n<td>Antikes Grau<\/td>\n<td>Antikes Grau<\/td>\n<\/tr>\n<tr>\n<td>Material<\/td>\n<td>Keramik<\/td>\n<td>Keramik<\/td>\n<td>Keramik<\/td>\n<\/tr>\n<tr>\n<td>Verwendungsszenarien<\/td>\n<td>Wohnungseinrichtung<\/td>\n<td>Wohnungseinrichtung<\/td>\n<td>Wohnungseinrichtung<\/td>\n<\/tr>\n<tr>\n<td>Abmessungen<\/td>\n<td>T:11,5X20cm<\/td>\n<td>T:11X14cm<\/td>\n<td>T:13X12.5cm<\/td>\n<\/tr>\n<tr>\n<td>Gewicht<\/td>\n<td>0,55 kg\/St\u00fcck<\/td>\n<td>0,4 kg\/St\u00fcck<\/td>\n<td>0,4 kg\/St\u00fcck<\/td>\n<\/tr>\n<\/tbody>\n<\/table>","protected":false},"featured_media":1927,"comment_status":"closed","ping_status":"closed","template":"","meta":{"_acf_changed":false},"product_brand":[],"product_cat":[18,22],"product_tag":[34],"class_list":{"0":"post-1903","1":"product","2":"type-product","3":"status-publish","4":"has-post-thumbnail","6":"product_cat-home-decor","7":"product_cat-vase","8":"product_tag-ceramic-vase","10":"first","11":"instock","12":"shipping-taxable","13":"product-type-simple"},"acf":[],"_links":{"self":[{"href":"https:\/\/www.santai-ceramics.com\/de\/wp-json\/wp\/v2\/product\/1903","targetHints":{"allow":["GET"]}}],"collection":[{"href":"https:\/\/www.santai-ceramics.com\/de\/wp-json\/wp\/v2\/product"}],"about":[{"href":"https:\/\/www.santai-ceramics.com\/de\/wp-json\/wp\/v2\/types\/product"}],"replies":[{"embeddable":true,"href":"https:\/\/www.santai-ceramics.com\/de\/wp-json\/wp\/v2\/comments?post=1903"}],"wp:featuredmedia":[{"embeddable":true,"href":"https:\/\/www.santai-ceramics.com\/de\/wp-json\/wp\/v2\/media\/1927"}],"wp:attachment":[{"href":"https:\/\/www.santai-ceramics.com\/de\/wp-json\/wp\/v2\/media?parent=1903"}],"wp:term":[{"taxonomy":"product_brand","embeddable":true,"href":"https:\/\/www.santai-ceramics.com\/de\/wp-json\/wp\/v2\/product_brand?post=1903"},{"taxonomy":"product_cat","embeddable":true,"href":"https:\/\/www.santai-ceramics.com\/de\/wp-json\/wp\/v2\/product_cat?post=1903"},{"taxonomy":"product_tag","embeddable":true,"href":"https:\/\/www.santai-ceramics.com\/de\/wp-json\/wp\/v2\/product_tag?post=1903"}],"curies":[{"name":"wp","href":"https:\/\/api.w.org\/{rel}","templated":true}]}}