{"id":1904,"date":"2025-01-24T09:48:49","date_gmt":"2025-01-24T09:48:49","guid":{"rendered":"https:\/\/www.santai-ceramics.com\/?post_type=product&#038;p=1904"},"modified":"2025-03-09T10:11:02","modified_gmt":"2025-03-09T10:11:02","slug":"wholesale-medium-ceramic-textured-vase-for-home-deco","status":"publish","type":"product","link":"https:\/\/www.santai-ceramics.com\/de\/product\/wholesale-medium-ceramic-textured-vase-for-home-deco\/","title":{"rendered":"Gro\u00dfhandel Medium Keramik strukturierte Vase f\u00fcr Home Decor, Unterst\u00fctzung OEM und ODM"},"content":{"rendered":"<h3 class=\"wp-block-heading\">Eigenschaften von Vintage Dekorative Vase aus Keramik<\/h3>\n\n\n\n<p><strong>Feine Textur:<\/strong> Die strukturierte Keramikvase hat eine feine braune Struktur auf der Oberfl\u00e4che, die eine nat\u00fcrliche sandige Textur aufweist. Die Farbe ist zur\u00fcckhaltend, aber elegant und l\u00e4sst sich perfekt in verschiedene Wohnstile integrieren.<\/p>\n\n\n\n<p><strong>Weicher Grauton: <\/strong>Die grauen und braunen Streifen verflechten sich zu einem warmen und nat\u00fcrlichen Landhausstil.<\/p>\n\n\n\n<p><strong>Schmales Munddesign: <\/strong>Die schmale Form der Keramikvase macht sie eleganter und eignet sich f\u00fcr die Pr\u00e4sentation von zarten kleinen Blumenstr\u00e4u\u00dfen oder Gr\u00fcnpflanzen, wobei die Details und die Sch\u00f6nheit der Blumen hervorgehoben werden.<\/p>\n\n\n\n<p><strong>Stabile Basis: <\/strong>Diese Keramikvase mit Struktur hat einen stabilen Sockel, der daf\u00fcr sorgt, dass die Vase stabil steht und nicht kippt oder f\u00e4llt.<\/p>\n\n\n\n<p><strong>Verschiedene Gr\u00f6\u00dfen<\/strong>: Wir bieten verschiedene Gr\u00f6\u00dfen zur Auswahl an, die je nach Gr\u00f6\u00dfe des Raumes frei angepasst werden k\u00f6nnen, um eine Vielzahl von Dekorationsw\u00fcnschen zu erf\u00fcllen.<\/p>\n\n\n\n<p><strong>OEM- und ODM-Service: <\/strong>Wir bieten OEM- und ODM-Dienstleistungen aus einer Hand, von der Entwicklung \u00fcber die Musterfertigung bis hin zur Gro\u00dfserienproduktion und Lieferung.<\/p>\n\n\n\n<h3 class=\"wp-block-heading\">Individuelles Vasen-Service aus Keramik<\/h3>\n\n\n\n<p>Wir bieten OEM- und ODM-Dienstleistungen f\u00fcr unsere Produkte an.<br>Eine schnelle Lieferung von Mustern ist m\u00f6glich.<br>Wir bieten eine Vielzahl von Formen, Farben, individuellem Druck, Verpackungen und anderen ma\u00dfgeschneiderten Dienstleistungen an, um Ihre speziellen Anforderungen zu erf\u00fcllen.<br><a href=\"https:\/\/www.santai-ceramics.com\/de\/custom\/\" data-type=\"page\" data-id=\"13\" target=\"_blank\" rel=\"noreferrer noopener\"><strong><b>Erfahren Sie mehr \u00fcber Custom<\/b> Keramikvase Detail.<\/strong><\/a><\/p>\n\n\n\n<div class=\"wp-block-columns is-layout-flex wp-container-core-columns-is-layout-9d6595d7 wp-block-columns-is-layout-flex\">\n<div class=\"wp-block-column is-layout-flow wp-block-column-is-layout-flow\">\n<figure class=\"wp-block-image size-full\"><img decoding=\"async\" width=\"1500\" height=\"1249\" src=\"https:\/\/www.santai-ceramics.com\/wp-content\/uploads\/2025\/01\/Wholesale-narrow-mouth-ceramic-textured-vase-6.webp\" alt=\"Gro\u00dfhandel schmalen Mund Keramik strukturierte Vase (6)\" class=\"wp-image-1944\" srcset=\"https:\/\/www.santai-ceramics.com\/wp-content\/uploads\/2025\/01\/Wholesale-narrow-mouth-ceramic-textured-vase-6.webp 1500w, https:\/\/www.santai-ceramics.com\/wp-content\/uploads\/2025\/01\/Wholesale-narrow-mouth-ceramic-textured-vase-6-300x250.webp 300w, https:\/\/www.santai-ceramics.com\/wp-content\/uploads\/2025\/01\/Wholesale-narrow-mouth-ceramic-textured-vase-6-768x639.webp 768w, https:\/\/www.santai-ceramics.com\/wp-content\/uploads\/2025\/01\/Wholesale-narrow-mouth-ceramic-textured-vase-6-14x12.webp 14w, https:\/\/www.santai-ceramics.com\/wp-content\/uploads\/2025\/01\/Wholesale-narrow-mouth-ceramic-textured-vase-6-1200x999.webp 1200w, https:\/\/www.santai-ceramics.com\/wp-content\/uploads\/2025\/01\/Wholesale-narrow-mouth-ceramic-textured-vase-6-600x500.webp 600w\" sizes=\"(max-width: 1500px) 100vw, 1500px\" \/><\/figure>\n<\/div>\n\n\n\n<div class=\"wp-block-column is-layout-flow wp-block-column-is-layout-flow\">\n<figure class=\"wp-block-image size-full\"><img decoding=\"async\" width=\"1500\" height=\"1249\" src=\"https:\/\/www.santai-ceramics.com\/wp-content\/uploads\/2025\/01\/Wholesale-narrow-mouth-ceramic-textured-vase-7.webp\" alt=\"Gro\u00dfhandel schmalen Mund Keramik strukturierte Vase (7)\" class=\"wp-image-1945\" srcset=\"https:\/\/www.santai-ceramics.com\/wp-content\/uploads\/2025\/01\/Wholesale-narrow-mouth-ceramic-textured-vase-7.webp 1500w, https:\/\/www.santai-ceramics.com\/wp-content\/uploads\/2025\/01\/Wholesale-narrow-mouth-ceramic-textured-vase-7-300x250.webp 300w, https:\/\/www.santai-ceramics.com\/wp-content\/uploads\/2025\/01\/Wholesale-narrow-mouth-ceramic-textured-vase-7-768x639.webp 768w, https:\/\/www.santai-ceramics.com\/wp-content\/uploads\/2025\/01\/Wholesale-narrow-mouth-ceramic-textured-vase-7-14x12.webp 14w, https:\/\/www.santai-ceramics.com\/wp-content\/uploads\/2025\/01\/Wholesale-narrow-mouth-ceramic-textured-vase-7-1200x999.webp 1200w, https:\/\/www.santai-ceramics.com\/wp-content\/uploads\/2025\/01\/Wholesale-narrow-mouth-ceramic-textured-vase-7-600x500.webp 600w\" sizes=\"(max-width: 1500px) 100vw, 1500px\" \/><\/figure>\n<\/div>\n<\/div>","protected":false},"excerpt":{"rendered":"<p>Gro\u00dfhandelsvasen aus Keramik mit schmalem Mund, die eine sandige Textur aufweisen, Natur und Eleganz perfekt vereinen und f\u00fcr alle Wohnstile geeignet sind. Sie sind in verschiedenen Gr\u00f6\u00dfen erh\u00e4ltlich und k\u00f6nnen je nach Gr\u00f6\u00dfe des Raums frei angepasst werden. Gro\u00dfh\u00e4ndler, Einzelh\u00e4ndler und Dekorationsfirmen sind herzlich eingeladen, mit uns Kontakt aufzunehmen.<\/p>\n<h2>\nSpezifikation von Medium Keramik Strukturierte Vase<\/h2>\n<table width=\"855\">\n<tbody>\n<tr>\n<td width=\"285\">Modellnummer<\/td>\n<td width=\"285\">A30522-LD40-A02<\/td>\n<td width=\"285\">A30522-LD40-A01<\/td>\n<\/tr>\n<tr>\n<td>Produktname<\/td>\n<td>Keramischer Blumentopf<\/td>\n<td>Keramischer Blumentopf<\/td>\n<\/tr>\n<tr>\n<td>Farbe<\/td>\n<td>Antikes Grau<\/td>\n<td>Antikes Grau<\/td>\n<\/tr>\n<tr>\n<td>Material<\/td>\n<td>Keramik<\/td>\n<td>Keramik<\/td>\n<\/tr>\n<tr>\n<td>Verwendungsszenarien<\/td>\n<td>Wohnungseinrichtung<\/td>\n<td>Wohnungseinrichtung<\/td>\n<\/tr>\n<tr>\n<td>Abmessungen<\/td>\n<td>T:12X25cm<\/td>\n<td>T:9,5X19,5cm<\/td>\n<\/tr>\n<tr>\n<td>Gewicht<\/td>\n<td>0,96 kg\/St\u00fcck<\/td>\n<td>0,5 kg\/St\u00fcck<\/td>\n<\/tr>\n<\/tbody>\n<\/table>","protected":false},"featured_media":1939,"comment_status":"closed","ping_status":"closed","template":"","meta":{"_acf_changed":false},"product_brand":[],"product_cat":[18,22],"product_tag":[34],"class_list":{"0":"post-1904","1":"product","2":"type-product","3":"status-publish","4":"has-post-thumbnail","6":"product_cat-home-decor","7":"product_cat-vase","8":"product_tag-ceramic-vase","10":"first","11":"instock","12":"shipping-taxable","13":"product-type-simple"},"acf":[],"_links":{"self":[{"href":"https:\/\/www.santai-ceramics.com\/de\/wp-json\/wp\/v2\/product\/1904","targetHints":{"allow":["GET"]}}],"collection":[{"href":"https:\/\/www.santai-ceramics.com\/de\/wp-json\/wp\/v2\/product"}],"about":[{"href":"https:\/\/www.santai-ceramics.com\/de\/wp-json\/wp\/v2\/types\/product"}],"replies":[{"embeddable":true,"href":"https:\/\/www.santai-ceramics.com\/de\/wp-json\/wp\/v2\/comments?post=1904"}],"wp:featuredmedia":[{"embeddable":true,"href":"https:\/\/www.santai-ceramics.com\/de\/wp-json\/wp\/v2\/media\/1939"}],"wp:attachment":[{"href":"https:\/\/www.santai-ceramics.com\/de\/wp-json\/wp\/v2\/media?parent=1904"}],"wp:term":[{"taxonomy":"product_brand","embeddable":true,"href":"https:\/\/www.santai-ceramics.com\/de\/wp-json\/wp\/v2\/product_brand?post=1904"},{"taxonomy":"product_cat","embeddable":true,"href":"https:\/\/www.santai-ceramics.com\/de\/wp-json\/wp\/v2\/product_cat?post=1904"},{"taxonomy":"product_tag","embeddable":true,"href":"https:\/\/www.santai-ceramics.com\/de\/wp-json\/wp\/v2\/product_tag?post=1904"}],"curies":[{"name":"wp","href":"https:\/\/api.w.org\/{rel}","templated":true}]}}