{"id":1906,"date":"2025-01-25T03:12:59","date_gmt":"2025-01-25T03:12:59","guid":{"rendered":"https:\/\/www.santai-ceramics.com\/?post_type=product&#038;p=1906"},"modified":"2025-06-12T16:12:10","modified_gmt":"2025-06-12T16:12:10","slug":"wholesale-vintage-ceramic-striped-candle-holder","status":"publish","type":"product","link":"https:\/\/www.santai-ceramics.com\/de\/product\/wholesale-vintage-ceramic-striped-candle-holder\/","title":{"rendered":"Gro\u00dfhandel keramischen gestreiften Kerzenhalter, Bulk elegante Vintage Kerzenhalter zu verkaufen, Unterst\u00fctzung OEM und ODM"},"content":{"rendered":"<h3 class=\"wp-block-heading\">Eigenschaften von Vintage Keramik gestreift Kerzenhalter<\/h3>\n\n\n\n<p><strong>Robust und langlebig:<\/strong> Das keramische Material macht den Kerzenhalter stark und haltbar, kann das Gewicht der Kerze effektiv tragen und hat eine lange Lebensdauer.<\/p>\n\n\n\n<p><strong>Elegante Form: <\/strong>Dieser Keramik-Kerzenhalter kombiniert hellgraue Glasur mit goldenen Streifen, die einen einzigartigen k\u00fcnstlerischen Sinn und ein elegantes Temperament haben und den Gesamteffekt der Heimdekoration effektiv verst\u00e4rken.<\/p>\n\n\n\n<p><strong>Beleuchtungseffekt:<\/strong> Nach dem Aufstellen der Kerze kann dieser Vintage-Keramik-Kerzenhalter einen sanften Lichteffekt erzeugen, der dem Raum eine warme und romantische Atmosph\u00e4re verleiht.<\/p>\n\n\n\n<p><strong>Leicht zu reinigen:<\/strong> Dieser Keramik-Kerzenhalter hat ein glasiertes Design mit einer glatten Oberfl\u00e4che, so dass das Wachs einfach zu reinigen ist und nicht so leicht Schmutz hinterl\u00e4sst.<\/p>\n\n\n\n<p><strong>OEM- und ODM-Dienstleistungen: <\/strong>Wir bieten OEM- und ODM-Dienstleistungen an, um spezifische Design- und Funktionsanforderungen zu erf\u00fcllen und den Beschaffungsbedarf von B-End-K\u00e4ufern zu decken.<\/p>\n\n\n\n<h3 class=\"wp-block-heading\">Individueller Kerzenst\u00e4nder-Service<\/h3>\n\n\n\n<p>Wir bieten OEM- und ODM-Dienstleistungen f\u00fcr unsere Produkte an.<br>Eine schnelle Lieferung von Mustern ist m\u00f6glich.<br>Wir bieten eine Vielzahl von Formen, Farben, individuellem Druck, Verpackungen und anderen ma\u00dfgeschneiderten Dienstleistungen an, um Ihre speziellen Anforderungen zu erf\u00fcllen.<br><a href=\"https:\/\/www.santai-ceramics.com\/de\/custom\/\" data-type=\"page\" data-id=\"13\" target=\"_blank\" rel=\"noreferrer noopener\"><strong><b>Erfahren Sie mehr \u00fcber Custom<\/b> Kerzenhalter Detail.<\/strong><\/a><\/p>\n\n\n\n<div class=\"wp-block-columns is-layout-flex wp-container-core-columns-is-layout-9d6595d7 wp-block-columns-is-layout-flex\">\n<div class=\"wp-block-column is-layout-flow wp-block-column-is-layout-flow\">\n<figure class=\"wp-block-image size-full\"><img decoding=\"async\" width=\"1500\" height=\"1250\" src=\"https:\/\/www.santai-ceramics.com\/wp-content\/uploads\/2025\/01\/vintage-ceramic-candle-holder-9.webp\" alt=\"vintage keramik kerzenhalter (9)\" class=\"wp-image-1963\" srcset=\"https:\/\/www.santai-ceramics.com\/wp-content\/uploads\/2025\/01\/vintage-ceramic-candle-holder-9.webp 1500w, https:\/\/www.santai-ceramics.com\/wp-content\/uploads\/2025\/01\/vintage-ceramic-candle-holder-9-300x250.webp 300w, https:\/\/www.santai-ceramics.com\/wp-content\/uploads\/2025\/01\/vintage-ceramic-candle-holder-9-768x640.webp 768w, https:\/\/www.santai-ceramics.com\/wp-content\/uploads\/2025\/01\/vintage-ceramic-candle-holder-9-14x12.webp 14w, https:\/\/www.santai-ceramics.com\/wp-content\/uploads\/2025\/01\/vintage-ceramic-candle-holder-9-1200x1000.webp 1200w, https:\/\/www.santai-ceramics.com\/wp-content\/uploads\/2025\/01\/vintage-ceramic-candle-holder-9-600x500.webp 600w\" sizes=\"(max-width: 1500px) 100vw, 1500px\" \/><\/figure>\n<\/div>\n\n\n\n<div class=\"wp-block-column is-layout-flow wp-block-column-is-layout-flow\">\n<figure class=\"wp-block-image size-full\"><img decoding=\"async\" width=\"1500\" height=\"1249\" src=\"https:\/\/www.santai-ceramics.com\/wp-content\/uploads\/2025\/01\/vintage-ceramic-candle-holder-10.webp\" alt=\"vintage keramik kerzenhalter (10)\" class=\"wp-image-1964\" srcset=\"https:\/\/www.santai-ceramics.com\/wp-content\/uploads\/2025\/01\/vintage-ceramic-candle-holder-10.webp 1500w, https:\/\/www.santai-ceramics.com\/wp-content\/uploads\/2025\/01\/vintage-ceramic-candle-holder-10-300x250.webp 300w, https:\/\/www.santai-ceramics.com\/wp-content\/uploads\/2025\/01\/vintage-ceramic-candle-holder-10-768x639.webp 768w, https:\/\/www.santai-ceramics.com\/wp-content\/uploads\/2025\/01\/vintage-ceramic-candle-holder-10-14x12.webp 14w, https:\/\/www.santai-ceramics.com\/wp-content\/uploads\/2025\/01\/vintage-ceramic-candle-holder-10-1200x999.webp 1200w, https:\/\/www.santai-ceramics.com\/wp-content\/uploads\/2025\/01\/vintage-ceramic-candle-holder-10-600x500.webp 600w\" sizes=\"(max-width: 1500px) 100vw, 1500px\" \/><\/figure>\n<\/div>\n<\/div>","protected":false},"excerpt":{"rendered":"<p>Gro\u00dfhandel Vintage-Keramik-Kerzenhalter, jeder Kerzenhalter kombiniert hellgraue Glasur mit goldenen Streifen, elegante Form, kann die allgemeine Atmosph\u00e4re der Innenumgebung zu verbessern. W\u00e4hlen Sie uns f\u00fcr Gro\u00dfhandel Keramik-Kerzenhalter, k\u00f6nnen Sie hochwertige Materialien und Verarbeitung, flexible Anpassung Dienstleistungen und erschwinglichen Preisen Fabrik zu bekommen. Willkommen bei uns f\u00fcr ein Angebot zu kontaktieren.<\/p>\n<h2>\nSpezifikation von Vintage Keramik gestreift Kerzenst\u00e4nder<\/h2>\n<table width=\"855\">\n<tbody>\n<tr>\n<td width=\"285\">Modellnummer<\/td>\n<td width=\"285\">A34889-LD40-A01<\/td>\n<td width=\"285\">A34889-LD40-A02<\/td>\n<\/tr>\n<tr>\n<td>Produktname<\/td>\n<td>Keramischer Blumentopf<\/td>\n<td>Keramischer Blumentopf<\/td>\n<\/tr>\n<tr>\n<td>Farbe<\/td>\n<td>Antikes Grau<\/td>\n<td>Antikes Grau<\/td>\n<\/tr>\n<tr>\n<td>Material<\/td>\n<td>Keramik<\/td>\n<td>Keramik<\/td>\n<\/tr>\n<tr>\n<td>Verwendungsszenarien<\/td>\n<td>Wohnungseinrichtung<\/td>\n<td>Wohnungseinrichtung<\/td>\n<\/tr>\n<tr>\n<td>Abmessungen<\/td>\n<td>T:11.5X28cm<\/td>\n<td>T:11.5X18cm<\/td>\n<\/tr>\n<tr>\n<td>Gewicht<\/td>\n<td>0,8 kg\/St\u00fcck<\/td>\n<td>0,6 kg\/St\u00fcck<\/td>\n<\/tr>\n<\/tbody>\n<\/table>","protected":false},"featured_media":1955,"comment_status":"closed","ping_status":"closed","template":"","meta":{"_acf_changed":false},"product_brand":[],"product_cat":[18,46,26],"product_tag":[],"class_list":{"0":"post-1906","1":"product","2":"type-product","3":"status-publish","4":"has-post-thumbnail","6":"product_cat-home-decor","7":"product_cat-wholesale-ceramic-candle-holders","8":"product_cat-home-accessories","10":"first","11":"instock","12":"shipping-taxable","13":"product-type-simple"},"acf":[],"_links":{"self":[{"href":"https:\/\/www.santai-ceramics.com\/de\/wp-json\/wp\/v2\/product\/1906","targetHints":{"allow":["GET"]}}],"collection":[{"href":"https:\/\/www.santai-ceramics.com\/de\/wp-json\/wp\/v2\/product"}],"about":[{"href":"https:\/\/www.santai-ceramics.com\/de\/wp-json\/wp\/v2\/types\/product"}],"replies":[{"embeddable":true,"href":"https:\/\/www.santai-ceramics.com\/de\/wp-json\/wp\/v2\/comments?post=1906"}],"wp:featuredmedia":[{"embeddable":true,"href":"https:\/\/www.santai-ceramics.com\/de\/wp-json\/wp\/v2\/media\/1955"}],"wp:attachment":[{"href":"https:\/\/www.santai-ceramics.com\/de\/wp-json\/wp\/v2\/media?parent=1906"}],"wp:term":[{"taxonomy":"product_brand","embeddable":true,"href":"https:\/\/www.santai-ceramics.com\/de\/wp-json\/wp\/v2\/product_brand?post=1906"},{"taxonomy":"product_cat","embeddable":true,"href":"https:\/\/www.santai-ceramics.com\/de\/wp-json\/wp\/v2\/product_cat?post=1906"},{"taxonomy":"product_tag","embeddable":true,"href":"https:\/\/www.santai-ceramics.com\/de\/wp-json\/wp\/v2\/product_tag?post=1906"}],"curies":[{"name":"wp","href":"https:\/\/api.w.org\/{rel}","templated":true}]}}