{"id":1907,"date":"2025-01-25T03:38:33","date_gmt":"2025-01-25T03:38:33","guid":{"rendered":"https:\/\/www.santai-ceramics.com\/?post_type=product&#038;p=1907"},"modified":"2025-06-12T09:05:19","modified_gmt":"2025-06-12T09:05:19","slug":"wholesale-ceramic-house-decor","status":"publish","type":"product","link":"https:\/\/www.santai-ceramics.com\/de\/product\/wholesale-ceramic-house-decor\/","title":{"rendered":"Gro\u00dfhandel keramischen Haus Dekor, Bulk Chinese Vintage keramischen dekorativen H\u00e4user, Unterst\u00fctzung OEM und ODM"},"content":{"rendered":"<h3 class=\"wp-block-heading\">Eigenschaften von Ceramic House Decor<\/h3>\n\n\n\n<p><strong>Wunderbare Form:<\/strong> Die Form des keramischen Deko-Hauses ist kreativ, mit hellgrauer Glasur und nat\u00fcrlicher Textur, die einen einzigartigen k\u00fcnstlerischen Sinn hat und einen komfortablen visuellen Genuss zu Ihrem Haus Dekoration hinzuf\u00fcgt.<\/p>\n\n\n\n<p><strong>Multifunktional einsetzbar:<\/strong> Diese Keramikdekoration ist nicht nur eine eigenst\u00e4ndige Dekoration, sondern kann auch als kleine Vase f\u00fcr frische oder getrocknete Blumen verwendet werden, die dem Haus Lebendigkeit und nat\u00fcrliche Elemente verleiht.<\/p>\n\n\n\n<p><strong>Starke Haltbarkeit:<\/strong> Hergestellt aus nat\u00fcrlichem und haltbarem Keramikmaterial, kombiniert mit sorgf\u00e4ltiger Handwerkskunst, kann diese keramische Hausdekoration dem t\u00e4glichen Gebrauch standhalten, ohne leicht besch\u00e4digt zu werden, und hat eine lange Lebensdauer.<\/p>\n\n\n\n<p><strong>Professioneller OEM- und ODM-Service: <\/strong>Wir bieten OEM- und ODM-Dienstleistungen an und k\u00f6nnen Farbe, Gr\u00f6\u00dfe und Muster der T\u00f6pferwaren nach Kundenwunsch anpassen, um den Anforderungen der verschiedenen M\u00e4rkte gerecht zu werden.<\/p>\n\n\n\n<p><strong>Fabrikpreis: <\/strong>SANTAI bietet Gro\u00dfhandels-Keramik-Dekor f\u00fcr B-End-K\u00e4ufer zu Fabrikpreisen an, die f\u00fcr Gro\u00dfh\u00e4ndler, Einzelh\u00e4ndler und Heimdekorationsunternehmen geeignet sind.<\/p>\n\n\n\n<h3 class=\"wp-block-heading\">Individueller Keramik-Dekor-Service<\/h3>\n\n\n\n<p>Wir bieten OEM- und ODM-Dienstleistungen f\u00fcr unsere Produkte an.<br>Eine schnelle Lieferung von Mustern ist m\u00f6glich.<br>Wir bieten eine Vielzahl von Formen, Farben, individuellem Druck, Verpackungen und anderen ma\u00dfgeschneiderten Dienstleistungen an, um Ihre speziellen Anforderungen zu erf\u00fcllen.<br><a href=\"https:\/\/www.santai-ceramics.com\/de\/custom\/\" data-type=\"page\" data-id=\"13\" target=\"_blank\" rel=\"noreferrer noopener\"><strong><b>Erfahren Sie mehr \u00fcber Custom<\/b> Keramikdekor Detail.<\/strong><\/a><\/p>\n\n\n\n<div class=\"wp-block-columns is-layout-flex wp-container-core-columns-is-layout-9d6595d7 wp-block-columns-is-layout-flex\">\n<div class=\"wp-block-column is-layout-flow wp-block-column-is-layout-flow\">\n<figure class=\"wp-block-image size-full\"><img decoding=\"async\" width=\"1500\" height=\"1250\" src=\"https:\/\/www.santai-ceramics.com\/wp-content\/uploads\/2025\/01\/Wholesale-Ceramic-House-Decor-11.webp\" alt=\"Gro\u00dfhandel f\u00fcr keramische Hausdekoration (11)\" class=\"wp-image-1977\" srcset=\"https:\/\/www.santai-ceramics.com\/wp-content\/uploads\/2025\/01\/Wholesale-Ceramic-House-Decor-11.webp 1500w, https:\/\/www.santai-ceramics.com\/wp-content\/uploads\/2025\/01\/Wholesale-Ceramic-House-Decor-11-300x250.webp 300w, https:\/\/www.santai-ceramics.com\/wp-content\/uploads\/2025\/01\/Wholesale-Ceramic-House-Decor-11-768x640.webp 768w, https:\/\/www.santai-ceramics.com\/wp-content\/uploads\/2025\/01\/Wholesale-Ceramic-House-Decor-11-14x12.webp 14w, https:\/\/www.santai-ceramics.com\/wp-content\/uploads\/2025\/01\/Wholesale-Ceramic-House-Decor-11-1200x1000.webp 1200w, https:\/\/www.santai-ceramics.com\/wp-content\/uploads\/2025\/01\/Wholesale-Ceramic-House-Decor-11-600x500.webp 600w\" sizes=\"(max-width: 1500px) 100vw, 1500px\" \/><\/figure>\n<\/div>\n\n\n\n<div class=\"wp-block-column is-layout-flow wp-block-column-is-layout-flow\">\n<figure class=\"wp-block-image size-full\"><img decoding=\"async\" width=\"1500\" height=\"1249\" src=\"https:\/\/www.santai-ceramics.com\/wp-content\/uploads\/2025\/01\/Wholesale-Ceramic-House-Decor-12.webp\" alt=\"Gro\u00dfhandel Keramik Haus Dekor (12)\" class=\"wp-image-1978\" srcset=\"https:\/\/www.santai-ceramics.com\/wp-content\/uploads\/2025\/01\/Wholesale-Ceramic-House-Decor-12.webp 1500w, https:\/\/www.santai-ceramics.com\/wp-content\/uploads\/2025\/01\/Wholesale-Ceramic-House-Decor-12-300x250.webp 300w, https:\/\/www.santai-ceramics.com\/wp-content\/uploads\/2025\/01\/Wholesale-Ceramic-House-Decor-12-768x639.webp 768w, https:\/\/www.santai-ceramics.com\/wp-content\/uploads\/2025\/01\/Wholesale-Ceramic-House-Decor-12-14x12.webp 14w, https:\/\/www.santai-ceramics.com\/wp-content\/uploads\/2025\/01\/Wholesale-Ceramic-House-Decor-12-1200x999.webp 1200w, https:\/\/www.santai-ceramics.com\/wp-content\/uploads\/2025\/01\/Wholesale-Ceramic-House-Decor-12-600x500.webp 600w\" sizes=\"(max-width: 1500px) 100vw, 1500px\" \/><\/figure>\n<\/div>\n<\/div>","protected":false},"excerpt":{"rendered":"<p>Gro\u00dfhandel Keramik dekorative H\u00e4user, bietet SANTAI Sie mit hochwertigen und kreativen Keramik Haus Dekor, diese Keramik Haus Dekor mit seiner wunderbaren Form und hellgraue Glasur, kombiniert mit nat\u00fcrlichen Textur, f\u00fcgt eine einzigartige k\u00fcnstlerische Sinn f\u00fcr den Innenraum. Wir bieten eine breite Palette von Gr\u00f6\u00dfen und Stilen. Und unterst\u00fctzen flexible Anpassungsdienste. Willkommen bei uns.<\/p>\n<h2>Spezifikation von Ceramic House Decor<\/h2>\n<table width=\"1140\">\n<tbody>\n<tr>\n<td width=\"285\">Modellnummer<\/td>\n<td width=\"285\">A37640-LD40-A01<\/td>\n<td width=\"285\">A37640-LD40-A02<\/td>\n<td width=\"285\">A37640-LD40-A03<\/td>\n<\/tr>\n<tr>\n<td>Produktname<\/td>\n<td>Keramisches H\u00e4uschen Blumentopf<\/td>\n<td>Keramisches H\u00e4uschen Blumentopf<\/td>\n<td>Keramisches H\u00e4uschen Blumentopf<\/td>\n<\/tr>\n<tr>\n<td>Farbe<\/td>\n<td>Antikes Grau<\/td>\n<td>Antikes Grau<\/td>\n<td>Antikes Grau<\/td>\n<\/tr>\n<tr>\n<td>Material<\/td>\n<td>Keramik<\/td>\n<td>Keramik<\/td>\n<td>Keramik<\/td>\n<\/tr>\n<tr>\n<td>Verwendungsszenarien<\/td>\n<td>Wohnungseinrichtung<\/td>\n<td>Wohnungseinrichtung<\/td>\n<td>Wohnungseinrichtung<\/td>\n<\/tr>\n<tr>\n<td>Abmessungen<\/td>\n<td>12X8X15,5cm<\/td>\n<td>10X7.5X12.5cm<\/td>\n<td>10,5X7X9,5cm<\/td>\n<\/tr>\n<tr>\n<td>Gewicht<\/td>\n<td>0,6 kg\/St\u00fcck<\/td>\n<td>0,44 kg\/St\u00fcck<\/td>\n<td>0,3 kg\/St\u00fcck<\/td>\n<\/tr>\n<\/tbody>\n<\/table>","protected":false},"featured_media":1967,"comment_status":"closed","ping_status":"closed","template":"","meta":{"_acf_changed":false},"product_brand":[],"product_cat":[18,42,23],"product_tag":[],"class_list":{"0":"post-1907","1":"product","2":"type-product","3":"status-publish","4":"has-post-thumbnail","6":"product_cat-home-decor","7":"product_cat-wholesale-ceramic-plant-pots","8":"product_cat-ceramic-pots-planters","10":"first","11":"instock","12":"shipping-taxable","13":"product-type-simple"},"acf":[],"_links":{"self":[{"href":"https:\/\/www.santai-ceramics.com\/de\/wp-json\/wp\/v2\/product\/1907","targetHints":{"allow":["GET"]}}],"collection":[{"href":"https:\/\/www.santai-ceramics.com\/de\/wp-json\/wp\/v2\/product"}],"about":[{"href":"https:\/\/www.santai-ceramics.com\/de\/wp-json\/wp\/v2\/types\/product"}],"replies":[{"embeddable":true,"href":"https:\/\/www.santai-ceramics.com\/de\/wp-json\/wp\/v2\/comments?post=1907"}],"wp:featuredmedia":[{"embeddable":true,"href":"https:\/\/www.santai-ceramics.com\/de\/wp-json\/wp\/v2\/media\/1967"}],"wp:attachment":[{"href":"https:\/\/www.santai-ceramics.com\/de\/wp-json\/wp\/v2\/media?parent=1907"}],"wp:term":[{"taxonomy":"product_brand","embeddable":true,"href":"https:\/\/www.santai-ceramics.com\/de\/wp-json\/wp\/v2\/product_brand?post=1907"},{"taxonomy":"product_cat","embeddable":true,"href":"https:\/\/www.santai-ceramics.com\/de\/wp-json\/wp\/v2\/product_cat?post=1907"},{"taxonomy":"product_tag","embeddable":true,"href":"https:\/\/www.santai-ceramics.com\/de\/wp-json\/wp\/v2\/product_tag?post=1907"}],"curies":[{"name":"wp","href":"https:\/\/api.w.org\/{rel}","templated":true}]}}