{"id":2020,"date":"2025-02-20T07:19:40","date_gmt":"2025-02-20T07:19:40","guid":{"rendered":"https:\/\/www.santai-ceramics.com\/?post_type=product&#038;p=2020"},"modified":"2025-02-20T07:19:51","modified_gmt":"2025-02-20T07:19:51","slug":"wholesale-vintage-bud-vases","status":"publish","type":"product","link":"https:\/\/www.santai-ceramics.com\/de\/product\/wholesale-vintage-bud-vases\/","title":{"rendered":"Gro\u00dfhandel Vintage Knospe Vasen, schmales Design, geeignet f\u00fcr Blumenarrangement Dekoration - SANTAI Keramik-Vase Hersteller"},"content":{"rendered":"<h3 class=\"wp-block-heading\">Eigenschaften von Vintage Bud Vases<\/h3>\n\n\n\n<p><strong>Klassischer Retro-Stil: <\/strong>Die Vase hat eine gelbe Glasur im Retro-Stil, und die einzigartige Farbe passt sehr gut zu verschiedenen Wohnstilen.<\/p>\n\n\n\n<p><strong>Geeignet f\u00fcr viele Gelegenheiten:<\/strong> Die Vintage-Knospenvase kann f\u00fcr das Wohnzimmer, den Esstisch, das Arbeitszimmer, das B\u00fcro und die Dekoration von Gesch\u00e4ftsr\u00e4umen verwendet werden.<\/p>\n\n\n\n<p><strong>Geeignet f\u00fcr den Gro\u00dfhandel: <\/strong>Werksdirektverkauf, wettbewerbsf\u00e4higerer Preis, geeignet f\u00fcr Einzelh\u00e4ndler und Dekorationsfirmen, um Gro\u00dfeink\u00e4ufe zu t\u00e4tigen, um den Bed\u00fcrfnissen des Marktes gerecht zu werden.<\/p>\n\n\n\n<p><strong>OEM- und ODM-Unterst\u00fctzung: <\/strong>Der Keramikvasenhersteller Santai bietet ma\u00dfgeschneiderte Vasenl\u00f6sungen aus einer Hand und bietet eine F\u00fclle von ma\u00dfgeschneiderten Vasenoptionen.<\/p>\n\n\n\n<h3 class=\"wp-block-heading\">Individuelles Vasen-Service aus Keramik<\/h3>\n\n\n\n<p>Wir bieten OEM- und ODM-Dienstleistungen f\u00fcr unsere Produkte an.<br>Eine schnelle Lieferung von Mustern ist m\u00f6glich.<br>Wir bieten eine Vielzahl von Formen, Farben, individuellem Druck, Verpackungen und anderen ma\u00dfgeschneiderten Dienstleistungen an, um Ihre speziellen Anforderungen zu erf\u00fcllen.<br><a href=\"https:\/\/www.santai-ceramics.com\/de\/custom\/\" data-type=\"page\" data-id=\"13\" target=\"_blank\" rel=\"noreferrer noopener\"><strong><b>Erfahren Sie mehr \u00fcber Custom<\/b> Keramikvase Details.<\/strong><\/a><\/p>\n\n\n\n<div class=\"wp-block-columns is-layout-flex wp-container-core-columns-is-layout-9d6595d7 wp-block-columns-is-layout-flex\">\n<div class=\"wp-block-column is-layout-flow wp-block-column-is-layout-flow\">\n<figure class=\"wp-block-image size-full\"><img decoding=\"async\" width=\"1500\" height=\"1249\" src=\"https:\/\/www.santai-ceramics.com\/wp-content\/uploads\/2025\/02\/Wholesale-Vintage-Bud-Vase-7.webp\" alt=\"Gro\u00dfhandel Vintage Bud Vase (7)\" class=\"wp-image-2053\" srcset=\"https:\/\/www.santai-ceramics.com\/wp-content\/uploads\/2025\/02\/Wholesale-Vintage-Bud-Vase-7.webp 1500w, https:\/\/www.santai-ceramics.com\/wp-content\/uploads\/2025\/02\/Wholesale-Vintage-Bud-Vase-7-300x250.webp 300w, https:\/\/www.santai-ceramics.com\/wp-content\/uploads\/2025\/02\/Wholesale-Vintage-Bud-Vase-7-768x639.webp 768w, https:\/\/www.santai-ceramics.com\/wp-content\/uploads\/2025\/02\/Wholesale-Vintage-Bud-Vase-7-14x12.webp 14w, https:\/\/www.santai-ceramics.com\/wp-content\/uploads\/2025\/02\/Wholesale-Vintage-Bud-Vase-7-1200x999.webp 1200w, https:\/\/www.santai-ceramics.com\/wp-content\/uploads\/2025\/02\/Wholesale-Vintage-Bud-Vase-7-600x500.webp 600w\" sizes=\"(max-width: 1500px) 100vw, 1500px\" \/><\/figure>\n<\/div>\n\n\n\n<div class=\"wp-block-column is-layout-flow wp-block-column-is-layout-flow\">\n<figure class=\"wp-block-image size-full\"><img decoding=\"async\" width=\"1500\" height=\"1249\" src=\"https:\/\/www.santai-ceramics.com\/wp-content\/uploads\/2025\/02\/Wholesale-Vintage-Bud-Vase-8.webp\" alt=\"Gro\u00dfhandel Vintage Bud Vase (8)\" class=\"wp-image-2054\" srcset=\"https:\/\/www.santai-ceramics.com\/wp-content\/uploads\/2025\/02\/Wholesale-Vintage-Bud-Vase-8.webp 1500w, https:\/\/www.santai-ceramics.com\/wp-content\/uploads\/2025\/02\/Wholesale-Vintage-Bud-Vase-8-300x250.webp 300w, https:\/\/www.santai-ceramics.com\/wp-content\/uploads\/2025\/02\/Wholesale-Vintage-Bud-Vase-8-768x639.webp 768w, https:\/\/www.santai-ceramics.com\/wp-content\/uploads\/2025\/02\/Wholesale-Vintage-Bud-Vase-8-14x12.webp 14w, https:\/\/www.santai-ceramics.com\/wp-content\/uploads\/2025\/02\/Wholesale-Vintage-Bud-Vase-8-1200x999.webp 1200w, https:\/\/www.santai-ceramics.com\/wp-content\/uploads\/2025\/02\/Wholesale-Vintage-Bud-Vase-8-600x500.webp 600w\" sizes=\"(max-width: 1500px) 100vw, 1500px\" \/><\/figure>\n<\/div>\n<\/div>","protected":false},"excerpt":{"rendered":"<p data-pm-slice=\"0 0 []\">Gro\u00dfhandel Vintage Knospenvasen, ob frische Blumen, getrocknete Blumen oder dekorative Zweige, k\u00f6nnen exquisit in dieser Vase angezeigt werden, bringen elegante visuelle Genuss. Santai unterst\u00fctzt oem und odm, kontaktieren Sie uns f\u00fcr ein Angebot.<\/p>\n<h2>Spezifikation von Keramik Vintage Bud Vasen<\/h2>\n<table style=\"border-collapse: collapse; width: 855.02pt;\" border=\"0\" width=\"1140\" cellspacing=\"0\" cellpadding=\"0\">\n<tbody>\n<tr style=\"height: 24.95pt;\">\n<td class=\"et2\" style=\"height: 24.95pt; width: 213.75pt;\" width=\"285\" height=\"33\">Modellnummer<\/td>\n<td class=\"et3\" style=\"width: 213.75pt;\" width=\"285\">G37686-WC18-A01<\/td>\n<td class=\"et3\" style=\"width: 213.75pt;\" width=\"285\">G37686-WC18-A02<\/td>\n<td class=\"et3\" style=\"width: 213.75pt;\" width=\"285\">G37686-WC18-A03<\/td>\n<\/tr>\n<tr style=\"height: 24.95pt;\">\n<td class=\"et2\" style=\"height: 24.95pt;\" height=\"33\">Produktname<\/td>\n<td class=\"et3\">Keramischer Blumentopf<\/td>\n<td class=\"et3\">Keramischer Blumentopf<\/td>\n<td class=\"et3\">Keramischer Blumentopf<\/td>\n<\/tr>\n<tr style=\"height: 24.95pt;\">\n<td class=\"et2\" style=\"height: 24.95pt;\" height=\"33\">Farbe<\/td>\n<td class=\"et3\">Antikes Gelb<\/td>\n<td class=\"et3\">Antikes Gelb<\/td>\n<td class=\"et3\">Antikes Gelb<\/td>\n<\/tr>\n<tr style=\"height: 24.95pt;\">\n<td class=\"et2\" style=\"height: 24.95pt;\" height=\"33\">Material<\/td>\n<td class=\"et3\">Keramik<\/td>\n<td class=\"et3\">Keramik<\/td>\n<td class=\"et3\">Keramik<\/td>\n<\/tr>\n<tr style=\"height: 24.95pt;\">\n<td class=\"et2\" style=\"height: 24.95pt;\" height=\"33\">Verwendungsszenarien<\/td>\n<td class=\"et3\">Wohnungseinrichtung<\/td>\n<td class=\"et3\">Wohnungseinrichtung<\/td>\n<td class=\"et3\">Wohnungseinrichtung<\/td>\n<\/tr>\n<tr style=\"height: 24.95pt;\">\n<td class=\"et2\" style=\"height: 24.95pt;\" height=\"33\">Abmessungen<\/td>\n<td class=\"et3\">T:15,5X30,5cm<\/td>\n<td class=\"et3\">T:17.5X24cm<\/td>\n<td class=\"et3\">T:17.5X18cm<\/td>\n<\/tr>\n<tr style=\"height: 24.95pt;\">\n<td class=\"et2\" style=\"height: 24.95pt;\" height=\"33\">Gewicht<\/td>\n<td class=\"et3\">3,5 kg\/St\u00fcck<\/td>\n<td class=\"et3\">3,1 kg\/St\u00fcck<\/td>\n<td class=\"et3\">2,6 kg\/St\u00fcck<\/td>\n<\/tr>\n<\/tbody>\n<\/table>","protected":false},"featured_media":2047,"comment_status":"closed","ping_status":"closed","template":"","meta":{"_acf_changed":false},"product_brand":[],"product_cat":[18,22],"product_tag":[],"class_list":{"0":"post-2020","1":"product","2":"type-product","3":"status-publish","4":"has-post-thumbnail","6":"product_cat-home-decor","7":"product_cat-vase","9":"first","10":"instock","11":"shipping-taxable","12":"product-type-simple"},"acf":[],"_links":{"self":[{"href":"https:\/\/www.santai-ceramics.com\/de\/wp-json\/wp\/v2\/product\/2020","targetHints":{"allow":["GET"]}}],"collection":[{"href":"https:\/\/www.santai-ceramics.com\/de\/wp-json\/wp\/v2\/product"}],"about":[{"href":"https:\/\/www.santai-ceramics.com\/de\/wp-json\/wp\/v2\/types\/product"}],"replies":[{"embeddable":true,"href":"https:\/\/www.santai-ceramics.com\/de\/wp-json\/wp\/v2\/comments?post=2020"}],"wp:featuredmedia":[{"embeddable":true,"href":"https:\/\/www.santai-ceramics.com\/de\/wp-json\/wp\/v2\/media\/2047"}],"wp:attachment":[{"href":"https:\/\/www.santai-ceramics.com\/de\/wp-json\/wp\/v2\/media?parent=2020"}],"wp:term":[{"taxonomy":"product_brand","embeddable":true,"href":"https:\/\/www.santai-ceramics.com\/de\/wp-json\/wp\/v2\/product_brand?post=2020"},{"taxonomy":"product_cat","embeddable":true,"href":"https:\/\/www.santai-ceramics.com\/de\/wp-json\/wp\/v2\/product_cat?post=2020"},{"taxonomy":"product_tag","embeddable":true,"href":"https:\/\/www.santai-ceramics.com\/de\/wp-json\/wp\/v2\/product_tag?post=2020"}],"curies":[{"name":"wp","href":"https:\/\/api.w.org\/{rel}","templated":true}]}}