{"id":2147,"date":"2025-03-06T14:27:54","date_gmt":"2025-03-06T14:27:54","guid":{"rendered":"https:\/\/www.santai-ceramics.com\/?post_type=product&#038;p=2147"},"modified":"2025-06-10T00:55:45","modified_gmt":"2025-06-10T00:55:45","slug":"wholesale-vintage-ceramic-jar-with-electroplated-gold-finish","status":"publish","type":"product","link":"https:\/\/www.santai-ceramics.com\/de\/product\/wholesale-vintage-ceramic-jar-with-electroplated-gold-finish\/","title":{"rendered":"Gro\u00dfhandel Weinlese-Keramik-Glas mit Deckel- Elegante antike galvanisierte Gold dekorative Lagerung Container"},"content":{"rendered":"<h3 class=\"wp-block-heading\">Eigenschaften von Vintage Ceramic Jar<\/h3>\n\n\n\n<p><strong>Klassisches Retro-Design: <\/strong>Das Vintage-Keramikgef\u00e4\u00df ist mit einer antiken, galvanisch vergoldeten Oberfl\u00e4che versehen, die einen eleganten Retro-Stil aufweist.<\/p>\n\n\n\n<p><strong>Multifunktionale dekorative Verwendung: <\/strong>Der Vintage-Keramikkrug kann als Wohndekoration verwendet werden, um dem Raum eine k\u00fcnstlerische Atmosph\u00e4re zu verleihen, und er kann auch zur Aufbewahrung von Gegenst\u00e4nden verwendet werden.<\/p>\n\n\n\n<p><strong>Exquisite Handwerkskunst: <\/strong>Jedes Keramikgef\u00e4\u00df ist in feiner Handarbeit hergestellt und hat ein zartes Aussehen. Es kann nicht nur die Qualit\u00e4t des Hauses verbessern, sondern hat auch Sammlerwert.<\/p>\n\n\n\n<p><strong>Umweltfreundlich und unbedenklich:<\/strong> Es wird umweltfreundliches keramisches Material verwendet, das sicher und unbedenklich ist und eine sehr gesunde Wahl f\u00fcr den Haushalt darstellt.<\/p>\n\n\n\n<h3 class=\"wp-block-heading\">Individueller T\u00f6pferdienst<\/h3>\n\n\n\n<p>Wir bieten OEM- und ODM-Dienstleistungen f\u00fcr unsere Produkte an.<br>Eine schnelle Lieferung von Mustern ist m\u00f6glich.<br>Wir bieten eine Vielzahl von Formen, Farben, individuellem Druck, Verpackungen und anderen ma\u00dfgeschneiderten Dienstleistungen an, um Ihre speziellen Anforderungen zu erf\u00fcllen.<br><a href=\"https:\/\/www.santai-ceramics.com\/de\/custom\/\" data-type=\"page\" data-id=\"13\" target=\"_blank\" rel=\"noreferrer noopener\"><strong><b>Erfahren Sie mehr \u00fcber Custom<\/b> T\u00f6pferei Detail.<\/strong><\/a><\/p>\n\n\n\n<div class=\"wp-block-columns is-layout-flex wp-container-core-columns-is-layout-9d6595d7 wp-block-columns-is-layout-flex\">\n<div class=\"wp-block-column is-layout-flow wp-block-column-is-layout-flow\">\n<figure class=\"wp-block-image size-full\"><img decoding=\"async\" width=\"1500\" height=\"1250\" src=\"https:\/\/www.santai-ceramics.com\/wp-content\/uploads\/2025\/03\/Wholesale-Vintage-Ceramic-Jar-with-Lid-2.webp\" alt=\"Gro\u00dfhandel Vintage Keramiktopf mit Deckel (2)\" class=\"wp-image-2159\" srcset=\"https:\/\/www.santai-ceramics.com\/wp-content\/uploads\/2025\/03\/Wholesale-Vintage-Ceramic-Jar-with-Lid-2.webp 1500w, https:\/\/www.santai-ceramics.com\/wp-content\/uploads\/2025\/03\/Wholesale-Vintage-Ceramic-Jar-with-Lid-2-300x250.webp 300w, https:\/\/www.santai-ceramics.com\/wp-content\/uploads\/2025\/03\/Wholesale-Vintage-Ceramic-Jar-with-Lid-2-768x640.webp 768w, https:\/\/www.santai-ceramics.com\/wp-content\/uploads\/2025\/03\/Wholesale-Vintage-Ceramic-Jar-with-Lid-2-14x12.webp 14w, https:\/\/www.santai-ceramics.com\/wp-content\/uploads\/2025\/03\/Wholesale-Vintage-Ceramic-Jar-with-Lid-2-1200x1000.webp 1200w, https:\/\/www.santai-ceramics.com\/wp-content\/uploads\/2025\/03\/Wholesale-Vintage-Ceramic-Jar-with-Lid-2-600x500.webp 600w\" sizes=\"(max-width: 1500px) 100vw, 1500px\" \/><\/figure>\n<\/div>\n\n\n\n<div class=\"wp-block-column is-layout-flow wp-block-column-is-layout-flow\">\n<figure class=\"wp-block-image size-full\"><img decoding=\"async\" width=\"1500\" height=\"1249\" src=\"https:\/\/www.santai-ceramics.com\/wp-content\/uploads\/2025\/03\/Wholesale-Vintage-Ceramic-Jar-with-Lid-3.webp\" alt=\"Gro\u00dfhandel Vintage Keramiktopf mit Deckel (3)\" class=\"wp-image-2160\" srcset=\"https:\/\/www.santai-ceramics.com\/wp-content\/uploads\/2025\/03\/Wholesale-Vintage-Ceramic-Jar-with-Lid-3.webp 1500w, https:\/\/www.santai-ceramics.com\/wp-content\/uploads\/2025\/03\/Wholesale-Vintage-Ceramic-Jar-with-Lid-3-300x250.webp 300w, https:\/\/www.santai-ceramics.com\/wp-content\/uploads\/2025\/03\/Wholesale-Vintage-Ceramic-Jar-with-Lid-3-768x639.webp 768w, https:\/\/www.santai-ceramics.com\/wp-content\/uploads\/2025\/03\/Wholesale-Vintage-Ceramic-Jar-with-Lid-3-14x12.webp 14w, https:\/\/www.santai-ceramics.com\/wp-content\/uploads\/2025\/03\/Wholesale-Vintage-Ceramic-Jar-with-Lid-3-1200x999.webp 1200w, https:\/\/www.santai-ceramics.com\/wp-content\/uploads\/2025\/03\/Wholesale-Vintage-Ceramic-Jar-with-Lid-3-600x500.webp 600w\" sizes=\"(max-width: 1500px) 100vw, 1500px\" \/><\/figure>\n<\/div>\n<\/div>","protected":false},"excerpt":{"rendered":"<p data-pm-slice=\"0 0 []\">\u00a0Dieses Gro\u00dfhandelsglas aus Vintage-Keramik bietet einen zeitlosen, eleganten Touch und ist ideal f\u00fcr Einzelh\u00e4ndler oder Veranstaltungsplaner, die ein hochwertiges, stilvolles Keramikglas suchen. Unterst\u00fctzung OEM und ODM; kontaktieren Sie uns f\u00fcr ein Angebot.<\/p>\n<h2>Spezifikation des Vintage-Keramikgef\u00e4\u00dfes<\/h2>\n<table width=\"855\">\n<tbody>\n<tr>\n<td width=\"285\">Modellnummer<\/td>\n<td width=\"285\">A35349-G094-G01<\/td>\n<td width=\"285\">A35349-G094-G02<\/td>\n<\/tr>\n<tr>\n<td>Produktname<\/td>\n<td>Keramischer Krug<\/td>\n<td>Keramischer Krug<\/td>\n<\/tr>\n<tr>\n<td>Farbe<\/td>\n<td>Antikes galvanisiertes Gold<\/td>\n<td>Antikes galvanisiertes Gold<\/td>\n<\/tr>\n<tr>\n<td>Material<\/td>\n<td>Keramik<\/td>\n<td>Keramik<\/td>\n<\/tr>\n<tr>\n<td>Verwendungsszenarien<\/td>\n<td>Wohnungseinrichtung<\/td>\n<td>Wohnungseinrichtung<\/td>\n<\/tr>\n<tr>\n<td>Abmessungen<\/td>\n<td>T:17X27cm<\/td>\n<td>T:15X21.5cm<\/td>\n<\/tr>\n<tr>\n<td>Gewicht<\/td>\n<td>1,3 kg\/St\u00fcck<\/td>\n<td>1kg\/St\u00fcck<\/td>\n<\/tr>\n<\/tbody>\n<\/table>","protected":false},"featured_media":2158,"comment_status":"closed","ping_status":"closed","template":"","meta":{"_acf_changed":false},"product_brand":[],"product_cat":[18,43],"product_tag":[],"class_list":{"0":"post-2147","1":"product","2":"type-product","3":"status-publish","4":"has-post-thumbnail","6":"product_cat-home-decor","7":"product_cat-wholesale-ceramic-jar","9":"first","10":"instock","11":"shipping-taxable","12":"product-type-simple"},"acf":[],"_links":{"self":[{"href":"https:\/\/www.santai-ceramics.com\/de\/wp-json\/wp\/v2\/product\/2147","targetHints":{"allow":["GET"]}}],"collection":[{"href":"https:\/\/www.santai-ceramics.com\/de\/wp-json\/wp\/v2\/product"}],"about":[{"href":"https:\/\/www.santai-ceramics.com\/de\/wp-json\/wp\/v2\/types\/product"}],"replies":[{"embeddable":true,"href":"https:\/\/www.santai-ceramics.com\/de\/wp-json\/wp\/v2\/comments?post=2147"}],"wp:featuredmedia":[{"embeddable":true,"href":"https:\/\/www.santai-ceramics.com\/de\/wp-json\/wp\/v2\/media\/2158"}],"wp:attachment":[{"href":"https:\/\/www.santai-ceramics.com\/de\/wp-json\/wp\/v2\/media?parent=2147"}],"wp:term":[{"taxonomy":"product_brand","embeddable":true,"href":"https:\/\/www.santai-ceramics.com\/de\/wp-json\/wp\/v2\/product_brand?post=2147"},{"taxonomy":"product_cat","embeddable":true,"href":"https:\/\/www.santai-ceramics.com\/de\/wp-json\/wp\/v2\/product_cat?post=2147"},{"taxonomy":"product_tag","embeddable":true,"href":"https:\/\/www.santai-ceramics.com\/de\/wp-json\/wp\/v2\/product_tag?post=2147"}],"curies":[{"name":"wp","href":"https:\/\/api.w.org\/{rel}","templated":true}]}}