{"id":2214,"date":"2025-03-23T16:12:29","date_gmt":"2025-03-23T16:12:29","guid":{"rendered":"https:\/\/www.santai-ceramics.com\/?post_type=product&#038;p=2214"},"modified":"2025-03-23T16:12:31","modified_gmt":"2025-03-23T16:12:31","slug":"wholesale-blooming-petal-shaped-ceramic-vase","status":"publish","type":"product","link":"https:\/\/www.santai-ceramics.com\/de\/product\/wholesale-blooming-petal-shaped-ceramic-vase\/","title":{"rendered":"Gro\u00dfhandel Blooming Petal Keramik-Vase, einfach und frisch olivgr\u00fcn Stil - SANTAI Keramik-Vase Hersteller"},"content":{"rendered":"<h3 class=\"wp-block-heading\">Eigenschaften von Petal Keramik Vase<\/h3>\n\n\n\n<p><strong>Einzigartiges Design: <\/strong>Das bl\u00fctenf\u00f6rmige Design der Keramikvase ist einzigartig, mit einem besonderen visuellen Effekt, und die eingesetzten Blumen und Pflanzen sind stabiler.<\/p>\n\n\n\n<p><strong>Frische Farbe: <\/strong>Die Vase mit den Bl\u00fctenbl\u00e4ttern ist frisch und nat\u00fcrlich in olivgr\u00fcner Optik, so dass sich die Menschen wohlf\u00fchlen und zur Ruhe kommen. Verschiedene Arten von Blumen und Gr\u00fcnpflanzen sind gut aufeinander abgestimmt, um eine einheitliche und harmonische Atmosph\u00e4re zu schaffen.<\/p>\n\n\n\n<p><strong>Gute Materialqualit\u00e4t: <\/strong>Die Vase mit Bl\u00fctenbl\u00e4ttern ist aus hochwertiger, bei hoher Temperatur gebrannter Keramik gefertigt und hat eine feine Oberfl\u00e4chenstruktur, leuchtende Farben und einen angenehmen Griff.<\/p>\n\n\n\n<p><strong>Mehrere Gr\u00f6\u00dfen: <\/strong>Das Vasen-Set bietet mehrere Spezifikationen zur Auswahl, die zur Dekoration des Hauses kombiniert werden k\u00f6nnen, und l\u00e4sst sich auch leicht mit Blumen in verschiedenen L\u00e4ngen oder Formen kombinieren.<\/p>\n\n\n\n<h3 class=\"wp-block-heading\">Individuelles Vasen-Service aus Keramik<\/h3>\n\n\n\n<p>Wir bieten OEM- und ODM-Dienstleistungen f\u00fcr unsere Produkte an.<br>Eine schnelle Lieferung von Mustern ist m\u00f6glich.<br>Wir bieten eine Vielzahl von Formen, Farben, individuellem Druck, Verpackungen und anderen ma\u00dfgeschneiderten Dienstleistungen an, um Ihre speziellen Anforderungen zu erf\u00fcllen.<br><a href=\"https:\/\/www.santai-ceramics.com\/de\/custom\/\" data-type=\"page\" data-id=\"13\" target=\"_blank\" rel=\"noreferrer noopener\"><strong><b>Erfahren Sie mehr \u00fcber Custom<\/b> Keramikvase Detail.<\/strong><\/a><\/p>\n\n\n\n<div class=\"wp-block-columns is-layout-flex wp-container-core-columns-is-layout-9d6595d7 wp-block-columns-is-layout-flex\">\n<div class=\"wp-block-column is-layout-flow wp-block-column-is-layout-flow\"><\/div>\n\n\n\n<div class=\"wp-block-column is-layout-flow wp-block-column-is-layout-flow\"><\/div>\n<\/div>","protected":false},"excerpt":{"rendered":"<p data-pm-slice=\"0 0 []\">Gro\u00dfhandels-Keramikvasen in Bl\u00fctenform sind hochdekorative Kunstwerke mit einer weichen Glasur, die die nat\u00fcrliche Sch\u00f6nheit von Blumen hervorhebt und sie ideal f\u00fcr die Heimdekoration macht. Kontaktieren Sie uns f\u00fcr Gro\u00dfhandel Angebote!<\/p>\n<h2>Spezifikation der Keramikvase Petal<\/h2>\n<table width=\"1140\">\n<tbody>\n<tr>\n<td width=\"285\">Modellnummer<\/td>\n<td width=\"285\">A37753-LD53-A01<\/td>\n<td width=\"285\">A37753-LD53-A02<\/td>\n<td width=\"285\">A37753-LD53-A03<\/td>\n<\/tr>\n<tr>\n<td>Produktname<\/td>\n<td>Keramischer Blumen-Eiertopf<\/td>\n<td>Keramischer Blumen-Eiertopf<\/td>\n<td>Keramischer Blumen-Eiertopf<\/td>\n<\/tr>\n<tr>\n<td>Farbe<\/td>\n<td>Hellgr\u00fcn<\/td>\n<td>Hellgr\u00fcn<\/td>\n<td>Hellgr\u00fcn<\/td>\n<\/tr>\n<tr>\n<td>Material<\/td>\n<td>Keramik<\/td>\n<td>Keramik<\/td>\n<td>Keramik<\/td>\n<\/tr>\n<tr>\n<td>Verwendungsszenarien<\/td>\n<td>Wohnungseinrichtung<\/td>\n<td>Wohnungseinrichtung<\/td>\n<td>Wohnungseinrichtung<\/td>\n<\/tr>\n<tr>\n<td>Abmessungen<\/td>\n<td>T:16.5X14cm<\/td>\n<td>T:12,5X11cm<\/td>\n<td>T:10X8,5cm<\/td>\n<\/tr>\n<tr>\n<td>Gewicht<\/td>\n<td>0,9 kg\/St\u00fcck<\/td>\n<td>0,4 kg\/St\u00fcck<\/td>\n<td>0,3 kg\/St\u00fcck<\/td>\n<\/tr>\n<\/tbody>\n<\/table>","protected":false},"featured_media":2260,"comment_status":"closed","ping_status":"closed","template":"","meta":{"_acf_changed":false},"product_brand":[],"product_cat":[18,22],"product_tag":[],"class_list":{"0":"post-2214","1":"product","2":"type-product","3":"status-publish","4":"has-post-thumbnail","6":"product_cat-home-decor","7":"product_cat-vase","9":"first","10":"instock","11":"shipping-taxable","12":"product-type-simple"},"acf":[],"_links":{"self":[{"href":"https:\/\/www.santai-ceramics.com\/de\/wp-json\/wp\/v2\/product\/2214","targetHints":{"allow":["GET"]}}],"collection":[{"href":"https:\/\/www.santai-ceramics.com\/de\/wp-json\/wp\/v2\/product"}],"about":[{"href":"https:\/\/www.santai-ceramics.com\/de\/wp-json\/wp\/v2\/types\/product"}],"replies":[{"embeddable":true,"href":"https:\/\/www.santai-ceramics.com\/de\/wp-json\/wp\/v2\/comments?post=2214"}],"wp:featuredmedia":[{"embeddable":true,"href":"https:\/\/www.santai-ceramics.com\/de\/wp-json\/wp\/v2\/media\/2260"}],"wp:attachment":[{"href":"https:\/\/www.santai-ceramics.com\/de\/wp-json\/wp\/v2\/media?parent=2214"}],"wp:term":[{"taxonomy":"product_brand","embeddable":true,"href":"https:\/\/www.santai-ceramics.com\/de\/wp-json\/wp\/v2\/product_brand?post=2214"},{"taxonomy":"product_cat","embeddable":true,"href":"https:\/\/www.santai-ceramics.com\/de\/wp-json\/wp\/v2\/product_cat?post=2214"},{"taxonomy":"product_tag","embeddable":true,"href":"https:\/\/www.santai-ceramics.com\/de\/wp-json\/wp\/v2\/product_tag?post=2214"}],"curies":[{"name":"wp","href":"https:\/\/api.w.org\/{rel}","templated":true}]}}