{"id":2215,"date":"2025-03-23T15:25:37","date_gmt":"2025-03-23T15:25:37","guid":{"rendered":"https:\/\/www.santai-ceramics.com\/?post_type=product&#038;p=2215"},"modified":"2025-03-23T15:25:38","modified_gmt":"2025-03-23T15:25:38","slug":"wholesale-exquisite-art-deco-ceramic-vase","status":"publish","type":"product","link":"https:\/\/www.santai-ceramics.com\/de\/product\/wholesale-exquisite-art-deco-ceramic-vase\/","title":{"rendered":"Gro\u00dfhandel Exquisite Art Deco keramische Vase, einzigartige breiten Mund keramische Vase f\u00fcr Home Decor"},"content":{"rendered":"<h3 class=\"wp-block-heading\">Eigenschaften von Exquisite Art Deco Keramikvase<\/h3>\n\n\n\n<p><strong>\u00c4sthetisches Design mit vertikalen Streifen: <\/strong>Diese moderne Keramikvase mit breiter \u00d6ffnung, 8 mm breiten Rillenstreifen und weicher Glasur, bildet eine dreidimensionale visuelle Ebene durch Licht- und Schattenbrechung und verbessert die \u00c4sthetik der Heimdekoration.<\/p>\n\n\n\n<p><strong>Flexible Kombination: <\/strong>Es werden Vasen in verschiedenen Gr\u00f6\u00dfen angeboten, die einzeln oder in Kombination verwendet werden k\u00f6nnen, um den verschiedenen Dekorationsbed\u00fcrfnissen gerecht zu werden, geeignet f\u00fcr frische Blumen, Trockenblumen oder Kunstblumen.<\/p>\n\n\n\n<p><strong>Hochwertiges Material: <\/strong>Keramikvasen sind handgefertigt und werden bei hohen Temperaturen gebrannt. Sie sind langlebig, glatt und leicht zu reinigen und k\u00f6nnen auch nach langem Gebrauch noch bunt und strukturiert bleiben.<\/p>\n\n\n\n<p><strong>Multiszenen-Anwendung: <\/strong>Kann an verschiedenen Orten aufgestellt werden, z. B. in Wohnr\u00e4umen, Restaurants, B\u00fcros, Hotels usw. Das elegante hellgr\u00fcne Erscheinungsbild kann der Umgebung Vitalit\u00e4t verleihen.<\/p>\n\n\n\n<h3 class=\"wp-block-heading\">Individuelles Vasen-Service aus Keramik<\/h3>\n\n\n\n<p>Wir bieten OEM- und ODM-Dienstleistungen f\u00fcr unsere Produkte an.<br>Eine schnelle Lieferung von Mustern ist m\u00f6glich.<br>Wir bieten eine Vielzahl von Formen, Farben, individuellem Druck, Verpackungen und anderen ma\u00dfgeschneiderten Dienstleistungen an, um Ihre speziellen Anforderungen zu erf\u00fcllen.<br><a href=\"https:\/\/www.santai-ceramics.com\/de\/custom\/\" data-type=\"page\" data-id=\"13\" target=\"_blank\" rel=\"noreferrer noopener\"><strong><b>Erfahren Sie mehr \u00fcber Custom<\/b> Keramikvase Detail.<\/strong><\/a><\/p>\n\n\n\n<div class=\"wp-block-columns is-layout-flex wp-container-core-columns-is-layout-9d6595d7 wp-block-columns-is-layout-flex\">\n<div class=\"wp-block-column is-layout-flow wp-block-column-is-layout-flow\">\n<figure class=\"wp-block-image size-full\"><img decoding=\"async\" width=\"2500\" height=\"2082\" src=\"https:\/\/www.santai-ceramics.com\/wp-content\/uploads\/2025\/03\/Wholesale-Wide-Mouth-Art-Deco-Ceramic-Vase-4.webp\" alt=\"Gro\u00dfhandel weiten Mund Art Deco Keramik-Vase (4)\" class=\"wp-image-2249\" srcset=\"https:\/\/www.santai-ceramics.com\/wp-content\/uploads\/2025\/03\/Wholesale-Wide-Mouth-Art-Deco-Ceramic-Vase-4.webp 2500w, https:\/\/www.santai-ceramics.com\/wp-content\/uploads\/2025\/03\/Wholesale-Wide-Mouth-Art-Deco-Ceramic-Vase-4-300x250.webp 300w, https:\/\/www.santai-ceramics.com\/wp-content\/uploads\/2025\/03\/Wholesale-Wide-Mouth-Art-Deco-Ceramic-Vase-4-768x640.webp 768w, https:\/\/www.santai-ceramics.com\/wp-content\/uploads\/2025\/03\/Wholesale-Wide-Mouth-Art-Deco-Ceramic-Vase-4-14x12.webp 14w, https:\/\/www.santai-ceramics.com\/wp-content\/uploads\/2025\/03\/Wholesale-Wide-Mouth-Art-Deco-Ceramic-Vase-4-1200x999.webp 1200w, https:\/\/www.santai-ceramics.com\/wp-content\/uploads\/2025\/03\/Wholesale-Wide-Mouth-Art-Deco-Ceramic-Vase-4-600x500.webp 600w\" sizes=\"(max-width: 2500px) 100vw, 2500px\" \/><\/figure>\n<\/div>\n\n\n\n<div class=\"wp-block-column is-layout-flow wp-block-column-is-layout-flow\">\n<figure class=\"wp-block-image size-full\"><img decoding=\"async\" width=\"2500\" height=\"2083\" src=\"https:\/\/www.santai-ceramics.com\/wp-content\/uploads\/2025\/03\/Wholesale-Wide-Mouth-Art-Deco-Ceramic-Vase-5.webp\" alt=\"Gro\u00dfhandel weiten Mund Art Deco Keramik-Vase (5)\" class=\"wp-image-2250\" srcset=\"https:\/\/www.santai-ceramics.com\/wp-content\/uploads\/2025\/03\/Wholesale-Wide-Mouth-Art-Deco-Ceramic-Vase-5.webp 2500w, https:\/\/www.santai-ceramics.com\/wp-content\/uploads\/2025\/03\/Wholesale-Wide-Mouth-Art-Deco-Ceramic-Vase-5-300x250.webp 300w, https:\/\/www.santai-ceramics.com\/wp-content\/uploads\/2025\/03\/Wholesale-Wide-Mouth-Art-Deco-Ceramic-Vase-5-768x640.webp 768w, https:\/\/www.santai-ceramics.com\/wp-content\/uploads\/2025\/03\/Wholesale-Wide-Mouth-Art-Deco-Ceramic-Vase-5-14x12.webp 14w, https:\/\/www.santai-ceramics.com\/wp-content\/uploads\/2025\/03\/Wholesale-Wide-Mouth-Art-Deco-Ceramic-Vase-5-1200x1000.webp 1200w, https:\/\/www.santai-ceramics.com\/wp-content\/uploads\/2025\/03\/Wholesale-Wide-Mouth-Art-Deco-Ceramic-Vase-5-600x500.webp 600w\" sizes=\"(max-width: 2500px) 100vw, 2500px\" \/><\/figure>\n<\/div>\n<\/div>\n\n\n\n<div class=\"wp-block-columns is-layout-flex wp-container-core-columns-is-layout-9d6595d7 wp-block-columns-is-layout-flex\">\n<div class=\"wp-block-column is-layout-flow wp-block-column-is-layout-flow\"><\/div>\n\n\n\n<div class=\"wp-block-column is-layout-flow wp-block-column-is-layout-flow\"><\/div>\n<\/div>","protected":false},"excerpt":{"rendered":"<p data-pm-slice=\"0 0 []\">Gro\u00dfhandel exquisite Art-Deco-Keramik-Vase, mit exquisiten Handwerkskunst und einzigartige k\u00fcnstlerische Design-Stil, kann diese Keramik-Vase Eleganz und k\u00fcnstlerische Atmosph\u00e4re in den Innenraum hinzuf\u00fcgen. Wir bieten oem &amp; odm Anpassung Dienstleistungen, begr\u00fc\u00dfen H\u00e4ndler und Gro\u00dfh\u00e4ndler, uns f\u00fcr Angebot zu kontaktieren.<\/p>\n<h2>Spezifikation von Exquisite Art Deco Keramikvase<\/h2>\n<table width=\"855\">\n<tbody>\n<tr>\n<td width=\"285\">Modellnummer<\/td>\n<td width=\"285\">A37755-LD53-A01<\/td>\n<td width=\"285\">A37755-LD53-A02<\/td>\n<\/tr>\n<tr>\n<td>Produktname<\/td>\n<td>Keramische Blumenvase<\/td>\n<td>Keramische Blumenvase<\/td>\n<\/tr>\n<tr>\n<td>Farbe<\/td>\n<td>Hellgr\u00fcn<\/td>\n<td>Hellgr\u00fcn<\/td>\n<\/tr>\n<tr>\n<td>Material<\/td>\n<td>Keramik<\/td>\n<td>Keramik<\/td>\n<\/tr>\n<tr>\n<td>Verwendungsszenarien<\/td>\n<td>Wohnungseinrichtung<\/td>\n<td>Wohnungseinrichtung<\/td>\n<\/tr>\n<tr>\n<td>Abmessungen<\/td>\n<td>T:13,5X17,5cm<\/td>\n<td>T:10,5X13,5cm<\/td>\n<\/tr>\n<tr>\n<td>Gewicht<\/td>\n<td>0,9 kg\/St\u00fcck<\/td>\n<td>0,5 kg\/St\u00fcck<\/td>\n<\/tr>\n<\/tbody>\n<\/table>","protected":false},"featured_media":2246,"comment_status":"closed","ping_status":"closed","template":"","meta":{"_acf_changed":false},"product_brand":[],"product_cat":[18,22],"product_tag":[],"class_list":{"0":"post-2215","1":"product","2":"type-product","3":"status-publish","4":"has-post-thumbnail","6":"product_cat-home-decor","7":"product_cat-vase","9":"first","10":"instock","11":"shipping-taxable","12":"product-type-simple"},"acf":[],"_links":{"self":[{"href":"https:\/\/www.santai-ceramics.com\/de\/wp-json\/wp\/v2\/product\/2215","targetHints":{"allow":["GET"]}}],"collection":[{"href":"https:\/\/www.santai-ceramics.com\/de\/wp-json\/wp\/v2\/product"}],"about":[{"href":"https:\/\/www.santai-ceramics.com\/de\/wp-json\/wp\/v2\/types\/product"}],"replies":[{"embeddable":true,"href":"https:\/\/www.santai-ceramics.com\/de\/wp-json\/wp\/v2\/comments?post=2215"}],"wp:featuredmedia":[{"embeddable":true,"href":"https:\/\/www.santai-ceramics.com\/de\/wp-json\/wp\/v2\/media\/2246"}],"wp:attachment":[{"href":"https:\/\/www.santai-ceramics.com\/de\/wp-json\/wp\/v2\/media?parent=2215"}],"wp:term":[{"taxonomy":"product_brand","embeddable":true,"href":"https:\/\/www.santai-ceramics.com\/de\/wp-json\/wp\/v2\/product_brand?post=2215"},{"taxonomy":"product_cat","embeddable":true,"href":"https:\/\/www.santai-ceramics.com\/de\/wp-json\/wp\/v2\/product_cat?post=2215"},{"taxonomy":"product_tag","embeddable":true,"href":"https:\/\/www.santai-ceramics.com\/de\/wp-json\/wp\/v2\/product_tag?post=2215"}],"curies":[{"name":"wp","href":"https:\/\/api.w.org\/{rel}","templated":true}]}}