{"id":2358,"date":"2025-04-06T07:24:47","date_gmt":"2025-04-06T07:24:47","guid":{"rendered":"https:\/\/www.santai-ceramics.com\/?post_type=product&#038;p=2358"},"modified":"2025-06-05T10:12:55","modified_gmt":"2025-06-05T10:12:55","slug":"wholesale-elegant-fiber-cement-plant-pots","status":"publish","type":"product","link":"https:\/\/www.santai-ceramics.com\/de\/product\/wholesale-elegant-fiber-cement-plant-pots\/","title":{"rendered":"Gro\u00dfhandel Elegante Faserzement-Pflanzt\u00f6pfe"},"content":{"rendered":"<h3 class=\"wp-block-heading\">Features of\u00a0Elegant Fiber Cement Plant Pots<\/h3>\n\n\n\n<p><strong>Good visual effect: <\/strong>Beautiful antique brown and gold finishes provide these planters with good visual effects for rustic, classic, and modern decors, and complement greenery and flower arrangements.<\/p>\n\n\n\n<p><strong>Langlebigkeit: <\/strong>Fiber cement possesses greater strength and structural integrity than terracotta planters and is a perfect long-term solution for both residential and commercial landscaping projects.<\/p>\n\n\n\n<p><strong>Leichtes Gewicht: <\/strong>Fiber cement planters are much lighter than traditional cement or concrete planters, making it easier to redecorate a patio or redesign a garden.<\/p>\n\n\n\n<p><strong>Weather-resistant: <\/strong>Fiber cement planters are weather-resistant. They won&#8217;t warp in strong sunlight, crack in frost, or disintegrate in rain.<\/p>\n\n\n\n<p><strong>OEM und ODM: <\/strong>We offer customers customized development services, including custom demands like size, shape, color, texture, etc., which is suitable for quantity orders.<\/p>\n\n\n\n<h3 class=\"wp-block-heading\">Kundenspezifischer Service<\/h3>\n\n\n\n<p>Wir bieten OEM- und ODM-Dienstleistungen f\u00fcr unsere Produkte an.<br>Eine schnelle Lieferung von Mustern ist m\u00f6glich.<br>Wir bieten eine Vielzahl von Formen, Farben, individuellem Druck, Verpackungen und anderen ma\u00dfgeschneiderten Dienstleistungen an, um Ihre speziellen Anforderungen zu erf\u00fcllen.<br><a href=\"https:\/\/www.santai-ceramics.com\/de\/custom\/\" data-type=\"page\" data-id=\"13\" target=\"_blank\" rel=\"noreferrer noopener\"><strong><b>Erfahren Sie mehr \u00fcber Custom<\/b> Blumentopf Detail.<\/strong><\/a><\/p>\n\n\n\n<div class=\"wp-block-columns is-layout-flex wp-container-core-columns-is-layout-9d6595d7 wp-block-columns-is-layout-flex\">\n<div class=\"wp-block-column is-layout-flow wp-block-column-is-layout-flow\">\n<figure class=\"wp-block-image size-full\"><img decoding=\"async\" width=\"1500\" height=\"1249\" src=\"https:\/\/www.santai-ceramics.com\/wp-content\/uploads\/2025\/04\/Elegant-Fiber-Cement-Plant-Pots-5.webp\" alt=\"Elegant Fiber Cement Plant Pots (5)\" class=\"wp-image-2406\" srcset=\"https:\/\/www.santai-ceramics.com\/wp-content\/uploads\/2025\/04\/Elegant-Fiber-Cement-Plant-Pots-5.webp 1500w, https:\/\/www.santai-ceramics.com\/wp-content\/uploads\/2025\/04\/Elegant-Fiber-Cement-Plant-Pots-5-300x250.webp 300w, https:\/\/www.santai-ceramics.com\/wp-content\/uploads\/2025\/04\/Elegant-Fiber-Cement-Plant-Pots-5-768x639.webp 768w, https:\/\/www.santai-ceramics.com\/wp-content\/uploads\/2025\/04\/Elegant-Fiber-Cement-Plant-Pots-5-14x12.webp 14w, https:\/\/www.santai-ceramics.com\/wp-content\/uploads\/2025\/04\/Elegant-Fiber-Cement-Plant-Pots-5-1200x999.webp 1200w, https:\/\/www.santai-ceramics.com\/wp-content\/uploads\/2025\/04\/Elegant-Fiber-Cement-Plant-Pots-5-600x500.webp 600w\" sizes=\"(max-width: 1500px) 100vw, 1500px\" \/><\/figure>\n<\/div>\n\n\n\n<div class=\"wp-block-column is-layout-flow wp-block-column-is-layout-flow\">\n<figure class=\"wp-block-image size-full\"><img decoding=\"async\" width=\"1500\" height=\"1250\" src=\"https:\/\/www.santai-ceramics.com\/wp-content\/uploads\/2025\/04\/Elegant-Fiber-Cement-Plant-Pots-6.webp\" alt=\"Elegant Fiber Cement Plant Pots (6)\" class=\"wp-image-2407\" srcset=\"https:\/\/www.santai-ceramics.com\/wp-content\/uploads\/2025\/04\/Elegant-Fiber-Cement-Plant-Pots-6.webp 1500w, https:\/\/www.santai-ceramics.com\/wp-content\/uploads\/2025\/04\/Elegant-Fiber-Cement-Plant-Pots-6-300x250.webp 300w, https:\/\/www.santai-ceramics.com\/wp-content\/uploads\/2025\/04\/Elegant-Fiber-Cement-Plant-Pots-6-768x640.webp 768w, https:\/\/www.santai-ceramics.com\/wp-content\/uploads\/2025\/04\/Elegant-Fiber-Cement-Plant-Pots-6-14x12.webp 14w, https:\/\/www.santai-ceramics.com\/wp-content\/uploads\/2025\/04\/Elegant-Fiber-Cement-Plant-Pots-6-1200x1000.webp 1200w, https:\/\/www.santai-ceramics.com\/wp-content\/uploads\/2025\/04\/Elegant-Fiber-Cement-Plant-Pots-6-600x500.webp 600w\" sizes=\"(max-width: 1500px) 100vw, 1500px\" \/><\/figure>\n<\/div>\n<\/div>\n\n\n\n<div class=\"wp-block-columns is-layout-flex wp-container-core-columns-is-layout-9d6595d7 wp-block-columns-is-layout-flex\">\n<div class=\"wp-block-column is-layout-flow wp-block-column-is-layout-flow\"><\/div>\n\n\n\n<div class=\"wp-block-column is-layout-flow wp-block-column-is-layout-flow\"><\/div>\n<\/div>","protected":false},"excerpt":{"rendered":"<p data-pm-slice=\"0 0 []\">Wholesale elegant fiber cement plant pots in antique brown and gold finish add a sophisticated touch to gardens, patios and interiors, suitable for a variety of plants from flowers to small shrubs. Contact us for a quote.<\/p>\n<h2>Specification of Elegant Fiber Cement Plant Pots<\/h2>\n<table width=\"855\">\n<tbody>\n<tr>\n<td width=\"285\">Modellnummer<\/td>\n<td width=\"285\">J37593-H913-A01<\/td>\n<td width=\"285\">J37593-H913-A02<\/td>\n<\/tr>\n<tr>\n<td>Produktname<\/td>\n<td>Pflanzer aus Faserzement<\/td>\n<td>Pflanzer aus Faserzement<\/td>\n<\/tr>\n<tr>\n<td>Farbe<\/td>\n<td>Antikes Braun &amp; Gold<\/td>\n<td>Antikes Braun &amp; Gold<\/td>\n<\/tr>\n<tr>\n<td>Material<\/td>\n<td>Faserzement<\/td>\n<td>Faserzement<\/td>\n<\/tr>\n<tr>\n<td>Verwendungsszenarien<\/td>\n<td>Wohnkultur &amp; Garten<\/td>\n<td>Wohnkultur &amp; Garten<\/td>\n<\/tr>\n<tr>\n<td>Abmessungen<\/td>\n<td>D:36X40cm<\/td>\n<td>D:30.5X33cm<\/td>\n<\/tr>\n<tr>\n<td>Gewicht<\/td>\n<td>8.1kg\/pc<\/td>\n<td>5.2kg\/pc<\/td>\n<\/tr>\n<\/tbody>\n<\/table>","protected":false},"featured_media":2402,"comment_status":"closed","ping_status":"closed","template":"","meta":{"_acf_changed":false},"product_brand":[],"product_cat":[21,41,18,23],"product_tag":[],"class_list":{"0":"post-2358","1":"product","2":"type-product","3":"status-publish","4":"has-post-thumbnail","6":"product_cat-garden-decor","7":"product_cat-wholesale-fiber-cement-plant-pots","8":"product_cat-home-decor","9":"product_cat-ceramic-pots-planters","11":"first","12":"instock","13":"shipping-taxable","14":"product-type-simple"},"acf":[],"_links":{"self":[{"href":"https:\/\/www.santai-ceramics.com\/de\/wp-json\/wp\/v2\/product\/2358","targetHints":{"allow":["GET"]}}],"collection":[{"href":"https:\/\/www.santai-ceramics.com\/de\/wp-json\/wp\/v2\/product"}],"about":[{"href":"https:\/\/www.santai-ceramics.com\/de\/wp-json\/wp\/v2\/types\/product"}],"replies":[{"embeddable":true,"href":"https:\/\/www.santai-ceramics.com\/de\/wp-json\/wp\/v2\/comments?post=2358"}],"wp:featuredmedia":[{"embeddable":true,"href":"https:\/\/www.santai-ceramics.com\/de\/wp-json\/wp\/v2\/media\/2402"}],"wp:attachment":[{"href":"https:\/\/www.santai-ceramics.com\/de\/wp-json\/wp\/v2\/media?parent=2358"}],"wp:term":[{"taxonomy":"product_brand","embeddable":true,"href":"https:\/\/www.santai-ceramics.com\/de\/wp-json\/wp\/v2\/product_brand?post=2358"},{"taxonomy":"product_cat","embeddable":true,"href":"https:\/\/www.santai-ceramics.com\/de\/wp-json\/wp\/v2\/product_cat?post=2358"},{"taxonomy":"product_tag","embeddable":true,"href":"https:\/\/www.santai-ceramics.com\/de\/wp-json\/wp\/v2\/product_tag?post=2358"}],"curies":[{"name":"wp","href":"https:\/\/api.w.org\/{rel}","templated":true}]}}