{"id":2360,"date":"2025-04-06T07:01:12","date_gmt":"2025-04-06T07:01:12","guid":{"rendered":"https:\/\/www.santai-ceramics.com\/?post_type=product&#038;p=2360"},"modified":"2025-06-07T16:06:53","modified_gmt":"2025-06-07T16:06:53","slug":"wholesale-rustic-terracotta-vases-with-texture","status":"publish","type":"product","link":"https:\/\/www.santai-ceramics.com\/de\/product\/wholesale-rustic-terracotta-vases-with-texture\/","title":{"rendered":"Gro\u00dfhandel Rustikale Terrakotta-Vasen mit Textur"},"content":{"rendered":"<h3 class=\"wp-block-heading\">Merkmale der rustikalen Terrakotta-Vasen<\/h3>\n\n\n\n<p><strong>Elegantes Aussehen: <\/strong>Diese Vase hat ein minimalistisches Design, und ihre erdigen T\u00f6ne schaffen eine ruhige Atmosph\u00e4re, die sich sowohl f\u00fcr moderne als auch f\u00fcr traditionelle Wohnkultur eignet.<\/p>\n\n\n\n<p><strong>Multifunktional einsetzbar:<\/strong> Diese Vase aus Terrakotta ist nicht nur f\u00fcr Blumen oder Pflanzen geeignet, sondern auch eine eigenst\u00e4ndige Wohndekoration und ein kreativer Blickfang auf Regalen und Kaminsimsen.<\/p>\n\n\n\n<p><strong>Starke Handwerkskunst: <\/strong>Jede Vase wird bei hoher Temperatur gebrannt und von Hand poliert. Die Oberfl\u00e4che beh\u00e4lt die zarte Textur und die subtilen Farbunterschiede des nat\u00fcrlichen Tons und zeigt eine einzigartige, urspr\u00fcngliche Sch\u00f6nheit.<\/p>\n\n\n\n<p><strong>Geeignet zum Verschenken: <\/strong>Terrakotta selbst stellt die Verbindung zwischen der Antike und der Natur dar. Diese Vase ist nicht nur praktisch, sondern tr\u00e4gt auch einen Sinn f\u00fcr das Leben \u00c4sthetik und Kultur, geeignet als ein Urlaubsgeschenk<\/p>\n\n\n\n<h3 class=\"wp-block-heading\">Individueller Terrakotta-Vasen-Service<\/h3>\n\n\n\n<p>Wir bieten OEM- und ODM-Dienstleistungen f\u00fcr unsere Produkte an.<br>Eine schnelle Lieferung von Mustern ist m\u00f6glich.<br>Wir bieten eine Vielzahl von Formen, Farben, individuellem Druck, Verpackungen und anderen ma\u00dfgeschneiderten Dienstleistungen an, um Ihre speziellen Anforderungen zu erf\u00fcllen.<br><a href=\"https:\/\/www.santai-ceramics.com\/de\/custom\/\" data-type=\"page\" data-id=\"13\" target=\"_blank\" rel=\"noreferrer noopener\"><strong><b>Erfahren Sie mehr \u00fcber Custom<\/b> Terrakotta-Vase Details.<\/strong><\/a><\/p>\n\n\n\n<div class=\"wp-block-columns is-layout-flex wp-container-core-columns-is-layout-9d6595d7 wp-block-columns-is-layout-flex\">\n<div class=\"wp-block-column is-layout-flow wp-block-column-is-layout-flow\">\n<figure class=\"wp-block-image size-full\"><img decoding=\"async\" width=\"1500\" height=\"1249\" src=\"https:\/\/www.santai-ceramics.com\/wp-content\/uploads\/2025\/04\/Wholesale-Rustic-Terracotta-Vases-With-Texture-5.webp\" alt=\"Gro\u00dfhandel Rustikale Terrakotta-Vasen mit Textur (5)\" class=\"wp-image-2399\" srcset=\"https:\/\/www.santai-ceramics.com\/wp-content\/uploads\/2025\/04\/Wholesale-Rustic-Terracotta-Vases-With-Texture-5.webp 1500w, https:\/\/www.santai-ceramics.com\/wp-content\/uploads\/2025\/04\/Wholesale-Rustic-Terracotta-Vases-With-Texture-5-300x250.webp 300w, https:\/\/www.santai-ceramics.com\/wp-content\/uploads\/2025\/04\/Wholesale-Rustic-Terracotta-Vases-With-Texture-5-768x639.webp 768w, https:\/\/www.santai-ceramics.com\/wp-content\/uploads\/2025\/04\/Wholesale-Rustic-Terracotta-Vases-With-Texture-5-14x12.webp 14w, https:\/\/www.santai-ceramics.com\/wp-content\/uploads\/2025\/04\/Wholesale-Rustic-Terracotta-Vases-With-Texture-5-1200x999.webp 1200w, https:\/\/www.santai-ceramics.com\/wp-content\/uploads\/2025\/04\/Wholesale-Rustic-Terracotta-Vases-With-Texture-5-600x500.webp 600w\" sizes=\"(max-width: 1500px) 100vw, 1500px\" \/><\/figure>\n<\/div>\n\n\n\n<div class=\"wp-block-column is-layout-flow wp-block-column-is-layout-flow\">\n<figure class=\"wp-block-image size-full\"><img decoding=\"async\" width=\"1500\" height=\"1250\" src=\"https:\/\/www.santai-ceramics.com\/wp-content\/uploads\/2025\/04\/Wholesale-Rustic-Terracotta-Vases-With-Texture-6.webp\" alt=\"Gro\u00dfhandel Rustikale Terrakotta-Vasen mit Textur (6)\" class=\"wp-image-2400\" srcset=\"https:\/\/www.santai-ceramics.com\/wp-content\/uploads\/2025\/04\/Wholesale-Rustic-Terracotta-Vases-With-Texture-6.webp 1500w, https:\/\/www.santai-ceramics.com\/wp-content\/uploads\/2025\/04\/Wholesale-Rustic-Terracotta-Vases-With-Texture-6-300x250.webp 300w, https:\/\/www.santai-ceramics.com\/wp-content\/uploads\/2025\/04\/Wholesale-Rustic-Terracotta-Vases-With-Texture-6-768x640.webp 768w, https:\/\/www.santai-ceramics.com\/wp-content\/uploads\/2025\/04\/Wholesale-Rustic-Terracotta-Vases-With-Texture-6-14x12.webp 14w, https:\/\/www.santai-ceramics.com\/wp-content\/uploads\/2025\/04\/Wholesale-Rustic-Terracotta-Vases-With-Texture-6-1200x1000.webp 1200w, https:\/\/www.santai-ceramics.com\/wp-content\/uploads\/2025\/04\/Wholesale-Rustic-Terracotta-Vases-With-Texture-6-600x500.webp 600w\" sizes=\"(max-width: 1500px) 100vw, 1500px\" \/><\/figure>\n<\/div>\n<\/div>","protected":false},"excerpt":{"rendered":"<p data-pm-slice=\"0 0 []\">Gro\u00dfhandel rustikalen Ton Vasen mit Texturen bringen einzigartigen Charme zu jedem Interieur oder Einzelhandel Display, geeignet f\u00fcr Wohnkultur Gesch\u00e4fte, Blumenl\u00e4den. Gro\u00dfh\u00e4ndler, Einzelh\u00e4ndler sind willkommen, uns f\u00fcr Angebote zu kontaktieren.<\/p>\n<h2>Spezifikation von Rustikalen Terrakotta-Vasen mit Textur<\/h2>\n<table width=\"1140\">\n<tbody>\n<tr>\n<td width=\"285\">Modellnummer<\/td>\n<td width=\"285\">G37595-H913-A01<\/td>\n<td width=\"285\">G37595-H913-A02<\/td>\n<td width=\"285\">G37595-H913-A03<\/td>\n<\/tr>\n<tr>\n<td>Produktname<\/td>\n<td>Terrakotta-Blumentopf<\/td>\n<td>Terrakotta-Blumentopf<\/td>\n<td>Terrakotta-Blumentopf<\/td>\n<\/tr>\n<tr>\n<td>Farbe<\/td>\n<td>Antikes Braun &amp; Gold<\/td>\n<td>Antikes Braun &amp; Gold<\/td>\n<td>Antikes Braun &amp; Gold<\/td>\n<\/tr>\n<tr>\n<td>Material<\/td>\n<td>Terrakotta\u00a0<\/td>\n<td>Terrakotta\u00a0<\/td>\n<td>Terrakotta\u00a0<\/td>\n<\/tr>\n<tr>\n<td>Verwendungsszenarien<\/td>\n<td>Wohnkultur &amp; Garten<\/td>\n<td>Wohnkultur &amp; Garten<\/td>\n<td>Wohnkultur &amp; Garten<\/td>\n<\/tr>\n<tr>\n<td>Abmessungen<\/td>\n<td>T:25X26cm<\/td>\n<td>T:19X20cm<\/td>\n<td>T:14X14,5cm<\/td>\n<\/tr>\n<tr>\n<td>Gewicht<\/td>\n<td>3,5 kg\/St\u00fcck<\/td>\n<td>1,9 kg\/St\u00fcck<\/td>\n<td>1,1 kg\/St\u00fcck<\/td>\n<\/tr>\n<\/tbody>\n<\/table>","protected":false},"featured_media":2395,"comment_status":"closed","ping_status":"closed","template":"","meta":{"_acf_changed":false},"product_brand":[],"product_cat":[18,22],"product_tag":[],"class_list":{"0":"post-2360","1":"product","2":"type-product","3":"status-publish","4":"has-post-thumbnail","6":"product_cat-home-decor","7":"product_cat-vase","9":"first","10":"instock","11":"shipping-taxable","12":"product-type-simple"},"acf":[],"_links":{"self":[{"href":"https:\/\/www.santai-ceramics.com\/de\/wp-json\/wp\/v2\/product\/2360","targetHints":{"allow":["GET"]}}],"collection":[{"href":"https:\/\/www.santai-ceramics.com\/de\/wp-json\/wp\/v2\/product"}],"about":[{"href":"https:\/\/www.santai-ceramics.com\/de\/wp-json\/wp\/v2\/types\/product"}],"replies":[{"embeddable":true,"href":"https:\/\/www.santai-ceramics.com\/de\/wp-json\/wp\/v2\/comments?post=2360"}],"wp:featuredmedia":[{"embeddable":true,"href":"https:\/\/www.santai-ceramics.com\/de\/wp-json\/wp\/v2\/media\/2395"}],"wp:attachment":[{"href":"https:\/\/www.santai-ceramics.com\/de\/wp-json\/wp\/v2\/media?parent=2360"}],"wp:term":[{"taxonomy":"product_brand","embeddable":true,"href":"https:\/\/www.santai-ceramics.com\/de\/wp-json\/wp\/v2\/product_brand?post=2360"},{"taxonomy":"product_cat","embeddable":true,"href":"https:\/\/www.santai-ceramics.com\/de\/wp-json\/wp\/v2\/product_cat?post=2360"},{"taxonomy":"product_tag","embeddable":true,"href":"https:\/\/www.santai-ceramics.com\/de\/wp-json\/wp\/v2\/product_tag?post=2360"}],"curies":[{"name":"wp","href":"https:\/\/api.w.org\/{rel}","templated":true}]}}