{"id":2361,"date":"2025-04-06T03:30:48","date_gmt":"2025-04-06T03:30:48","guid":{"rendered":"https:\/\/www.santai-ceramics.com\/?post_type=product&#038;p=2361"},"modified":"2025-06-12T16:12:23","modified_gmt":"2025-06-12T16:12:23","slug":"wholesale-elegant-vintage-candle-holders","status":"publish","type":"product","link":"https:\/\/www.santai-ceramics.com\/de\/product\/wholesale-elegant-vintage-candle-holders\/","title":{"rendered":"Gro\u00dfhandel Elegante Vintage Kerzenhalter - mehrere Gr\u00f6\u00dfen zur Auswahl"},"content":{"rendered":"<h3 class=\"wp-block-heading\">Eigenschaften von eleganten Vintage-Kerzenhaltern<\/h3>\n\n\n\n<p><strong>Klassisches Aussehen:<\/strong> Der Kerzenhalter weist eine durch Handarbeit entstandene Oberfl\u00e4chenstruktur auf, die das gealterte Aussehen von antiker Keramik nachahmt und den Stil klassischer europ\u00e4ischer Architekturelemente widerspiegelt.<\/p>\n\n\n\n<p><strong>Langlebiges Harzmaterial: <\/strong>Dieser Kerzenst\u00e4nder ist aus Polyesterharz gefertigt und eignet sich sowohl f\u00fcr den Innen- als auch f\u00fcr den Au\u00dfenbereich, von gem\u00fctlichen Winterabenden vor dem Kamin bis hin zu n\u00e4chtlichen Gartenpartys im Sommer.<\/p>\n\n\n\n<p><strong>Anwendbar im Hotel oder Restaurant: <\/strong>Sie besteht aus hochwertigem Polyesterharz und ist riss- und splitterfest, was sie perfekt f\u00fcr Hotels oder stark frequentierte Restaurants macht.<\/p>\n\n\n\n<p><strong>Gro\u00dfhandelsservice: <\/strong>Dieser in gro\u00dfen Mengen erh\u00e4ltliche Gro\u00dfhandels-Kerzenhalter ist f\u00fcr den effizienten Versand, die Lagerung und den Aufbau konzipiert, ganz gleich, ob Sie saisonale Dekoration, Hotelm\u00f6bel oder Mietartikel f\u00fcr Hochzeiten\/Veranstaltungen kaufen.<\/p>\n\n\n\n<div class=\"wp-block-columns is-layout-flex wp-container-core-columns-is-layout-9d6595d7 wp-block-columns-is-layout-flex\">\n<div class=\"wp-block-column is-layout-flow wp-block-column-is-layout-flow\">\n<figure class=\"wp-block-image size-full\"><img decoding=\"async\" width=\"1500\" height=\"1249\" src=\"https:\/\/www.santai-ceramics.com\/wp-content\/uploads\/2025\/04\/Wholesale-Elegant-Candle-Holders-6.webp\" alt=\"Gro\u00dfhandel Elegante Kerzenst\u00e4nder (6)\" class=\"wp-image-2378\" srcset=\"https:\/\/www.santai-ceramics.com\/wp-content\/uploads\/2025\/04\/Wholesale-Elegant-Candle-Holders-6.webp 1500w, https:\/\/www.santai-ceramics.com\/wp-content\/uploads\/2025\/04\/Wholesale-Elegant-Candle-Holders-6-300x250.webp 300w, https:\/\/www.santai-ceramics.com\/wp-content\/uploads\/2025\/04\/Wholesale-Elegant-Candle-Holders-6-768x639.webp 768w, https:\/\/www.santai-ceramics.com\/wp-content\/uploads\/2025\/04\/Wholesale-Elegant-Candle-Holders-6-14x12.webp 14w, https:\/\/www.santai-ceramics.com\/wp-content\/uploads\/2025\/04\/Wholesale-Elegant-Candle-Holders-6-1200x999.webp 1200w, https:\/\/www.santai-ceramics.com\/wp-content\/uploads\/2025\/04\/Wholesale-Elegant-Candle-Holders-6-600x500.webp 600w\" sizes=\"(max-width: 1500px) 100vw, 1500px\" \/><\/figure>\n<\/div>\n\n\n\n<div class=\"wp-block-column is-layout-flow wp-block-column-is-layout-flow\">\n<figure class=\"wp-block-image size-full\"><img decoding=\"async\" width=\"1500\" height=\"1249\" src=\"https:\/\/www.santai-ceramics.com\/wp-content\/uploads\/2025\/04\/Wholesale-Elegant-Candle-Holders-7.webp\" alt=\"Gro\u00dfhandel Elegante Kerzenst\u00e4nder (7)\" class=\"wp-image-2379\" srcset=\"https:\/\/www.santai-ceramics.com\/wp-content\/uploads\/2025\/04\/Wholesale-Elegant-Candle-Holders-7.webp 1500w, https:\/\/www.santai-ceramics.com\/wp-content\/uploads\/2025\/04\/Wholesale-Elegant-Candle-Holders-7-300x250.webp 300w, https:\/\/www.santai-ceramics.com\/wp-content\/uploads\/2025\/04\/Wholesale-Elegant-Candle-Holders-7-768x639.webp 768w, https:\/\/www.santai-ceramics.com\/wp-content\/uploads\/2025\/04\/Wholesale-Elegant-Candle-Holders-7-14x12.webp 14w, https:\/\/www.santai-ceramics.com\/wp-content\/uploads\/2025\/04\/Wholesale-Elegant-Candle-Holders-7-1200x999.webp 1200w, https:\/\/www.santai-ceramics.com\/wp-content\/uploads\/2025\/04\/Wholesale-Elegant-Candle-Holders-7-600x500.webp 600w\" sizes=\"(max-width: 1500px) 100vw, 1500px\" \/><\/figure>\n<\/div>\n<\/div>\n\n\n\n<h3 class=\"wp-block-heading\">Individueller Keramik-Dekor-Service<\/h3>\n\n\n\n<p>Wir bieten OEM- und ODM-Dienstleistungen f\u00fcr unsere Produkte an.<br>Eine schnelle Lieferung von Mustern ist m\u00f6glich.<br>Wir bieten eine Vielzahl von Formen, Farben, individuellem Druck, Verpackungen und anderen ma\u00dfgeschneiderten Dienstleistungen an, um Ihre speziellen Anforderungen zu erf\u00fcllen.<\/p>\n\n\n\n<p><a href=\"https:\/\/www.santai-ceramics.com\/de\/custom\/\" data-type=\"page\" data-id=\"13\" target=\"_blank\" rel=\"noreferrer noopener\"><b>Erfahren Sie mehr \u00fcber kundenspezifische Kerzenhalter Details<\/b>.<\/a><br><\/p>\n\n\n\n<div class=\"wp-block-columns is-layout-flex wp-container-core-columns-is-layout-9d6595d7 wp-block-columns-is-layout-flex\">\n<div class=\"wp-block-column is-layout-flow wp-block-column-is-layout-flow\"><\/div>\n\n\n\n<div class=\"wp-block-column is-layout-flow wp-block-column-is-layout-flow\"><\/div>\n<\/div>","protected":false},"excerpt":{"rendered":"<p data-pm-slice=\"0 0 []\">Gro\u00dfhandel elegante Kerzenhalter, aus hochfestem Harz, mit handwerklicher Kunstfertigkeit, um eine Vintage-Textur zu schaffen, visuell atemberaubend, sehr geeignet f\u00fcr High-End-Restaurants, Hotels. Willkommen Einzelh\u00e4ndler, Gro\u00dfh\u00e4ndler, Heimdekoration Dienstleister, uns zu kontaktieren.<\/p>\n<h2>Spezifikation von eleganten Vintage-Kerzenhaltern<\/h2>\n<table width=\"855\">\n<tbody>\n<tr>\n<td width=\"285\">Modellnummer<\/td>\n<td width=\"285\">E37596-H913-A01<\/td>\n<td width=\"285\">E37596-H913-A02<\/td>\n<\/tr>\n<tr>\n<td>Produktname<\/td>\n<td>Kerzenst\u00e4nder aus Polyresin<\/td>\n<td>Kerzenst\u00e4nder aus Polyresin<\/td>\n<\/tr>\n<tr>\n<td>Farbe<\/td>\n<td>Antikes Braun &amp; Gold<\/td>\n<td>Antikes Braun &amp; Gold<\/td>\n<\/tr>\n<tr>\n<td>Material<\/td>\n<td>Polyresin<\/td>\n<td>Polyresin<\/td>\n<\/tr>\n<tr>\n<td>Verwendungsszenarien<\/td>\n<td>Wohnungseinrichtung<\/td>\n<td>Wohnungseinrichtung<\/td>\n<\/tr>\n<tr>\n<td>Abmessungen<\/td>\n<td>T:13.5X36cm<\/td>\n<td>T:13X27cm<\/td>\n<\/tr>\n<tr>\n<td>Gewicht<\/td>\n<td>1,8 kg\/St\u00fcck<\/td>\n<td>1,1 kg\/St\u00fcck<\/td>\n<\/tr>\n<\/tbody>\n<\/table>","protected":false},"featured_media":2373,"comment_status":"closed","ping_status":"closed","template":"","meta":{"_acf_changed":false},"product_brand":[],"product_cat":[18,26,45],"product_tag":[],"class_list":{"0":"post-2361","1":"product","2":"type-product","3":"status-publish","4":"has-post-thumbnail","6":"product_cat-home-decor","7":"product_cat-home-accessories","8":"product_cat-wholesale-resin-candle-holders","10":"first","11":"instock","12":"shipping-taxable","13":"product-type-simple"},"acf":[],"_links":{"self":[{"href":"https:\/\/www.santai-ceramics.com\/de\/wp-json\/wp\/v2\/product\/2361","targetHints":{"allow":["GET"]}}],"collection":[{"href":"https:\/\/www.santai-ceramics.com\/de\/wp-json\/wp\/v2\/product"}],"about":[{"href":"https:\/\/www.santai-ceramics.com\/de\/wp-json\/wp\/v2\/types\/product"}],"replies":[{"embeddable":true,"href":"https:\/\/www.santai-ceramics.com\/de\/wp-json\/wp\/v2\/comments?post=2361"}],"wp:featuredmedia":[{"embeddable":true,"href":"https:\/\/www.santai-ceramics.com\/de\/wp-json\/wp\/v2\/media\/2373"}],"wp:attachment":[{"href":"https:\/\/www.santai-ceramics.com\/de\/wp-json\/wp\/v2\/media?parent=2361"}],"wp:term":[{"taxonomy":"product_brand","embeddable":true,"href":"https:\/\/www.santai-ceramics.com\/de\/wp-json\/wp\/v2\/product_brand?post=2361"},{"taxonomy":"product_cat","embeddable":true,"href":"https:\/\/www.santai-ceramics.com\/de\/wp-json\/wp\/v2\/product_cat?post=2361"},{"taxonomy":"product_tag","embeddable":true,"href":"https:\/\/www.santai-ceramics.com\/de\/wp-json\/wp\/v2\/product_tag?post=2361"}],"curies":[{"name":"wp","href":"https:\/\/api.w.org\/{rel}","templated":true}]}}