{"id":2362,"date":"2025-04-06T02:52:04","date_gmt":"2025-04-06T02:52:04","guid":{"rendered":"https:\/\/www.santai-ceramics.com\/?post_type=product&#038;p=2362"},"modified":"2025-06-07T16:37:16","modified_gmt":"2025-06-07T16:37:16","slug":"wholesale-vintage-style-urn-planter-pots","status":"publish","type":"product","link":"https:\/\/www.santai-ceramics.com\/de\/product\/wholesale-vintage-style-urn-planter-pots\/","title":{"rendered":"Gro\u00dfhandel Vintage-Stil Urne Pflanzer T\u00f6pfe f\u00fcr f\u00fcr Garten oder Home Decor"},"content":{"rendered":"<h3 class=\"wp-block-heading\">Eigenschaften von Urn Planter Pots<\/h3>\n\n\n\n<p><strong>Kompatibilit\u00e4t mit mehreren Szenarien: <\/strong>Diese Serie von Urnen-Pflanzgef\u00e4\u00dfen hat 3 Gr\u00f6\u00dfen, die als Blument\u00f6pfe zu Hause oder in gewerblichen R\u00e4umen verwendet werden k\u00f6nnen, und k\u00f6nnen miteinander kombiniert werden, um den am besten geeigneten dekorativen Raum zu schaffen.<\/p>\n\n\n\n<p><strong>Retro-\u00c4sthetik: <\/strong>Die bronzene Oberfl\u00e4che setzt den Retro-Charme fort und macht einen einzelnen Blumentopf kompatibel mit antiken Regalen und der Dekoration von Gartenr\u00e4umen.<\/p>\n\n\n\n<p><strong>Gute Haltbarkeit: <\/strong>Das aus Faserzement hergestellte Material ist frost- und hitzebest\u00e4ndig und verf\u00fcgt \u00fcber eine ausgezeichnete Haltbarkeit im Freien.<\/p>\n\n\n\n<p><strong>Leichtes Gewicht: <\/strong>Durch die Verwendung von Faserzement ist er 40% leichter als herk\u00f6mmliche Tont\u00f6pfe, wodurch er bequemer und einfacher zu tragen ist.<\/p>\n\n\n\n<p><strong>OEM und ODM: <\/strong>Als professioneller Hersteller von T\u00f6pferwaren bietet SANTAI professionelle Anpassungsdienste und Fabrikpreise f\u00fcr Gro\u00dfauftr\u00e4ge.<\/p>\n\n\n\n<div class=\"wp-block-columns is-layout-flex wp-container-core-columns-is-layout-9d6595d7 wp-block-columns-is-layout-flex\">\n<div class=\"wp-block-column is-layout-flow wp-block-column-is-layout-flow\">\n<figure class=\"wp-block-image size-full\"><img decoding=\"async\" width=\"1500\" height=\"1250\" src=\"https:\/\/www.santai-ceramics.com\/wp-content\/uploads\/2025\/04\/Wholesale-Vintage-Style-Urn-Planter-Pots4.webp\" alt=\"Gro\u00dfhandel Vintage-Stil Urne Pflanzer T\u00f6pfe (4)\" class=\"wp-image-2369\" srcset=\"https:\/\/www.santai-ceramics.com\/wp-content\/uploads\/2025\/04\/Wholesale-Vintage-Style-Urn-Planter-Pots4.webp 1500w, https:\/\/www.santai-ceramics.com\/wp-content\/uploads\/2025\/04\/Wholesale-Vintage-Style-Urn-Planter-Pots4-300x250.webp 300w, https:\/\/www.santai-ceramics.com\/wp-content\/uploads\/2025\/04\/Wholesale-Vintage-Style-Urn-Planter-Pots4-768x640.webp 768w, https:\/\/www.santai-ceramics.com\/wp-content\/uploads\/2025\/04\/Wholesale-Vintage-Style-Urn-Planter-Pots4-14x12.webp 14w, https:\/\/www.santai-ceramics.com\/wp-content\/uploads\/2025\/04\/Wholesale-Vintage-Style-Urn-Planter-Pots4-1200x1000.webp 1200w, https:\/\/www.santai-ceramics.com\/wp-content\/uploads\/2025\/04\/Wholesale-Vintage-Style-Urn-Planter-Pots4-600x500.webp 600w\" sizes=\"(max-width: 1500px) 100vw, 1500px\" \/><\/figure>\n<\/div>\n\n\n\n<div class=\"wp-block-column is-layout-flow wp-block-column-is-layout-flow\">\n<figure class=\"wp-block-image size-full\"><img decoding=\"async\" width=\"1500\" height=\"1249\" src=\"https:\/\/www.santai-ceramics.com\/wp-content\/uploads\/2025\/04\/Wholesale-Vintage-Style-Urn-Planter-Pots5.webp\" alt=\"Gro\u00dfhandel Vintage-Stil Urne Pflanzer T\u00f6pfe (5)\" class=\"wp-image-2370\" srcset=\"https:\/\/www.santai-ceramics.com\/wp-content\/uploads\/2025\/04\/Wholesale-Vintage-Style-Urn-Planter-Pots5.webp 1500w, https:\/\/www.santai-ceramics.com\/wp-content\/uploads\/2025\/04\/Wholesale-Vintage-Style-Urn-Planter-Pots5-300x250.webp 300w, https:\/\/www.santai-ceramics.com\/wp-content\/uploads\/2025\/04\/Wholesale-Vintage-Style-Urn-Planter-Pots5-768x639.webp 768w, https:\/\/www.santai-ceramics.com\/wp-content\/uploads\/2025\/04\/Wholesale-Vintage-Style-Urn-Planter-Pots5-14x12.webp 14w, https:\/\/www.santai-ceramics.com\/wp-content\/uploads\/2025\/04\/Wholesale-Vintage-Style-Urn-Planter-Pots5-1200x999.webp 1200w, https:\/\/www.santai-ceramics.com\/wp-content\/uploads\/2025\/04\/Wholesale-Vintage-Style-Urn-Planter-Pots5-600x500.webp 600w\" sizes=\"(max-width: 1500px) 100vw, 1500px\" \/><\/figure>\n<\/div>\n<\/div>\n\n\n\n<h3 class=\"wp-block-heading\">Individueller Pflanzgef\u00e4\u00df-Service<\/h3>\n\n\n\n<p>Wir bieten OEM- und ODM-Dienstleistungen f\u00fcr unsere Produkte an.<br>Eine schnelle Lieferung von Mustern ist m\u00f6glich.<br>Wir bieten eine Vielzahl von Formen, Farben, individuellem Druck, Verpackungen und anderen ma\u00dfgeschneiderten Dienstleistungen an, um Ihre speziellen Anforderungen zu erf\u00fcllen.<\/p>\n\n\n\n<p><strong><a href=\"https:\/\/www.santai-ceramics.com\/de\/custom\/\" target=\"_blank\" rel=\"noreferrer noopener\">Erfahren Sie mehr \u00fcber die Details der individuellen Pflanzgef\u00e4\u00dfe.<\/a><\/strong><\/p>\n\n\n\n<div class=\"wp-block-columns is-layout-flex wp-container-core-columns-is-layout-9d6595d7 wp-block-columns-is-layout-flex\">\n<div class=\"wp-block-column is-layout-flow wp-block-column-is-layout-flow\"><\/div>\n\n\n\n<div class=\"wp-block-column is-layout-flow wp-block-column-is-layout-flow\"><\/div>\n<\/div>","protected":false},"excerpt":{"rendered":"<p data-pm-slice=\"0 0 []\">Gro\u00dfhandel Vintage-Stil Urne Pflanzgef\u00e4\u00dfe f\u00fcr die Verbesserung der Garten und Innendekoration. Mit klassischen europ\u00e4ischen Silhouette und Vintage-Finish, bringt es gute \u00c4sthetik zu verschiedenen R\u00e4umen, die Dekoration ben\u00f6tigen. Oem &amp; odm Anpassungsdienste sind f\u00fcr Gro\u00dfauftr\u00e4ge zur Verf\u00fcgung. Willkommen bei uns f\u00fcr ein Angebot zu kontaktieren.<\/p>\n<h2>Spezifikation der Vintage-Stil Urne Pflanzgef\u00e4\u00dfe<\/h2>\n<table width=\"1140\">\n<tbody>\n<tr>\n<td width=\"285\">Modellnummer<\/td>\n<td width=\"285\">E37591-H912-A01<\/td>\n<td width=\"285\">E37591-H912-A02<\/td>\n<td width=\"285\">E37591-H912-A03<\/td>\n<\/tr>\n<tr>\n<td>Produktname<\/td>\n<td>Blumentopf aus Polyresin<\/td>\n<td>Blumentopf aus Polyresin<\/td>\n<td>Blumentopf aus Polyresin<\/td>\n<\/tr>\n<tr>\n<td>Farbe<\/td>\n<td>Antik Braun &amp; Silber<\/td>\n<td>Antik Braun &amp; Silber<\/td>\n<td>Antik Braun &amp; Silber<\/td>\n<\/tr>\n<tr>\n<td>Material<\/td>\n<td>Polyresin\u00a0<\/td>\n<td>Polyresin\u00a0<\/td>\n<td>Polyresin\u00a0<\/td>\n<\/tr>\n<tr>\n<td>Verwendungsszenarien<\/td>\n<td>Wohnungseinrichtung<\/td>\n<td>Wohnungseinrichtung<\/td>\n<td>Wohnungseinrichtung<\/td>\n<\/tr>\n<tr>\n<td>Abmessungen<\/td>\n<td>T:27X43.5cm<\/td>\n<td>T:21.5X34cm<\/td>\n<td>T:16.5X26.5cm<\/td>\n<\/tr>\n<tr>\n<td>Gewicht<\/td>\n<td>3,8 kg\/St\u00fcck<\/td>\n<td>2,5 kg\/St\u00fcck<\/td>\n<td>1,1 kg\/St\u00fcck<\/td>\n<\/tr>\n<\/tbody>\n<\/table>","protected":false},"featured_media":2366,"comment_status":"closed","ping_status":"closed","template":"","meta":{"_acf_changed":false},"product_brand":[],"product_cat":[18,42,21,23],"product_tag":[],"class_list":{"0":"post-2362","1":"product","2":"type-product","3":"status-publish","4":"has-post-thumbnail","6":"product_cat-home-decor","7":"product_cat-wholesale-ceramic-plant-pots","8":"product_cat-garden-decor","9":"product_cat-ceramic-pots-planters","11":"first","12":"instock","13":"shipping-taxable","14":"product-type-simple"},"acf":[],"_links":{"self":[{"href":"https:\/\/www.santai-ceramics.com\/de\/wp-json\/wp\/v2\/product\/2362","targetHints":{"allow":["GET"]}}],"collection":[{"href":"https:\/\/www.santai-ceramics.com\/de\/wp-json\/wp\/v2\/product"}],"about":[{"href":"https:\/\/www.santai-ceramics.com\/de\/wp-json\/wp\/v2\/types\/product"}],"replies":[{"embeddable":true,"href":"https:\/\/www.santai-ceramics.com\/de\/wp-json\/wp\/v2\/comments?post=2362"}],"wp:featuredmedia":[{"embeddable":true,"href":"https:\/\/www.santai-ceramics.com\/de\/wp-json\/wp\/v2\/media\/2366"}],"wp:attachment":[{"href":"https:\/\/www.santai-ceramics.com\/de\/wp-json\/wp\/v2\/media?parent=2362"}],"wp:term":[{"taxonomy":"product_brand","embeddable":true,"href":"https:\/\/www.santai-ceramics.com\/de\/wp-json\/wp\/v2\/product_brand?post=2362"},{"taxonomy":"product_cat","embeddable":true,"href":"https:\/\/www.santai-ceramics.com\/de\/wp-json\/wp\/v2\/product_cat?post=2362"},{"taxonomy":"product_tag","embeddable":true,"href":"https:\/\/www.santai-ceramics.com\/de\/wp-json\/wp\/v2\/product_tag?post=2362"}],"curies":[{"name":"wp","href":"https:\/\/api.w.org\/{rel}","templated":true}]}}