{"id":2364,"date":"2025-04-06T03:57:50","date_gmt":"2025-04-06T03:57:50","guid":{"rendered":"https:\/\/www.santai-ceramics.com\/?post_type=product&#038;p=2364"},"modified":"2025-06-07T16:10:45","modified_gmt":"2025-06-07T16:10:45","slug":"wholesale-classic-vintage-terracotta-plant-pots","status":"publish","type":"product","link":"https:\/\/www.santai-ceramics.com\/de\/product\/wholesale-classic-vintage-terracotta-plant-pots\/","title":{"rendered":"Gro\u00dfhandel Klassische Vintage Terrakotta Pflanze T\u00f6pfe, Bulk Terrakotta Pflanze T\u00f6pfe zum Verkauf"},"content":{"rendered":"<h3 class=\"wp-block-heading\">Eigenschaften von Terrakotta-Pflanztopf <\/h3>\n\n\n\n<p><strong>Klassisches Design: <\/strong>Dieser Terrakotta-Pflanztopf kn\u00fcpft an die rustikale Sch\u00f6nheit traditioneller Terrakotta-Gef\u00e4\u00dfe an und ist auch im unbepflanzten Zustand sehr dekorativ.<\/p>\n\n\n\n<p><strong>Vorteile des nat\u00fcrlichen Materials:<\/strong> Aus Terrakotta hergestellt, hat es nat\u00fcrliche Poren, die die Luftdurchl\u00e4ssigkeit um 60% im Vergleich zu gew\u00f6hnlichen Plastikblument\u00f6pfen erh\u00f6hen und den Feuchtigkeitszyklus des Bodens besser regulieren k\u00f6nnen.<\/p>\n\n\n\n<p><strong>Anpassungsf\u00e4higkeit an mehrere Schaupl\u00e4tze: <\/strong>Dieser Pflanzk\u00fcbel hat eine matte Terrakotta-Farbgebung, die sich in den minimalistischen Raum von H\u00e4usern im nordischen Stil integrieren l\u00e4sst und auch sehr gut f\u00fcr chinesische H\u00f6fe geeignet ist.<\/p>\n\n\n\n<p><strong>OEM- und ODM-Dienstleistungen: <\/strong>Wir bieten ma\u00dfgeschneiderte OEM- und ODM-Dienstleistungen f\u00fcr Gro\u00dfauftr\u00e4ge, die f\u00fcr Einzelh\u00e4ndler, Gartenmarken oder Lieferanten von Hotels und Sehensw\u00fcrdigkeiten geeignet sind.<\/p>\n\n\n\n<h3 class=\"wp-block-heading\">Kundenspezifischer Service<\/h3>\n\n\n\n<p>Wir bieten OEM- und ODM-Dienstleistungen f\u00fcr unsere Produkte an.<br>Eine schnelle Lieferung von Mustern ist m\u00f6glich.<br>Wir bieten eine Vielzahl von Formen, Farben, individuellem Druck, Verpackungen und anderen ma\u00dfgeschneiderten Dienstleistungen an, um Ihre speziellen Anforderungen zu erf\u00fcllen.<br><a href=\"https:\/\/www.santai-ceramics.com\/de\/custom\/\" data-type=\"page\" data-id=\"13\" target=\"_blank\" rel=\"noreferrer noopener\"><strong><b>Erfahren Sie mehr \u00fcber Custom<\/b> Blument\u00f6pfe Detail.<\/strong><\/a><\/p>\n\n\n\n<div class=\"wp-block-columns is-layout-flex wp-container-core-columns-is-layout-9d6595d7 wp-block-columns-is-layout-flex\">\n<div class=\"wp-block-column is-layout-flow wp-block-column-is-layout-flow\">\n<figure class=\"wp-block-image size-full\"><img decoding=\"async\" width=\"1500\" height=\"1249\" src=\"https:\/\/www.santai-ceramics.com\/wp-content\/uploads\/2025\/04\/Wholesale-Terracotta-Plant-Pots-4.webp\" alt=\"Gro\u00dfhandel Terrakotta-Pflanzt\u00f6pfe (4)\" class=\"wp-image-2385\" srcset=\"https:\/\/www.santai-ceramics.com\/wp-content\/uploads\/2025\/04\/Wholesale-Terracotta-Plant-Pots-4.webp 1500w, https:\/\/www.santai-ceramics.com\/wp-content\/uploads\/2025\/04\/Wholesale-Terracotta-Plant-Pots-4-300x250.webp 300w, https:\/\/www.santai-ceramics.com\/wp-content\/uploads\/2025\/04\/Wholesale-Terracotta-Plant-Pots-4-768x639.webp 768w, https:\/\/www.santai-ceramics.com\/wp-content\/uploads\/2025\/04\/Wholesale-Terracotta-Plant-Pots-4-14x12.webp 14w, https:\/\/www.santai-ceramics.com\/wp-content\/uploads\/2025\/04\/Wholesale-Terracotta-Plant-Pots-4-1200x999.webp 1200w, https:\/\/www.santai-ceramics.com\/wp-content\/uploads\/2025\/04\/Wholesale-Terracotta-Plant-Pots-4-600x500.webp 600w\" sizes=\"(max-width: 1500px) 100vw, 1500px\" \/><\/figure>\n<\/div>\n\n\n\n<div class=\"wp-block-column is-layout-flow wp-block-column-is-layout-flow\">\n<figure class=\"wp-block-image size-full\"><img decoding=\"async\" width=\"1500\" height=\"1250\" src=\"https:\/\/www.santai-ceramics.com\/wp-content\/uploads\/2025\/04\/Wholesale-Terracotta-Plant-Pots-5.webp\" alt=\"Gro\u00dfhandel Terrakotta-Pflanzt\u00f6pfe (5)\" class=\"wp-image-2386\" srcset=\"https:\/\/www.santai-ceramics.com\/wp-content\/uploads\/2025\/04\/Wholesale-Terracotta-Plant-Pots-5.webp 1500w, https:\/\/www.santai-ceramics.com\/wp-content\/uploads\/2025\/04\/Wholesale-Terracotta-Plant-Pots-5-300x250.webp 300w, https:\/\/www.santai-ceramics.com\/wp-content\/uploads\/2025\/04\/Wholesale-Terracotta-Plant-Pots-5-768x640.webp 768w, https:\/\/www.santai-ceramics.com\/wp-content\/uploads\/2025\/04\/Wholesale-Terracotta-Plant-Pots-5-14x12.webp 14w, https:\/\/www.santai-ceramics.com\/wp-content\/uploads\/2025\/04\/Wholesale-Terracotta-Plant-Pots-5-1200x1000.webp 1200w, https:\/\/www.santai-ceramics.com\/wp-content\/uploads\/2025\/04\/Wholesale-Terracotta-Plant-Pots-5-600x500.webp 600w\" sizes=\"(max-width: 1500px) 100vw, 1500px\" \/><\/figure>\n<\/div>\n<\/div>\n\n\n\n<div class=\"wp-block-columns is-layout-flex wp-container-core-columns-is-layout-9d6595d7 wp-block-columns-is-layout-flex\">\n<div class=\"wp-block-column is-layout-flow wp-block-column-is-layout-flow\"><\/div>\n\n\n\n<div class=\"wp-block-column is-layout-flow wp-block-column-is-layout-flow\"><\/div>\n<\/div>","protected":false},"excerpt":{"rendered":"<p data-pm-slice=\"0 0 []\">Gro\u00dfhandel Terrakotta-Pflanzgef\u00e4\u00dfe, von Premium-roten Ton, mit hervorragender Atmungsaktivit\u00e4t, die klassische matte Terrakotta-Finish f\u00fcgt sich nahtlos mit einer Vielzahl von Interieur-Stilen gemacht. Wir bieten OEM-und ODM-Dienstleistungen, willkommen, uns f\u00fcr ein Angebot zu kontaktieren.<\/p>\n<h2>Spezifikation f\u00fcr klassische Vintage-Terrakotta-Pflanzt\u00f6pfe<\/h2>\n<table width=\"855\">\n<tbody>\n<tr>\n<td width=\"285\">Modellnummer<\/td>\n<td width=\"285\">G37592-H912-A01<\/td>\n<td width=\"285\">G37592-H912-A02<\/td>\n<\/tr>\n<tr>\n<td>Produktname<\/td>\n<td>Terrakotta-Blumentopf<\/td>\n<td>Terrakotta-Blumentopf<\/td>\n<\/tr>\n<tr>\n<td>Farbe<\/td>\n<td>Antik Braun &amp; Silber<\/td>\n<td>Antik Braun &amp; Silber<\/td>\n<\/tr>\n<tr>\n<td>Material<\/td>\n<td>Terrakotta\u00a0<\/td>\n<td>Terrakotta\u00a0<\/td>\n<\/tr>\n<tr>\n<td>Verwendungsszenarien<\/td>\n<td>Wohnkultur &amp; Garten<\/td>\n<td>Wohnkultur &amp; Garten<\/td>\n<\/tr>\n<tr>\n<td>Abmessungen<\/td>\n<td>T:21X21cm<\/td>\n<td>T:15.5X15.5cm<\/td>\n<\/tr>\n<tr>\n<td>Gewicht<\/td>\n<td>2,5 kg\/St\u00fcck<\/td>\n<td>1,4 kg\/St\u00fcck<\/td>\n<\/tr>\n<\/tbody>\n<\/table>","protected":false},"featured_media":2382,"comment_status":"closed","ping_status":"closed","template":"","meta":{"_acf_changed":false},"product_brand":[],"product_cat":[21,42,18,23],"product_tag":[],"class_list":{"0":"post-2364","1":"product","2":"type-product","3":"status-publish","4":"has-post-thumbnail","6":"product_cat-garden-decor","7":"product_cat-wholesale-ceramic-plant-pots","8":"product_cat-home-decor","9":"product_cat-ceramic-pots-planters","11":"first","12":"instock","13":"shipping-taxable","14":"product-type-simple"},"acf":[],"_links":{"self":[{"href":"https:\/\/www.santai-ceramics.com\/de\/wp-json\/wp\/v2\/product\/2364","targetHints":{"allow":["GET"]}}],"collection":[{"href":"https:\/\/www.santai-ceramics.com\/de\/wp-json\/wp\/v2\/product"}],"about":[{"href":"https:\/\/www.santai-ceramics.com\/de\/wp-json\/wp\/v2\/types\/product"}],"replies":[{"embeddable":true,"href":"https:\/\/www.santai-ceramics.com\/de\/wp-json\/wp\/v2\/comments?post=2364"}],"wp:featuredmedia":[{"embeddable":true,"href":"https:\/\/www.santai-ceramics.com\/de\/wp-json\/wp\/v2\/media\/2382"}],"wp:attachment":[{"href":"https:\/\/www.santai-ceramics.com\/de\/wp-json\/wp\/v2\/media?parent=2364"}],"wp:term":[{"taxonomy":"product_brand","embeddable":true,"href":"https:\/\/www.santai-ceramics.com\/de\/wp-json\/wp\/v2\/product_brand?post=2364"},{"taxonomy":"product_cat","embeddable":true,"href":"https:\/\/www.santai-ceramics.com\/de\/wp-json\/wp\/v2\/product_cat?post=2364"},{"taxonomy":"product_tag","embeddable":true,"href":"https:\/\/www.santai-ceramics.com\/de\/wp-json\/wp\/v2\/product_tag?post=2364"}],"curies":[{"name":"wp","href":"https:\/\/api.w.org\/{rel}","templated":true}]}}