{"id":2457,"date":"2025-04-15T01:52:39","date_gmt":"2025-04-15T01:52:39","guid":{"rendered":"https:\/\/www.santai-ceramics.com\/?post_type=product&#038;p=2457"},"modified":"2025-06-12T16:11:46","modified_gmt":"2025-06-12T16:11:46","slug":"wholesale-elegant-and-simple-ceramic-candle-holder","status":"publish","type":"product","link":"https:\/\/www.santai-ceramics.com\/de\/product\/wholesale-elegant-and-simple-ceramic-candle-holder\/","title":{"rendered":"Gro\u00dfhandel elegante und einfache Keramik-Kerzenhalter - SANTAI Pottery Hersteller"},"content":{"rendered":"<h3 class=\"wp-block-heading\">Features of\u00a0Ceramic Candle Holder<\/h3>\n\n\n\n<p><strong>Ideal for mood lighting:<\/strong> Whether placed on your dining table, bathroom shelf or nightstand, the ceramic candle holder creates a relaxing and tranquil atmosphere.<\/p>\n\n\n\n<p><strong>Stable and heat-resistant: <\/strong>Made from high-quality ceramic, our wholesale ceramic candle holders safely handle heat and won&#8217;t tip over easily &#8211; perfect for tea lights and small pillar candles.<\/p>\n\n\n\n<p><strong>Easily styled: <\/strong>Integrate into minimalist, bohemian, country, Japanese or coastal interiors without taking up too much space.<\/p>\n\n\n\n<p><strong>Customizable in bulk:<\/strong> As a decorative pottery manufacturer, we can customize sizes, glazes, logos and packaging to suit your brand needs.<\/p>\n\n\n\n<h3 class=\"wp-block-heading\">Individueller Kerzenst\u00e4nder-Service<\/h3>\n\n\n\n<p>Wir bieten OEM- und ODM-Dienstleistungen f\u00fcr unsere Produkte an.<br>Eine schnelle Lieferung von Mustern ist m\u00f6glich.<br>Wir bieten eine Vielzahl von Formen, Farben, individuellem Druck, Verpackungen und anderen ma\u00dfgeschneiderten Dienstleistungen an, um Ihre speziellen Anforderungen zu erf\u00fcllen.<br><a href=\"https:\/\/www.santai-ceramics.com\/de\/custom\/\" data-type=\"page\" data-id=\"13\" target=\"_blank\" rel=\"noreferrer noopener\"><strong><b>Erfahren Sie mehr \u00fcber Custom<\/b> Kerzenhalter Detail.<\/strong><\/a><\/p>\n\n\n\n<div class=\"wp-block-columns is-layout-flex wp-container-core-columns-is-layout-9d6595d7 wp-block-columns-is-layout-flex\">\n<div class=\"wp-block-column is-layout-flow wp-block-column-is-layout-flow\">\n<figure class=\"wp-block-image size-full\"><img decoding=\"async\" width=\"1600\" height=\"1600\" src=\"https:\/\/www.santai-ceramics.com\/wp-content\/uploads\/2025\/04\/Wholesale-Ceramic-Candle-Holder-3.webp\" alt=\"Wholesale Ceramic Candle Holder (3)\" class=\"wp-image-2475\" srcset=\"https:\/\/www.santai-ceramics.com\/wp-content\/uploads\/2025\/04\/Wholesale-Ceramic-Candle-Holder-3.webp 1600w, https:\/\/www.santai-ceramics.com\/wp-content\/uploads\/2025\/04\/Wholesale-Ceramic-Candle-Holder-3-300x300.webp 300w, https:\/\/www.santai-ceramics.com\/wp-content\/uploads\/2025\/04\/Wholesale-Ceramic-Candle-Holder-3-150x150.webp 150w, https:\/\/www.santai-ceramics.com\/wp-content\/uploads\/2025\/04\/Wholesale-Ceramic-Candle-Holder-3-768x768.webp 768w, https:\/\/www.santai-ceramics.com\/wp-content\/uploads\/2025\/04\/Wholesale-Ceramic-Candle-Holder-3-12x12.webp 12w, https:\/\/www.santai-ceramics.com\/wp-content\/uploads\/2025\/04\/Wholesale-Ceramic-Candle-Holder-3-1200x1200.webp 1200w, https:\/\/www.santai-ceramics.com\/wp-content\/uploads\/2025\/04\/Wholesale-Ceramic-Candle-Holder-3-600x600.webp 600w, https:\/\/www.santai-ceramics.com\/wp-content\/uploads\/2025\/04\/Wholesale-Ceramic-Candle-Holder-3-100x100.webp 100w\" sizes=\"(max-width: 1600px) 100vw, 1600px\" \/><\/figure>\n<\/div>\n\n\n\n<div class=\"wp-block-column is-layout-flow wp-block-column-is-layout-flow\">\n<figure class=\"wp-block-image size-full\"><img decoding=\"async\" width=\"1600\" height=\"1600\" src=\"https:\/\/www.santai-ceramics.com\/wp-content\/uploads\/2025\/04\/Wholesale-Ceramic-Candle-Holder-4.webp\" alt=\"Wholesale Ceramic Candle Holder (4)\" class=\"wp-image-2476\" srcset=\"https:\/\/www.santai-ceramics.com\/wp-content\/uploads\/2025\/04\/Wholesale-Ceramic-Candle-Holder-4.webp 1600w, https:\/\/www.santai-ceramics.com\/wp-content\/uploads\/2025\/04\/Wholesale-Ceramic-Candle-Holder-4-300x300.webp 300w, https:\/\/www.santai-ceramics.com\/wp-content\/uploads\/2025\/04\/Wholesale-Ceramic-Candle-Holder-4-150x150.webp 150w, https:\/\/www.santai-ceramics.com\/wp-content\/uploads\/2025\/04\/Wholesale-Ceramic-Candle-Holder-4-768x768.webp 768w, https:\/\/www.santai-ceramics.com\/wp-content\/uploads\/2025\/04\/Wholesale-Ceramic-Candle-Holder-4-12x12.webp 12w, https:\/\/www.santai-ceramics.com\/wp-content\/uploads\/2025\/04\/Wholesale-Ceramic-Candle-Holder-4-1200x1200.webp 1200w, https:\/\/www.santai-ceramics.com\/wp-content\/uploads\/2025\/04\/Wholesale-Ceramic-Candle-Holder-4-600x600.webp 600w, https:\/\/www.santai-ceramics.com\/wp-content\/uploads\/2025\/04\/Wholesale-Ceramic-Candle-Holder-4-100x100.webp 100w\" sizes=\"(max-width: 1600px) 100vw, 1600px\" \/><\/figure>\n<\/div>\n<\/div>","protected":false},"excerpt":{"rendered":"<p data-pm-slice=\"0 0 []\">Wholesale ceramic candle holder, ideal for tea lights or small pillar candles. Expand your product line with our handcrafted ceramic candle holders. Suitable for boutiques, pottery stores, home design companies, please contact us for a quote.<\/p>\n<h2>Specification of\u00a0 Elegant and Simple Ceramic Candle Holder<\/h2>\n<table width=\"855\">\n<tbody>\n<tr>\n<td width=\"285\">Modellnummer<\/td>\n<td width=\"285\">A35933-LC21-A01<\/td>\n<td width=\"285\">A35933-LC21-A02<\/td>\n<\/tr>\n<tr>\n<td>Produktname<\/td>\n<td>Keramik-Kerzenst\u00e4nder<\/td>\n<td>Keramik-Kerzenst\u00e4nder<\/td>\n<\/tr>\n<tr>\n<td>Farbe<\/td>\n<td>White&amp;Blue<\/td>\n<td>White&amp;Blue<\/td>\n<\/tr>\n<tr>\n<td>Material<\/td>\n<td>Keramik<\/td>\n<td>Keramik<\/td>\n<\/tr>\n<tr>\n<td>Verwendungsszenarien<\/td>\n<td>Wohnungseinrichtung<\/td>\n<td>Wohnungseinrichtung<\/td>\n<\/tr>\n<tr>\n<td>Abmessungen<\/td>\n<td>D:11.5X25cm<\/td>\n<td>D:11.5X21cm<\/td>\n<\/tr>\n<tr>\n<td>Gewicht<\/td>\n<td>0,9 kg\/St\u00fcck<\/td>\n<td>0,8 kg\/St\u00fcck<\/td>\n<\/tr>\n<\/tbody>\n<\/table>","protected":false},"featured_media":2473,"comment_status":"closed","ping_status":"closed","template":"","meta":{"_acf_changed":false},"product_brand":[],"product_cat":[18,46,26],"product_tag":[],"class_list":{"0":"post-2457","1":"product","2":"type-product","3":"status-publish","4":"has-post-thumbnail","6":"product_cat-home-decor","7":"product_cat-wholesale-ceramic-candle-holders","8":"product_cat-home-accessories","10":"first","11":"instock","12":"shipping-taxable","13":"product-type-simple"},"acf":[],"_links":{"self":[{"href":"https:\/\/www.santai-ceramics.com\/de\/wp-json\/wp\/v2\/product\/2457","targetHints":{"allow":["GET"]}}],"collection":[{"href":"https:\/\/www.santai-ceramics.com\/de\/wp-json\/wp\/v2\/product"}],"about":[{"href":"https:\/\/www.santai-ceramics.com\/de\/wp-json\/wp\/v2\/types\/product"}],"replies":[{"embeddable":true,"href":"https:\/\/www.santai-ceramics.com\/de\/wp-json\/wp\/v2\/comments?post=2457"}],"wp:featuredmedia":[{"embeddable":true,"href":"https:\/\/www.santai-ceramics.com\/de\/wp-json\/wp\/v2\/media\/2473"}],"wp:attachment":[{"href":"https:\/\/www.santai-ceramics.com\/de\/wp-json\/wp\/v2\/media?parent=2457"}],"wp:term":[{"taxonomy":"product_brand","embeddable":true,"href":"https:\/\/www.santai-ceramics.com\/de\/wp-json\/wp\/v2\/product_brand?post=2457"},{"taxonomy":"product_cat","embeddable":true,"href":"https:\/\/www.santai-ceramics.com\/de\/wp-json\/wp\/v2\/product_cat?post=2457"},{"taxonomy":"product_tag","embeddable":true,"href":"https:\/\/www.santai-ceramics.com\/de\/wp-json\/wp\/v2\/product_tag?post=2457"}],"curies":[{"name":"wp","href":"https:\/\/api.w.org\/{rel}","templated":true}]}}