{"id":2562,"date":"2025-05-06T07:59:15","date_gmt":"2025-05-06T07:59:15","guid":{"rendered":"https:\/\/www.santai-ceramics.com\/?post_type=product&#038;p=2562"},"modified":"2025-05-06T09:15:07","modified_gmt":"2025-05-06T09:15:07","slug":"wholesale-blue-textured-ceramic-vase","status":"publish","type":"product","link":"https:\/\/www.santai-ceramics.com\/de\/product\/wholesale-blue-textured-ceramic-vase\/","title":{"rendered":"Gro\u00dfhandel Blau texturierte Keramik Vasen - 3 Gr\u00f6\u00dfen verf\u00fcgbar"},"content":{"rendered":"<h3 class=\"wp-block-heading\">Eigenschaften von Vase aus strukturierter Keramik in Blau<\/h3>\n\n\n\n<ul class=\"wp-block-list\">\n<li><strong>Erh\u00e4ltlich in 3 Gr\u00f6\u00dfen:<\/strong> Diese Serie von Keramikvasen bietet drei Gr\u00f6\u00dfen zur Auswahl, die sich flexibel an unterschiedliche Dekorationsbed\u00fcrfnisse anpassen lassen.<\/li>\n\n\n\n<li><strong>Vielseitig einsetzbar: <\/strong>Die blau strukturierte Keramikvase eignet sich f\u00fcr frische und getrocknete Blumenarrangements und ist f\u00fcr die Dekoration von Wohnungen, Hotels und Restaurants geeignet.<\/li>\n\n\n\n<li><strong>Gro\u00dfhandel bereit: <\/strong>Die SANTAI-Keramikvasenhersteller unterst\u00fctzen Gro\u00dfabnehmer, Einzelh\u00e4ndler und Innenarchitekten bei der Lieferung gro\u00dfer Mengen.<\/li>\n<\/ul>\n\n\n\n<h3 class=\"wp-block-heading\">Individuelles Vasen-Service aus Keramik<\/h3>\n\n\n\n<p>Wir bieten OEM- und ODM-Dienstleistungen f\u00fcr unsere Produkte an.<br>Eine schnelle Lieferung von Mustern ist m\u00f6glich.<br>Wir bieten eine Vielzahl von Formen, Farben, individuellem Druck, Verpackungen und anderen ma\u00dfgeschneiderten Dienstleistungen an, um Ihre speziellen Anforderungen zu erf\u00fcllen.<br><a href=\"https:\/\/www.santai-ceramics.com\/de\/custom\/\" data-type=\"page\" data-id=\"13\" target=\"_blank\" rel=\"noreferrer noopener\"><strong>Erfahren Sie mehr \u00fcber individuelle L\u00f6sungen f\u00fcr Keramikvasen.<\/strong><\/a><\/p>\n\n\n\n<div class=\"wp-block-columns is-layout-flex wp-container-core-columns-is-layout-9d6595d7 wp-block-columns-is-layout-flex\">\n<div class=\"wp-block-column is-layout-flow wp-block-column-is-layout-flow\">\n<figure class=\"wp-block-image size-full\"><img decoding=\"async\" width=\"1500\" height=\"1249\" src=\"https:\/\/www.santai-ceramics.com\/wp-content\/uploads\/2025\/05\/ceramic-vase-display-1.webp\" alt=\"Keramik-Vasen-Display (1)\" class=\"wp-image-2591\" srcset=\"https:\/\/www.santai-ceramics.com\/wp-content\/uploads\/2025\/05\/ceramic-vase-display-1.webp 1500w, https:\/\/www.santai-ceramics.com\/wp-content\/uploads\/2025\/05\/ceramic-vase-display-1-300x250.webp 300w, https:\/\/www.santai-ceramics.com\/wp-content\/uploads\/2025\/05\/ceramic-vase-display-1-768x639.webp 768w, https:\/\/www.santai-ceramics.com\/wp-content\/uploads\/2025\/05\/ceramic-vase-display-1-14x12.webp 14w, https:\/\/www.santai-ceramics.com\/wp-content\/uploads\/2025\/05\/ceramic-vase-display-1-1200x999.webp 1200w, https:\/\/www.santai-ceramics.com\/wp-content\/uploads\/2025\/05\/ceramic-vase-display-1-600x500.webp 600w\" sizes=\"(max-width: 1500px) 100vw, 1500px\" \/><\/figure>\n<\/div>\n\n\n\n<div class=\"wp-block-column is-layout-flow wp-block-column-is-layout-flow\">\n<figure class=\"wp-block-image size-full\"><img decoding=\"async\" width=\"1500\" height=\"1250\" src=\"https:\/\/www.santai-ceramics.com\/wp-content\/uploads\/2025\/05\/ceramic-vase-display-2.webp\" alt=\"Keramik-Vasen-Display (2)\" class=\"wp-image-2592\" srcset=\"https:\/\/www.santai-ceramics.com\/wp-content\/uploads\/2025\/05\/ceramic-vase-display-2.webp 1500w, https:\/\/www.santai-ceramics.com\/wp-content\/uploads\/2025\/05\/ceramic-vase-display-2-300x250.webp 300w, https:\/\/www.santai-ceramics.com\/wp-content\/uploads\/2025\/05\/ceramic-vase-display-2-768x640.webp 768w, https:\/\/www.santai-ceramics.com\/wp-content\/uploads\/2025\/05\/ceramic-vase-display-2-14x12.webp 14w, https:\/\/www.santai-ceramics.com\/wp-content\/uploads\/2025\/05\/ceramic-vase-display-2-1200x1000.webp 1200w, https:\/\/www.santai-ceramics.com\/wp-content\/uploads\/2025\/05\/ceramic-vase-display-2-600x500.webp 600w\" sizes=\"(max-width: 1500px) 100vw, 1500px\" \/><\/figure>\n<\/div>\n<\/div>","protected":false},"excerpt":{"rendered":"<p data-pm-slice=\"0 0 []\">Gro\u00dfhandel Keramikvasen, die die Bed\u00fcrfnisse der Dekoration und Blumenarrangement erf\u00fcllen k\u00f6nnen. Bieten Sie eine Vielzahl von Gr\u00f6\u00dfen zur Auswahl. Kontaktieren Sie uns, um niedrige Mindestbestellmenge und Fabrik Angebot genie\u00dfen.<\/p>\n<h2>Spezifikation f\u00fcr Vase aus strukturierter blauer Keramik<\/h2>\n<table width=\"1140\">\n<tbody>\n<tr>\n<td width=\"285\">Modellnummer<\/td>\n<td width=\"285\">A34880-L136-A01<\/td>\n<td width=\"285\">A34880-L136-A02<\/td>\n<td width=\"285\">A34880-L136-A03<\/td>\n<\/tr>\n<tr>\n<td>Produktname<\/td>\n<td>Keramik-Vase<\/td>\n<td>Keramik-Vase<\/td>\n<td>Keramik-Vase<\/td>\n<\/tr>\n<tr>\n<td>Farbe<\/td>\n<td>Dunkelblau<\/td>\n<td>Dunkelblau<\/td>\n<td>Dunkelblau<\/td>\n<\/tr>\n<tr>\n<td>Material<\/td>\n<td>Keramik\u00a0<\/td>\n<td>Keramik\u00a0<\/td>\n<td>Keramik\u00a0<\/td>\n<\/tr>\n<tr>\n<td>Verwendungsszenarien<\/td>\n<td>Wohnungseinrichtung<\/td>\n<td>Wohnungseinrichtung<\/td>\n<td>Wohnungseinrichtung<\/td>\n<\/tr>\n<tr>\n<td>Abmessungen<\/td>\n<td>T:19.5X31.5cm<\/td>\n<td>T:15X25.5cm<\/td>\n<td>T:16.5X17.5cm<\/td>\n<\/tr>\n<tr>\n<td>Gewicht<\/td>\n<td>1,5 kg\/St\u00fcck<\/td>\n<td>1kg\/St\u00fcck<\/td>\n<td>0,8 kg\/St\u00fcck<\/td>\n<\/tr>\n<\/tbody>\n<\/table>","protected":false},"featured_media":2593,"comment_status":"closed","ping_status":"closed","template":"","meta":{"_acf_changed":false},"product_brand":[],"product_cat":[22,18],"product_tag":[],"class_list":{"0":"post-2562","1":"product","2":"type-product","3":"status-publish","4":"has-post-thumbnail","6":"product_cat-vase","7":"product_cat-home-decor","9":"first","10":"instock","11":"shipping-taxable","12":"product-type-simple"},"acf":[],"_links":{"self":[{"href":"https:\/\/www.santai-ceramics.com\/de\/wp-json\/wp\/v2\/product\/2562","targetHints":{"allow":["GET"]}}],"collection":[{"href":"https:\/\/www.santai-ceramics.com\/de\/wp-json\/wp\/v2\/product"}],"about":[{"href":"https:\/\/www.santai-ceramics.com\/de\/wp-json\/wp\/v2\/types\/product"}],"replies":[{"embeddable":true,"href":"https:\/\/www.santai-ceramics.com\/de\/wp-json\/wp\/v2\/comments?post=2562"}],"wp:featuredmedia":[{"embeddable":true,"href":"https:\/\/www.santai-ceramics.com\/de\/wp-json\/wp\/v2\/media\/2593"}],"wp:attachment":[{"href":"https:\/\/www.santai-ceramics.com\/de\/wp-json\/wp\/v2\/media?parent=2562"}],"wp:term":[{"taxonomy":"product_brand","embeddable":true,"href":"https:\/\/www.santai-ceramics.com\/de\/wp-json\/wp\/v2\/product_brand?post=2562"},{"taxonomy":"product_cat","embeddable":true,"href":"https:\/\/www.santai-ceramics.com\/de\/wp-json\/wp\/v2\/product_cat?post=2562"},{"taxonomy":"product_tag","embeddable":true,"href":"https:\/\/www.santai-ceramics.com\/de\/wp-json\/wp\/v2\/product_tag?post=2562"}],"curies":[{"name":"wp","href":"https:\/\/api.w.org\/{rel}","templated":true}]}}