{"id":2563,"date":"2025-05-06T07:28:47","date_gmt":"2025-05-06T07:28:47","guid":{"rendered":"https:\/\/www.santai-ceramics.com\/?post_type=product&#038;p=2563"},"modified":"2025-06-12T16:11:26","modified_gmt":"2025-06-12T16:11:26","slug":"wholesale-deep-blue-glazed-ceramic-candle-holder","status":"publish","type":"product","link":"https:\/\/www.santai-ceramics.com\/de\/product\/wholesale-deep-blue-glazed-ceramic-candle-holder\/","title":{"rendered":"Gro\u00dfhandel Deep Blue glasierte Keramik-Kerze-Halter - Elegante dekorative Akzent f\u00fcr Haus, Veranstaltungen und Geschenk-Shops"},"content":{"rendered":"<h3 class=\"wp-block-heading\">Eigenschaften von Deep Blue Glazed Ceramic Candle Holder<\/h3>\n\n\n\n<ul class=\"wp-block-list\">\n<li><strong>Mehrere Gr\u00f6\u00dfen verf\u00fcgbar: <\/strong>Unsere Keramik-Kerzenhalter sind in verschiedenen Gr\u00f6\u00dfen erh\u00e4ltlich, um Kerzen unterschiedlicher Gr\u00f6\u00dfe zu halten und den Dekorations- und Platzierungsanforderungen verschiedener R\u00e4ume gerecht zu werden.<\/li>\n\n\n\n<li><strong>Hohe Qualit\u00e4t:<\/strong> Aus hochwertigen keramischen Rohstoffen hergestellt und bei hohen Temperaturen gebrannt, hat der Keramik-Kerzenhalter eine stabile Bodenstruktur, eine harte Textur und eine zarte Haptik.<\/li>\n\n\n\n<li><strong>Einzigartige und exquisite Erscheinung Design: <\/strong>Der Keramik-Kerzenhalter hat ein einzigartiges blaues Glasur-Design, das einfach und fortschrittlich ist. Geeignet f\u00fcr die Anzeige in verschiedenen Arten von Dekorationen.<\/li>\n<\/ul>\n\n\n\n<h3 class=\"wp-block-heading\">Individueller Kerzenst\u00e4nder-Service<\/h3>\n\n\n\n<p>Wir bieten OEM- und ODM-Dienstleistungen f\u00fcr unsere Produkte an.<br>Eine schnelle Lieferung von Mustern ist m\u00f6glich.<br>Wir bieten eine Vielzahl von Formen, Farben, individuellem Druck, Verpackungen und anderen ma\u00dfgeschneiderten Dienstleistungen an, um Ihre speziellen Anforderungen zu erf\u00fcllen.<br><a href=\"https:\/\/www.santai-ceramics.com\/de\/custom\/\" data-type=\"page\" data-id=\"13\" target=\"_blank\" rel=\"noreferrer noopener\"><strong><b>Erfahren Sie mehr \u00fcber Custom<\/b> L\u00f6sungen f\u00fcr Keramikhalter.<\/strong><\/a><\/p>\n\n\n\n<div class=\"wp-block-columns is-layout-flex wp-container-core-columns-is-layout-9d6595d7 wp-block-columns-is-layout-flex\">\n<div class=\"wp-block-column is-layout-flow wp-block-column-is-layout-flow\">\n<figure class=\"wp-block-image size-full\"><img decoding=\"async\" width=\"1500\" height=\"1249\" src=\"https:\/\/www.santai-ceramics.com\/wp-content\/uploads\/2025\/05\/Deep-Blue-Candle-Holder-Display-1.webp\" alt=\"Deep Blue Kerzenst\u00e4nder Display (1)\" class=\"wp-image-2588\" srcset=\"https:\/\/www.santai-ceramics.com\/wp-content\/uploads\/2025\/05\/Deep-Blue-Candle-Holder-Display-1.webp 1500w, https:\/\/www.santai-ceramics.com\/wp-content\/uploads\/2025\/05\/Deep-Blue-Candle-Holder-Display-1-300x250.webp 300w, https:\/\/www.santai-ceramics.com\/wp-content\/uploads\/2025\/05\/Deep-Blue-Candle-Holder-Display-1-768x639.webp 768w, https:\/\/www.santai-ceramics.com\/wp-content\/uploads\/2025\/05\/Deep-Blue-Candle-Holder-Display-1-14x12.webp 14w, https:\/\/www.santai-ceramics.com\/wp-content\/uploads\/2025\/05\/Deep-Blue-Candle-Holder-Display-1-1200x999.webp 1200w, https:\/\/www.santai-ceramics.com\/wp-content\/uploads\/2025\/05\/Deep-Blue-Candle-Holder-Display-1-600x500.webp 600w\" sizes=\"(max-width: 1500px) 100vw, 1500px\" \/><\/figure>\n<\/div>\n\n\n\n<div class=\"wp-block-column is-layout-flow wp-block-column-is-layout-flow\">\n<figure class=\"wp-block-image size-full\"><img decoding=\"async\" width=\"1500\" height=\"1249\" src=\"https:\/\/www.santai-ceramics.com\/wp-content\/uploads\/2025\/05\/Deep-Blue-Candle-Holder-Display-2.webp\" alt=\"Deep Blue Kerzenst\u00e4nder Display (2)\" class=\"wp-image-2589\" srcset=\"https:\/\/www.santai-ceramics.com\/wp-content\/uploads\/2025\/05\/Deep-Blue-Candle-Holder-Display-2.webp 1500w, https:\/\/www.santai-ceramics.com\/wp-content\/uploads\/2025\/05\/Deep-Blue-Candle-Holder-Display-2-300x250.webp 300w, https:\/\/www.santai-ceramics.com\/wp-content\/uploads\/2025\/05\/Deep-Blue-Candle-Holder-Display-2-768x639.webp 768w, https:\/\/www.santai-ceramics.com\/wp-content\/uploads\/2025\/05\/Deep-Blue-Candle-Holder-Display-2-14x12.webp 14w, https:\/\/www.santai-ceramics.com\/wp-content\/uploads\/2025\/05\/Deep-Blue-Candle-Holder-Display-2-1200x999.webp 1200w, https:\/\/www.santai-ceramics.com\/wp-content\/uploads\/2025\/05\/Deep-Blue-Candle-Holder-Display-2-600x500.webp 600w\" sizes=\"(max-width: 1500px) 100vw, 1500px\" \/><\/figure>\n<\/div>\n<\/div>\n\n\n\n<div class=\"wp-block-columns is-layout-flex wp-container-core-columns-is-layout-9d6595d7 wp-block-columns-is-layout-flex\">\n<div class=\"wp-block-column is-layout-flow wp-block-column-is-layout-flow\"><\/div>\n\n\n\n<div class=\"wp-block-column is-layout-flow wp-block-column-is-layout-flow\"><\/div>\n<\/div>","protected":false},"excerpt":{"rendered":"<p data-pm-slice=\"0 0 []\">Gro\u00dfhandel tiefblaue Keramik Kerzenhalter, mit glatten tiefblauen Glasur, bringen eine gute visuelle Erfahrung, geeignet f\u00fcr den Einzelhandel Produkte. Und die tiefblauen Keramikvasen haben eine gute Haltbarkeit und W\u00e4rmebest\u00e4ndigkeit, wird nicht leicht zu knacken, k\u00f6nnen Kerzen f\u00fcr eine lange Zeit zu halten. Unterst\u00fctzung der Kundenanpassung und niedrige MOQ. Willkommen bei uns f\u00fcr ein Angebot zu kontaktieren.<\/p>\n<h2>Spezifikation von Deep Blue Glazed Ceramic Candle Holder<\/h2>\n<table width=\"855\">\n<tbody>\n<tr>\n<td width=\"285\">Modellnummer<\/td>\n<td width=\"285\">A34848-L136-A01<\/td>\n<td width=\"285\">A34848-L136-A02<\/td>\n<\/tr>\n<tr>\n<td>Produktname<\/td>\n<td>Keramik-Kerzenst\u00e4nder<\/td>\n<td>Keramik-Kerzenst\u00e4nder<\/td>\n<\/tr>\n<tr>\n<td>Farbe<\/td>\n<td>Dunkelblau<\/td>\n<td>Dunkelblau<\/td>\n<\/tr>\n<tr>\n<td>Material<\/td>\n<td>Keramik\u00a0<\/td>\n<td>Keramik\u00a0<\/td>\n<\/tr>\n<tr>\n<td>Verwendungsszenarien<\/td>\n<td>Wohnungseinrichtung<\/td>\n<td>Wohnungseinrichtung<\/td>\n<\/tr>\n<tr>\n<td>Abmessungen<\/td>\n<td>T:14.5X26cm<\/td>\n<td>T:14.5X19cm<\/td>\n<\/tr>\n<tr>\n<td>Gewicht<\/td>\n<td>1kg\/St\u00fcck<\/td>\n<td>0,8 kg\/St\u00fcck<\/td>\n<\/tr>\n<\/tbody>\n<\/table>","protected":false},"featured_media":2583,"comment_status":"closed","ping_status":"closed","template":"","meta":{"_acf_changed":false},"product_brand":[],"product_cat":[18,46,26],"product_tag":[],"class_list":{"0":"post-2563","1":"product","2":"type-product","3":"status-publish","4":"has-post-thumbnail","6":"product_cat-home-decor","7":"product_cat-wholesale-ceramic-candle-holders","8":"product_cat-home-accessories","10":"first","11":"instock","12":"shipping-taxable","13":"product-type-simple"},"acf":[],"_links":{"self":[{"href":"https:\/\/www.santai-ceramics.com\/de\/wp-json\/wp\/v2\/product\/2563","targetHints":{"allow":["GET"]}}],"collection":[{"href":"https:\/\/www.santai-ceramics.com\/de\/wp-json\/wp\/v2\/product"}],"about":[{"href":"https:\/\/www.santai-ceramics.com\/de\/wp-json\/wp\/v2\/types\/product"}],"replies":[{"embeddable":true,"href":"https:\/\/www.santai-ceramics.com\/de\/wp-json\/wp\/v2\/comments?post=2563"}],"wp:featuredmedia":[{"embeddable":true,"href":"https:\/\/www.santai-ceramics.com\/de\/wp-json\/wp\/v2\/media\/2583"}],"wp:attachment":[{"href":"https:\/\/www.santai-ceramics.com\/de\/wp-json\/wp\/v2\/media?parent=2563"}],"wp:term":[{"taxonomy":"product_brand","embeddable":true,"href":"https:\/\/www.santai-ceramics.com\/de\/wp-json\/wp\/v2\/product_brand?post=2563"},{"taxonomy":"product_cat","embeddable":true,"href":"https:\/\/www.santai-ceramics.com\/de\/wp-json\/wp\/v2\/product_cat?post=2563"},{"taxonomy":"product_tag","embeddable":true,"href":"https:\/\/www.santai-ceramics.com\/de\/wp-json\/wp\/v2\/product_tag?post=2563"}],"curies":[{"name":"wp","href":"https:\/\/api.w.org\/{rel}","templated":true}]}}