{"id":2566,"date":"2025-05-06T09:14:37","date_gmt":"2025-05-06T09:14:37","guid":{"rendered":"https:\/\/www.santai-ceramics.com\/?post_type=product&#038;p=2566"},"modified":"2025-06-12T16:11:15","modified_gmt":"2025-06-12T16:11:15","slug":"wholesale-vintage-ceramic-unique-candle-holder","status":"publish","type":"product","link":"https:\/\/www.santai-ceramics.com\/de\/product\/wholesale-vintage-ceramic-unique-candle-holder\/","title":{"rendered":"Gro\u00dfhandel Vintage Keramik Einzigartige Kerze Halter"},"content":{"rendered":"<h3 class=\"wp-block-heading\">Features of\u00a0Ceramic Candle Holder<\/h3>\n\n\n\n<ul class=\"wp-block-list\">\n<li><strong>Stable and Practical Design: <\/strong>Designed with a wide base or solid structure for stability, it can hold candles securely and prevent tipping.<\/li>\n\n\n\n<li><strong>Widely Used:<\/strong> The ceramic candle holder is suitable for various occasions, including home decoration, weddings, restaurants, cafes, and festival displays.<\/li>\n\n\n\n<li><strong>Wholesale-Friendly Pricing: <\/strong>SANATI pottery manufacturer offers competitive pricing for bulk buyers such as retailers, event planners, or gift shops.<\/li>\n<\/ul>\n\n\n\n<h3 class=\"wp-block-heading\">Individueller Kerzenst\u00e4nder-Service<\/h3>\n\n\n\n<p>Wir bieten OEM- und ODM-Dienstleistungen f\u00fcr unsere Produkte an.<br>Eine schnelle Lieferung von Mustern ist m\u00f6glich.<br>Wir bieten eine Vielzahl von Formen, Farben, individuellem Druck, Verpackungen und anderen ma\u00dfgeschneiderten Dienstleistungen an, um Ihre speziellen Anforderungen zu erf\u00fcllen.<br><a href=\"https:\/\/www.santai-ceramics.com\/de\/custom\/\" data-type=\"page\" data-id=\"13\" target=\"_blank\" rel=\"noreferrer noopener\"><strong><b>Erfahren Sie mehr \u00fcber Custom<\/b> ceramic candle holder solutions.<\/strong><\/a><\/p>\n\n\n\n<div class=\"wp-block-columns is-layout-flex wp-container-core-columns-is-layout-9d6595d7 wp-block-columns-is-layout-flex\">\n<div class=\"wp-block-column is-layout-flow wp-block-column-is-layout-flow\">\n<figure class=\"wp-block-image size-full\"><img decoding=\"async\" width=\"2814\" height=\"2344\" src=\"https:\/\/www.santai-ceramics.com\/wp-content\/uploads\/2025\/05\/ceramic-candle-holder-display-1.webp\" alt=\"ceramic candle holder display (1)\" class=\"wp-image-2616\" srcset=\"https:\/\/www.santai-ceramics.com\/wp-content\/uploads\/2025\/05\/ceramic-candle-holder-display-1.webp 2814w, https:\/\/www.santai-ceramics.com\/wp-content\/uploads\/2025\/05\/ceramic-candle-holder-display-1-300x250.webp 300w, https:\/\/www.santai-ceramics.com\/wp-content\/uploads\/2025\/05\/ceramic-candle-holder-display-1-768x640.webp 768w, https:\/\/www.santai-ceramics.com\/wp-content\/uploads\/2025\/05\/ceramic-candle-holder-display-1-14x12.webp 14w, https:\/\/www.santai-ceramics.com\/wp-content\/uploads\/2025\/05\/ceramic-candle-holder-display-1-1200x1000.webp 1200w, https:\/\/www.santai-ceramics.com\/wp-content\/uploads\/2025\/05\/ceramic-candle-holder-display-1-600x500.webp 600w\" sizes=\"(max-width: 2814px) 100vw, 2814px\" \/><\/figure>\n<\/div>\n\n\n\n<div class=\"wp-block-column is-layout-flow wp-block-column-is-layout-flow\">\n<figure class=\"wp-block-image size-full\"><img decoding=\"async\" width=\"3141\" height=\"2617\" src=\"https:\/\/www.santai-ceramics.com\/wp-content\/uploads\/2025\/05\/ceramic-candle-holder-display-2.webp\" alt=\"ceramic candle holder display (2)\" class=\"wp-image-2617\" srcset=\"https:\/\/www.santai-ceramics.com\/wp-content\/uploads\/2025\/05\/ceramic-candle-holder-display-2.webp 3141w, https:\/\/www.santai-ceramics.com\/wp-content\/uploads\/2025\/05\/ceramic-candle-holder-display-2-300x250.webp 300w, https:\/\/www.santai-ceramics.com\/wp-content\/uploads\/2025\/05\/ceramic-candle-holder-display-2-768x640.webp 768w, https:\/\/www.santai-ceramics.com\/wp-content\/uploads\/2025\/05\/ceramic-candle-holder-display-2-14x12.webp 14w, https:\/\/www.santai-ceramics.com\/wp-content\/uploads\/2025\/05\/ceramic-candle-holder-display-2-1200x1000.webp 1200w, https:\/\/www.santai-ceramics.com\/wp-content\/uploads\/2025\/05\/ceramic-candle-holder-display-2-600x500.webp 600w\" sizes=\"(max-width: 3141px) 100vw, 3141px\" \/><\/figure>\n<\/div>\n<\/div>","protected":false},"excerpt":{"rendered":"<p data-pm-slice=\"0 0 []\">Wholesale vintage ceramic unique candle holder, suitable for home decoration, wedding, restaurant and boutique display, SANTAI pottery manufacturer provides various sizes and styles, supports OEM and ODM, contact us to get a quote.<\/p>\n<h2>Specification of\u00a0 Vintage Ceramic Candle Holder<\/h2>\n<table width=\"855\">\n<tbody>\n<tr>\n<td width=\"285\">Modellnummer<\/td>\n<td width=\"285\">A35351-L136-A01<\/td>\n<td width=\"285\">A35351-L136-A02<\/td>\n<\/tr>\n<tr>\n<td>Produktname<\/td>\n<td>Keramik-Kerzenst\u00e4nder<\/td>\n<td>Keramik-Kerzenst\u00e4nder<\/td>\n<\/tr>\n<tr>\n<td>Farbe<\/td>\n<td>Dunkelblau<\/td>\n<td>Dunkelblau<\/td>\n<\/tr>\n<tr>\n<td>Material<\/td>\n<td>Keramik\u00a0<\/td>\n<td>Keramik\u00a0<\/td>\n<\/tr>\n<tr>\n<td>Verwendungsszenarien<\/td>\n<td>Wohnungseinrichtung<\/td>\n<td>Wohnungseinrichtung<\/td>\n<\/tr>\n<tr>\n<td>Abmessungen<\/td>\n<td>D:14.5X21.5cm<\/td>\n<td>D:14.5X16.5cm<\/td>\n<\/tr>\n<tr>\n<td>Gewicht<\/td>\n<td>0,9 kg\/St\u00fcck<\/td>\n<td>0,6 kg\/St\u00fcck<\/td>\n<\/tr>\n<\/tbody>\n<\/table>","protected":false},"featured_media":2618,"comment_status":"closed","ping_status":"closed","template":"","meta":{"_acf_changed":false},"product_brand":[],"product_cat":[18,46,26],"product_tag":[],"class_list":{"0":"post-2566","1":"product","2":"type-product","3":"status-publish","4":"has-post-thumbnail","6":"product_cat-home-decor","7":"product_cat-wholesale-ceramic-candle-holders","8":"product_cat-home-accessories","10":"first","11":"instock","12":"shipping-taxable","13":"product-type-simple"},"acf":[],"_links":{"self":[{"href":"https:\/\/www.santai-ceramics.com\/de\/wp-json\/wp\/v2\/product\/2566","targetHints":{"allow":["GET"]}}],"collection":[{"href":"https:\/\/www.santai-ceramics.com\/de\/wp-json\/wp\/v2\/product"}],"about":[{"href":"https:\/\/www.santai-ceramics.com\/de\/wp-json\/wp\/v2\/types\/product"}],"replies":[{"embeddable":true,"href":"https:\/\/www.santai-ceramics.com\/de\/wp-json\/wp\/v2\/comments?post=2566"}],"wp:featuredmedia":[{"embeddable":true,"href":"https:\/\/www.santai-ceramics.com\/de\/wp-json\/wp\/v2\/media\/2618"}],"wp:attachment":[{"href":"https:\/\/www.santai-ceramics.com\/de\/wp-json\/wp\/v2\/media?parent=2566"}],"wp:term":[{"taxonomy":"product_brand","embeddable":true,"href":"https:\/\/www.santai-ceramics.com\/de\/wp-json\/wp\/v2\/product_brand?post=2566"},{"taxonomy":"product_cat","embeddable":true,"href":"https:\/\/www.santai-ceramics.com\/de\/wp-json\/wp\/v2\/product_cat?post=2566"},{"taxonomy":"product_tag","embeddable":true,"href":"https:\/\/www.santai-ceramics.com\/de\/wp-json\/wp\/v2\/product_tag?post=2566"}],"curies":[{"name":"wp","href":"https:\/\/api.w.org\/{rel}","templated":true}]}}