{"id":2683,"date":"2025-05-29T02:31:23","date_gmt":"2025-05-29T02:31:23","guid":{"rendered":"https:\/\/www.santai-ceramics.com\/?post_type=product&#038;p=2683"},"modified":"2025-06-10T01:53:37","modified_gmt":"2025-06-10T01:53:37","slug":"wholesale-decorative-ceramic-jugs","status":"publish","type":"product","link":"https:\/\/www.santai-ceramics.com\/de\/product\/wholesale-decorative-ceramic-jugs\/","title":{"rendered":"Gro\u00dfhandel dunkelgr\u00fcn Vintage Keramik Kr\u00fcge f\u00fcr Home Decor"},"content":{"rendered":"<h3 class=\"wp-block-heading\">Features of\u00a0Ceramic Jugs<\/h3>\n\n\n\n<ul class=\"wp-block-list\">\n<li><strong>Elegant design: <\/strong>The ceramic jug is not only a practical utensil, but also an artistic decoration that enhances the style of your home.<\/li>\n\n\n\n<li><strong>Quality craftsmanship: <\/strong>Our wholesale ceramic jugs are made using high-temperature ceramic firing technology, and their colors remain bright after long-term use.<\/li>\n\n\n\n<li><strong>Multi-scenario application: <\/strong>The ceramic jug is suitable for home decoration, dining display, and gift matching.<\/li>\n<\/ul>\n\n\n\n<h3 class=\"wp-block-heading\">Individueller T\u00f6pferdienst<\/h3>\n\n\n\n<p>Wir bieten OEM- und ODM-Dienstleistungen f\u00fcr unsere Produkte an.<br>Eine schnelle Lieferung von Mustern ist m\u00f6glich.<br>Wir bieten eine Vielzahl von Formen, Farben, individuellem Druck, Verpackungen und anderen ma\u00dfgeschneiderten Dienstleistungen an, um Ihre speziellen Anforderungen zu erf\u00fcllen.<br><a href=\"https:\/\/www.santai-ceramics.com\/de\/custom\/\" data-type=\"page\" data-id=\"13\" target=\"_blank\" rel=\"noreferrer noopener\"><strong><b>Erfahren Sie mehr \u00fcber Custom<\/b> T\u00f6pferei Detail.<\/strong><\/a><\/p>\n\n\n\n<div class=\"wp-block-columns is-layout-flex wp-container-core-columns-is-layout-9d6595d7 wp-block-columns-is-layout-flex\">\n<div class=\"wp-block-column is-layout-flow wp-block-column-is-layout-flow\">\n<figure class=\"wp-block-image size-full\"><img decoding=\"async\" width=\"2835\" height=\"2362\" src=\"https:\/\/www.santai-ceramics.com\/wp-content\/uploads\/2025\/05\/Wholesale-Vintage-Ceramic-Jug-5.webp\" alt=\"Wholesale Vintage Ceramic Jug (5)\" class=\"wp-image-2722\" srcset=\"https:\/\/www.santai-ceramics.com\/wp-content\/uploads\/2025\/05\/Wholesale-Vintage-Ceramic-Jug-5.webp 2835w, https:\/\/www.santai-ceramics.com\/wp-content\/uploads\/2025\/05\/Wholesale-Vintage-Ceramic-Jug-5-300x250.webp 300w, https:\/\/www.santai-ceramics.com\/wp-content\/uploads\/2025\/05\/Wholesale-Vintage-Ceramic-Jug-5-768x640.webp 768w, https:\/\/www.santai-ceramics.com\/wp-content\/uploads\/2025\/05\/Wholesale-Vintage-Ceramic-Jug-5-14x12.webp 14w, https:\/\/www.santai-ceramics.com\/wp-content\/uploads\/2025\/05\/Wholesale-Vintage-Ceramic-Jug-5-1200x1000.webp 1200w, https:\/\/www.santai-ceramics.com\/wp-content\/uploads\/2025\/05\/Wholesale-Vintage-Ceramic-Jug-5-600x500.webp 600w\" sizes=\"(max-width: 2835px) 100vw, 2835px\" \/><\/figure>\n<\/div>\n\n\n\n<div class=\"wp-block-column is-layout-flow wp-block-column-is-layout-flow\">\n<figure class=\"wp-block-image size-full\"><img decoding=\"async\" width=\"2328\" height=\"2328\" src=\"https:\/\/www.santai-ceramics.com\/wp-content\/uploads\/2025\/05\/Wholesale-Vintage-Ceramic-Jug-6.webp\" alt=\"Wholesale Vintage Ceramic Jug (6)\" class=\"wp-image-2723\" srcset=\"https:\/\/www.santai-ceramics.com\/wp-content\/uploads\/2025\/05\/Wholesale-Vintage-Ceramic-Jug-6.webp 2328w, https:\/\/www.santai-ceramics.com\/wp-content\/uploads\/2025\/05\/Wholesale-Vintage-Ceramic-Jug-6-300x300.webp 300w, https:\/\/www.santai-ceramics.com\/wp-content\/uploads\/2025\/05\/Wholesale-Vintage-Ceramic-Jug-6-150x150.webp 150w, https:\/\/www.santai-ceramics.com\/wp-content\/uploads\/2025\/05\/Wholesale-Vintage-Ceramic-Jug-6-768x768.webp 768w, https:\/\/www.santai-ceramics.com\/wp-content\/uploads\/2025\/05\/Wholesale-Vintage-Ceramic-Jug-6-12x12.webp 12w, https:\/\/www.santai-ceramics.com\/wp-content\/uploads\/2025\/05\/Wholesale-Vintage-Ceramic-Jug-6-1200x1200.webp 1200w, https:\/\/www.santai-ceramics.com\/wp-content\/uploads\/2025\/05\/Wholesale-Vintage-Ceramic-Jug-6-600x600.webp 600w, https:\/\/www.santai-ceramics.com\/wp-content\/uploads\/2025\/05\/Wholesale-Vintage-Ceramic-Jug-6-100x100.webp 100w\" sizes=\"(max-width: 2328px) 100vw, 2328px\" \/><\/figure>\n<\/div>\n<\/div>\n\n\n\n<div class=\"wp-block-columns is-layout-flex wp-container-core-columns-is-layout-9d6595d7 wp-block-columns-is-layout-flex\">\n<div class=\"wp-block-column is-layout-flow wp-block-column-is-layout-flow\"><\/div>\n\n\n\n<div class=\"wp-block-column is-layout-flow wp-block-column-is-layout-flow\"><\/div>\n<\/div>","protected":false},"excerpt":{"rendered":"<p data-pm-slice=\"0 0 []\">Gro\u00dfhandel Retro Keramik Kr\u00fcge, dunkelgr\u00fcne Glasur zeigt klassische nostalgische \u00c4sthetik. Geeignet f\u00fcr Haus, Caf\u00e9, Studie und andere Szenen, die volle Serie umfasst 3 Gr\u00f6\u00dfen, ausreichend Lager, bieten wettbewerbsf\u00e4hige Fabrik Preis, willkommen, uns zu kontaktieren.<\/p>\n<h2>Spezifikation von Vintage-Keramikkr\u00fcgen<\/h2>\n<table width=\"1140\">\n<tbody>\n<tr>\n<td width=\"285\">Modellnummer<\/td>\n<td width=\"285\">A36724-LE35-A01<\/td>\n<td width=\"285\">A36724-LE35-A02<\/td>\n<td width=\"285\">A36724-LE35-A03<\/td>\n<\/tr>\n<tr>\n<td>Produktname<\/td>\n<td>Keramik-Krug<\/td>\n<td>Keramik-Krug<\/td>\n<td>Keramik-Krug<\/td>\n<\/tr>\n<tr>\n<td>Farbe<\/td>\n<td>K\u00f6niglich Gr\u00fcn<\/td>\n<td>K\u00f6niglich Gr\u00fcn<\/td>\n<td>K\u00f6niglich Gr\u00fcn<\/td>\n<\/tr>\n<tr>\n<td>Material<\/td>\n<td>Keramik\u00a0<\/td>\n<td>Keramik\u00a0<\/td>\n<td>Keramik\u00a0<\/td>\n<\/tr>\n<tr>\n<td>Verwendungsszenarien<\/td>\n<td>Wohnungseinrichtung<\/td>\n<td>Wohnungseinrichtung<\/td>\n<td>Wohnungseinrichtung<\/td>\n<\/tr>\n<tr>\n<td>Abmessungen<\/td>\n<td>15X15X28.5cm<\/td>\n<td>13,5X13,5X22,5cm<\/td>\n<td>11.5X11.5X18cm<\/td>\n<\/tr>\n<tr>\n<td>Gewicht<\/td>\n<td>1,6 kg\/St\u00fcck<\/td>\n<td>1,4 kg\/St\u00fcck<\/td>\n<td>0,6 kg\/St\u00fcck<\/td>\n<\/tr>\n<\/tbody>\n<\/table>","protected":false},"featured_media":2718,"comment_status":"closed","ping_status":"closed","template":"","meta":{"_acf_changed":false},"product_brand":[],"product_cat":[18,44,22],"product_tag":[],"class_list":{"0":"post-2683","1":"product","2":"type-product","3":"status-publish","4":"has-post-thumbnail","6":"product_cat-home-decor","7":"product_cat-wholesale-ceramic-jugs","8":"product_cat-vase","10":"first","11":"instock","12":"shipping-taxable","13":"product-type-simple"},"acf":[],"_links":{"self":[{"href":"https:\/\/www.santai-ceramics.com\/de\/wp-json\/wp\/v2\/product\/2683","targetHints":{"allow":["GET"]}}],"collection":[{"href":"https:\/\/www.santai-ceramics.com\/de\/wp-json\/wp\/v2\/product"}],"about":[{"href":"https:\/\/www.santai-ceramics.com\/de\/wp-json\/wp\/v2\/types\/product"}],"replies":[{"embeddable":true,"href":"https:\/\/www.santai-ceramics.com\/de\/wp-json\/wp\/v2\/comments?post=2683"}],"wp:featuredmedia":[{"embeddable":true,"href":"https:\/\/www.santai-ceramics.com\/de\/wp-json\/wp\/v2\/media\/2718"}],"wp:attachment":[{"href":"https:\/\/www.santai-ceramics.com\/de\/wp-json\/wp\/v2\/media?parent=2683"}],"wp:term":[{"taxonomy":"product_brand","embeddable":true,"href":"https:\/\/www.santai-ceramics.com\/de\/wp-json\/wp\/v2\/product_brand?post=2683"},{"taxonomy":"product_cat","embeddable":true,"href":"https:\/\/www.santai-ceramics.com\/de\/wp-json\/wp\/v2\/product_cat?post=2683"},{"taxonomy":"product_tag","embeddable":true,"href":"https:\/\/www.santai-ceramics.com\/de\/wp-json\/wp\/v2\/product_tag?post=2683"}],"curies":[{"name":"wp","href":"https:\/\/api.w.org\/{rel}","templated":true}]}}