{"id":2684,"date":"2025-05-29T06:54:30","date_gmt":"2025-05-29T06:54:30","guid":{"rendered":"https:\/\/www.santai-ceramics.com\/?post_type=product&#038;p=2684"},"modified":"2025-06-08T03:01:30","modified_gmt":"2025-06-08T03:01:30","slug":"wholesale-classic-elegance-ceramic-vase","status":"publish","type":"product","link":"https:\/\/www.santai-ceramics.com\/de\/product\/wholesale-classic-elegance-ceramic-vase\/","title":{"rendered":"Klassische Eleganz Keramik Vase Gro\u00dfhandel, nat\u00fcrliche Olive Farbe, drei Gr\u00f6\u00dfen verf\u00fcgbar"},"content":{"rendered":"<h3 class=\"wp-block-heading\">Eigenschaften von Classic Elegance Keramikvase<\/h3>\n\n\n\n<ul class=\"wp-block-list\">\n<li>Einzigartiges Design: Das stromlinienf\u00f6rmige und gestreifte Design macht ihn optisch sehr attraktiv und tr\u00e4gt zur dekorativen Wirkung bei.<\/li>\n\n\n\n<li>Elegante Farbe: Der k\u00f6nigliche Gr\u00fcnton ist edler und eleganter und l\u00e4sst sich leicht mit verschiedenen Wohnstilen kombinieren.<\/li>\n\n\n\n<li>Mehrere Gr\u00f6\u00dfenoptionen: Es stehen drei Vasengr\u00f6\u00dfen zur Verf\u00fcgung, die f\u00fcr unterschiedliche Blumenarten verwendet werden k\u00f6nnen und sich an verschiedene Nutzungsszenarien anpassen.<\/li>\n<\/ul>\n\n\n\n<h3 class=\"wp-block-heading\">Individuelles Vasen-Service aus Keramik<\/h3>\n\n\n\n<p>Wir bieten OEM- und ODM-Dienstleistungen f\u00fcr unsere Produkte an.<br>Eine schnelle Lieferung von Mustern ist m\u00f6glich.<br>Wir bieten eine Vielzahl von Formen, Farben, individuellem Druck, Verpackungen und anderen ma\u00dfgeschneiderten Dienstleistungen an, um Ihre speziellen Anforderungen zu erf\u00fcllen.<br><a href=\"https:\/\/www.santai-ceramics.com\/de\/custom\/\" data-type=\"page\" data-id=\"13\" target=\"_blank\" rel=\"noreferrer noopener\"><strong><b>Erfahren Sie mehr \u00fcber Custom<\/b> Keramikvase Detail.<\/strong><\/a><\/p>\n\n\n\n<div class=\"wp-block-columns is-layout-flex wp-container-core-columns-is-layout-9d6595d7 wp-block-columns-is-layout-flex\">\n<div class=\"wp-block-column is-layout-flow wp-block-column-is-layout-flow\">\n<figure class=\"wp-block-image size-full\"><img decoding=\"async\" width=\"2835\" height=\"2362\" src=\"https:\/\/www.santai-ceramics.com\/wp-content\/uploads\/2025\/05\/Classic-Elegance-Ceramic-Vase-Series-1.webp\" alt=\"Klassische Eleganz Keramik Vase Serie (1)\" class=\"wp-image-2743\" srcset=\"https:\/\/www.santai-ceramics.com\/wp-content\/uploads\/2025\/05\/Classic-Elegance-Ceramic-Vase-Series-1.webp 2835w, https:\/\/www.santai-ceramics.com\/wp-content\/uploads\/2025\/05\/Classic-Elegance-Ceramic-Vase-Series-1-300x250.webp 300w, https:\/\/www.santai-ceramics.com\/wp-content\/uploads\/2025\/05\/Classic-Elegance-Ceramic-Vase-Series-1-768x640.webp 768w, https:\/\/www.santai-ceramics.com\/wp-content\/uploads\/2025\/05\/Classic-Elegance-Ceramic-Vase-Series-1-14x12.webp 14w, https:\/\/www.santai-ceramics.com\/wp-content\/uploads\/2025\/05\/Classic-Elegance-Ceramic-Vase-Series-1-1200x1000.webp 1200w, https:\/\/www.santai-ceramics.com\/wp-content\/uploads\/2025\/05\/Classic-Elegance-Ceramic-Vase-Series-1-600x500.webp 600w\" sizes=\"(max-width: 2835px) 100vw, 2835px\" \/><\/figure>\n<\/div>\n\n\n\n<div class=\"wp-block-column is-layout-flow wp-block-column-is-layout-flow\">\n<figure class=\"wp-block-image size-full\"><img decoding=\"async\" width=\"2835\" height=\"2362\" src=\"https:\/\/www.santai-ceramics.com\/wp-content\/uploads\/2025\/05\/Classic-Elegance-Ceramic-Vase-Series-2.webp\" alt=\"Klassische Eleganz Keramik Vase Serie (2)\" class=\"wp-image-2744\" srcset=\"https:\/\/www.santai-ceramics.com\/wp-content\/uploads\/2025\/05\/Classic-Elegance-Ceramic-Vase-Series-2.webp 2835w, https:\/\/www.santai-ceramics.com\/wp-content\/uploads\/2025\/05\/Classic-Elegance-Ceramic-Vase-Series-2-300x250.webp 300w, https:\/\/www.santai-ceramics.com\/wp-content\/uploads\/2025\/05\/Classic-Elegance-Ceramic-Vase-Series-2-768x640.webp 768w, https:\/\/www.santai-ceramics.com\/wp-content\/uploads\/2025\/05\/Classic-Elegance-Ceramic-Vase-Series-2-14x12.webp 14w, https:\/\/www.santai-ceramics.com\/wp-content\/uploads\/2025\/05\/Classic-Elegance-Ceramic-Vase-Series-2-1200x1000.webp 1200w, https:\/\/www.santai-ceramics.com\/wp-content\/uploads\/2025\/05\/Classic-Elegance-Ceramic-Vase-Series-2-600x500.webp 600w\" sizes=\"(max-width: 2835px) 100vw, 2835px\" \/><\/figure>\n<\/div>\n<\/div>\n\n\n\n<div class=\"wp-block-columns is-layout-flex wp-container-core-columns-is-layout-9d6595d7 wp-block-columns-is-layout-flex\">\n<div class=\"wp-block-column is-layout-flow wp-block-column-is-layout-flow\"><\/div>\n\n\n\n<div class=\"wp-block-column is-layout-flow wp-block-column-is-layout-flow\"><\/div>\n<\/div>","protected":false},"excerpt":{"rendered":"<p data-pm-slice=\"0 0 []\">Gro\u00dfhandel klassische Eleganz Keramikvase, diese Vase kombiniert traditionelle und moderne Design-\u00c4sthetik, hat eine edle und elegante Temperament, geeignet f\u00fcr eine Vielzahl von Wohnstilen. Es kann verwendet werden, um das Wohnzimmer, Arbeitszimmer und andere Orte zu dekorieren. Unterst\u00fctzung OEM\/ODM-Anpassung, willkommen in der Masse zu kaufen.<\/p>\n<h2>Spezifikation der Keramikvase Classic Elegance<\/h2>\n<table width=\"1140\">\n<tbody>\n<tr>\n<td width=\"285\">Modellnummer<\/td>\n<td width=\"285\">A37943-LE35-A01<\/td>\n<td width=\"285\">A37943-LE35-A02<\/td>\n<td width=\"285\">A37943-LE35-A03<\/td>\n<\/tr>\n<tr>\n<td>Produktname<\/td>\n<td>Keramik-Vase<\/td>\n<td>Keramik-Vase<\/td>\n<td>Keramik-Vase<\/td>\n<\/tr>\n<tr>\n<td>Farbe<\/td>\n<td>K\u00f6niglich Gr\u00fcn<\/td>\n<td>K\u00f6niglich Gr\u00fcn<\/td>\n<td>K\u00f6niglich Gr\u00fcn<\/td>\n<\/tr>\n<tr>\n<td>Material<\/td>\n<td>Keramik\u00a0<\/td>\n<td>Keramik\u00a0<\/td>\n<td>Keramik\u00a0<\/td>\n<\/tr>\n<tr>\n<td>Verwendungsszenarien<\/td>\n<td>Wohnungseinrichtung<\/td>\n<td>Wohnungseinrichtung<\/td>\n<td>Wohnungseinrichtung<\/td>\n<\/tr>\n<tr>\n<td>Abmessungen<\/td>\n<td>T:17.5X31cm<\/td>\n<td>T:13,5X22,5cm<\/td>\n<td>T:10X18cm<\/td>\n<\/tr>\n<tr>\n<td>Gewicht<\/td>\n<td>1,6 kg\/St\u00fcck<\/td>\n<td>0,9 kg\/St\u00fcck<\/td>\n<td>0,5 kg\/St\u00fcck<\/td>\n<\/tr>\n<\/tbody>\n<\/table>","protected":false},"featured_media":2745,"comment_status":"closed","ping_status":"closed","template":"","meta":{"_acf_changed":false},"product_brand":[],"product_cat":[18],"product_tag":[],"class_list":{"0":"post-2684","1":"product","2":"type-product","3":"status-publish","4":"has-post-thumbnail","6":"product_cat-home-decor","8":"first","9":"instock","10":"shipping-taxable","11":"product-type-simple"},"acf":[],"_links":{"self":[{"href":"https:\/\/www.santai-ceramics.com\/de\/wp-json\/wp\/v2\/product\/2684","targetHints":{"allow":["GET"]}}],"collection":[{"href":"https:\/\/www.santai-ceramics.com\/de\/wp-json\/wp\/v2\/product"}],"about":[{"href":"https:\/\/www.santai-ceramics.com\/de\/wp-json\/wp\/v2\/types\/product"}],"replies":[{"embeddable":true,"href":"https:\/\/www.santai-ceramics.com\/de\/wp-json\/wp\/v2\/comments?post=2684"}],"wp:featuredmedia":[{"embeddable":true,"href":"https:\/\/www.santai-ceramics.com\/de\/wp-json\/wp\/v2\/media\/2745"}],"wp:attachment":[{"href":"https:\/\/www.santai-ceramics.com\/de\/wp-json\/wp\/v2\/media?parent=2684"}],"wp:term":[{"taxonomy":"product_brand","embeddable":true,"href":"https:\/\/www.santai-ceramics.com\/de\/wp-json\/wp\/v2\/product_brand?post=2684"},{"taxonomy":"product_cat","embeddable":true,"href":"https:\/\/www.santai-ceramics.com\/de\/wp-json\/wp\/v2\/product_cat?post=2684"},{"taxonomy":"product_tag","embeddable":true,"href":"https:\/\/www.santai-ceramics.com\/de\/wp-json\/wp\/v2\/product_tag?post=2684"}],"curies":[{"name":"wp","href":"https:\/\/api.w.org\/{rel}","templated":true}]}}