{"id":2685,"date":"2025-05-29T07:22:25","date_gmt":"2025-05-29T07:22:25","guid":{"rendered":"https:\/\/www.santai-ceramics.com\/?post_type=product&#038;p=2685"},"modified":"2025-05-29T07:23:56","modified_gmt":"2025-05-29T07:23:56","slug":"wholesale-modern-style-ceramic-vase","status":"publish","type":"product","link":"https:\/\/www.santai-ceramics.com\/de\/product\/wholesale-modern-style-ceramic-vase\/","title":{"rendered":"Modern Style Keramik Vase Gro\u00dfhandel, zwei Gr\u00f6\u00dfen verf\u00fcgbar"},"content":{"rendered":"<h3 class=\"wp-block-heading\">Eigenschaften von Modern Style Keramik Vase<\/h3>\n\n\n\n<ul class=\"wp-block-list\">\n<li><strong>Sch\u00f6ne Form: <\/strong>Das vertikale Streifendesign sorgt f\u00fcr Dreidimensionalit\u00e4t und Liniensch\u00f6nheit, einfach und doch exquisit.<\/li>\n\n\n\n<li><strong>Vielseitige Farben: <\/strong>Die dunkelgr\u00fcne Flasche wird mit Blumen in verschiedenen Farben kombiniert, frisch und nat\u00fcrlich, passend f\u00fcr moderne, nordische und andere Wohnstile.<\/li>\n\n\n\n<li><strong>Starke Praktikabilit\u00e4t: <\/strong>Die Kombination aus einer gro\u00dfen und einer kleinen Blume kann allein oder zusammen verwendet werden, um unterschiedliche Anforderungen an das Blumenarrangement zu erf\u00fcllen.<\/li>\n<\/ul>\n\n\n\n<h3 class=\"wp-block-heading\">Individuelles Vasen-Service aus Keramik<\/h3>\n\n\n\n<p>Wir bieten OEM- und ODM-Dienstleistungen f\u00fcr unsere Produkte an.<br>Eine schnelle Lieferung von Mustern ist m\u00f6glich.<br>Wir bieten eine Vielzahl von Formen, Farben, individuellem Druck, Verpackungen und anderen ma\u00dfgeschneiderten Dienstleistungen an, um Ihre speziellen Anforderungen zu erf\u00fcllen.<br><a href=\"https:\/\/www.santai-ceramics.com\/de\/custom\/\" data-type=\"page\" data-id=\"13\" target=\"_blank\" rel=\"noreferrer noopener\"><strong><b>Erfahren Sie mehr \u00fcber Custom<\/b> Keramikvase Detail.<\/strong><\/a><\/p>\n\n\n\n<div class=\"wp-block-columns is-layout-flex wp-container-core-columns-is-layout-9d6595d7 wp-block-columns-is-layout-flex\">\n<div class=\"wp-block-column is-layout-flow wp-block-column-is-layout-flow\">\n<figure class=\"wp-block-image size-full\"><img decoding=\"async\" width=\"3118\" height=\"2598\" src=\"https:\/\/www.santai-ceramics.com\/wp-content\/uploads\/2025\/05\/Modern-Style-Ceramic-Vase-4-1.webp\" alt=\"Keramikvase im modernen Stil (4)\" class=\"wp-image-2757\" srcset=\"https:\/\/www.santai-ceramics.com\/wp-content\/uploads\/2025\/05\/Modern-Style-Ceramic-Vase-4-1.webp 3118w, https:\/\/www.santai-ceramics.com\/wp-content\/uploads\/2025\/05\/Modern-Style-Ceramic-Vase-4-1-300x250.webp 300w, https:\/\/www.santai-ceramics.com\/wp-content\/uploads\/2025\/05\/Modern-Style-Ceramic-Vase-4-1-768x640.webp 768w, https:\/\/www.santai-ceramics.com\/wp-content\/uploads\/2025\/05\/Modern-Style-Ceramic-Vase-4-1-14x12.webp 14w, https:\/\/www.santai-ceramics.com\/wp-content\/uploads\/2025\/05\/Modern-Style-Ceramic-Vase-4-1-1200x1000.webp 1200w, https:\/\/www.santai-ceramics.com\/wp-content\/uploads\/2025\/05\/Modern-Style-Ceramic-Vase-4-1-600x500.webp 600w\" sizes=\"(max-width: 3118px) 100vw, 3118px\" \/><\/figure>\n<\/div>\n\n\n\n<div class=\"wp-block-column is-layout-flow wp-block-column-is-layout-flow\">\n<figure class=\"wp-block-image size-full\"><img decoding=\"async\" width=\"2268\" height=\"1890\" src=\"https:\/\/www.santai-ceramics.com\/wp-content\/uploads\/2025\/05\/Modern-Style-Ceramic-Vase-6.webp\" alt=\"Keramikvase im modernen Stil (6)\" class=\"wp-image-2758\" srcset=\"https:\/\/www.santai-ceramics.com\/wp-content\/uploads\/2025\/05\/Modern-Style-Ceramic-Vase-6.webp 2268w, https:\/\/www.santai-ceramics.com\/wp-content\/uploads\/2025\/05\/Modern-Style-Ceramic-Vase-6-300x250.webp 300w, https:\/\/www.santai-ceramics.com\/wp-content\/uploads\/2025\/05\/Modern-Style-Ceramic-Vase-6-768x640.webp 768w, https:\/\/www.santai-ceramics.com\/wp-content\/uploads\/2025\/05\/Modern-Style-Ceramic-Vase-6-14x12.webp 14w, https:\/\/www.santai-ceramics.com\/wp-content\/uploads\/2025\/05\/Modern-Style-Ceramic-Vase-6-1200x1000.webp 1200w, https:\/\/www.santai-ceramics.com\/wp-content\/uploads\/2025\/05\/Modern-Style-Ceramic-Vase-6-600x500.webp 600w\" sizes=\"(max-width: 2268px) 100vw, 2268px\" \/><\/figure>\n<\/div>\n<\/div>\n\n\n\n<div class=\"wp-block-columns is-layout-flex wp-container-core-columns-is-layout-9d6595d7 wp-block-columns-is-layout-flex\">\n<div class=\"wp-block-column is-layout-flow wp-block-column-is-layout-flow\"><\/div>\n\n\n\n<div class=\"wp-block-column is-layout-flow wp-block-column-is-layout-flow\"><\/div>\n<\/div>","protected":false},"excerpt":{"rendered":"<p data-pm-slice=\"0 0 []\">Gro\u00dfhandel modernen Stil Keramikvase, die einfache Form kann die Farbe und Haltung der Blume Kunst zu markieren, und kann leicht in verschiedene Wohnstile wie moderne und nordische integriert werden. Geeignet f\u00fcr die Platzierung im Wohnzimmer, Schlafzimmer, Esstisch und andere R\u00e4ume, um eine nat\u00fcrliche und elegante Wohnatmosph\u00e4re zu schaffen. Gro\u00dfeink\u00e4ufe sind willkommen.<\/p>\n<h2>Spezifikation der Keramikvase im modernen Stil<\/h2>\n<table width=\"855\">\n<tbody>\n<tr>\n<td width=\"285\">Modellnummer<\/td>\n<td width=\"285\">A37944-LE35-A01<\/td>\n<td width=\"285\">A37944-LE35-A02<\/td>\n<\/tr>\n<tr>\n<td>Produktname<\/td>\n<td>Keramik-Vase<\/td>\n<td>Keramik-Vase<\/td>\n<\/tr>\n<tr>\n<td>Farbe<\/td>\n<td>K\u00f6niglich Gr\u00fcn<\/td>\n<td>K\u00f6niglich Gr\u00fcn<\/td>\n<\/tr>\n<tr>\n<td>Material<\/td>\n<td>Keramik\u00a0<\/td>\n<td>Keramik\u00a0<\/td>\n<\/tr>\n<tr>\n<td>Verwendungsszenarien<\/td>\n<td>Wohnungseinrichtung<\/td>\n<td>Wohnungseinrichtung<\/td>\n<\/tr>\n<tr>\n<td>Abmessungen<\/td>\n<td>T:15,5\u00d736,5cm<\/td>\n<td>T:14\u00d731,5cm<\/td>\n<\/tr>\n<tr>\n<td>Gewicht<\/td>\n<td>1,7 kg\/St\u00fcck<\/td>\n<td>1,3 kg\/St\u00fcck<\/td>\n<\/tr>\n<\/tbody>\n<\/table>","protected":false},"featured_media":2754,"comment_status":"closed","ping_status":"closed","template":"","meta":{"_acf_changed":false},"product_brand":[],"product_cat":[18,22],"product_tag":[],"class_list":{"0":"post-2685","1":"product","2":"type-product","3":"status-publish","4":"has-post-thumbnail","6":"product_cat-home-decor","7":"product_cat-vase","9":"first","10":"instock","11":"shipping-taxable","12":"product-type-simple"},"acf":[],"_links":{"self":[{"href":"https:\/\/www.santai-ceramics.com\/de\/wp-json\/wp\/v2\/product\/2685","targetHints":{"allow":["GET"]}}],"collection":[{"href":"https:\/\/www.santai-ceramics.com\/de\/wp-json\/wp\/v2\/product"}],"about":[{"href":"https:\/\/www.santai-ceramics.com\/de\/wp-json\/wp\/v2\/types\/product"}],"replies":[{"embeddable":true,"href":"https:\/\/www.santai-ceramics.com\/de\/wp-json\/wp\/v2\/comments?post=2685"}],"wp:featuredmedia":[{"embeddable":true,"href":"https:\/\/www.santai-ceramics.com\/de\/wp-json\/wp\/v2\/media\/2754"}],"wp:attachment":[{"href":"https:\/\/www.santai-ceramics.com\/de\/wp-json\/wp\/v2\/media?parent=2685"}],"wp:term":[{"taxonomy":"product_brand","embeddable":true,"href":"https:\/\/www.santai-ceramics.com\/de\/wp-json\/wp\/v2\/product_brand?post=2685"},{"taxonomy":"product_cat","embeddable":true,"href":"https:\/\/www.santai-ceramics.com\/de\/wp-json\/wp\/v2\/product_cat?post=2685"},{"taxonomy":"product_tag","embeddable":true,"href":"https:\/\/www.santai-ceramics.com\/de\/wp-json\/wp\/v2\/product_tag?post=2685"}],"curies":[{"name":"wp","href":"https:\/\/api.w.org\/{rel}","templated":true}]}}