{"id":2688,"date":"2025-05-28T15:05:56","date_gmt":"2025-05-28T15:05:56","guid":{"rendered":"https:\/\/www.santai-ceramics.com\/?post_type=product&#038;p=2688"},"modified":"2025-06-12T08:56:27","modified_gmt":"2025-06-12T08:56:27","slug":"modern-minimalist-ceramic-vases-wholesale","status":"publish","type":"product","link":"https:\/\/www.santai-ceramics.com\/de\/product\/modern-minimalist-ceramic-vases-wholesale\/","title":{"rendered":"Moderne minimalistische Keramikvasen Gro\u00dfhandel f\u00fcr Home Decor"},"content":{"rendered":"<h3 class=\"wp-block-heading\">Eigenschaften von minimalistischen Keramikvasen<\/h3>\n\n\n\n<ul class=\"wp-block-list\">\n<li><strong>Einfaches Design: <\/strong>glatte Linien und einfache Form, geeignet f\u00fcr moderne Wohnkultur.<\/li>\n\n\n\n<li><strong>Verschiedene Gr\u00f6\u00dfen:<\/strong> Es sind verschiedene H\u00f6hen erh\u00e4ltlich, die sich f\u00fcr die Einzelaufstellung oder die kombinierte Aufstellung eignen.<\/li>\n\n\n\n<li><strong>Hochwertige Keramiken: <\/strong>glatte und zarte Oberfl\u00e4che, angenehm zu ber\u00fchren.<\/li>\n\n\n\n<li><strong>Vielseitige Farbe: <\/strong>Der k\u00f6nigliche Gr\u00fcnton ist elegant und stimmungsvoll und passt zu einer Vielzahl von Wohnstilen.<\/li>\n<\/ul>\n\n\n\n<h3 class=\"wp-block-heading\">Individuelles Vasen-Service aus Keramik<\/h3>\n\n\n\n<p>Wir bieten OEM- und ODM-Dienstleistungen f\u00fcr unsere Produkte an.<br>Eine schnelle Lieferung von Mustern ist m\u00f6glich.<br>Wir bieten eine Vielzahl von Formen, Farben, individuellem Druck, Verpackungen und anderen ma\u00dfgeschneiderten Dienstleistungen an, um Ihre speziellen Anforderungen zu erf\u00fcllen.<br><a href=\"https:\/\/www.santai-ceramics.com\/de\/custom\/\" data-type=\"page\" data-id=\"13\" target=\"_blank\" rel=\"noreferrer noopener\"><strong><b>Erfahren Sie mehr \u00fcber Custom<\/b> Keramikvase Detail.<\/strong><\/a><\/p>\n\n\n\n<div class=\"wp-block-columns is-layout-flex wp-container-core-columns-is-layout-9d6595d7 wp-block-columns-is-layout-flex\">\n<div class=\"wp-block-column is-layout-flow wp-block-column-is-layout-flow\">\n<figure class=\"wp-block-image size-full\"><img decoding=\"async\" width=\"2268\" height=\"1890\" src=\"https:\/\/www.santai-ceramics.com\/wp-content\/uploads\/2025\/05\/Wholesale-Modern-Minimalist-Ceramic-Vases-4.webp\" alt=\"Gro\u00dfhandel Moderne Minimalistische Keramikvasen (4)\" class=\"wp-image-2708\" srcset=\"https:\/\/www.santai-ceramics.com\/wp-content\/uploads\/2025\/05\/Wholesale-Modern-Minimalist-Ceramic-Vases-4.webp 2268w, https:\/\/www.santai-ceramics.com\/wp-content\/uploads\/2025\/05\/Wholesale-Modern-Minimalist-Ceramic-Vases-4-300x250.webp 300w, https:\/\/www.santai-ceramics.com\/wp-content\/uploads\/2025\/05\/Wholesale-Modern-Minimalist-Ceramic-Vases-4-768x640.webp 768w, https:\/\/www.santai-ceramics.com\/wp-content\/uploads\/2025\/05\/Wholesale-Modern-Minimalist-Ceramic-Vases-4-14x12.webp 14w, https:\/\/www.santai-ceramics.com\/wp-content\/uploads\/2025\/05\/Wholesale-Modern-Minimalist-Ceramic-Vases-4-1200x1000.webp 1200w, https:\/\/www.santai-ceramics.com\/wp-content\/uploads\/2025\/05\/Wholesale-Modern-Minimalist-Ceramic-Vases-4-600x500.webp 600w\" sizes=\"(max-width: 2268px) 100vw, 2268px\" \/><\/figure>\n<\/div>\n\n\n\n<div class=\"wp-block-column is-layout-flow wp-block-column-is-layout-flow\">\n<figure class=\"wp-block-image size-full\"><img decoding=\"async\" width=\"1743\" height=\"1743\" src=\"https:\/\/www.santai-ceramics.com\/wp-content\/uploads\/2025\/05\/Wholesale-Modern-Minimalist-Ceramic-Vases-5.webp\" alt=\"Gro\u00dfhandel Moderne Minimalistische Keramikvasen (5)\" class=\"wp-image-2709\" srcset=\"https:\/\/www.santai-ceramics.com\/wp-content\/uploads\/2025\/05\/Wholesale-Modern-Minimalist-Ceramic-Vases-5.webp 1743w, https:\/\/www.santai-ceramics.com\/wp-content\/uploads\/2025\/05\/Wholesale-Modern-Minimalist-Ceramic-Vases-5-300x300.webp 300w, https:\/\/www.santai-ceramics.com\/wp-content\/uploads\/2025\/05\/Wholesale-Modern-Minimalist-Ceramic-Vases-5-150x150.webp 150w, https:\/\/www.santai-ceramics.com\/wp-content\/uploads\/2025\/05\/Wholesale-Modern-Minimalist-Ceramic-Vases-5-768x768.webp 768w, https:\/\/www.santai-ceramics.com\/wp-content\/uploads\/2025\/05\/Wholesale-Modern-Minimalist-Ceramic-Vases-5-12x12.webp 12w, https:\/\/www.santai-ceramics.com\/wp-content\/uploads\/2025\/05\/Wholesale-Modern-Minimalist-Ceramic-Vases-5-1200x1200.webp 1200w, https:\/\/www.santai-ceramics.com\/wp-content\/uploads\/2025\/05\/Wholesale-Modern-Minimalist-Ceramic-Vases-5-600x600.webp 600w, https:\/\/www.santai-ceramics.com\/wp-content\/uploads\/2025\/05\/Wholesale-Modern-Minimalist-Ceramic-Vases-5-100x100.webp 100w\" sizes=\"(max-width: 1743px) 100vw, 1743px\" \/><\/figure>\n<\/div>\n<\/div>\n\n\n\n<div class=\"wp-block-columns is-layout-flex wp-container-core-columns-is-layout-9d6595d7 wp-block-columns-is-layout-flex\">\n<div class=\"wp-block-column is-layout-flow wp-block-column-is-layout-flow\"><\/div>\n\n\n\n<div class=\"wp-block-column is-layout-flow wp-block-column-is-layout-flow\"><\/div>\n<\/div>","protected":false},"excerpt":{"rendered":"<p data-pm-slice=\"0 0 []\">Die minimalistischen Keramikvasen des Gro\u00dfhandels mit ihren klaren Linien und dem eleganten K\u00f6nigsgr\u00fcn passen zu jedem Einrichtungsstil. Sie k\u00f6nnen verwendet werden, um frische oder getrocknete Blumen zu pr\u00e4sentieren oder als Verzierungen, um den Stil moderner Wohnr\u00e4ume zu verbessern. Gro\u00dfeink\u00e4ufe sind willkommen.<\/p>\n<h2>Spezifikation von Minimalistischen Keramikvasen<\/h2>\n<table width=\"855\">\n<tbody>\n<tr>\n<td width=\"285\">Modellnummer<\/td>\n<td width=\"285\">A35770-LE35-A01<\/td>\n<td width=\"285\">A35770-LE35-A02<\/td>\n<\/tr>\n<tr>\n<td>Produktname<\/td>\n<td>Keramik-Vase<\/td>\n<td>Keramik-Vase<\/td>\n<\/tr>\n<tr>\n<td>Farbe<\/td>\n<td>K\u00f6niglich Gr\u00fcn<\/td>\n<td>K\u00f6niglich Gr\u00fcn<\/td>\n<\/tr>\n<tr>\n<td>Material<\/td>\n<td>Keramik\u00a0<\/td>\n<td>Keramik\u00a0<\/td>\n<\/tr>\n<tr>\n<td>Verwendungsszenarien<\/td>\n<td>Wohnungseinrichtung<\/td>\n<td>Wohnungseinrichtung<\/td>\n<\/tr>\n<tr>\n<td>Abmessungen<\/td>\n<td>T:18X23.5cm<\/td>\n<td>T:15X20cm<\/td>\n<\/tr>\n<tr>\n<td>Gewicht<\/td>\n<td>1,5 kg\/St\u00fcck<\/td>\n<td>1kg\/St\u00fcck<\/td>\n<\/tr>\n<\/tbody>\n<\/table>","protected":false},"featured_media":2705,"comment_status":"closed","ping_status":"closed","template":"","meta":{"_acf_changed":false},"product_brand":[],"product_cat":[18,42,23,22],"product_tag":[],"class_list":{"0":"post-2688","1":"product","2":"type-product","3":"status-publish","4":"has-post-thumbnail","6":"product_cat-home-decor","7":"product_cat-wholesale-ceramic-plant-pots","8":"product_cat-ceramic-pots-planters","9":"product_cat-vase","11":"first","12":"instock","13":"shipping-taxable","14":"product-type-simple"},"acf":[],"_links":{"self":[{"href":"https:\/\/www.santai-ceramics.com\/de\/wp-json\/wp\/v2\/product\/2688","targetHints":{"allow":["GET"]}}],"collection":[{"href":"https:\/\/www.santai-ceramics.com\/de\/wp-json\/wp\/v2\/product"}],"about":[{"href":"https:\/\/www.santai-ceramics.com\/de\/wp-json\/wp\/v2\/types\/product"}],"replies":[{"embeddable":true,"href":"https:\/\/www.santai-ceramics.com\/de\/wp-json\/wp\/v2\/comments?post=2688"}],"wp:featuredmedia":[{"embeddable":true,"href":"https:\/\/www.santai-ceramics.com\/de\/wp-json\/wp\/v2\/media\/2705"}],"wp:attachment":[{"href":"https:\/\/www.santai-ceramics.com\/de\/wp-json\/wp\/v2\/media?parent=2688"}],"wp:term":[{"taxonomy":"product_brand","embeddable":true,"href":"https:\/\/www.santai-ceramics.com\/de\/wp-json\/wp\/v2\/product_brand?post=2688"},{"taxonomy":"product_cat","embeddable":true,"href":"https:\/\/www.santai-ceramics.com\/de\/wp-json\/wp\/v2\/product_cat?post=2688"},{"taxonomy":"product_tag","embeddable":true,"href":"https:\/\/www.santai-ceramics.com\/de\/wp-json\/wp\/v2\/product_tag?post=2688"}],"curies":[{"name":"wp","href":"https:\/\/api.w.org\/{rel}","templated":true}]}}