{"id":2689,"date":"2025-05-28T10:33:17","date_gmt":"2025-05-28T10:33:17","guid":{"rendered":"https:\/\/www.santai-ceramics.com\/?post_type=product&#038;p=2689"},"modified":"2025-06-07T16:03:14","modified_gmt":"2025-06-07T16:03:14","slug":"modern-textured-bowl-ceramic-plant-pots-wholesale","status":"publish","type":"product","link":"https:\/\/www.santai-ceramics.com\/de\/product\/modern-textured-bowl-ceramic-plant-pots-wholesale\/","title":{"rendered":"Moderne texturierte Schale Keramik Pflanzent\u00f6pfe Gro\u00dfhandel: Dunkelgr\u00fcn, mittlere Gr\u00f6\u00dfe"},"content":{"rendered":"<h3 class=\"wp-block-heading\">Eigenschaften von Keramik-Pflanzt\u00f6pfen<\/h3>\n\n\n\n<ul class=\"wp-block-list\">\n<li>Gestreifte Schalenform, einfach und elegant<\/li>\n\n\n\n<li>Unsere Gro\u00dfhandels-Keramik-Pflanzt\u00f6pfe sind in zwei kompakten Gr\u00f6\u00dfen erh\u00e4ltlich (19\u00d716cm \/ 15,5\u00d712,5cm), geeignet f\u00fcr den Schreibtisch oder die Fensterbank<\/li>\n\n\n\n<li>Geeignet zum Pflanzen von Sukkulenten, Gr\u00fcnpflanzen, kleinen Topfpflanzen usw.<\/li>\n\n\n\n<li>Glatte Oberfl\u00e4che, leicht zu reinigen und zu pflegen<\/li>\n\n\n\n<li>Der keramische Blumentopf hat eine glatte dunkelgr\u00fcne Glasur, die die Dekoration des Hauses eleganter und schicker macht.<\/li>\n<\/ul>\n\n\n\n<h3 class=\"wp-block-heading\">Individuelle Keramik-Pflanzgef\u00e4\u00dfeService<\/h3>\n\n\n\n<p>Wir bieten OEM- und ODM-Dienstleistungen f\u00fcr unsere Produkte an.<br>Eine schnelle Lieferung von Mustern ist m\u00f6glich.<br>Wir bieten eine Vielzahl von Formen, Farben, individuellem Druck, Verpackungen und anderen ma\u00dfgeschneiderten Dienstleistungen an, um Ihre speziellen Anforderungen zu erf\u00fcllen.<br><a href=\"https:\/\/www.santai-ceramics.com\/de\/custom\/\" data-type=\"page\" data-id=\"13\" target=\"_blank\" rel=\"noreferrer noopener\"><strong><b>Erfahren Sie mehr \u00fcber Custom<\/b> Keramik-Pflanzgef\u00e4\u00dfe Detail.<\/strong><\/a><\/p>\n\n\n\n<div class=\"wp-block-columns is-layout-flex wp-container-core-columns-is-layout-9d6595d7 wp-block-columns-is-layout-flex\">\n<div class=\"wp-block-column is-layout-flow wp-block-column-is-layout-flow\">\n<figure class=\"wp-block-image size-full\"><img decoding=\"async\" width=\"1692\" height=\"1692\" src=\"https:\/\/www.santai-ceramics.com\/wp-content\/uploads\/2025\/05\/Wholesale-bowl-shaped-ceramic-plant-pots-4.webp\" alt=\"Gro\u00dfhandel schalenf\u00f6rmige Keramik-Pflanzt\u00f6pfe (4)\" class=\"wp-image-2702\" srcset=\"https:\/\/www.santai-ceramics.com\/wp-content\/uploads\/2025\/05\/Wholesale-bowl-shaped-ceramic-plant-pots-4.webp 1692w, https:\/\/www.santai-ceramics.com\/wp-content\/uploads\/2025\/05\/Wholesale-bowl-shaped-ceramic-plant-pots-4-300x300.webp 300w, https:\/\/www.santai-ceramics.com\/wp-content\/uploads\/2025\/05\/Wholesale-bowl-shaped-ceramic-plant-pots-4-150x150.webp 150w, https:\/\/www.santai-ceramics.com\/wp-content\/uploads\/2025\/05\/Wholesale-bowl-shaped-ceramic-plant-pots-4-768x768.webp 768w, https:\/\/www.santai-ceramics.com\/wp-content\/uploads\/2025\/05\/Wholesale-bowl-shaped-ceramic-plant-pots-4-12x12.webp 12w, https:\/\/www.santai-ceramics.com\/wp-content\/uploads\/2025\/05\/Wholesale-bowl-shaped-ceramic-plant-pots-4-1200x1200.webp 1200w, https:\/\/www.santai-ceramics.com\/wp-content\/uploads\/2025\/05\/Wholesale-bowl-shaped-ceramic-plant-pots-4-600x600.webp 600w, https:\/\/www.santai-ceramics.com\/wp-content\/uploads\/2025\/05\/Wholesale-bowl-shaped-ceramic-plant-pots-4-100x100.webp 100w\" sizes=\"(max-width: 1692px) 100vw, 1692px\" \/><\/figure>\n<\/div>\n\n\n\n<div class=\"wp-block-column is-layout-flow wp-block-column-is-layout-flow\">\n<figure class=\"wp-block-image size-full\"><img decoding=\"async\" width=\"2551\" height=\"2126\" src=\"https:\/\/www.santai-ceramics.com\/wp-content\/uploads\/2025\/05\/Wholesale-bowl-shaped-ceramic-plant-pots-5.webp\" alt=\"Gro\u00dfhandel schalenf\u00f6rmige Keramik-Pflanzt\u00f6pfe (5)\" class=\"wp-image-2703\" srcset=\"https:\/\/www.santai-ceramics.com\/wp-content\/uploads\/2025\/05\/Wholesale-bowl-shaped-ceramic-plant-pots-5.webp 2551w, https:\/\/www.santai-ceramics.com\/wp-content\/uploads\/2025\/05\/Wholesale-bowl-shaped-ceramic-plant-pots-5-300x250.webp 300w, https:\/\/www.santai-ceramics.com\/wp-content\/uploads\/2025\/05\/Wholesale-bowl-shaped-ceramic-plant-pots-5-768x640.webp 768w, https:\/\/www.santai-ceramics.com\/wp-content\/uploads\/2025\/05\/Wholesale-bowl-shaped-ceramic-plant-pots-5-14x12.webp 14w, https:\/\/www.santai-ceramics.com\/wp-content\/uploads\/2025\/05\/Wholesale-bowl-shaped-ceramic-plant-pots-5-1200x1000.webp 1200w, https:\/\/www.santai-ceramics.com\/wp-content\/uploads\/2025\/05\/Wholesale-bowl-shaped-ceramic-plant-pots-5-600x500.webp 600w\" sizes=\"(max-width: 2551px) 100vw, 2551px\" \/><\/figure>\n<\/div>\n<\/div>","protected":false},"excerpt":{"rendered":"<p data-pm-slice=\"0 0 []\">Gro\u00dfhandel dunkelgr\u00fcn glasierte Keramik Blument\u00f6pfe, schalenf\u00f6rmig mit dreidimensionalen vertikalen Streifen, und eine kreisf\u00f6rmige Rille auf der Basis, pr\u00e4sentiert eine einfache und moderne Atmosph\u00e4re. Geeignet f\u00fcr die Platzierung in der gr\u00fcnen Ecke des Wohnzimmers oder als Versch\u00f6nerung f\u00fcr die Bar-Theke eines Caf\u00e9s.<\/p>\n<h2>Spezifikation von keramischen Pflanzgef\u00e4\u00dfen<\/h2>\n<table width=\"855\">\n<tbody>\n<tr>\n<td width=\"285\">Modellnummer<\/td>\n<td width=\"285\">A35553-LE35-A01<\/td>\n<td width=\"285\">A35553-LE35-A02<\/td>\n<\/tr>\n<tr>\n<td>Produktname<\/td>\n<td>Keramischer Blumentopf<\/td>\n<td>Keramischer Blumentopf<\/td>\n<\/tr>\n<tr>\n<td>Farbe<\/td>\n<td>K\u00f6niglich Gr\u00fcn<\/td>\n<td>K\u00f6niglich Gr\u00fcn<\/td>\n<\/tr>\n<tr>\n<td>Material<\/td>\n<td>Keramik\u00a0<\/td>\n<td>Keramik\u00a0<\/td>\n<\/tr>\n<tr>\n<td>Verwendungsszenarien<\/td>\n<td>Wohnungseinrichtung<\/td>\n<td>Wohnungseinrichtung<\/td>\n<\/tr>\n<tr>\n<td>Abmessungen<\/td>\n<td>T:19X16cm<\/td>\n<td>T:15,5X12,5cm<\/td>\n<\/tr>\n<tr>\n<td>Gewicht<\/td>\n<td>1,1 kg\/St\u00fcck<\/td>\n<td>0,6 kg\/St\u00fcck<\/td>\n<\/tr>\n<\/tbody>\n<\/table>","protected":false},"featured_media":2699,"comment_status":"closed","ping_status":"closed","template":"","meta":{"_acf_changed":false},"product_brand":[],"product_cat":[18,42,23],"product_tag":[],"class_list":{"0":"post-2689","1":"product","2":"type-product","3":"status-publish","4":"has-post-thumbnail","6":"product_cat-home-decor","7":"product_cat-wholesale-ceramic-plant-pots","8":"product_cat-ceramic-pots-planters","10":"first","11":"instock","12":"shipping-taxable","13":"product-type-simple"},"acf":[],"_links":{"self":[{"href":"https:\/\/www.santai-ceramics.com\/de\/wp-json\/wp\/v2\/product\/2689","targetHints":{"allow":["GET"]}}],"collection":[{"href":"https:\/\/www.santai-ceramics.com\/de\/wp-json\/wp\/v2\/product"}],"about":[{"href":"https:\/\/www.santai-ceramics.com\/de\/wp-json\/wp\/v2\/types\/product"}],"replies":[{"embeddable":true,"href":"https:\/\/www.santai-ceramics.com\/de\/wp-json\/wp\/v2\/comments?post=2689"}],"wp:featuredmedia":[{"embeddable":true,"href":"https:\/\/www.santai-ceramics.com\/de\/wp-json\/wp\/v2\/media\/2699"}],"wp:attachment":[{"href":"https:\/\/www.santai-ceramics.com\/de\/wp-json\/wp\/v2\/media?parent=2689"}],"wp:term":[{"taxonomy":"product_brand","embeddable":true,"href":"https:\/\/www.santai-ceramics.com\/de\/wp-json\/wp\/v2\/product_brand?post=2689"},{"taxonomy":"product_cat","embeddable":true,"href":"https:\/\/www.santai-ceramics.com\/de\/wp-json\/wp\/v2\/product_cat?post=2689"},{"taxonomy":"product_tag","embeddable":true,"href":"https:\/\/www.santai-ceramics.com\/de\/wp-json\/wp\/v2\/product_tag?post=2689"}],"curies":[{"name":"wp","href":"https:\/\/api.w.org\/{rel}","templated":true}]}}