{"id":2690,"date":"2025-05-29T07:44:48","date_gmt":"2025-05-29T07:44:48","guid":{"rendered":"https:\/\/www.santai-ceramics.com\/?post_type=product&#038;p=2690"},"modified":"2025-06-12T08:55:45","modified_gmt":"2025-06-12T08:55:45","slug":"wholesale-natural-green-flower-vase","status":"publish","type":"product","link":"https:\/\/www.santai-ceramics.com\/de\/product\/wholesale-natural-green-flower-vase\/","title":{"rendered":"Gro\u00dfhandel nat\u00fcrliche gr\u00fcne Blume Vase, Netz-f\u00f6rmige Glasur, gerade Design Pflanzer"},"content":{"rendered":"<h3 class=\"wp-block-heading\">Eigenschaften von nat\u00fcrlichen gr\u00fcnen Blumenvasen<\/h3>\n\n\n\n<ul class=\"wp-block-list\">\n<li><strong>Dreidimensionales Rautenmuster: <\/strong>Der Korpus der Vase ist mit einem Rautenmuster mit konkaven und konvexen Formen bedeckt, das die Haptik und die visuelle Ebene verbessert und sowohl einen modernen als auch einen Retro-Geschmack hat.<\/li>\n\n\n\n<li><strong>Nat\u00fcrlicher Stil: <\/strong>Die Farbabstimmung ist insgesamt zur\u00fcckhaltend und harmonisch und eignet sich f\u00fcr eine schlichte Raumgestaltung im nordischen oder japanischen Stil.<\/li>\n\n\n\n<li><strong>Weitmundiger Flaschenk\u00f6rper: <\/strong>Die \u00d6ffnung der Flasche ist weit, so dass eine Vielzahl von Blumen bequem hineingesteckt werden kann.<\/li>\n<\/ul>\n\n\n\n<h3 class=\"wp-block-heading\">Individueller Blumenvasen-Service<\/h3>\n\n\n\n<p>Wir bieten OEM- und ODM-Dienstleistungen f\u00fcr unsere Produkte an.<br>Eine schnelle Lieferung von Mustern ist m\u00f6glich.<br>Wir bieten eine Vielzahl von Formen, Farben, individuellem Druck, Verpackungen und anderen ma\u00dfgeschneiderten Dienstleistungen an, um Ihre speziellen Anforderungen zu erf\u00fcllen.<br><a href=\"https:\/\/www.santai-ceramics.com\/de\/custom\/\" data-type=\"page\" data-id=\"13\" target=\"_blank\" rel=\"noreferrer noopener\"><strong><b>Erfahren Sie mehr \u00fcber Custom<\/b> Blumenvase Detail.<\/strong><\/a><\/p>\n\n\n\n<div class=\"wp-block-columns is-layout-flex wp-container-core-columns-is-layout-9d6595d7 wp-block-columns-is-layout-flex\">\n<div class=\"wp-block-column is-layout-flow wp-block-column-is-layout-flow\">\n<figure class=\"wp-block-image size-full\"><img decoding=\"async\" width=\"1984\" height=\"1654\" src=\"https:\/\/www.santai-ceramics.com\/wp-content\/uploads\/2025\/05\/Wholesale-Natural-Green-Flower-Vase-4-1.webp\" alt=\"Gro\u00dfhandel nat\u00fcrliche gr\u00fcne Blume Vase (4)\" class=\"wp-image-2770\" srcset=\"https:\/\/www.santai-ceramics.com\/wp-content\/uploads\/2025\/05\/Wholesale-Natural-Green-Flower-Vase-4-1.webp 1984w, https:\/\/www.santai-ceramics.com\/wp-content\/uploads\/2025\/05\/Wholesale-Natural-Green-Flower-Vase-4-1-300x250.webp 300w, https:\/\/www.santai-ceramics.com\/wp-content\/uploads\/2025\/05\/Wholesale-Natural-Green-Flower-Vase-4-1-768x640.webp 768w, https:\/\/www.santai-ceramics.com\/wp-content\/uploads\/2025\/05\/Wholesale-Natural-Green-Flower-Vase-4-1-14x12.webp 14w, https:\/\/www.santai-ceramics.com\/wp-content\/uploads\/2025\/05\/Wholesale-Natural-Green-Flower-Vase-4-1-1200x1000.webp 1200w, https:\/\/www.santai-ceramics.com\/wp-content\/uploads\/2025\/05\/Wholesale-Natural-Green-Flower-Vase-4-1-600x500.webp 600w\" sizes=\"(max-width: 1984px) 100vw, 1984px\" \/><\/figure>\n<\/div>\n\n\n\n<div class=\"wp-block-column is-layout-flow wp-block-column-is-layout-flow\">\n<figure class=\"wp-block-image size-full\"><img decoding=\"async\" width=\"2835\" height=\"2362\" src=\"https:\/\/www.santai-ceramics.com\/wp-content\/uploads\/2025\/05\/Wholesale-Natural-Green-Flower-Vase-5-1.webp\" alt=\"Gro\u00dfhandel nat\u00fcrliche gr\u00fcne Blume Vase (5)\" class=\"wp-image-2771\" srcset=\"https:\/\/www.santai-ceramics.com\/wp-content\/uploads\/2025\/05\/Wholesale-Natural-Green-Flower-Vase-5-1.webp 2835w, https:\/\/www.santai-ceramics.com\/wp-content\/uploads\/2025\/05\/Wholesale-Natural-Green-Flower-Vase-5-1-300x250.webp 300w, https:\/\/www.santai-ceramics.com\/wp-content\/uploads\/2025\/05\/Wholesale-Natural-Green-Flower-Vase-5-1-768x640.webp 768w, https:\/\/www.santai-ceramics.com\/wp-content\/uploads\/2025\/05\/Wholesale-Natural-Green-Flower-Vase-5-1-14x12.webp 14w, https:\/\/www.santai-ceramics.com\/wp-content\/uploads\/2025\/05\/Wholesale-Natural-Green-Flower-Vase-5-1-1200x1000.webp 1200w, https:\/\/www.santai-ceramics.com\/wp-content\/uploads\/2025\/05\/Wholesale-Natural-Green-Flower-Vase-5-1-600x500.webp 600w\" sizes=\"(max-width: 2835px) 100vw, 2835px\" \/><\/figure>\n<\/div>\n<\/div>","protected":false},"excerpt":{"rendered":"<p data-pm-slice=\"0 0 []\">Die naturgr\u00fcnen Vasen aus dem Gro\u00dfhandel, die modernes und Vintage-Feeling vereinen, sind perfekt f\u00fcr minimalistische, nordische Innenr\u00e4ume. Das hohe zylindrische Design erm\u00f6glicht eine flexible Anordnung einer Vielzahl von Blumenstilen. OEM\/ODM-Anpassung Dienstleistungen sind verf\u00fcgbar, und Gro\u00dfeink\u00e4ufe sind willkommen.<\/p>\n<h2>Spezifikation der nat\u00fcrlichen gr\u00fcnen Blumenvase<\/h2>\n<table width=\"855\">\n<tbody>\n<tr>\n<td width=\"285\">Modellnummer<\/td>\n<td width=\"285\">A37946-LE35-A01<\/td>\n<td width=\"285\">A37946-LE35-A02<\/td>\n<\/tr>\n<tr>\n<td>Produktname<\/td>\n<td>Keramik-Vase<\/td>\n<td>Keramik-Vase<\/td>\n<\/tr>\n<tr>\n<td>Farbe<\/td>\n<td>K\u00f6niglich Gr\u00fcn<\/td>\n<td>K\u00f6niglich Gr\u00fcn<\/td>\n<\/tr>\n<tr>\n<td>Material<\/td>\n<td>Keramik\u00a0<\/td>\n<td>Keramik\u00a0<\/td>\n<\/tr>\n<tr>\n<td>Verwendungsszenarien<\/td>\n<td>Wohnungseinrichtung<\/td>\n<td>Wohnungseinrichtung<\/td>\n<\/tr>\n<tr>\n<td>Abmessungen<\/td>\n<td>T:20X20cm<\/td>\n<td>T:15X14cm<\/td>\n<\/tr>\n<tr>\n<td>Gewicht<\/td>\n<td>1,7 kg\/St\u00fcck<\/td>\n<td>0,8 kg\/St\u00fcck<\/td>\n<\/tr>\n<\/tbody>\n<\/table>","protected":false},"featured_media":2767,"comment_status":"closed","ping_status":"closed","template":"","meta":{"_acf_changed":false},"product_brand":[],"product_cat":[18,42,23,22],"product_tag":[],"class_list":{"0":"post-2690","1":"product","2":"type-product","3":"status-publish","4":"has-post-thumbnail","6":"product_cat-home-decor","7":"product_cat-wholesale-ceramic-plant-pots","8":"product_cat-ceramic-pots-planters","9":"product_cat-vase","11":"first","12":"instock","13":"shipping-taxable","14":"product-type-simple"},"acf":[],"_links":{"self":[{"href":"https:\/\/www.santai-ceramics.com\/de\/wp-json\/wp\/v2\/product\/2690","targetHints":{"allow":["GET"]}}],"collection":[{"href":"https:\/\/www.santai-ceramics.com\/de\/wp-json\/wp\/v2\/product"}],"about":[{"href":"https:\/\/www.santai-ceramics.com\/de\/wp-json\/wp\/v2\/types\/product"}],"replies":[{"embeddable":true,"href":"https:\/\/www.santai-ceramics.com\/de\/wp-json\/wp\/v2\/comments?post=2690"}],"wp:featuredmedia":[{"embeddable":true,"href":"https:\/\/www.santai-ceramics.com\/de\/wp-json\/wp\/v2\/media\/2767"}],"wp:attachment":[{"href":"https:\/\/www.santai-ceramics.com\/de\/wp-json\/wp\/v2\/media?parent=2690"}],"wp:term":[{"taxonomy":"product_brand","embeddable":true,"href":"https:\/\/www.santai-ceramics.com\/de\/wp-json\/wp\/v2\/product_brand?post=2690"},{"taxonomy":"product_cat","embeddable":true,"href":"https:\/\/www.santai-ceramics.com\/de\/wp-json\/wp\/v2\/product_cat?post=2690"},{"taxonomy":"product_tag","embeddable":true,"href":"https:\/\/www.santai-ceramics.com\/de\/wp-json\/wp\/v2\/product_tag?post=2690"}],"curies":[{"name":"wp","href":"https:\/\/api.w.org\/{rel}","templated":true}]}}