{"id":2691,"date":"2025-05-28T15:41:57","date_gmt":"2025-05-28T15:41:57","guid":{"rendered":"https:\/\/www.santai-ceramics.com\/?post_type=product&#038;p=2691"},"modified":"2025-06-05T14:23:42","modified_gmt":"2025-06-05T14:23:42","slug":"wholesale-classic-decorative-plant-pots","status":"publish","type":"product","link":"https:\/\/www.santai-ceramics.com\/de\/product\/wholesale-classic-decorative-plant-pots\/","title":{"rendered":"Gro\u00dfhandel dekorative Pflanze T\u00f6pfe, Bulk klassischen chinesischen Stil Pflanze T\u00f6pfe"},"content":{"rendered":"<h3 class=\"wp-block-heading\">Merkmale von dekorativen Pflanzent\u00f6pfen<\/h3>\n\n\n\n<ul class=\"wp-block-list\">\n<li><strong>K\u00fcnstlerische Gestaltung: <\/strong>Die Oberfl\u00e4che des Keramik-Pflanzgef\u00e4\u00dfes ist mit einer geometrischen Reliefstruktur verziert, die moderne und klassische dekorative Sch\u00f6nheit verbindet.<\/li>\n\n\n\n<li><strong>Mehrere Gr\u00f6\u00dfen:<\/strong> Erh\u00e4ltlich in drei Gr\u00f6\u00dfen: gro\u00df, mittel und klein, geeignet f\u00fcr unterschiedliche Pflanzenbed\u00fcrfnisse.<\/li>\n\n\n\n<li><strong>Upgrade des Keramikverfahrens: <\/strong>Hochtemperaturbrand mit hoher Dichte, besser wasserdicht und feuchtigkeitsbest\u00e4ndig als gew\u00f6hnliche T\u00f6pferware, die Au\u00dfenwand hat eine glatte Glasur, die leichter zu reinigen ist.<\/li>\n<\/ul>\n\n\n\n<h3 class=\"wp-block-heading\">Individueller Pflanzgef\u00e4\u00df-Service<\/h3>\n\n\n\n<p>Wir bieten OEM- und ODM-Dienstleistungen f\u00fcr unsere Produkte an.<br>Eine schnelle Lieferung von Mustern ist m\u00f6glich.<br>Wir bieten eine Vielzahl von Formen, Farben, individuellem Druck, Verpackungen und anderen ma\u00dfgeschneiderten Dienstleistungen an, um Ihre speziellen Anforderungen zu erf\u00fcllen.<br><a href=\"https:\/\/www.santai-ceramics.com\/de\/custom\/\" data-type=\"page\" data-id=\"13\" target=\"_blank\" rel=\"noreferrer noopener\"><strong><b>Erfahren Sie mehr \u00fcber Custom<\/b> Details zum Blumentopf.<\/strong><\/a><\/p>\n\n\n\n<div class=\"wp-block-columns is-layout-flex wp-container-core-columns-is-layout-9d6595d7 wp-block-columns-is-layout-flex\">\n<div class=\"wp-block-column is-layout-flow wp-block-column-is-layout-flow\">\n<figure class=\"wp-block-image size-full\"><img decoding=\"async\" width=\"2551\" height=\"2126\" src=\"https:\/\/www.santai-ceramics.com\/wp-content\/uploads\/2025\/05\/Wholesale-Decorative-Plant-Pots-5.webp\" alt=\"Gro\u00dfhandel dekorative Pflanzent\u00f6pfe (5)\" class=\"wp-image-2715\" srcset=\"https:\/\/www.santai-ceramics.com\/wp-content\/uploads\/2025\/05\/Wholesale-Decorative-Plant-Pots-5.webp 2551w, https:\/\/www.santai-ceramics.com\/wp-content\/uploads\/2025\/05\/Wholesale-Decorative-Plant-Pots-5-300x250.webp 300w, https:\/\/www.santai-ceramics.com\/wp-content\/uploads\/2025\/05\/Wholesale-Decorative-Plant-Pots-5-768x640.webp 768w, https:\/\/www.santai-ceramics.com\/wp-content\/uploads\/2025\/05\/Wholesale-Decorative-Plant-Pots-5-14x12.webp 14w, https:\/\/www.santai-ceramics.com\/wp-content\/uploads\/2025\/05\/Wholesale-Decorative-Plant-Pots-5-1200x1000.webp 1200w, https:\/\/www.santai-ceramics.com\/wp-content\/uploads\/2025\/05\/Wholesale-Decorative-Plant-Pots-5-600x500.webp 600w\" sizes=\"(max-width: 2551px) 100vw, 2551px\" \/><\/figure>\n<\/div>\n\n\n\n<div class=\"wp-block-column is-layout-flow wp-block-column-is-layout-flow\">\n<figure class=\"wp-block-image size-full\"><img decoding=\"async\" width=\"1590\" height=\"1590\" src=\"https:\/\/www.santai-ceramics.com\/wp-content\/uploads\/2025\/05\/Wholesale-Decorative-Plant-Pots-6.webp\" alt=\"Gro\u00dfhandel dekorative Pflanzent\u00f6pfe (6)\" class=\"wp-image-2716\" srcset=\"https:\/\/www.santai-ceramics.com\/wp-content\/uploads\/2025\/05\/Wholesale-Decorative-Plant-Pots-6.webp 1590w, https:\/\/www.santai-ceramics.com\/wp-content\/uploads\/2025\/05\/Wholesale-Decorative-Plant-Pots-6-300x300.webp 300w, https:\/\/www.santai-ceramics.com\/wp-content\/uploads\/2025\/05\/Wholesale-Decorative-Plant-Pots-6-150x150.webp 150w, https:\/\/www.santai-ceramics.com\/wp-content\/uploads\/2025\/05\/Wholesale-Decorative-Plant-Pots-6-768x768.webp 768w, https:\/\/www.santai-ceramics.com\/wp-content\/uploads\/2025\/05\/Wholesale-Decorative-Plant-Pots-6-12x12.webp 12w, https:\/\/www.santai-ceramics.com\/wp-content\/uploads\/2025\/05\/Wholesale-Decorative-Plant-Pots-6-1200x1200.webp 1200w, https:\/\/www.santai-ceramics.com\/wp-content\/uploads\/2025\/05\/Wholesale-Decorative-Plant-Pots-6-600x600.webp 600w, https:\/\/www.santai-ceramics.com\/wp-content\/uploads\/2025\/05\/Wholesale-Decorative-Plant-Pots-6-100x100.webp 100w\" sizes=\"(max-width: 1590px) 100vw, 1590px\" \/><\/figure>\n<\/div>\n<\/div>\n\n\n\n<div class=\"wp-block-columns is-layout-flex wp-container-core-columns-is-layout-9d6595d7 wp-block-columns-is-layout-flex\">\n<div class=\"wp-block-column is-layout-flow wp-block-column-is-layout-flow\"><\/div>\n\n\n\n<div class=\"wp-block-column is-layout-flow wp-block-column-is-layout-flow\"><\/div>\n<\/div>","protected":false},"excerpt":{"rendered":"<p data-pm-slice=\"0 0 []\">Gro\u00dfhandel Dekorative Pflanzent\u00f6pfe, moderne minimalistische \u00c4sthetik kombiniert mit klassischen dekorativen Details, haben eine einzigartige \u00c4sthetik und k\u00f6nnen zur Dekoration von Innen- und Au\u00dfenr\u00e4umen verwendet werden. Diese Serie ist in drei Gr\u00f6\u00dfen erh\u00e4ltlich: gro\u00df (D18cm), mittel (D14,5cm) und klein (D11,5cm), die f\u00fcr den Anbau von Sukkulenten, kleinen Blumen und Hydrokulturpflanzen verwendet werden k\u00f6nnen. Gro\u00dfeink\u00e4ufe sind willkommen.<\/p>\n<h2>Spezifikation von dekorativen Pflanzent\u00f6pfen<\/h2>\n<table width=\"1140\">\n<tbody>\n<tr>\n<td width=\"285\">Modellnummer<\/td>\n<td width=\"285\">A36211-LE35-A01<\/td>\n<td width=\"285\">A36211-LE35-A02<\/td>\n<td width=\"285\">A36211-LE35-A03<\/td>\n<\/tr>\n<tr>\n<td>Produktname<\/td>\n<td>Keramik-Vase<\/td>\n<td>Keramik-Vase<\/td>\n<td>Keramik-Vase<\/td>\n<\/tr>\n<tr>\n<td>Farbe<\/td>\n<td>K\u00f6niglich Gr\u00fcn<\/td>\n<td>K\u00f6niglich Gr\u00fcn<\/td>\n<td>K\u00f6niglich Gr\u00fcn<\/td>\n<\/tr>\n<tr>\n<td>Material<\/td>\n<td>Keramik\u00a0<\/td>\n<td>Keramik\u00a0<\/td>\n<td>Keramik\u00a0<\/td>\n<\/tr>\n<tr>\n<td>Verwendungsszenarien<\/td>\n<td>Wohnkultur \/ Gartenkultur<\/td>\n<td>Wohnkultur \/ Gartenkultur<\/td>\n<td>Wohnkultur \/ Gartenkultur<\/td>\n<\/tr>\n<tr>\n<td>Abmessungen<\/td>\n<td>T:18X17cm<\/td>\n<td>T:14.5X13.5cm<\/td>\n<td>T:11,5X10,5cm<\/td>\n<\/tr>\n<tr>\n<td>Gewicht<\/td>\n<td>1,4 kg\/St\u00fcck<\/td>\n<td>0,9 kg\/St\u00fcck<\/td>\n<td>0,6 kg\/St\u00fcck<\/td>\n<\/tr>\n<\/tbody>\n<\/table>","protected":false},"featured_media":2711,"comment_status":"closed","ping_status":"closed","template":"","meta":{"_acf_changed":false},"product_brand":[],"product_cat":[18,42,21,23],"product_tag":[],"class_list":{"0":"post-2691","1":"product","2":"type-product","3":"status-publish","4":"has-post-thumbnail","6":"product_cat-home-decor","7":"product_cat-wholesale-ceramic-plant-pots","8":"product_cat-garden-decor","9":"product_cat-ceramic-pots-planters","11":"first","12":"instock","13":"shipping-taxable","14":"product-type-simple"},"acf":[],"_links":{"self":[{"href":"https:\/\/www.santai-ceramics.com\/de\/wp-json\/wp\/v2\/product\/2691","targetHints":{"allow":["GET"]}}],"collection":[{"href":"https:\/\/www.santai-ceramics.com\/de\/wp-json\/wp\/v2\/product"}],"about":[{"href":"https:\/\/www.santai-ceramics.com\/de\/wp-json\/wp\/v2\/types\/product"}],"replies":[{"embeddable":true,"href":"https:\/\/www.santai-ceramics.com\/de\/wp-json\/wp\/v2\/comments?post=2691"}],"wp:featuredmedia":[{"embeddable":true,"href":"https:\/\/www.santai-ceramics.com\/de\/wp-json\/wp\/v2\/media\/2711"}],"wp:attachment":[{"href":"https:\/\/www.santai-ceramics.com\/de\/wp-json\/wp\/v2\/media?parent=2691"}],"wp:term":[{"taxonomy":"product_brand","embeddable":true,"href":"https:\/\/www.santai-ceramics.com\/de\/wp-json\/wp\/v2\/product_brand?post=2691"},{"taxonomy":"product_cat","embeddable":true,"href":"https:\/\/www.santai-ceramics.com\/de\/wp-json\/wp\/v2\/product_cat?post=2691"},{"taxonomy":"product_tag","embeddable":true,"href":"https:\/\/www.santai-ceramics.com\/de\/wp-json\/wp\/v2\/product_tag?post=2691"}],"curies":[{"name":"wp","href":"https:\/\/api.w.org\/{rel}","templated":true}]}}