{"id":2693,"date":"2025-05-29T08:47:16","date_gmt":"2025-05-29T08:47:16","guid":{"rendered":"https:\/\/www.santai-ceramics.com\/?post_type=product&#038;p=2693"},"modified":"2025-06-10T01:53:25","modified_gmt":"2025-06-10T01:53:25","slug":"wholesale-pitcher-flower-vases","status":"publish","type":"product","link":"https:\/\/www.santai-ceramics.com\/de\/product\/wholesale-pitcher-flower-vases\/","title":{"rendered":"Gro\u00dfhandel Krug Blumenvasen mit Griff, elegante keramische Krug M\u00f6bel Dekor"},"content":{"rendered":"<h3 class=\"wp-block-heading\">Eigenschaften von Pitcher Flower Vase<\/h3>\n\n\n\n<ul class=\"wp-block-list\">\n<li>\u200b\u200b<strong>Einzigartige Ein-Griff-Form: <\/strong>Der abgerundete Flaschenk\u00f6rper wird durch einen einseitig gebogenen Griff erg\u00e4nzt, der sowohl praktisch als auch k\u00fcnstlerisch gestaltet ist und sich leicht tragen l\u00e4sst.<\/li>\n\n\n\n<li>\u200b\u200b<strong>Heben Sie die Sch\u00f6nheit der Blumenkunst hervor:<\/strong> Der dunkelgr\u00fcne Hintergrund setzt die Blumen perfekt in Szene und wird leicht zum optischen Mittelpunkt des Raumes.<\/li>\n\n\n\n<li>\u200b\u200b<strong>M\u00e4\u00dfige Gr\u00f6\u00dfe: <\/strong>Die Pitcher Flower Vase hat eine harmonische Proportion von H\u00f6he und Breite, die auch ausladende Zweige aufnehmen kann, ohne sperrig zu wirken.<\/li>\n<\/ul>\n\n\n\n<h3 class=\"wp-block-heading\">Individuelles Vasen-Service aus Keramik<\/h3>\n\n\n\n<p>Wir bieten OEM- und ODM-Dienstleistungen f\u00fcr unsere Produkte an.<br>Eine schnelle Lieferung von Mustern ist m\u00f6glich.<br>Wir bieten eine Vielzahl von Formen, Farben, individuellem Druck, Verpackungen und anderen ma\u00dfgeschneiderten Dienstleistungen an, um Ihre speziellen Anforderungen zu erf\u00fcllen.<br><a href=\"https:\/\/www.santai-ceramics.com\/de\/custom\/\" data-type=\"page\" data-id=\"13\" target=\"_blank\" rel=\"noreferrer noopener\"><strong>Erfahren Sie mehr \u00fcber die Details von Keramikvasen nach Ma\u00df.<\/strong><\/a><\/p>\n\n\n\n<div class=\"wp-block-columns is-layout-flex wp-container-core-columns-is-layout-9d6595d7 wp-block-columns-is-layout-flex\">\n<div class=\"wp-block-column is-layout-flow wp-block-column-is-layout-flow\">\n<figure class=\"wp-block-image size-full\"><img decoding=\"async\" width=\"2835\" height=\"2362\" src=\"https:\/\/www.santai-ceramics.com\/wp-content\/uploads\/2025\/05\/pitcher-flower-vase-series-1.webp\" alt=\"krug blumenvase serie (1)\" class=\"wp-image-2784\" srcset=\"https:\/\/www.santai-ceramics.com\/wp-content\/uploads\/2025\/05\/pitcher-flower-vase-series-1.webp 2835w, https:\/\/www.santai-ceramics.com\/wp-content\/uploads\/2025\/05\/pitcher-flower-vase-series-1-300x250.webp 300w, https:\/\/www.santai-ceramics.com\/wp-content\/uploads\/2025\/05\/pitcher-flower-vase-series-1-768x640.webp 768w, https:\/\/www.santai-ceramics.com\/wp-content\/uploads\/2025\/05\/pitcher-flower-vase-series-1-14x12.webp 14w, https:\/\/www.santai-ceramics.com\/wp-content\/uploads\/2025\/05\/pitcher-flower-vase-series-1-1200x1000.webp 1200w, https:\/\/www.santai-ceramics.com\/wp-content\/uploads\/2025\/05\/pitcher-flower-vase-series-1-600x500.webp 600w\" sizes=\"(max-width: 2835px) 100vw, 2835px\" \/><\/figure>\n<\/div>\n\n\n\n<div class=\"wp-block-column is-layout-flow wp-block-column-is-layout-flow\">\n<figure class=\"wp-block-image size-full\"><img decoding=\"async\" width=\"1984\" height=\"1654\" src=\"https:\/\/www.santai-ceramics.com\/wp-content\/uploads\/2025\/05\/pitcher-flower-vase-series-2.webp\" alt=\"Krug Blumenvase Serie (2)\" class=\"wp-image-2785\" srcset=\"https:\/\/www.santai-ceramics.com\/wp-content\/uploads\/2025\/05\/pitcher-flower-vase-series-2.webp 1984w, https:\/\/www.santai-ceramics.com\/wp-content\/uploads\/2025\/05\/pitcher-flower-vase-series-2-300x250.webp 300w, https:\/\/www.santai-ceramics.com\/wp-content\/uploads\/2025\/05\/pitcher-flower-vase-series-2-768x640.webp 768w, https:\/\/www.santai-ceramics.com\/wp-content\/uploads\/2025\/05\/pitcher-flower-vase-series-2-14x12.webp 14w, https:\/\/www.santai-ceramics.com\/wp-content\/uploads\/2025\/05\/pitcher-flower-vase-series-2-1200x1000.webp 1200w, https:\/\/www.santai-ceramics.com\/wp-content\/uploads\/2025\/05\/pitcher-flower-vase-series-2-600x500.webp 600w\" sizes=\"(max-width: 1984px) 100vw, 1984px\" \/><\/figure>\n<\/div>\n<\/div>","protected":false},"excerpt":{"rendered":"<p data-pm-slice=\"0 0 []\">Gro\u00dfhandel Krug Blumenvasen, diese eleganten Krug Blumenvasen sind sowohl praktisch als auch sch\u00f6n, mit klassischen Form, elegante T\u00fclle und bequemen Griff, hat diese Serie 2 Gr\u00f6\u00dfen zur Auswahl. Willkommen B2B K\u00e4ufer zu kaufen.<\/p>\n<h2>Spezifikation von Pitcher Blumenvase<\/h2>\n<table width=\"855\">\n<tbody>\n<tr>\n<td width=\"285\">Modellnummer<\/td>\n<td width=\"285\">A37948-LE35-A01<\/td>\n<td width=\"285\">A37948-LE35-A02<\/td>\n<\/tr>\n<tr>\n<td>Produktname<\/td>\n<td>Keramik-Vase<\/td>\n<td>Keramik-Vase<\/td>\n<\/tr>\n<tr>\n<td>Farbe<\/td>\n<td>K\u00f6niglich Gr\u00fcn<\/td>\n<td>K\u00f6niglich Gr\u00fcn<\/td>\n<\/tr>\n<tr>\n<td>Material<\/td>\n<td>Keramik\u00a0<\/td>\n<td>Keramik\u00a0<\/td>\n<\/tr>\n<tr>\n<td>Verwendungsszenarien<\/td>\n<td>Wohnungseinrichtung<\/td>\n<td>Wohnungseinrichtung<\/td>\n<\/tr>\n<tr>\n<td>Abmessungen<\/td>\n<td>17X15.5X23cm<\/td>\n<td>13,5X13X19,5cm<\/td>\n<\/tr>\n<tr>\n<td>Gewicht<\/td>\n<td>1kg\/St\u00fcck<\/td>\n<td>0,8 kg\/St\u00fcck<\/td>\n<\/tr>\n<\/tbody>\n<\/table>","protected":false},"featured_media":2786,"comment_status":"closed","ping_status":"closed","template":"","meta":{"_acf_changed":false},"product_brand":[],"product_cat":[18,44,22],"product_tag":[],"class_list":{"0":"post-2693","1":"product","2":"type-product","3":"status-publish","4":"has-post-thumbnail","6":"product_cat-home-decor","7":"product_cat-wholesale-ceramic-jugs","8":"product_cat-vase","10":"first","11":"instock","12":"shipping-taxable","13":"product-type-simple"},"acf":[],"_links":{"self":[{"href":"https:\/\/www.santai-ceramics.com\/de\/wp-json\/wp\/v2\/product\/2693","targetHints":{"allow":["GET"]}}],"collection":[{"href":"https:\/\/www.santai-ceramics.com\/de\/wp-json\/wp\/v2\/product"}],"about":[{"href":"https:\/\/www.santai-ceramics.com\/de\/wp-json\/wp\/v2\/types\/product"}],"replies":[{"embeddable":true,"href":"https:\/\/www.santai-ceramics.com\/de\/wp-json\/wp\/v2\/comments?post=2693"}],"wp:featuredmedia":[{"embeddable":true,"href":"https:\/\/www.santai-ceramics.com\/de\/wp-json\/wp\/v2\/media\/2786"}],"wp:attachment":[{"href":"https:\/\/www.santai-ceramics.com\/de\/wp-json\/wp\/v2\/media?parent=2693"}],"wp:term":[{"taxonomy":"product_brand","embeddable":true,"href":"https:\/\/www.santai-ceramics.com\/de\/wp-json\/wp\/v2\/product_brand?post=2693"},{"taxonomy":"product_cat","embeddable":true,"href":"https:\/\/www.santai-ceramics.com\/de\/wp-json\/wp\/v2\/product_cat?post=2693"},{"taxonomy":"product_tag","embeddable":true,"href":"https:\/\/www.santai-ceramics.com\/de\/wp-json\/wp\/v2\/product_tag?post=2693"}],"curies":[{"name":"wp","href":"https:\/\/api.w.org\/{rel}","templated":true}]}}