{"id":2858,"date":"2025-06-30T04:21:07","date_gmt":"2025-06-30T04:21:07","guid":{"rendered":"https:\/\/www.santai-ceramics.com\/?post_type=product&#038;p=2858"},"modified":"2025-06-30T04:21:18","modified_gmt":"2025-06-30T04:21:18","slug":"wholesale-minimalist-ceramic-flower-vase","status":"publish","type":"product","link":"https:\/\/www.santai-ceramics.com\/de\/product\/wholesale-minimalist-ceramic-flower-vase\/","title":{"rendered":"Gro\u00dfhandel Moderne Minimalistische Keramik Vase mit geometrischen Mustern"},"content":{"rendered":"<h3 class=\"wp-block-heading\">Features of Modern Minimalist Vases<\/h3>\n\n\n\n<ul class=\"wp-block-list\">\n<li><strong>Geometric Decorative Band:<\/strong> Each ceramic vase is adorned with an intricate brown geometric pattern, composed of circular and zigzag patterns that carefully wrap around the center, creating a striking visual focal point.<\/li>\n\n\n\n<li><strong>Handcrafted: <\/strong>Each vase showcases unique handcrafted details, from random black specks to subtle variations in the pattern, providing a truly one-of-a-kind piece.<\/li>\n\n\n\n<li><strong>Perfect for Floral Displays: <\/strong>These vases serve as excellent flower holders. The geometric band acts as a natural visual frame for blooms, enhancing colors and shapes.<\/li>\n<\/ul>\n\n\n\n<h3 class=\"wp-block-heading\">Individuelles Vasen-Service aus Keramik<\/h3>\n\n\n\n<p>Wir bieten OEM- und ODM-Dienstleistungen f\u00fcr unsere Produkte an.<br>Eine schnelle Lieferung von Mustern ist m\u00f6glich.<br>Wir bieten eine Vielzahl von Formen, Farben, individuellem Druck, Verpackungen und anderen ma\u00dfgeschneiderten Dienstleistungen an, um Ihre speziellen Anforderungen zu erf\u00fcllen.<br><a href=\"https:\/\/www.santai-ceramics.com\/de\/custom\/\" data-type=\"page\" data-id=\"13\" target=\"_blank\" rel=\"noreferrer noopener\"><strong>Erfahren Sie mehr \u00fcber die Details von Keramikvasen nach Ma\u00df.<\/strong><\/a><\/p>\n\n\n\n<div class=\"wp-block-columns is-layout-flex wp-container-core-columns-is-layout-9d6595d7 wp-block-columns-is-layout-flex\">\n<div class=\"wp-block-column is-layout-flow wp-block-column-is-layout-flow\">\n<figure class=\"wp-block-image size-full\"><img decoding=\"async\" width=\"2835\" height=\"2362\" src=\"https:\/\/www.santai-ceramics.com\/wp-content\/uploads\/2025\/06\/wholesale-modern-minimalist-vases-6.webp\" alt=\"wholesale modern minimalist vases (6)\" class=\"wp-image-2946\" srcset=\"https:\/\/www.santai-ceramics.com\/wp-content\/uploads\/2025\/06\/wholesale-modern-minimalist-vases-6.webp 2835w, https:\/\/www.santai-ceramics.com\/wp-content\/uploads\/2025\/06\/wholesale-modern-minimalist-vases-6-300x250.webp 300w, https:\/\/www.santai-ceramics.com\/wp-content\/uploads\/2025\/06\/wholesale-modern-minimalist-vases-6-768x640.webp 768w, https:\/\/www.santai-ceramics.com\/wp-content\/uploads\/2025\/06\/wholesale-modern-minimalist-vases-6-14x12.webp 14w, https:\/\/www.santai-ceramics.com\/wp-content\/uploads\/2025\/06\/wholesale-modern-minimalist-vases-6-1200x1000.webp 1200w, https:\/\/www.santai-ceramics.com\/wp-content\/uploads\/2025\/06\/wholesale-modern-minimalist-vases-6-600x500.webp 600w\" sizes=\"(max-width: 2835px) 100vw, 2835px\" \/><\/figure>\n<\/div>\n\n\n\n<div class=\"wp-block-column is-layout-flow wp-block-column-is-layout-flow\">\n<figure class=\"wp-block-image size-full\"><img decoding=\"async\" width=\"2268\" height=\"1890\" src=\"https:\/\/www.santai-ceramics.com\/wp-content\/uploads\/2025\/06\/wholesale-modern-minimalist-vases-7.webp\" alt=\"wholesale modern minimalist vases (7)\" class=\"wp-image-2947\" srcset=\"https:\/\/www.santai-ceramics.com\/wp-content\/uploads\/2025\/06\/wholesale-modern-minimalist-vases-7.webp 2268w, https:\/\/www.santai-ceramics.com\/wp-content\/uploads\/2025\/06\/wholesale-modern-minimalist-vases-7-300x250.webp 300w, https:\/\/www.santai-ceramics.com\/wp-content\/uploads\/2025\/06\/wholesale-modern-minimalist-vases-7-768x640.webp 768w, https:\/\/www.santai-ceramics.com\/wp-content\/uploads\/2025\/06\/wholesale-modern-minimalist-vases-7-14x12.webp 14w, https:\/\/www.santai-ceramics.com\/wp-content\/uploads\/2025\/06\/wholesale-modern-minimalist-vases-7-1200x1000.webp 1200w, https:\/\/www.santai-ceramics.com\/wp-content\/uploads\/2025\/06\/wholesale-modern-minimalist-vases-7-600x500.webp 600w\" sizes=\"(max-width: 2268px) 100vw, 2268px\" \/><\/figure>\n<\/div>\n<\/div>\n\n\n\n<div class=\"wp-block-columns is-layout-flex wp-container-core-columns-is-layout-9d6595d7 wp-block-columns-is-layout-flex\">\n<div class=\"wp-block-column is-layout-flow wp-block-column-is-layout-flow\"><\/div>\n\n\n\n<div class=\"wp-block-column is-layout-flow wp-block-column-is-layout-flow\"><\/div>\n<\/div>","protected":false},"excerpt":{"rendered":"<p data-pm-slice=\"0 0 []\">Our handmade geometric ceramic vases are both practical and artistic, enhancing your floral display or home decor. Each vase features a natural off-white glaze, a unique hand-speckled texture and signature brown geometric pattern. Bulk purchases are welcome. Contact us for a quote.<\/p>\n<h2>Specification of Modern Minimalist Vases<\/h2>\n<table width=\"855\">\n<tbody>\n<tr>\n<td width=\"285\">Modellnummer<\/td>\n<td width=\"285\">A37847-LE16-A01<\/td>\n<td width=\"285\">A37848-LE16-A01<\/td>\n<\/tr>\n<tr>\n<td>Produktname<\/td>\n<td>Keramik-Vase<\/td>\n<td>Keramik-Vase<\/td>\n<\/tr>\n<tr>\n<td>Farbe<\/td>\n<td>Karamell<\/td>\n<td>Karamell<\/td>\n<\/tr>\n<tr>\n<td>Material<\/td>\n<td>Keramik\u00a0<\/td>\n<td>Keramik\u00a0<\/td>\n<\/tr>\n<tr>\n<td>Verwendungsszenarien<\/td>\n<td>Wohnungseinrichtung<\/td>\n<td>Wohnungseinrichtung<\/td>\n<\/tr>\n<tr>\n<td>Abmessungen<\/td>\n<td>D:17.5X32cm<\/td>\n<td>T:17.5X20cm<\/td>\n<\/tr>\n<tr>\n<td>Gewicht<\/td>\n<td>1,6 kg\/St\u00fcck<\/td>\n<td>1,2 kg\/St\u00fcck<\/td>\n<\/tr>\n<\/tbody>\n<\/table>","protected":false},"featured_media":2941,"comment_status":"closed","ping_status":"closed","template":"","meta":{"_acf_changed":false},"product_brand":[],"product_cat":[18,22],"product_tag":[],"class_list":{"0":"post-2858","1":"product","2":"type-product","3":"status-publish","4":"has-post-thumbnail","6":"product_cat-home-decor","7":"product_cat-vase","9":"first","10":"instock","11":"shipping-taxable","12":"product-type-simple"},"acf":[],"_links":{"self":[{"href":"https:\/\/www.santai-ceramics.com\/de\/wp-json\/wp\/v2\/product\/2858","targetHints":{"allow":["GET"]}}],"collection":[{"href":"https:\/\/www.santai-ceramics.com\/de\/wp-json\/wp\/v2\/product"}],"about":[{"href":"https:\/\/www.santai-ceramics.com\/de\/wp-json\/wp\/v2\/types\/product"}],"replies":[{"embeddable":true,"href":"https:\/\/www.santai-ceramics.com\/de\/wp-json\/wp\/v2\/comments?post=2858"}],"wp:featuredmedia":[{"embeddable":true,"href":"https:\/\/www.santai-ceramics.com\/de\/wp-json\/wp\/v2\/media\/2941"}],"wp:attachment":[{"href":"https:\/\/www.santai-ceramics.com\/de\/wp-json\/wp\/v2\/media?parent=2858"}],"wp:term":[{"taxonomy":"product_brand","embeddable":true,"href":"https:\/\/www.santai-ceramics.com\/de\/wp-json\/wp\/v2\/product_brand?post=2858"},{"taxonomy":"product_cat","embeddable":true,"href":"https:\/\/www.santai-ceramics.com\/de\/wp-json\/wp\/v2\/product_cat?post=2858"},{"taxonomy":"product_tag","embeddable":true,"href":"https:\/\/www.santai-ceramics.com\/de\/wp-json\/wp\/v2\/product_tag?post=2858"}],"curies":[{"name":"wp","href":"https:\/\/api.w.org\/{rel}","templated":true}]}}