{"id":2859,"date":"2025-06-30T03:03:04","date_gmt":"2025-06-30T03:03:04","guid":{"rendered":"https:\/\/www.santai-ceramics.com\/?post_type=product&#038;p=2859"},"modified":"2025-06-30T03:03:47","modified_gmt":"2025-06-30T03:03:47","slug":"wholesale-ceramic-vase-with-geometric-texture","status":"publish","type":"product","link":"https:\/\/www.santai-ceramics.com\/de\/product\/wholesale-ceramic-vase-with-geometric-texture\/","title":{"rendered":"Gro\u00dfhandel Keramikvasen mit geometrischer Textur"},"content":{"rendered":"<h3 class=\"wp-block-heading\">Eigenschaften der Keramikvase mit geometrischer Textur<\/h3>\n\n\n\n<p><strong>Handgefertigtes strukturiertes Finish:<\/strong> Jede Keramikvase hat einen warmen elfenbeinfarbenen Boden mit zarten schwarzen Flecken und einer nat\u00fcrlichen, k\u00f6rnigen Textur. Die rohe Keramikoberfl\u00e4che verleiht ihr einen rustikalen Touch und unterstreicht den einzigartigen Charme handwerklicher Kunstfertigkeit.<\/p>\n\n\n\n<p><strong>Geometrische dekorative Details: <\/strong>Ein Kreis aus erhabenen Dreiecken und Punkten umgibt die Mitte jeder Keramikvase und verleiht dem Design ein skulpturales und rhythmisches Element.<\/p>\n\n\n\n<p><strong>Volle Anpassungsf\u00e4higkeit an die Szene:<\/strong> In dieser Keramikvase k\u00f6nnen frische Blumen, Trockenblumen oder gr\u00fcne Bl\u00e4tter pr\u00e4sentiert werden. Die Proportionen und die schmale \u00d6ffnung der Vase halten die Blumenst\u00e4ngel fest und bringen ihre nat\u00fcrliche Sch\u00f6nheit zur Geltung.<\/p>\n\n\n\n<h3 class=\"wp-block-heading\">Individuelles Vasen-Service aus Keramik<\/h3>\n\n\n\n<p>Wir bieten OEM- und ODM-Dienstleistungen f\u00fcr unsere Produkte an.<br>Eine schnelle Lieferung von Mustern ist m\u00f6glich.<br>Wir bieten eine Vielzahl von Formen, Farben, individuellem Druck, Verpackungen und anderen ma\u00dfgeschneiderten Dienstleistungen an, um Ihre speziellen Anforderungen zu erf\u00fcllen.<br><a href=\"https:\/\/www.santai-ceramics.com\/de\/custom\/\" data-type=\"page\" data-id=\"13\" target=\"_blank\" rel=\"noreferrer noopener\"><strong><b>Erfahren Sie mehr \u00fcber Custom<\/b> Keramikvase Details.<\/strong><\/a><\/p>\n\n\n\n<div class=\"wp-block-columns is-layout-flex wp-container-core-columns-is-layout-9d6595d7 wp-block-columns-is-layout-flex\">\n<div class=\"wp-block-column is-layout-flow wp-block-column-is-layout-flow\">\n<figure class=\"wp-block-image size-full\"><img decoding=\"async\" width=\"1238\" height=\"1237\" src=\"https:\/\/www.santai-ceramics.com\/wp-content\/uploads\/2025\/06\/wholesale-ceramic-vases-with-geometric-texture-4.webp\" alt=\"Gro\u00dfhandel Keramikvasen mit geometrischer Textur (4)\" class=\"wp-image-2924\" srcset=\"https:\/\/www.santai-ceramics.com\/wp-content\/uploads\/2025\/06\/wholesale-ceramic-vases-with-geometric-texture-4.webp 1238w, https:\/\/www.santai-ceramics.com\/wp-content\/uploads\/2025\/06\/wholesale-ceramic-vases-with-geometric-texture-4-300x300.webp 300w, https:\/\/www.santai-ceramics.com\/wp-content\/uploads\/2025\/06\/wholesale-ceramic-vases-with-geometric-texture-4-150x150.webp 150w, https:\/\/www.santai-ceramics.com\/wp-content\/uploads\/2025\/06\/wholesale-ceramic-vases-with-geometric-texture-4-768x767.webp 768w, https:\/\/www.santai-ceramics.com\/wp-content\/uploads\/2025\/06\/wholesale-ceramic-vases-with-geometric-texture-4-12x12.webp 12w, https:\/\/www.santai-ceramics.com\/wp-content\/uploads\/2025\/06\/wholesale-ceramic-vases-with-geometric-texture-4-1200x1200.webp 1200w, https:\/\/www.santai-ceramics.com\/wp-content\/uploads\/2025\/06\/wholesale-ceramic-vases-with-geometric-texture-4-600x600.webp 600w, https:\/\/www.santai-ceramics.com\/wp-content\/uploads\/2025\/06\/wholesale-ceramic-vases-with-geometric-texture-4-100x100.webp 100w\" sizes=\"(max-width: 1238px) 100vw, 1238px\" \/><\/figure>\n<\/div>\n\n\n\n<div class=\"wp-block-column is-layout-flow wp-block-column-is-layout-flow\">\n<figure class=\"wp-block-image size-full\"><img decoding=\"async\" width=\"2520\" height=\"2520\" src=\"https:\/\/www.santai-ceramics.com\/wp-content\/uploads\/2025\/06\/wholesale-ceramic-vases-with-geometric-texture-5.webp\" alt=\"Gro\u00dfhandel Keramikvasen mit geometrischer Textur (5)\" class=\"wp-image-2925\" srcset=\"https:\/\/www.santai-ceramics.com\/wp-content\/uploads\/2025\/06\/wholesale-ceramic-vases-with-geometric-texture-5.webp 2520w, https:\/\/www.santai-ceramics.com\/wp-content\/uploads\/2025\/06\/wholesale-ceramic-vases-with-geometric-texture-5-300x300.webp 300w, https:\/\/www.santai-ceramics.com\/wp-content\/uploads\/2025\/06\/wholesale-ceramic-vases-with-geometric-texture-5-150x150.webp 150w, https:\/\/www.santai-ceramics.com\/wp-content\/uploads\/2025\/06\/wholesale-ceramic-vases-with-geometric-texture-5-768x768.webp 768w, https:\/\/www.santai-ceramics.com\/wp-content\/uploads\/2025\/06\/wholesale-ceramic-vases-with-geometric-texture-5-12x12.webp 12w, https:\/\/www.santai-ceramics.com\/wp-content\/uploads\/2025\/06\/wholesale-ceramic-vases-with-geometric-texture-5-1200x1200.webp 1200w, https:\/\/www.santai-ceramics.com\/wp-content\/uploads\/2025\/06\/wholesale-ceramic-vases-with-geometric-texture-5-600x600.webp 600w, https:\/\/www.santai-ceramics.com\/wp-content\/uploads\/2025\/06\/wholesale-ceramic-vases-with-geometric-texture-5-100x100.webp 100w\" sizes=\"(max-width: 2520px) 100vw, 2520px\" \/><\/figure>\n<\/div>\n<\/div>\n\n\n\n<div class=\"wp-block-columns is-layout-flex wp-container-core-columns-is-layout-9d6595d7 wp-block-columns-is-layout-flex\">\n<div class=\"wp-block-column is-layout-flow wp-block-column-is-layout-flow\"><\/div>\n\n\n\n<div class=\"wp-block-column is-layout-flow wp-block-column-is-layout-flow\"><\/div>\n<\/div>","protected":false},"excerpt":{"rendered":"<p data-pm-slice=\"0 0 []\">Diese Keramikvase hat eine nat\u00fcrliche, cremefarbene Glasur mit einer geometrischen, dreieckigen Struktur, die eine einfache, aber strukturierte Design\u00e4sthetik zeigt. Erh\u00e4ltlich in zwei Gr\u00f6\u00dfen zur freien Platzierung, kontaktieren Sie uns f\u00fcr ein Angebot.<\/p>\n<h2>Spezifikation der Keramikvase mit geometrischer Textur<\/h2>\n<table width=\"855\">\n<tbody>\n<tr>\n<td width=\"285\">Modellnummer<\/td>\n<td width=\"285\">A37421-LE16-A01<\/td>\n<td width=\"285\">A37421-LE16-A02<\/td>\n<\/tr>\n<tr>\n<td>Produktname<\/td>\n<td>Keramik-Vase<\/td>\n<td>Keramik-Vase<\/td>\n<\/tr>\n<tr>\n<td>Farbe<\/td>\n<td>Karamell<\/td>\n<td>Karamell<\/td>\n<\/tr>\n<tr>\n<td>Material<\/td>\n<td>Keramik\u00a0<\/td>\n<td>Keramik\u00a0<\/td>\n<\/tr>\n<tr>\n<td>Verwendungsszenarien<\/td>\n<td>Wohnungseinrichtung<\/td>\n<td>Wohnungseinrichtung<\/td>\n<\/tr>\n<tr>\n<td>Abmessungen<\/td>\n<td>T:19.5X21.5cm<\/td>\n<td>T:16.5X17cm<\/td>\n<\/tr>\n<tr>\n<td>Gewicht<\/td>\n<td>1,6 kg\/St\u00fcck<\/td>\n<td>1kg\/St\u00fcck<\/td>\n<\/tr>\n<\/tbody>\n<\/table>","protected":false},"featured_media":2923,"comment_status":"closed","ping_status":"closed","template":"","meta":{"_acf_changed":false},"product_brand":[],"product_cat":[18,22],"product_tag":[],"class_list":{"0":"post-2859","1":"product","2":"type-product","3":"status-publish","4":"has-post-thumbnail","6":"product_cat-home-decor","7":"product_cat-vase","9":"first","10":"instock","11":"shipping-taxable","12":"product-type-simple"},"acf":[],"_links":{"self":[{"href":"https:\/\/www.santai-ceramics.com\/de\/wp-json\/wp\/v2\/product\/2859","targetHints":{"allow":["GET"]}}],"collection":[{"href":"https:\/\/www.santai-ceramics.com\/de\/wp-json\/wp\/v2\/product"}],"about":[{"href":"https:\/\/www.santai-ceramics.com\/de\/wp-json\/wp\/v2\/types\/product"}],"replies":[{"embeddable":true,"href":"https:\/\/www.santai-ceramics.com\/de\/wp-json\/wp\/v2\/comments?post=2859"}],"wp:featuredmedia":[{"embeddable":true,"href":"https:\/\/www.santai-ceramics.com\/de\/wp-json\/wp\/v2\/media\/2923"}],"wp:attachment":[{"href":"https:\/\/www.santai-ceramics.com\/de\/wp-json\/wp\/v2\/media?parent=2859"}],"wp:term":[{"taxonomy":"product_brand","embeddable":true,"href":"https:\/\/www.santai-ceramics.com\/de\/wp-json\/wp\/v2\/product_brand?post=2859"},{"taxonomy":"product_cat","embeddable":true,"href":"https:\/\/www.santai-ceramics.com\/de\/wp-json\/wp\/v2\/product_cat?post=2859"},{"taxonomy":"product_tag","embeddable":true,"href":"https:\/\/www.santai-ceramics.com\/de\/wp-json\/wp\/v2\/product_tag?post=2859"}],"curies":[{"name":"wp","href":"https:\/\/api.w.org\/{rel}","templated":true}]}}