{"id":2862,"date":"2025-06-30T03:24:24","date_gmt":"2025-06-30T03:24:24","guid":{"rendered":"https:\/\/www.santai-ceramics.com\/?post_type=product&#038;p=2862"},"modified":"2025-06-30T06:42:19","modified_gmt":"2025-06-30T06:42:19","slug":"wholesale-striped-ceramic-flower-pots","status":"publish","type":"product","link":"https:\/\/www.santai-ceramics.com\/de\/product\/wholesale-striped-ceramic-flower-pots\/","title":{"rendered":"Gro\u00dfhandel dekorative gestreifte Blument\u00f6pfe, drei Gr\u00f6\u00dfen f\u00fcr wachsende Sukkulenten oder mittelgro\u00dfe Pflanzen"},"content":{"rendered":"<h3 class=\"wp-block-heading\">Features of Decorative Striped Flower Pots<\/h3>\n\n\n\n<p><strong>Signature Striped Texture: <\/strong>Each flower pot features vertically arranged brown and ivory stripes, creating a rhythmic visual effect.<\/p>\n\n\n\n<p><strong>Handmade Finish: <\/strong>With delicate black spots scattered across the surface, this ceramic pot presents a handmade, rustic texture that looks particularly beautiful in different scenes.<\/p>\n\n\n\n<p><strong>Mehrere Gr\u00f6\u00dfen: <\/strong>This series of flower pots comes in three sizes, suitable for growing a variety of plants from succulents to medium-sized houseplants.<\/p>\n\n\n\n<h3 class=\"wp-block-heading\">Individueller Blumentopf-Service<\/h3>\n\n\n\n<p>Wir bieten OEM- und ODM-Dienstleistungen f\u00fcr unsere Produkte an.<br>Eine schnelle Lieferung von Mustern ist m\u00f6glich.<br>Wir bieten eine Vielzahl von Formen, Farben, individuellem Druck, Verpackungen und anderen ma\u00dfgeschneiderten Dienstleistungen an, um Ihre speziellen Anforderungen zu erf\u00fcllen.<br><a href=\"https:\/\/www.santai-ceramics.com\/de\/custom\/\" data-type=\"page\" data-id=\"13\" target=\"_blank\" rel=\"noreferrer noopener\"><strong>Learn more about custom flower pot details.<\/strong><\/a><\/p>\n\n\n\n<div class=\"wp-block-columns is-layout-flex wp-container-core-columns-is-layout-9d6595d7 wp-block-columns-is-layout-flex\">\n<div class=\"wp-block-column is-layout-flow wp-block-column-is-layout-flow\">\n<figure class=\"wp-block-image size-full\"><img decoding=\"async\" width=\"1265\" height=\"1265\" src=\"https:\/\/www.santai-ceramics.com\/wp-content\/uploads\/2025\/06\/wholesale-striped-flower-pots-4.webp\" alt=\"wholesale striped flower pots (4)\" class=\"wp-image-2930\" srcset=\"https:\/\/www.santai-ceramics.com\/wp-content\/uploads\/2025\/06\/wholesale-striped-flower-pots-4.webp 1265w, https:\/\/www.santai-ceramics.com\/wp-content\/uploads\/2025\/06\/wholesale-striped-flower-pots-4-300x300.webp 300w, https:\/\/www.santai-ceramics.com\/wp-content\/uploads\/2025\/06\/wholesale-striped-flower-pots-4-150x150.webp 150w, https:\/\/www.santai-ceramics.com\/wp-content\/uploads\/2025\/06\/wholesale-striped-flower-pots-4-768x768.webp 768w, https:\/\/www.santai-ceramics.com\/wp-content\/uploads\/2025\/06\/wholesale-striped-flower-pots-4-12x12.webp 12w, https:\/\/www.santai-ceramics.com\/wp-content\/uploads\/2025\/06\/wholesale-striped-flower-pots-4-1200x1200.webp 1200w, https:\/\/www.santai-ceramics.com\/wp-content\/uploads\/2025\/06\/wholesale-striped-flower-pots-4-600x600.webp 600w, https:\/\/www.santai-ceramics.com\/wp-content\/uploads\/2025\/06\/wholesale-striped-flower-pots-4-100x100.webp 100w\" sizes=\"(max-width: 1265px) 100vw, 1265px\" \/><\/figure>\n<\/div>\n\n\n\n<div class=\"wp-block-column is-layout-flow wp-block-column-is-layout-flow\">\n<figure class=\"wp-block-image size-full\"><img decoding=\"async\" width=\"2109\" height=\"2109\" src=\"https:\/\/www.santai-ceramics.com\/wp-content\/uploads\/2025\/06\/wholesale-striped-flower-pots-5.webp\" alt=\"wholesale striped flower pots (5)\" class=\"wp-image-2931\" srcset=\"https:\/\/www.santai-ceramics.com\/wp-content\/uploads\/2025\/06\/wholesale-striped-flower-pots-5.webp 2109w, https:\/\/www.santai-ceramics.com\/wp-content\/uploads\/2025\/06\/wholesale-striped-flower-pots-5-300x300.webp 300w, https:\/\/www.santai-ceramics.com\/wp-content\/uploads\/2025\/06\/wholesale-striped-flower-pots-5-150x150.webp 150w, https:\/\/www.santai-ceramics.com\/wp-content\/uploads\/2025\/06\/wholesale-striped-flower-pots-5-768x768.webp 768w, https:\/\/www.santai-ceramics.com\/wp-content\/uploads\/2025\/06\/wholesale-striped-flower-pots-5-12x12.webp 12w, https:\/\/www.santai-ceramics.com\/wp-content\/uploads\/2025\/06\/wholesale-striped-flower-pots-5-1200x1200.webp 1200w, https:\/\/www.santai-ceramics.com\/wp-content\/uploads\/2025\/06\/wholesale-striped-flower-pots-5-600x600.webp 600w, https:\/\/www.santai-ceramics.com\/wp-content\/uploads\/2025\/06\/wholesale-striped-flower-pots-5-100x100.webp 100w\" sizes=\"(max-width: 2109px) 100vw, 2109px\" \/><\/figure>\n<\/div>\n<\/div>\n\n\n\n<div class=\"wp-block-columns is-layout-flex wp-container-core-columns-is-layout-9d6595d7 wp-block-columns-is-layout-flex\">\n<div class=\"wp-block-column is-layout-flow wp-block-column-is-layout-flow\"><\/div>\n\n\n\n<div class=\"wp-block-column is-layout-flow wp-block-column-is-layout-flow\"><\/div>\n<\/div>","protected":false},"excerpt":{"rendered":"<p data-pm-slice=\"0 0 []\">Werten Sie Ihr Inventar mit unseren gestreiften Keramikblument\u00f6pfen auf, die f\u00fcr Gro\u00dfabnehmer und Gro\u00dfhandelsbestellungen erh\u00e4ltlich sind. Diese Pflanzgef\u00e4\u00dfserie wurde mit Blick auf Schlichtheit, Textur und Vielseitigkeit entworfen. Sie verbindet moderne \u00c4sthetik mit handwerklicher Qualit\u00e4t und bietet ein hervorragendes Wiederverkaufspotenzial in verschiedenen Einzelhandels- und Dekorationsbereichen.<\/p>\n<h2>Spezifikation von dekorativen gestreiften Blument\u00f6pfen<\/h2>\n<table width=\"1140\">\n<tbody>\n<tr>\n<td width=\"285\">Modellnummer<\/td>\n<td width=\"285\">A37625-LE16-A01<\/td>\n<td width=\"285\">A37625-LE16-A02<\/td>\n<td width=\"285\">A37625-LE16-A03<\/td>\n<\/tr>\n<tr>\n<td>Produktname<\/td>\n<td>Keramischer Topf<\/td>\n<td>Keramischer Topf<\/td>\n<td>Keramischer Topf<\/td>\n<\/tr>\n<tr>\n<td>Farbe<\/td>\n<td>Karamell<\/td>\n<td>Karamell<\/td>\n<td>Karamell<\/td>\n<\/tr>\n<tr>\n<td>Material<\/td>\n<td>Keramik\u00a0<\/td>\n<td>Keramik\u00a0<\/td>\n<td>Keramik\u00a0<\/td>\n<\/tr>\n<tr>\n<td>Verwendungsszenarien<\/td>\n<td>Wohnungseinrichtung<\/td>\n<td>Wohnungseinrichtung<\/td>\n<td>Wohnungseinrichtung<\/td>\n<\/tr>\n<tr>\n<td>Abmessungen<\/td>\n<td>T:21X13.5cm<\/td>\n<td>T:16.5X11cm<\/td>\n<td>T:12,5X8cm<\/td>\n<\/tr>\n<tr>\n<td>Gewicht<\/td>\n<td>1,4 kg\/St\u00fcck<\/td>\n<td>0,8 kg\/St\u00fcck<\/td>\n<td>0,4 kg\/St\u00fcck<\/td>\n<\/tr>\n<\/tbody>\n<\/table>","protected":false},"featured_media":2927,"comment_status":"closed","ping_status":"closed","template":"","meta":{"_acf_changed":false},"product_brand":[],"product_cat":[18,42,23],"product_tag":[],"class_list":{"0":"post-2862","1":"product","2":"type-product","3":"status-publish","4":"has-post-thumbnail","6":"product_cat-home-decor","7":"product_cat-wholesale-ceramic-plant-pots","8":"product_cat-ceramic-pots-planters","10":"first","11":"instock","12":"shipping-taxable","13":"product-type-simple"},"acf":[],"_links":{"self":[{"href":"https:\/\/www.santai-ceramics.com\/de\/wp-json\/wp\/v2\/product\/2862","targetHints":{"allow":["GET"]}}],"collection":[{"href":"https:\/\/www.santai-ceramics.com\/de\/wp-json\/wp\/v2\/product"}],"about":[{"href":"https:\/\/www.santai-ceramics.com\/de\/wp-json\/wp\/v2\/types\/product"}],"replies":[{"embeddable":true,"href":"https:\/\/www.santai-ceramics.com\/de\/wp-json\/wp\/v2\/comments?post=2862"}],"wp:featuredmedia":[{"embeddable":true,"href":"https:\/\/www.santai-ceramics.com\/de\/wp-json\/wp\/v2\/media\/2927"}],"wp:attachment":[{"href":"https:\/\/www.santai-ceramics.com\/de\/wp-json\/wp\/v2\/media?parent=2862"}],"wp:term":[{"taxonomy":"product_brand","embeddable":true,"href":"https:\/\/www.santai-ceramics.com\/de\/wp-json\/wp\/v2\/product_brand?post=2862"},{"taxonomy":"product_cat","embeddable":true,"href":"https:\/\/www.santai-ceramics.com\/de\/wp-json\/wp\/v2\/product_cat?post=2862"},{"taxonomy":"product_tag","embeddable":true,"href":"https:\/\/www.santai-ceramics.com\/de\/wp-json\/wp\/v2\/product_tag?post=2862"}],"curies":[{"name":"wp","href":"https:\/\/api.w.org\/{rel}","templated":true}]}}