{"id":2864,"date":"2025-06-20T07:15:56","date_gmt":"2025-06-20T07:15:56","guid":{"rendered":"https:\/\/www.santai-ceramics.com\/?post_type=product&#038;p=2864"},"modified":"2025-06-20T07:15:58","modified_gmt":"2025-06-20T07:15:58","slug":"wholesale-simple-ceramic-vase-with-texture","status":"publish","type":"product","link":"https:\/\/www.santai-ceramics.com\/de\/product\/wholesale-simple-ceramic-vase-with-texture\/","title":{"rendered":"Gro\u00dfhandel Handmade Keramik Vasen Serie, mit erdigen Texturen und organischen Designs, erh\u00e4ltlich in drei Gr\u00f6\u00dfen"},"content":{"rendered":"<h3 class=\"wp-block-heading\">Merkmale der Serie Handgefertigte Keramikvasen<\/h3>\n\n\n\n<ul class=\"wp-block-list\">\n<li><strong>Handgefertigtes Textur-Design: <\/strong>Diese Keramikvase ist mit einem cremefarbenen Glasurboden und braunen, gewebten Zierlinien verziert, und jedes St\u00fcck ist ein einzigartiges nat\u00fcrliches Muster.<\/li>\n\n\n\n<li><strong>Farbsystem Erde: <\/strong>Diese Keramikvase kombiniert klassisches Off-White und Braun mit sanften, naturnahen T\u00f6nen. Sie l\u00e4sst sich perfekt mit nat\u00fcrlichen Wohnmaterialien wie Holz, Rattan und Leinen kombinieren und bietet ein hohes Ma\u00df an stilistischer Anpassungsf\u00e4higkeit.<\/li>\n\n\n\n<li><strong>Vielf\u00e4ltige Kapazit\u00e4tsstruktur:<\/strong> Die kurze und dicke Version eignet sich f\u00fcr die Platzierung in der Mitte des Esstisches, um eine warme Atmosph\u00e4re zu schaffen; die hohe und d\u00fcnne Version eignet sich f\u00fcr die Platzierung im Eingang oder in der Ecke, um die vertikale Sch\u00f6nheit zu betonen; die dreiteilige Kombination kann ein mehrschichtiges Blumenarrangement schaffen, das f\u00fcr verschiedene Raumgr\u00f6\u00dfen geeignet ist.<\/li>\n\n\n\n<li><strong>Idealer Partner f\u00fcr Blumen:<\/strong> Das Design der Flaschen\u00f6ffnung ist leicht verengt, wodurch die Blumenstiele nicht nur fest fixiert werden k\u00f6nnen, sondern auch die nat\u00fcrliche Haltung der Blumen zur Geltung kommt, besonders geeignet f\u00fcr Gr\u00fcnpflanzen, Trockenblumen, kleine Blumenzweige usw.<\/li>\n\n\n\n<li><strong>Gro\u00dfhandelsservice f\u00fcr Vasen: <\/strong>Als professioneller Hersteller von Keramikvasen unterst\u00fctzt SANTAI globale Kunden beim Gro\u00dfhandel und Einkauf von Keramikvasen. Wir bieten flexible OEM\/ODM-Anpassungsdienste und k\u00f6nnen Gr\u00f6\u00dfe, Farbe, Muster und Verpackungsl\u00f6sungen nach Kundenwunsch anpassen.<\/li>\n<\/ul>\n\n\n\n<h3 class=\"wp-block-heading\">Individuelles Vasen-Service aus Keramik<\/h3>\n\n\n\n<p>Wir bieten OEM- und ODM-Dienstleistungen f\u00fcr unsere Produkte an.<br>Eine schnelle Lieferung von Mustern ist m\u00f6glich.<br>Wir bieten eine Vielzahl von Formen, Farben, individuellem Druck, Verpackungen und anderen ma\u00dfgeschneiderten Dienstleistungen an, um Ihre speziellen Anforderungen zu erf\u00fcllen.<br><a href=\"https:\/\/www.santai-ceramics.com\/de\/custom\/\" data-type=\"page\" data-id=\"13\" target=\"_blank\" rel=\"noreferrer noopener\"><strong><b>Erfahren Sie mehr \u00fcber Custom<\/b> Keramikvase Details.<\/strong><\/a><\/p>\n\n\n\n<div class=\"wp-block-columns is-layout-flex wp-container-core-columns-is-layout-9d6595d7 wp-block-columns-is-layout-flex\">\n<div class=\"wp-block-column is-layout-flow wp-block-column-is-layout-flow\">\n<figure class=\"wp-block-image size-full\"><img decoding=\"async\" width=\"3118\" height=\"2598\" src=\"https:\/\/www.santai-ceramics.com\/wp-content\/uploads\/2025\/06\/Simple-ceramic-vase-with-texture-6.webp\" alt=\"Einfache Keramikvase mit Textur (6)\" class=\"wp-image-2898\" srcset=\"https:\/\/www.santai-ceramics.com\/wp-content\/uploads\/2025\/06\/Simple-ceramic-vase-with-texture-6.webp 3118w, https:\/\/www.santai-ceramics.com\/wp-content\/uploads\/2025\/06\/Simple-ceramic-vase-with-texture-6-300x250.webp 300w, https:\/\/www.santai-ceramics.com\/wp-content\/uploads\/2025\/06\/Simple-ceramic-vase-with-texture-6-768x640.webp 768w, https:\/\/www.santai-ceramics.com\/wp-content\/uploads\/2025\/06\/Simple-ceramic-vase-with-texture-6-14x12.webp 14w, https:\/\/www.santai-ceramics.com\/wp-content\/uploads\/2025\/06\/Simple-ceramic-vase-with-texture-6-1200x1000.webp 1200w, https:\/\/www.santai-ceramics.com\/wp-content\/uploads\/2025\/06\/Simple-ceramic-vase-with-texture-6-600x500.webp 600w\" sizes=\"(max-width: 3118px) 100vw, 3118px\" \/><\/figure>\n<\/div>\n\n\n\n<div class=\"wp-block-column is-layout-flow wp-block-column-is-layout-flow\">\n<figure class=\"wp-block-image size-full\"><img decoding=\"async\" width=\"3118\" height=\"2598\" src=\"https:\/\/www.santai-ceramics.com\/wp-content\/uploads\/2025\/06\/Simple-ceramic-vase-with-texture-7.webp\" alt=\"Einfache Keramikvase mit Textur (7)\" class=\"wp-image-2899\" srcset=\"https:\/\/www.santai-ceramics.com\/wp-content\/uploads\/2025\/06\/Simple-ceramic-vase-with-texture-7.webp 3118w, https:\/\/www.santai-ceramics.com\/wp-content\/uploads\/2025\/06\/Simple-ceramic-vase-with-texture-7-300x250.webp 300w, https:\/\/www.santai-ceramics.com\/wp-content\/uploads\/2025\/06\/Simple-ceramic-vase-with-texture-7-768x640.webp 768w, https:\/\/www.santai-ceramics.com\/wp-content\/uploads\/2025\/06\/Simple-ceramic-vase-with-texture-7-14x12.webp 14w, https:\/\/www.santai-ceramics.com\/wp-content\/uploads\/2025\/06\/Simple-ceramic-vase-with-texture-7-1200x1000.webp 1200w, https:\/\/www.santai-ceramics.com\/wp-content\/uploads\/2025\/06\/Simple-ceramic-vase-with-texture-7-600x500.webp 600w\" sizes=\"(max-width: 3118px) 100vw, 3118px\" \/><\/figure>\n<\/div>\n<\/div>\n\n\n\n<div class=\"wp-block-columns is-layout-flex wp-container-core-columns-is-layout-9d6595d7 wp-block-columns-is-layout-flex\">\n<div class=\"wp-block-column is-layout-flow wp-block-column-is-layout-flow\"><\/div>\n\n\n\n<div class=\"wp-block-column is-layout-flow wp-block-column-is-layout-flow\"><\/div>\n<\/div>","protected":false},"excerpt":{"rendered":"<p data-pm-slice=\"0 0 []\">Diese Kollektion von Keramikvasen ist mit ihren nat\u00fcrlichen Texturen, Erdt\u00f6nen und handgefertigten Details wundersch\u00f6n. Erh\u00e4ltlich in warmen, neutralen Erdt\u00f6nen, haben diese Vasen eine skulpturale Silhouette und eine strukturierte Oberfl\u00e4che, die auch im leeren Zustand ansprechend ist. Kontaktieren Sie uns, um das beste Angebot von einem professionellen Keramikvasenhersteller zu erhalten.<\/p>\n<h2>Spezifikation der handgefertigten Keramikvasen Serie<\/h2>\n<table width=\"1140\">\n<tbody>\n<tr>\n<td width=\"285\">Modellnummer<\/td>\n<td width=\"285\">A35555-LE16-A01<\/td>\n<td width=\"285\">A35555-LE16-A02<\/td>\n<td width=\"285\">A35556-LE16-A01<\/td>\n<\/tr>\n<tr>\n<td>Produktname<\/td>\n<td>Keramik-Vase<\/td>\n<td>Keramik-Vase<\/td>\n<td>Keramik-Vase<\/td>\n<\/tr>\n<tr>\n<td>Farbe<\/td>\n<td>Karamell<\/td>\n<td>Karamell<\/td>\n<td>Karamell<\/td>\n<\/tr>\n<tr>\n<td>Material<\/td>\n<td>Keramik\u00a0<\/td>\n<td>Keramik\u00a0<\/td>\n<td>Keramik\u00a0<\/td>\n<\/tr>\n<tr>\n<td>Verwendungsszenarien<\/td>\n<td>Wohnungseinrichtung<\/td>\n<td>Wohnungseinrichtung<\/td>\n<td>Wohnungseinrichtung<\/td>\n<\/tr>\n<tr>\n<td>Abmessungen<\/td>\n<td>T:17.5X21cm<\/td>\n<td>T:16X17.5cm<\/td>\n<td>T:16.5X12cm<\/td>\n<\/tr>\n<tr>\n<td>Gewicht<\/td>\n<td>1,4 kg\/St\u00fcck<\/td>\n<td>1,1 kg\/St\u00fcck<\/td>\n<td>0,8 kg\/St\u00fcck<\/td>\n<\/tr>\n<\/tbody>\n<\/table>","protected":false},"featured_media":2893,"comment_status":"closed","ping_status":"closed","template":"","meta":{"_acf_changed":false},"product_brand":[],"product_cat":[18,22],"product_tag":[],"class_list":{"0":"post-2864","1":"product","2":"type-product","3":"status-publish","4":"has-post-thumbnail","6":"product_cat-home-decor","7":"product_cat-vase","9":"first","10":"instock","11":"shipping-taxable","12":"product-type-simple"},"acf":[],"_links":{"self":[{"href":"https:\/\/www.santai-ceramics.com\/de\/wp-json\/wp\/v2\/product\/2864","targetHints":{"allow":["GET"]}}],"collection":[{"href":"https:\/\/www.santai-ceramics.com\/de\/wp-json\/wp\/v2\/product"}],"about":[{"href":"https:\/\/www.santai-ceramics.com\/de\/wp-json\/wp\/v2\/types\/product"}],"replies":[{"embeddable":true,"href":"https:\/\/www.santai-ceramics.com\/de\/wp-json\/wp\/v2\/comments?post=2864"}],"wp:featuredmedia":[{"embeddable":true,"href":"https:\/\/www.santai-ceramics.com\/de\/wp-json\/wp\/v2\/media\/2893"}],"wp:attachment":[{"href":"https:\/\/www.santai-ceramics.com\/de\/wp-json\/wp\/v2\/media?parent=2864"}],"wp:term":[{"taxonomy":"product_brand","embeddable":true,"href":"https:\/\/www.santai-ceramics.com\/de\/wp-json\/wp\/v2\/product_brand?post=2864"},{"taxonomy":"product_cat","embeddable":true,"href":"https:\/\/www.santai-ceramics.com\/de\/wp-json\/wp\/v2\/product_cat?post=2864"},{"taxonomy":"product_tag","embeddable":true,"href":"https:\/\/www.santai-ceramics.com\/de\/wp-json\/wp\/v2\/product_tag?post=2864"}],"curies":[{"name":"wp","href":"https:\/\/api.w.org\/{rel}","templated":true}]}}