{"id":2865,"date":"2025-06-20T06:18:45","date_gmt":"2025-06-20T06:18:45","guid":{"rendered":"https:\/\/www.santai-ceramics.com\/?post_type=product&#038;p=2865"},"modified":"2025-06-20T06:18:46","modified_gmt":"2025-06-20T06:18:46","slug":"wholesale-modern-geometric-ceramic-vases","status":"publish","type":"product","link":"https:\/\/www.santai-ceramics.com\/de\/product\/wholesale-modern-geometric-ceramic-vases\/","title":{"rendered":"Gro\u00dfhandel handgefertigte geometrische keramische Vase Serie f\u00fcr moderne Inneneinrichtung Styling - SANTAI keramische Vase Hersteller"},"content":{"rendered":"<h3 class=\"wp-block-heading\">Merkmale der handgefertigten geometrischen Keramikvase<\/h3>\n\n\n\n<ul class=\"wp-block-list\">\n<li><strong>Dreidimensionale Linien\u00e4sthetik:<\/strong> Jede Vase verwendet braune Linien, um geometrische Muster zu umrei\u00dfen, darunter Gitter, radiale, asymmetrische und andere Designelemente, die einen visuellen Effekt wie eine moderne Kunstleinwand zeigen.<\/li>\n\n\n\n<li><strong>Architektonische Modellierungssprache: <\/strong>Durch die Kombination des goldenen Schnitts von schlankem Flaschenhals und vollem Bauch ist die Form aufrecht und rhythmisch. Sie vereint den nordischen Minimalismus mit der \u00c4sthetik orientalischer Utensilien und pr\u00e4sentiert eine ruhige und gespannte Silhouette.<\/li>\n\n\n\n<li><strong>Einheitliches Farbsystem: <\/strong>Durch die Verwendung von neutralem Beige als Hauptton, erg\u00e4nzt durch braune dekorative Linien, ist die Farbe zur\u00fcckhaltend und harmonisch und l\u00e4sst sich leicht in verschiedene Baumaterialien wie Holz, Marmor, Zement usw. integrieren, mit hoher stilistischer Anpassungsf\u00e4higkeit.<\/li>\n\n\n\n<li><strong>Diversifizierung: <\/strong>Diese Serie umfasst 3 Vasen, die einheitlich geometrische Linien und eine beige-braune Farbkombination verwenden. Die Formen umfassen verschiedene Proportionen wie schlank, hoch und bauchig, die sowohl einen Sinn f\u00fcr Serien als auch ihre eigenen Merkmale haben.<\/li>\n\n\n\n<li><strong>Stabile Konstruktion des Sockels: <\/strong>Der Boden der Vase ist je nach H\u00f6he und Proportion mit einem Durchmessergef\u00e4lle versehen, so dass der Flaschenk\u00f6rper beim Einsetzen der Blumen stabil bleibt, besonders geeignet zum Aufstellen auf Esstischen, Veranden oder Arbeitsplatten.<\/li>\n\n\n\n<li><strong>Gro\u00dfhandel Vasen Service:<\/strong> SANTAI bietet eine gro\u00dfe Auswahl an Vasen in verschiedenen Gr\u00f6\u00dfen und Stilen. Gro\u00dfeink\u00e4ufe sind willkommen<\/li>\n<\/ul>\n\n\n\n<h3 class=\"wp-block-heading\">Individuelles Vasen-Service aus Keramik<\/h3>\n\n\n\n<p>Wir bieten OEM- und ODM-Dienstleistungen f\u00fcr unsere Produkte an.<br>Eine schnelle Lieferung von Mustern ist m\u00f6glich.<br>Wir bieten eine Vielzahl von Formen, Farben, individuellem Druck, Verpackungen und anderen ma\u00dfgeschneiderten Dienstleistungen an, um Ihre speziellen Anforderungen zu erf\u00fcllen.<br><a href=\"https:\/\/www.santai-ceramics.com\/de\/custom\/\" data-type=\"page\" data-id=\"13\" target=\"_blank\" rel=\"noreferrer noopener\"><strong><b>Erfahren Sie mehr \u00fcber Custom<\/b> Keramikdekor Detail.<\/strong><\/a><\/p>\n\n\n\n<div class=\"wp-block-columns is-layout-flex wp-container-core-columns-is-layout-9d6595d7 wp-block-columns-is-layout-flex\">\n<div class=\"wp-block-column is-layout-flow wp-block-column-is-layout-flow\">\n<figure class=\"wp-block-image size-full\"><img decoding=\"async\" width=\"2835\" height=\"2362\" src=\"https:\/\/www.santai-ceramics.com\/wp-content\/uploads\/2025\/06\/wholesale-geometric-ceramic-vases-8.webp\" alt=\"Gro\u00dfhandel geometrische Keramikvasen (8)\" class=\"wp-image-2884\" srcset=\"https:\/\/www.santai-ceramics.com\/wp-content\/uploads\/2025\/06\/wholesale-geometric-ceramic-vases-8.webp 2835w, https:\/\/www.santai-ceramics.com\/wp-content\/uploads\/2025\/06\/wholesale-geometric-ceramic-vases-8-300x250.webp 300w, https:\/\/www.santai-ceramics.com\/wp-content\/uploads\/2025\/06\/wholesale-geometric-ceramic-vases-8-768x640.webp 768w, https:\/\/www.santai-ceramics.com\/wp-content\/uploads\/2025\/06\/wholesale-geometric-ceramic-vases-8-14x12.webp 14w, https:\/\/www.santai-ceramics.com\/wp-content\/uploads\/2025\/06\/wholesale-geometric-ceramic-vases-8-1200x1000.webp 1200w, https:\/\/www.santai-ceramics.com\/wp-content\/uploads\/2025\/06\/wholesale-geometric-ceramic-vases-8-600x500.webp 600w\" sizes=\"(max-width: 2835px) 100vw, 2835px\" \/><\/figure>\n<\/div>\n\n\n\n<div class=\"wp-block-column is-layout-flow wp-block-column-is-layout-flow\">\n<figure class=\"wp-block-image size-full\"><img decoding=\"async\" width=\"3118\" height=\"2598\" src=\"https:\/\/www.santai-ceramics.com\/wp-content\/uploads\/2025\/06\/wholesale-geometric-ceramic-vases-9.webp\" alt=\"Gro\u00dfhandel mit geometrischen Keramikvasen (9)\" class=\"wp-image-2885\" srcset=\"https:\/\/www.santai-ceramics.com\/wp-content\/uploads\/2025\/06\/wholesale-geometric-ceramic-vases-9.webp 3118w, https:\/\/www.santai-ceramics.com\/wp-content\/uploads\/2025\/06\/wholesale-geometric-ceramic-vases-9-300x250.webp 300w, https:\/\/www.santai-ceramics.com\/wp-content\/uploads\/2025\/06\/wholesale-geometric-ceramic-vases-9-768x640.webp 768w, https:\/\/www.santai-ceramics.com\/wp-content\/uploads\/2025\/06\/wholesale-geometric-ceramic-vases-9-14x12.webp 14w, https:\/\/www.santai-ceramics.com\/wp-content\/uploads\/2025\/06\/wholesale-geometric-ceramic-vases-9-1200x1000.webp 1200w, https:\/\/www.santai-ceramics.com\/wp-content\/uploads\/2025\/06\/wholesale-geometric-ceramic-vases-9-600x500.webp 600w\" sizes=\"(max-width: 3118px) 100vw, 3118px\" \/><\/figure>\n<\/div>\n<\/div>\n\n\n\n<div class=\"wp-block-columns is-layout-flex wp-container-core-columns-is-layout-9d6595d7 wp-block-columns-is-layout-flex\">\n<div class=\"wp-block-column is-layout-flow wp-block-column-is-layout-flow\"><\/div>\n\n\n\n<div class=\"wp-block-column is-layout-flow wp-block-column-is-layout-flow\"><\/div>\n<\/div>","protected":false},"excerpt":{"rendered":"<p data-pm-slice=\"0 0 []\">Diese Serie von Keramikvasen verbindet auf geschickte Weise moderne geometrische Formen mit dem Charme handwerklicher Kunstfertigkeit. Jede Vase ist mit einem sorgf\u00e4ltig gemalten braunen Linienmuster versehen, das den nordischen Minimalismus perfekt mit der subtilen \u00c4sthetik des Ostens verbindet. Die Serie bietet 3 aufeinander abgestimmte Designs, die Sie mit Blumen kombinieren oder als eigenst\u00e4ndige dekorative Skulptur verwenden k\u00f6nnen. Verleihen Sie Ihrer Inneneinrichtung ein neues Gesicht. Kontaktieren Sie uns, um das beste Angebot von einem professionellen Keramikvasenhersteller zu erhalten.<\/p>\n<h2>Spezifikation der handgefertigten geometrischen Keramikvase\u00a0\u00a0<\/h2>\n<table width=\"1140\">\n<tbody>\n<tr>\n<td width=\"285\">Modellnummer<\/td>\n<td width=\"285\">A35303-LE16-A01<\/td>\n<td width=\"285\">A35302-LE16-A01<\/td>\n<td width=\"285\">A35304-LE16-A01<\/td>\n<\/tr>\n<tr>\n<td>Produktname<\/td>\n<td>Keramik-Vase<\/td>\n<td>Keramik-Vase<\/td>\n<td>Keramik-Vase<\/td>\n<\/tr>\n<tr>\n<td>Farbe<\/td>\n<td>Karamell<\/td>\n<td>Karamell<\/td>\n<td>Karamell<\/td>\n<\/tr>\n<tr>\n<td>Material<\/td>\n<td>Keramik\u00a0<\/td>\n<td>Keramik\u00a0<\/td>\n<td>Keramik\u00a0<\/td>\n<\/tr>\n<tr>\n<td>Verwendungsszenarien<\/td>\n<td>Wohnungseinrichtung<\/td>\n<td>Wohnungseinrichtung<\/td>\n<td>Wohnungseinrichtung<\/td>\n<\/tr>\n<tr>\n<td>Abmessungen<\/td>\n<td>T:18.5X22cm<\/td>\n<td>T:16.5X34.5cm<\/td>\n<td>T:17X26cm<\/td>\n<\/tr>\n<tr>\n<td>Gewicht<\/td>\n<td>1,1 kg\/St\u00fcck<\/td>\n<td>1,5 kg\/St\u00fcck<\/td>\n<td>0,8 kg\/St\u00fcck<\/td>\n<\/tr>\n<\/tbody>\n<\/table>","protected":false},"featured_media":2877,"comment_status":"closed","ping_status":"closed","template":"","meta":{"_acf_changed":false},"product_brand":[],"product_cat":[18,22],"product_tag":[],"class_list":{"0":"post-2865","1":"product","2":"type-product","3":"status-publish","4":"has-post-thumbnail","6":"product_cat-home-decor","7":"product_cat-vase","9":"first","10":"instock","11":"shipping-taxable","12":"product-type-simple"},"acf":[],"_links":{"self":[{"href":"https:\/\/www.santai-ceramics.com\/de\/wp-json\/wp\/v2\/product\/2865","targetHints":{"allow":["GET"]}}],"collection":[{"href":"https:\/\/www.santai-ceramics.com\/de\/wp-json\/wp\/v2\/product"}],"about":[{"href":"https:\/\/www.santai-ceramics.com\/de\/wp-json\/wp\/v2\/types\/product"}],"replies":[{"embeddable":true,"href":"https:\/\/www.santai-ceramics.com\/de\/wp-json\/wp\/v2\/comments?post=2865"}],"wp:featuredmedia":[{"embeddable":true,"href":"https:\/\/www.santai-ceramics.com\/de\/wp-json\/wp\/v2\/media\/2877"}],"wp:attachment":[{"href":"https:\/\/www.santai-ceramics.com\/de\/wp-json\/wp\/v2\/media?parent=2865"}],"wp:term":[{"taxonomy":"product_brand","embeddable":true,"href":"https:\/\/www.santai-ceramics.com\/de\/wp-json\/wp\/v2\/product_brand?post=2865"},{"taxonomy":"product_cat","embeddable":true,"href":"https:\/\/www.santai-ceramics.com\/de\/wp-json\/wp\/v2\/product_cat?post=2865"},{"taxonomy":"product_tag","embeddable":true,"href":"https:\/\/www.santai-ceramics.com\/de\/wp-json\/wp\/v2\/product_tag?post=2865"}],"curies":[{"name":"wp","href":"https:\/\/api.w.org\/{rel}","templated":true}]}}