{"id":2867,"date":"2025-06-20T02:12:28","date_gmt":"2025-06-20T02:12:28","guid":{"rendered":"https:\/\/www.santai-ceramics.com\/?post_type=product&#038;p=2867"},"modified":"2025-06-20T02:12:49","modified_gmt":"2025-06-20T02:12:49","slug":"wholesale-elegant-ceramic-candlesticks","status":"publish","type":"product","link":"https:\/\/www.santai-ceramics.com\/de\/product\/wholesale-elegant-ceramic-candlesticks\/","title":{"rendered":"Gro\u00dfhandel Elegante Karamell Keramik-Kerzenleuchter - perfekt f\u00fcr Esstisch Dekoration"},"content":{"rendered":"<h3 class=\"wp-block-heading\">Eigenschaften von Elegant Caramel Keramik-Kerzenleuchter<\/h3>\n\n\n\n<ul class=\"wp-block-list\">\n<li><strong>Minimalistisches Design: <\/strong>Der Keramik-Kerzenhalter ist elegant wie eine Skulptur. Der cremefarbene Korpus ist mit einer hellbraunen Verzierung kombiniert, die eine schlichte und vielschichtige nordische \u00c4sthetik zeigt.<\/li>\n\n\n\n<li><strong>Starker skulpturaler Sinn und hohe Dekorativit\u00e4t: <\/strong>Der Gro\u00dfhandelskeramik-Kerzenst\u00e4nder eignet sich f\u00fcr eine Vielzahl von Einrichtungsstilen. Es kann unabh\u00e4ngig oder als Teil der gesamten Esstisch und Haus \u00c4sthetik angezeigt werden.<\/li>\n\n\n\n<li><strong>Mehrere Gr\u00f6\u00dfenkombinationen m\u00f6glich:<\/strong> Der Gro\u00dfhandels-Kerzenst\u00e4nder bietet verschiedene H\u00f6hen und Gr\u00f6\u00dfen. Es kann allein oder in Gruppen verwendet werden, um eine reiche r\u00e4umliche Ebene und rituellen Sinn zu schaffen.<\/li>\n\n\n\n<li><strong>Anpassungsf\u00e4higkeit an Standardgr\u00f6\u00dfen: <\/strong>Die Gr\u00f6\u00dfe des Kerzenschlitzes des keramischen Kerzenhalters entspricht den Spezifikationen g\u00e4ngiger zylindrischer Kerzen, was eine einfache Handhabung und hohe Kompatibilit\u00e4t gew\u00e4hrleistet.<\/li>\n\n\n\n<li><strong>Neutrale T\u00f6ne sind vielseitig: <\/strong>Es verwendet weiche Farben wie Off-White und Hellgrau, die eine hochwertige Textur haben und sich leicht in verschiedene Farbwelten der Wohnungseinrichtung integrieren lassen.<\/li>\n<\/ul>\n\n\n\n<h3 class=\"wp-block-heading\">Individueller Kerzenst\u00e4nder-Service<\/h3>\n\n\n\n<p>Wir bieten OEM- und ODM-Dienstleistungen f\u00fcr unsere Produkte an.<br>Eine schnelle Lieferung von Mustern ist m\u00f6glich.<br>Wir bieten eine Vielzahl von Formen, Farben, individuellem Druck, Verpackungen und anderen ma\u00dfgeschneiderten Dienstleistungen an, um Ihre speziellen Anforderungen zu erf\u00fcllen.<br><a href=\"https:\/\/www.santai-ceramics.com\/de\/custom\/\" data-type=\"page\" data-id=\"13\" target=\"_blank\" rel=\"noreferrer noopener\"><strong><b>Erfahren Sie mehr \u00fcber Custom<\/b> Keramikdekor Detail.<\/strong><\/a><\/p>\n\n\n\n<div class=\"wp-block-columns is-layout-flex wp-container-core-columns-is-layout-9d6595d7 wp-block-columns-is-layout-flex\">\n<div class=\"wp-block-column is-layout-flow wp-block-column-is-layout-flow\">\n<figure class=\"wp-block-image size-full\"><img decoding=\"async\" width=\"1191\" height=\"1191\" src=\"https:\/\/www.santai-ceramics.com\/wp-content\/uploads\/2025\/06\/wholesale-elegant-candlesticks-4.webp\" alt=\"Gro\u00dfhandel elegante Kerzenleuchter (4)\" class=\"wp-image-2874\" srcset=\"https:\/\/www.santai-ceramics.com\/wp-content\/uploads\/2025\/06\/wholesale-elegant-candlesticks-4.webp 1191w, https:\/\/www.santai-ceramics.com\/wp-content\/uploads\/2025\/06\/wholesale-elegant-candlesticks-4-300x300.webp 300w, https:\/\/www.santai-ceramics.com\/wp-content\/uploads\/2025\/06\/wholesale-elegant-candlesticks-4-150x150.webp 150w, https:\/\/www.santai-ceramics.com\/wp-content\/uploads\/2025\/06\/wholesale-elegant-candlesticks-4-768x768.webp 768w, https:\/\/www.santai-ceramics.com\/wp-content\/uploads\/2025\/06\/wholesale-elegant-candlesticks-4-12x12.webp 12w, https:\/\/www.santai-ceramics.com\/wp-content\/uploads\/2025\/06\/wholesale-elegant-candlesticks-4-600x600.webp 600w, https:\/\/www.santai-ceramics.com\/wp-content\/uploads\/2025\/06\/wholesale-elegant-candlesticks-4-100x100.webp 100w\" sizes=\"(max-width: 1191px) 100vw, 1191px\" \/><\/figure>\n<\/div>\n\n\n\n<div class=\"wp-block-column is-layout-flow wp-block-column-is-layout-flow\">\n<figure class=\"wp-block-image size-full\"><img decoding=\"async\" width=\"2400\" height=\"2400\" src=\"https:\/\/www.santai-ceramics.com\/wp-content\/uploads\/2025\/06\/wholesale-elegant-candlesticks-5.webp\" alt=\"Gro\u00dfhandel elegante Kerzenleuchter (5)\" class=\"wp-image-2875\" srcset=\"https:\/\/www.santai-ceramics.com\/wp-content\/uploads\/2025\/06\/wholesale-elegant-candlesticks-5.webp 2400w, https:\/\/www.santai-ceramics.com\/wp-content\/uploads\/2025\/06\/wholesale-elegant-candlesticks-5-300x300.webp 300w, https:\/\/www.santai-ceramics.com\/wp-content\/uploads\/2025\/06\/wholesale-elegant-candlesticks-5-150x150.webp 150w, https:\/\/www.santai-ceramics.com\/wp-content\/uploads\/2025\/06\/wholesale-elegant-candlesticks-5-768x768.webp 768w, https:\/\/www.santai-ceramics.com\/wp-content\/uploads\/2025\/06\/wholesale-elegant-candlesticks-5-12x12.webp 12w, https:\/\/www.santai-ceramics.com\/wp-content\/uploads\/2025\/06\/wholesale-elegant-candlesticks-5-1200x1200.webp 1200w, https:\/\/www.santai-ceramics.com\/wp-content\/uploads\/2025\/06\/wholesale-elegant-candlesticks-5-600x600.webp 600w, https:\/\/www.santai-ceramics.com\/wp-content\/uploads\/2025\/06\/wholesale-elegant-candlesticks-5-100x100.webp 100w\" sizes=\"(max-width: 2400px) 100vw, 2400px\" \/><\/figure>\n<\/div>\n<\/div>\n\n\n\n<div class=\"wp-block-columns is-layout-flex wp-container-core-columns-is-layout-9d6595d7 wp-block-columns-is-layout-flex\">\n<div class=\"wp-block-column is-layout-flow wp-block-column-is-layout-flow\"><\/div>\n\n\n\n<div class=\"wp-block-column is-layout-flow wp-block-column-is-layout-flow\"><\/div>\n<\/div>","protected":false},"excerpt":{"rendered":"<p data-pm-slice=\"0 0 []\">Gro\u00dfhandel mit Keramik-Kerzenhaltern. Dieser elegante karamellfarbene Keramik-Kerzenhalter hat ein schlankes, skulpturales Design. Er ist aus hochwertiger Keramik mit einer subtilen, strukturierten Oberfl\u00e4che gefertigt und wertet jeden Innenraum auf. Der breite, robuste Sockel ist in zwei Gr\u00f6\u00dfen erh\u00e4ltlich und h\u00e4lt Standard-Stumpenkerzen sicher fest, was ihn sowohl zu einem sch\u00f6nen Dekorationsst\u00fcck als auch zu einem praktischen Beleuchtungszubeh\u00f6r macht. Perfekt f\u00fcr Ihr Wohnzimmer, Ihr Schlafzimmer oder Ihren Esstisch. Kontaktieren Sie uns, um das beste Angebot von einem zuverl\u00e4ssigen Hersteller von Keramikdekor zu erhalten.<\/p>\n<h2>Spezifikation des Gro\u00dfhandels einfachen Stil keramische Kerzenst\u00e4nder<\/h2>\n<table width=\"855\">\n<tbody>\n<tr>\n<td width=\"285\">Modellnummer<\/td>\n<td width=\"285\">A34848-LE16-A01<\/td>\n<td width=\"285\">A34848-LE16-A02<\/td>\n<\/tr>\n<tr>\n<td>Produktname<\/td>\n<td>Keramik-Kerzenleuchter<\/td>\n<td>Keramik-Kerzenleuchter<\/td>\n<\/tr>\n<tr>\n<td>Farbe<\/td>\n<td>Karamell<\/td>\n<td>Karamell<\/td>\n<\/tr>\n<tr>\n<td>Material<\/td>\n<td>Keramik\u00a0<\/td>\n<td>Keramik\u00a0<\/td>\n<\/tr>\n<tr>\n<td>Verwendungsszenarien<\/td>\n<td>Wohnungseinrichtung<\/td>\n<td>Wohnungseinrichtung<\/td>\n<\/tr>\n<tr>\n<td>Abmessungen<\/td>\n<td>T:14.5X26cm<\/td>\n<td>T:14.5X19cm<\/td>\n<\/tr>\n<tr>\n<td>Gewicht<\/td>\n<td>1kg\/St\u00fcck<\/td>\n<td>0,8 kg\/St\u00fcck<\/td>\n<\/tr>\n<\/tbody>\n<\/table>","protected":false},"featured_media":2871,"comment_status":"closed","ping_status":"closed","template":"","meta":{"_acf_changed":false},"product_brand":[],"product_cat":[18,46,26],"product_tag":[],"class_list":{"0":"post-2867","1":"product","2":"type-product","3":"status-publish","4":"has-post-thumbnail","6":"product_cat-home-decor","7":"product_cat-wholesale-ceramic-candle-holders","8":"product_cat-home-accessories","10":"first","11":"instock","12":"shipping-taxable","13":"product-type-simple"},"acf":[],"_links":{"self":[{"href":"https:\/\/www.santai-ceramics.com\/de\/wp-json\/wp\/v2\/product\/2867","targetHints":{"allow":["GET"]}}],"collection":[{"href":"https:\/\/www.santai-ceramics.com\/de\/wp-json\/wp\/v2\/product"}],"about":[{"href":"https:\/\/www.santai-ceramics.com\/de\/wp-json\/wp\/v2\/types\/product"}],"replies":[{"embeddable":true,"href":"https:\/\/www.santai-ceramics.com\/de\/wp-json\/wp\/v2\/comments?post=2867"}],"wp:featuredmedia":[{"embeddable":true,"href":"https:\/\/www.santai-ceramics.com\/de\/wp-json\/wp\/v2\/media\/2871"}],"wp:attachment":[{"href":"https:\/\/www.santai-ceramics.com\/de\/wp-json\/wp\/v2\/media?parent=2867"}],"wp:term":[{"taxonomy":"product_brand","embeddable":true,"href":"https:\/\/www.santai-ceramics.com\/de\/wp-json\/wp\/v2\/product_brand?post=2867"},{"taxonomy":"product_cat","embeddable":true,"href":"https:\/\/www.santai-ceramics.com\/de\/wp-json\/wp\/v2\/product_cat?post=2867"},{"taxonomy":"product_tag","embeddable":true,"href":"https:\/\/www.santai-ceramics.com\/de\/wp-json\/wp\/v2\/product_tag?post=2867"}],"curies":[{"name":"wp","href":"https:\/\/api.w.org\/{rel}","templated":true}]}}